{"id":20,"date":"2020-03-18T10:48:14","date_gmt":"2020-03-18T09:48:14","guid":{"rendered":"https:\/\/blogs.urz.uni-halle.de\/milkandhoney\/?page_id=20"},"modified":"2020-04-04T10:47:47","modified_gmt":"2020-04-04T08:47:47","slug":"about","status":"publish","type":"page","link":"https:\/\/blogs.urz.uni-halle.de\/milkandhoney\/about\/","title":{"rendered":""},"content":{"rendered":"\n<h2 class=\"has-text-color has-text-align-center\" style=\"color:#5d3a3a\">Milk &#8217;n Honey <\/h2>\n\n\n\n<h3 class=\"has-text-color has-text-align-center\" style=\"color:#5d3a3a\"><strong>About <\/strong><\/h3>\n\n\n\n<hr class=\"wp-block-separator\" \/>\n\n\n\n<div class=\"wp-block-cover has-background-dim-40 has-background-dim has-parallax\" style=\"background-image:url(https:\/\/blogs.urz.uni-halle.de\/milkandhoney\/files\/2020\/04\/beautiful-botanical-coffee-decoration-374757-scaled.jpg);min-height:500px\"><div class=\"wp-block-cover__inner-container\">\n<p class=\"has-text-color has-text-align-center has-very-light-gray-color\">Das Caf\u00e9 Milk \u2019n Honey &nbsp;ist nicht nur ein einfaches Caf\u00e9 in Berlin Friedrichshain. Es ist unsere Wohlf\u00fchloase f\u00fcr Caf\u00e9- und Pflanzen-Liebhaber. Besuch uns in unserem Urban Jungle und entspanne bei einem guten Kaffee fernab des Gro\u00dfstadtlebens.&nbsp;<\/p>\n\n\n\n<p class=\"has-text-color has-text-align-center has-very-light-gray-color\">Ein weiteres Highlight im Milk \u2019n Honey: Baked Goods von Foodbloggern aus ganz Deutschland. Um euch eine Vielzahl an Kuchen und Backwaren zu bieten, laden wir jeden Monat einen ausgew\u00e4hlten Blogger ein, der Euch mit feinsten Kreationen verw\u00f6hnt.<\/p>\n\n\n\n<p class=\"has-text-color has-text-align-center has-very-light-gray-color\">2017 habe ich, Marzia Bianchi, mir meinen kleinen Lebenstraum mit diesem Caf\u00e9 verwirklicht. Dabei habe ich meine Vorliebe f\u00fcr Pflanzen mit meiner Liebe f\u00fcr leckeren Kaffee vereint und diesen Caf\u00e9jungle erschaffen. Mein Team aus 10 Mitarbeitern\/innen versorgen euch t\u00e4glich mit Kaffee- und Teespeziali\u00e4ten und frischem Kuchen und Geb\u00e4ck der angesagtesten Foodblogger des Landes. <\/p>\n<\/div><\/div>\n\n\n\n<hr class=\"wp-block-separator\" \/>\n\n\n\n<div style=\"height:20px\" aria-hidden=\"true\" class=\"wp-block-spacer\"><\/div>\n\n\n\n<p style=\"color:#5d3a3a\" class=\"has-text-color\">Bevor ich an diesem Punkt weiter dar\u00fcber schreibe, wie ich das Caf\u00e9 sehe und&nbsp; warum es mir so viel bedeutet, zitiere ich lieber aus den Bewertungen einiger G\u00e4ste, denn das d\u00fcrfte um einiges objektiver sein.<\/p>\n\n\n\n<blockquote class=\"wp-block-quote has-text-align-center\"><p>\u00bbGreat coffee and magic atmosphere! Loved all the plants.\u00ab<\/p><\/blockquote>\n\n\n\n<blockquote class=\"wp-block-quote has-text-align-center\"><p>\u00bbSuper gem\u00fctlich, gro\u00dfe Auswahl an leckeren Tee\u2019s und Kuchen und das Personal ist entz\u00fcckend. Wirklich klasse.<em>\u00ab<\/em><\/p><\/blockquote>\n\n\n\n<blockquote class=\"wp-block-quote has-text-align-center\"><p>Ich habe seit Jahren meine Lieblingsbloggerin in diesem Caf\u00e9 getroffen und durfte sogar ihre leckeren Kuchenkreationen probieren. Es war schon vorher mein absolutes Lieblingscaf\u00e9, aber das hat alles getoppt! <\/p><\/blockquote>\n\n\n\n<hr class=\"wp-block-separator\" \/>\n\n\n\n<div style=\"height:20px\" aria-hidden=\"true\" class=\"wp-block-spacer\"><\/div>\n\n\n\n<h3 class=\"has-text-color has-text-align-center\" style=\"color:#5d3a3a\"><strong>Der Name Milk &#8217;n Honey ist bei uns Programm<\/strong>!<\/h3>\n\n\n\n<p style=\"color:#5d3a3a\" class=\"has-text-color has-text-align-center\">Deshalb sind wir besonders sorgf\u00e4ltig bei der Wahl der Lieferanten f\u00fcr unseren Kaffee und Tee. Wir verwenden ausschlie\u00dflich fair gehandelte, lokale Bio-Produkte und achten darauf, dass sowohl der Geschmack als auch die fairen Konditionen stimmen.<br>All unsere Kaffeespezialit\u00e4ten k\u00f6nnt Ihr auch koffeinfrei oder mit verschiedenen Milchalternativen genie\u00dfen und unseren Tee mit oder ohne Honig. <\/p>\n\n\n\n<div style=\"height:20px\" aria-hidden=\"true\" class=\"wp-block-spacer\"><\/div>\n\n\n\n<hr class=\"wp-block-separator\" \/>\n\n\n\n<div class=\"wp-block-image is-style-default\"><figure class=\"aligncenter size-medium is-resized\"><img loading=\"lazy\" src=\"https:\/\/blogs.urz.uni-halle.de\/milkandhoney\/files\/2020\/03\/cafe-35mm-analog-photography-film-photography-3326204-scaled-e1585989778959-253x300.jpg\" alt=\"\" class=\"wp-image-78\" width=\"360\" height=\"427\" srcset=\"https:\/\/blogs.urz.uni-halle.de\/milkandhoney\/files\/2020\/03\/cafe-35mm-analog-photography-film-photography-3326204-scaled-e1585989778959-253x300.jpg 253w, https:\/\/blogs.urz.uni-halle.de\/milkandhoney\/files\/2020\/03\/cafe-35mm-analog-photography-film-photography-3326204-scaled-e1585989778959-864x1024.jpg 864w, https:\/\/blogs.urz.uni-halle.de\/milkandhoney\/files\/2020\/03\/cafe-35mm-analog-photography-film-photography-3326204-scaled-e1585989778959-768x910.jpg 768w, https:\/\/blogs.urz.uni-halle.de\/milkandhoney\/files\/2020\/03\/cafe-35mm-analog-photography-film-photography-3326204-scaled-e1585989778959-1297x1536.jpg 1297w, https:\/\/blogs.urz.uni-halle.de\/milkandhoney\/files\/2020\/03\/cafe-35mm-analog-photography-film-photography-3326204-scaled-e1585989778959.jpg 1696w\" sizes=\"(max-width: 360px) 100vw, 360px\" \/><\/figure><\/div>\n","protected":false},"excerpt":{"rendered":"<p>Milk &#8217;n Honey About Bevor ich an diesem Punkt weiter dar\u00fcber schreibe, wie ich das Caf\u00e9 sehe und&nbsp; warum es mir so viel bedeutet, zitiere ich lieber aus den Bewertungen einiger G\u00e4ste, denn das d\u00fcrfte um einiges objektiver sein. \u00bbGreat coffee and magic atmosphere! Loved all the plants.\u00ab \u00bbSuper gem\u00fctlich, gro\u00dfe Auswahl an leckeren Tee\u2019s &hellip; <\/p>\n<p class=\"link-more\"><a href=\"https:\/\/blogs.urz.uni-halle.de\/milkandhoney\/about\/\" class=\"more-link\"><span class=\"screen-reader-text\">\u201e\u201c<\/span> weiterlesen<\/a><\/p>\n","protected":false},"author":4158,"featured_media":0,"parent":0,"menu_order":0,"comment_status":"closed","ping_status":"closed","template":"","meta":[],"_links":{"self":[{"href":"https:\/\/blogs.urz.uni-halle.de\/milkandhoney\/wp-json\/wp\/v2\/pages\/20"}],"collection":[{"href":"https:\/\/blogs.urz.uni-halle.de\/milkandhoney\/wp-json\/wp\/v2\/pages"}],"about":[{"href":"https:\/\/blogs.urz.uni-halle.de\/milkandhoney\/wp-json\/wp\/v2\/types\/page"}],"author":[{"embeddable":true,"href":"https:\/\/blogs.urz.uni-halle.de\/milkandhoney\/wp-json\/wp\/v2\/users\/4158"}],"replies":[{"embeddable":true,"href":"https:\/\/blogs.urz.uni-halle.de\/milkandhoney\/wp-json\/wp\/v2\/comments?post=20"}],"version-history":[{"count":8,"href":"https:\/\/blogs.urz.uni-halle.de\/milkandhoney\/wp-json\/wp\/v2\/pages\/20\/revisions"}],"predecessor-version":[{"id":432,"href":"https:\/\/blogs.urz.uni-halle.de\/milkandhoney\/wp-json\/wp\/v2\/pages\/20\/revisions\/432"}],"wp:attachment":[{"href":"https:\/\/blogs.urz.uni-halle.de\/milkandhoney\/wp-json\/wp\/v2\/media?parent=20"}],"curies":[{"name":"wp","href":"https:\/\/api.w.org\/{rel}","templated":true}]}}