{"id":21,"date":"2020-03-18T10:48:14","date_gmt":"2020-03-18T09:48:14","guid":{"rendered":"https:\/\/blogs.urz.uni-halle.de\/milkandhoney\/?page_id=21"},"modified":"2020-03-27T11:59:53","modified_gmt":"2020-03-27T10:59:53","slug":"contact","status":"publish","type":"page","link":"https:\/\/blogs.urz.uni-halle.de\/milkandhoney\/contact\/","title":{"rendered":""},"content":{"rendered":"\n<h2 class=\"has-text-color has-text-align-center\" style=\"color:#5d3a3a\">Milk &#8217;n Honey Caf\u00e9<\/h2>\n\n\n\n<h3 class=\"has-text-color has-text-align-center\" style=\"color:#5d3a3a\"> <strong>Contact <\/strong><\/h3>\n\n\n\n<hr class=\"wp-block-separator\" \/>\n\n\n\n<div style=\"height:50px\" aria-hidden=\"true\" class=\"wp-block-spacer\"><\/div>\n\n\n\n<div class=\"wp-block-columns\">\n<div class=\"wp-block-column is-vertically-aligned-top\" style=\"flex-basis:55%\">\n\n\t\t\t\t<div id=\"map_ol3js_1\" class=\"map undefined\" data-map_name=\"undefined\" data-map=\"map_ol3js_1\" style=\"width:100%; height:520px; display:vis; overflow:hidden;border:thin solid ;\" >\n\t\t\t\t  <div id=\"map_ol3js_1_popup\" class=\"ol-popup\" >\n\t\t\t\t\t<a href=\"#\" id=\"map_ol3js_1_popup-closer\" class=\"ol-popup-closer\"><\/a>\n\t\t\t\t\t<div id=\"map_ol3js_1_popup-content\" ><\/div>\n\t\t\t\t  <\/div>\n\t\t\t\t<\/div>\n\t\t\t\n\t\t\t\t<link rel=\"stylesheet\" href=\"https:\/\/blogs.urz.uni-halle.de\/milkandhoney\/wp-content\/plugins\/osm\/js\/OL\/6.4.3\/ol.css\" type=\"text\/css\">\n\t\t\t\t<link rel=\"stylesheet\" href=\"https:\/\/blogs.urz.uni-halle.de\/milkandhoney\/wp-content\/plugins\/osm\/css\/osm_map_v3.css\" type=\"text\/css\">\n\t\t\t\t<link rel=\"stylesheet\" href=\"https:\/\/blogs.urz.uni-halle.de\/milkandhoney\/wp-content\/plugins\/osm\/css\/osm_map.css\" type=\"text\/css\">\n\t\t\t\t<!-- The line below is only needed for old environments like Internet Explorer and Android 4.x -->\n                                <script src=\"https:\/\/blogs.urz.uni-halle.de\/milkandhoney\/wp-content\/plugins\/osm\/js\/polyfill\/v2\/polyfill.min.js?features=requestAnimationFrame,Element.prototype.classList,URL\"><\/script>\n\n\t\t\t\t<script src=\"https:\/\/blogs.urz.uni-halle.de\/milkandhoney\/wp-content\/plugins\/osm\/js\/OL\/6.4.3\/ol.js\" type=\"text\/javascript\"><\/script>\n\t\t\t\t<script src=\"https:\/\/blogs.urz.uni-halle.de\/milkandhoney\/wp-content\/plugins\/osm\/js\/osm-v3-plugin-lib.js\" type=\"text\/javascript\"><\/script>\n\t\t\t\t<script src=\"https:\/\/blogs.urz.uni-halle.de\/milkandhoney\/wp-content\/plugins\/osm\/js\/osm-metabox-events.js\" type=\"text\/javascript\"><\/script>\n\t\t\t\t<script src=\"https:\/\/blogs.urz.uni-halle.de\/milkandhoney\/wp-content\/plugins\/osm\/js\/osm-startup-lib.js\" type=\"text\/javascript\"><\/script>\n\t\t\t\t<script type=\"text\/javascript\">\n\t\t\t\t\ttranslations['openlayer'] = \"open layer\";\n\t\t\t\t\ttranslations['openlayerAtStartup'] = \"open layer at startup\";\n\t\t\t\t\ttranslations['generateLink'] = \"Der Link zur Karte mit ausgew\u00e4hlten Overlays und angezeigtem Ausschnitt\";\n\t\t\t\t\ttranslations['shortDescription'] = \"Kurzbeschreibung\";\n\t\t\t\t\ttranslations['generatedShortCode'] = \"to get a text control link paste this code in your wordpress editor\";\n\t\t\t\t\ttranslations['closeLayer'] = \"close layer\";\n\t\t\t\t\ttranslations['cantGenerateLink'] = \"put this string in the existing map short code to control this map\";\n\t\t\t\t<\/script>\n\n\t\t\t  <script type=\"text\/javascript\">vectorM['map_ol3js_1'] = [];\n\n\tvar attribution = new ol.control.Attribution({\n        collapsible: false\n      });\n\n\n      \n        var raster = new ol.layer.Tile({\n          source: new ol.source.OSM()\n        });\n      var Controls = ol.control.defaults({ attribution: false }).extend([\n          attribution\n      ]); \n\t\t\t  map_ol3js_1 = new ol.Map({\n\t\tcontrols: Controls,\n\t\t\n\t\t\t\tinteractions: ol.interaction.defaults({mouseWheelZoom:false}),\n\t\t\t\tlayers: [raster],\n\t\t\t\ttarget: \"map_ol3js_1\",\n\t\t\t\tview: new ol.View({\n\t\t\t\t  center: ol.proj.transform([13.4584,52.5110], \"EPSG:4326\", \"EPSG:3857\"),\n\t\t\t\t  zoom: 17.799651832337837\n\t\t\t\t})\n\t\t\t  });\n\t\t\t  osm_addMarkerLayer(map_ol3js_1,13.4584,52.5110,\"https:\/\/blogs.urz.uni-halle.de\/milkandhoney\/wp-content\/plugins\/osm\/icons\/mic_black_coffeshop_10.png\",-16,-41,\"  <\/a><br \/>\") ; \n\t\t  var osm_controls = [\n\t\t\tnew ol.control.Attribution(),\n\t\t\tnew ol.control.MousePosition({\n\t\t\t  undefinedHTML: \"outside\",\n\t\t\t  projection: \"EPSG:4326\",\n\t\t\t  coordinateFormat: function(coordinate) {\n\t\t\t\t return ol.coordinate.format(coordinate, \"{y}, {x}\", 5);\n\t\t\t  }\n\t\t\t}),\n\t\t\tnew ol.control.OverviewMap({\n\t\t\t  collapsed: false\n\t\t\t}),\n\t\t\tnew ol.control.Rotate({\n\t\t\t  autoHide: false\n\t\t\t}),\n\t\t\tnew ol.control.ScaleLine(),\n\t\t\tnew ol.control.Zoom(),\n\t\t\tnew ol.control.ZoomSlider(),\n\t\t\tnew ol.control.ZoomToExtent({\n      extent: [-11243808.051695308, 1.202710291, 9561377.290892059, 6852382.107835932]\n    }),\n\t\t\tnew ol.control.FullScreen()\n\t\t  ]; \nmap_ol3js_1.addControl(osm_controls[4]);\nosm_addPopupClickhandler(map_ol3js_1,  \"map_ol3js_1\"); \nosm_addMouseHover(map_ol3js_1); <\/script>\n<\/div>\n\n\n\n<div class=\"wp-block-column\" style=\"flex-basis:45%\">\n<p style=\"background-color:#f7efe3;color:#5d3a3a\" class=\"has-text-color has-background has-text-align-left has-normal-font-size\"><strong>Milk &#8217;n Honey<\/strong> <br> Gabriel-Max-Stra\u00dfe 16<br> 10245 Berlin<br>Telefon: 012345678910<br><a href=\"mailto:cafemilknhoney@gmx.de\">cafemilknhoney@gmx.de<\/a><br><br><strong> \u00d6ffnungszeiten: <\/strong><br> <strong>Mo &#8211; Fr<\/strong> <br> 9am &#8211; 18pm <br> <strong>Sa &amp; So<\/strong><br> 10am &#8211; 17pm <br>  <br><strong>Anfahrt<\/strong><br>Sollten Sie mit dem Auto anreisen, k\u00f6nnen sie rund um den <strong>Boxhagener Platz <\/strong>kostenfrei parken. Alternativ haben Sie die M\u00f6glichkeit das <strong>Parkhaus Plaza<\/strong> in der <strong>Voigtstra\u00dfe 2<\/strong> zu nutzen.<br><\/p>\n<\/div>\n<\/div>\n\n\n\n<p style=\"color:#704401\" class=\"has-text-color\">Impressum und Datenschutz: <a href=\"https:\/\/blogs.urz.uni-halle.de\/milkandhoney\/datenschutz-und-impressum\/\"><strong>hier klicken<\/strong><\/a><\/p>\n\n\n\n<div style=\"height:50px\" aria-hidden=\"true\" class=\"wp-block-spacer\"><\/div>\n\n\n\n<!--more-->\n\n\n\n<h3 class=\"has-text-color has-text-align-center\" style=\"color:#5d3a3a\"><strong>Reservierungen<\/strong> <\/h3>\n\n\n\n<hr class=\"wp-block-separator is-style-default\" \/>\n\n\n\n<h5 class=\"has-text-color has-text-align-center\" style=\"color:#5d3a3a\"><strong>DAS CAF\u00c9 MILK `N HONEY KONTAKTIEREN<\/strong><\/h5>\n\n\n\n<div style=\"height:20px\" aria-hidden=\"true\" class=\"wp-block-spacer\"><\/div>\n\n\n\n<p style=\"color:#5d3a3a;font-size:14px\" class=\"has-text-color has-text-align-center\">F\u00fcr <strong>Reservierungen<\/strong> und <strong>Fragen<\/strong> jeder Art, k\u00f6nnen Sie uns jederzeit anschreiben.<br>Ihre Ansprechpartner sind Marianne M\u00fcller und Gerda Goldig.<\/p>\n\n\n<div role=\"form\" class=\"wpcf7\" id=\"wpcf7-f94-o1\" lang=\"de-DE\" dir=\"ltr\">\n<div class=\"screen-reader-response\"><p role=\"status\" aria-live=\"polite\" aria-atomic=\"true\"><\/p> <ul><\/ul><\/div>\n<form action=\"\/milkandhoney\/wp-json\/wp\/v2\/pages\/21#wpcf7-f94-o1\" method=\"post\" class=\"wpcf7-form init\" novalidate=\"novalidate\" data-status=\"init\">\n<div style=\"display: none;\">\n<input type=\"hidden\" name=\"_wpcf7\" value=\"94\" \/>\n<input type=\"hidden\" name=\"_wpcf7_version\" value=\"5.3.2\" \/>\n<input type=\"hidden\" name=\"_wpcf7_locale\" value=\"de_DE\" \/>\n<input type=\"hidden\" name=\"_wpcf7_unit_tag\" value=\"wpcf7-f94-o1\" \/>\n<input type=\"hidden\" name=\"_wpcf7_container_post\" value=\"0\" \/>\n<input type=\"hidden\" name=\"_wpcf7_posted_data_hash\" value=\"\" \/>\n<\/div>\n<p><label> Dein Name (Pflichtfeld)<br \/>\n    <span class=\"wpcf7-form-control-wrap your-name\"><input type=\"text\" name=\"your-name\" value=\"\" size=\"40\" class=\"wpcf7-form-control wpcf7-text wpcf7-validates-as-required\" aria-required=\"true\" aria-invalid=\"false\" \/><\/span> <\/label><\/p>\n<p><label> Deine E-Mail-Adresse (Pflichtfeld)<br \/>\n    <span class=\"wpcf7-form-control-wrap your-email\"><input type=\"email\" name=\"your-email\" value=\"\" size=\"40\" class=\"wpcf7-form-control wpcf7-text wpcf7-email wpcf7-validates-as-required wpcf7-validates-as-email\" aria-required=\"true\" aria-invalid=\"false\" \/><\/span> <\/label><\/p>\n<p><label> Deine Telefonnummer<br \/>\n     <span class=\"wpcf7-form-control-wrap DeineTelefonnummer\"><input type=\"tel\" name=\"DeineTelefonnummer\" value=\"\" size=\"40\" class=\"wpcf7-form-control wpcf7-text wpcf7-tel wpcf7-validates-as-tel\" aria-invalid=\"false\" \/><\/span> <\/label><\/p>\n<p><label> Betreff<br \/>\n    <span class=\"wpcf7-form-control-wrap your-subject\"><input type=\"text\" name=\"your-subject\" value=\"\" size=\"40\" class=\"wpcf7-form-control wpcf7-text\" aria-invalid=\"false\" \/><\/span> <\/label><\/p>\n<p><label> Deine Nachricht<br \/>\n    <span class=\"wpcf7-form-control-wrap your-message\"><textarea name=\"your-message\" cols=\"40\" rows=\"10\" class=\"wpcf7-form-control wpcf7-textarea\" aria-invalid=\"false\"><\/textarea><\/span> <\/label><\/p>\n<p><input type=\"submit\" value=\"Senden\" class=\"wpcf7-form-control wpcf7-submit\" \/><\/p>\n<div class=\"wpcf7-response-output\" aria-hidden=\"true\"><\/div><\/form><\/div>\n\n\n\n<p style=\"color:#5d3a3a\" class=\"has-text-color has-text-align-center has-normal-font-size\">Danke f\u00fcr deine Nachricht! Wir versuchen auf schnellstem Wege mit Dir in Kontakt zu treten. &#8211; Dein M &#8217;n Honey &#8211; Team<\/p>\n","protected":false},"excerpt":{"rendered":"<p>Milk &#8217;n Honey Caf\u00e9 Contact Milk &#8217;n Honey Gabriel-Max-Stra\u00dfe 16 10245 BerlinTelefon: 012345678910cafemilknhoney@gmx.de \u00d6ffnungszeiten: Mo &#8211; Fr 9am &#8211; 18pm Sa &amp; So 10am &#8211; 17pm AnfahrtSollten Sie mit dem Auto anreisen, k\u00f6nnen sie rund um den Boxhagener Platz kostenfrei parken. Alternativ haben Sie die M\u00f6glichkeit das Parkhaus Plaza in der Voigtstra\u00dfe 2 zu nutzen. &hellip; <\/p>\n<p class=\"link-more\"><a href=\"https:\/\/blogs.urz.uni-halle.de\/milkandhoney\/contact\/\" class=\"more-link\"><span class=\"screen-reader-text\">\u201e\u201c<\/span> weiterlesen<\/a><\/p>\n","protected":false},"author":4158,"featured_media":243,"parent":0,"menu_order":0,"comment_status":"closed","ping_status":"closed","template":"","meta":[],"_links":{"self":[{"href":"https:\/\/blogs.urz.uni-halle.de\/milkandhoney\/wp-json\/wp\/v2\/pages\/21"}],"collection":[{"href":"https:\/\/blogs.urz.uni-halle.de\/milkandhoney\/wp-json\/wp\/v2\/pages"}],"about":[{"href":"https:\/\/blogs.urz.uni-halle.de\/milkandhoney\/wp-json\/wp\/v2\/types\/page"}],"author":[{"embeddable":true,"href":"https:\/\/blogs.urz.uni-halle.de\/milkandhoney\/wp-json\/wp\/v2\/users\/4158"}],"replies":[{"embeddable":true,"href":"https:\/\/blogs.urz.uni-halle.de\/milkandhoney\/wp-json\/wp\/v2\/comments?post=21"}],"version-history":[{"count":11,"href":"https:\/\/blogs.urz.uni-halle.de\/milkandhoney\/wp-json\/wp\/v2\/pages\/21\/revisions"}],"predecessor-version":[{"id":378,"href":"https:\/\/blogs.urz.uni-halle.de\/milkandhoney\/wp-json\/wp\/v2\/pages\/21\/revisions\/378"}],"wp:featuredmedia":[{"embeddable":true,"href":"https:\/\/blogs.urz.uni-halle.de\/milkandhoney\/wp-json\/wp\/v2\/media\/243"}],"wp:attachment":[{"href":"https:\/\/blogs.urz.uni-halle.de\/milkandhoney\/wp-json\/wp\/v2\/media?parent=21"}],"curies":[{"name":"wp","href":"https:\/\/api.w.org\/{rel}","templated":true}]}}