{"id":65,"date":"2020-03-18T11:24:00","date_gmt":"2020-03-18T10:24:00","guid":{"rendered":"https:\/\/blogs.urz.uni-halle.de\/milkandhoney\/?page_id=65"},"modified":"2020-03-25T12:29:59","modified_gmt":"2020-03-25T11:29:59","slug":"welcome","status":"publish","type":"page","link":"https:\/\/blogs.urz.uni-halle.de\/milkandhoney\/","title":{"rendered":""},"content":{"rendered":"\n<h2 class=\"has-text-color has-text-align-center\" style=\"color:#5d3a3a\">Herzlich Willkommen!<\/h2>\n\n\n\n<blockquote class=\"wp-block-quote has-text-align-center\"><p>Everything We Brew. We Brew It For You. <\/p><cite>                                                                                                         &#8211; Your M&#8217;n H Team<\/cite><\/blockquote>\n\n\n\n<div style=\"height:20px\" aria-hidden=\"true\" class=\"wp-block-spacer\"><\/div>\n\n\n\n<div class=\"wp-block-group has-background\" style=\"background-color:#f7efe3\"><div class=\"wp-block-group__inner-container\">\n<p class=\"p1\" style=\"text-align: center\"><span class=\"s1\" style=\"color: #5d3a3a\">Das Caf\u00e9 Milk &#8217;n Honey &nbsp;ist nicht nur ein einfaches Caf\u00e9 in Berlin Friedrichshain. Es ist unsere Wohlf\u00fchloase f\u00fcr Caf\u00e9- und Pflanzen-Liebhaber. Besuch uns in unserem Urban Jungle und entspanne bei einem guten Kaffee fernab des Gro\u00dfstadtlebens.&nbsp;<\/span><\/p>\n<p style=\"text-align: center\"><span style=\"color: #5d3a3a\">Ein weiteres Highlight im Milk &#8217;n Honey: Baked Goods von Foodbloggern aus ganz Deutschland. Um euch eine Vielzahl an Kuchen und Backwaren zu bieten, laden wir jeden Monat einen ausgew\u00e4hlten Blogger ein, der euch mit seinen Kreationen verw\u00f6hnt.<\/span><\/p>\n<\/div><\/div>\n\n\n\n<div class=\"wp-block-group\"><div class=\"wp-block-group__inner-container\">\n<div class=\"wp-block-button aligncenter is-style-fill\"><a class=\"wp-block-button__link has-text-color has-background\" href=\"https:\/\/blogs.urz.uni-halle.de\/milkandhoney\/about\/\" style=\"background-color:#f7efe3;color:#815d5d;border-radius:50px\" target=\"_blank\" rel=\"noreferrer noopener\">About <\/a><\/div>\n\n\n\n<div style=\"height:50px\" aria-hidden=\"true\" class=\"wp-block-spacer\"><\/div>\n\n\n\n<hr class=\"wp-block-separator\" \/>\n\n\n\n<div class=\"wp-block-media-text alignwide\" style=\"grid-template-columns:52% auto\"><figure class=\"wp-block-media-text__media\"><img loading=\"lazy\" width=\"684\" height=\"1024\" src=\"https:\/\/blogs.urz.uni-halle.de\/milkandhoney\/files\/2020\/03\/black-and-white-counter-table-3285137-684x1024.jpg\" alt=\"\" class=\"wp-image-73\" srcset=\"https:\/\/blogs.urz.uni-halle.de\/milkandhoney\/files\/2020\/03\/black-and-white-counter-table-3285137-684x1024.jpg 684w, https:\/\/blogs.urz.uni-halle.de\/milkandhoney\/files\/2020\/03\/black-and-white-counter-table-3285137-200x300.jpg 200w, https:\/\/blogs.urz.uni-halle.de\/milkandhoney\/files\/2020\/03\/black-and-white-counter-table-3285137-768x1150.jpg 768w, https:\/\/blogs.urz.uni-halle.de\/milkandhoney\/files\/2020\/03\/black-and-white-counter-table-3285137-1026x1536.jpg 1026w, https:\/\/blogs.urz.uni-halle.de\/milkandhoney\/files\/2020\/03\/black-and-white-counter-table-3285137-1368x2048.jpg 1368w, https:\/\/blogs.urz.uni-halle.de\/milkandhoney\/files\/2020\/03\/black-and-white-counter-table-3285137-scaled.jpg 1710w\" sizes=\"(max-width: 684px) 100vw, 684px\" \/><\/figure><div class=\"wp-block-media-text__content\">\n<h2 class=\"has-text-color\" style=\"color:#5d3a3a\">Wo sind wir?<\/h2>\n\n\n\n<h3 class=\"has-text-color has-text-align-left\" style=\"color:#5d3a3a\">Gabriel-Max-Stra\u00dfe 16<br>10245 Berlin <\/h3>\n\n\n\n<p style=\"color:#5d3a3a;font-size:15px\" class=\"has-text-color\"><strong>Inhaberin Marzia Bianchi<\/strong><\/p>\n<\/div><\/div>\n<\/div><\/div>\n\n\n\n<hr class=\"wp-block-separator\" \/>\n\n\n\t                <ul class=\"easy-image-gallery thumbnails-6 linked\">\r\n                    <li><a rel=\"prettyPhoto[group-309]\" href=\"https:\/\/blogs.urz.uni-halle.de\/milkandhoney\/files\/2020\/03\/cup-of-coffee-2788812-1-768x1024.jpg\" class=\"eig-popup\" title=\"\" data-caption=\"\" target=\"_blank\"><i class=\"icon-view\"><\/i><span class=\"overlay\"><\/span><img width=\"150\" height=\"150\" src=\"https:\/\/blogs.urz.uni-halle.de\/milkandhoney\/files\/2020\/03\/cup-of-coffee-2788812-1-150x150.jpg\" class=\"attachment-thumbnail size-thumbnail\" alt=\"\" loading=\"lazy\" srcset=\"https:\/\/blogs.urz.uni-halle.de\/milkandhoney\/files\/2020\/03\/cup-of-coffee-2788812-1-150x150.jpg 150w, https:\/\/blogs.urz.uni-halle.de\/milkandhoney\/files\/2020\/03\/cup-of-coffee-2788812-1-100x100.jpg 100w\" sizes=\"100vw\" \/><\/a><\/li><li><a rel=\"prettyPhoto[group-309]\" href=\"https:\/\/blogs.urz.uni-halle.de\/milkandhoney\/files\/2020\/03\/basket-chalkboard-coffee-shop-coffeehouse-143642-1-1024x683.jpg\" class=\"eig-popup\" title=\"\" data-caption=\"\" target=\"_blank\"><i class=\"icon-view\"><\/i><span class=\"overlay\"><\/span><img width=\"150\" height=\"150\" src=\"https:\/\/blogs.urz.uni-halle.de\/milkandhoney\/files\/2020\/03\/basket-chalkboard-coffee-shop-coffeehouse-143642-1-150x150.jpg\" class=\"attachment-thumbnail size-thumbnail\" alt=\"\" loading=\"lazy\" srcset=\"https:\/\/blogs.urz.uni-halle.de\/milkandhoney\/files\/2020\/03\/basket-chalkboard-coffee-shop-coffeehouse-143642-1-150x150.jpg 150w, https:\/\/blogs.urz.uni-halle.de\/milkandhoney\/files\/2020\/03\/basket-chalkboard-coffee-shop-coffeehouse-143642-1-100x100.jpg 100w\" sizes=\"100vw\" \/><\/a><\/li><li><a rel=\"prettyPhoto[group-309]\" href=\"https:\/\/blogs.urz.uni-halle.de\/milkandhoney\/files\/2020\/03\/plate-of-baked-bread-2668512-1-683x1024.jpg\" class=\"eig-popup\" title=\"\" data-caption=\"\" target=\"_blank\"><i class=\"icon-view\"><\/i><span class=\"overlay\"><\/span><img width=\"150\" height=\"150\" src=\"https:\/\/blogs.urz.uni-halle.de\/milkandhoney\/files\/2020\/03\/plate-of-baked-bread-2668512-1-150x150.jpg\" class=\"attachment-thumbnail size-thumbnail\" alt=\"\" loading=\"lazy\" srcset=\"https:\/\/blogs.urz.uni-halle.de\/milkandhoney\/files\/2020\/03\/plate-of-baked-bread-2668512-1-150x150.jpg 150w, https:\/\/blogs.urz.uni-halle.de\/milkandhoney\/files\/2020\/03\/plate-of-baked-bread-2668512-1-100x100.jpg 100w\" sizes=\"100vw\" \/><\/a><\/li><li><a rel=\"prettyPhoto[group-309]\" href=\"https:\/\/blogs.urz.uni-halle.de\/milkandhoney\/files\/2020\/03\/photo-of-a-woman-inside-coffee-shop-3681621-1-683x1024.jpg\" class=\"eig-popup\" title=\"\" data-caption=\"\" target=\"_blank\"><i class=\"icon-view\"><\/i><span class=\"overlay\"><\/span><img width=\"150\" height=\"150\" src=\"https:\/\/blogs.urz.uni-halle.de\/milkandhoney\/files\/2020\/03\/photo-of-a-woman-inside-coffee-shop-3681621-1-150x150.jpg\" class=\"attachment-thumbnail size-thumbnail\" alt=\"\" loading=\"lazy\" srcset=\"https:\/\/blogs.urz.uni-halle.de\/milkandhoney\/files\/2020\/03\/photo-of-a-woman-inside-coffee-shop-3681621-1-150x150.jpg 150w, https:\/\/blogs.urz.uni-halle.de\/milkandhoney\/files\/2020\/03\/photo-of-a-woman-inside-coffee-shop-3681621-1-100x100.jpg 100w\" sizes=\"100vw\" \/><\/a><\/li><li><a rel=\"prettyPhoto[group-309]\" href=\"https:\/\/blogs.urz.uni-halle.de\/milkandhoney\/files\/2020\/03\/selective-focus-photography-of-coffee-with-latte-art-3278327-683x1024.jpg\" class=\"eig-popup\" title=\"\" data-caption=\"\" target=\"_blank\"><i class=\"icon-view\"><\/i><span class=\"overlay\"><\/span><img width=\"150\" height=\"150\" src=\"https:\/\/blogs.urz.uni-halle.de\/milkandhoney\/files\/2020\/03\/selective-focus-photography-of-coffee-with-latte-art-3278327-150x150.jpg\" class=\"attachment-thumbnail size-thumbnail\" alt=\"\" loading=\"lazy\" srcset=\"https:\/\/blogs.urz.uni-halle.de\/milkandhoney\/files\/2020\/03\/selective-focus-photography-of-coffee-with-latte-art-3278327-150x150.jpg 150w, https:\/\/blogs.urz.uni-halle.de\/milkandhoney\/files\/2020\/03\/selective-focus-photography-of-coffee-with-latte-art-3278327-100x100.jpg 100w\" sizes=\"100vw\" \/><\/a><\/li><li><a rel=\"prettyPhoto[group-309]\" href=\"https:\/\/blogs.urz.uni-halle.de\/milkandhoney\/files\/2020\/03\/close-up-photography-of-cappuccino-713709-1024x683.jpg\" class=\"eig-popup\" title=\"\" data-caption=\"\" target=\"_blank\"><i class=\"icon-view\"><\/i><span class=\"overlay\"><\/span><img width=\"150\" height=\"150\" src=\"https:\/\/blogs.urz.uni-halle.de\/milkandhoney\/files\/2020\/03\/close-up-photography-of-cappuccino-713709-150x150.jpg\" class=\"attachment-thumbnail size-thumbnail\" alt=\"\" loading=\"lazy\" srcset=\"https:\/\/blogs.urz.uni-halle.de\/milkandhoney\/files\/2020\/03\/close-up-photography-of-cappuccino-713709-150x150.jpg 150w, https:\/\/blogs.urz.uni-halle.de\/milkandhoney\/files\/2020\/03\/close-up-photography-of-cappuccino-713709-100x100.jpg 100w\" sizes=\"100vw\" \/><\/a><\/li><\/ul>\n","protected":false},"excerpt":{"rendered":"<p>Herzlich Willkommen! Everything We Brew. We Brew It For You. &#8211; Your M&#8217;n H Team<\/p>\n","protected":false},"author":4158,"featured_media":0,"parent":0,"menu_order":0,"comment_status":"open","ping_status":"closed","template":"","meta":[],"_links":{"self":[{"href":"https:\/\/blogs.urz.uni-halle.de\/milkandhoney\/wp-json\/wp\/v2\/pages\/65"}],"collection":[{"href":"https:\/\/blogs.urz.uni-halle.de\/milkandhoney\/wp-json\/wp\/v2\/pages"}],"about":[{"href":"https:\/\/blogs.urz.uni-halle.de\/milkandhoney\/wp-json\/wp\/v2\/types\/page"}],"author":[{"embeddable":true,"href":"https:\/\/blogs.urz.uni-halle.de\/milkandhoney\/wp-json\/wp\/v2\/users\/4158"}],"replies":[{"embeddable":true,"href":"https:\/\/blogs.urz.uni-halle.de\/milkandhoney\/wp-json\/wp\/v2\/comments?post=65"}],"version-history":[{"count":10,"href":"https:\/\/blogs.urz.uni-halle.de\/milkandhoney\/wp-json\/wp\/v2\/pages\/65\/revisions"}],"predecessor-version":[{"id":341,"href":"https:\/\/blogs.urz.uni-halle.de\/milkandhoney\/wp-json\/wp\/v2\/pages\/65\/revisions\/341"}],"wp:attachment":[{"href":"https:\/\/blogs.urz.uni-halle.de\/milkandhoney\/wp-json\/wp\/v2\/media?parent=65"}],"curies":[{"name":"wp","href":"https:\/\/api.w.org\/{rel}","templated":true}]}}