{"id":2,"date":"2021-05-08T10:17:14","date_gmt":"2021-05-08T08:17:14","guid":{"rendered":"https:\/\/blogs.urz.uni-halle.de\/mitose\/?page_id=2"},"modified":"2021-10-04T21:14:09","modified_gmt":"2021-10-04T19:14:09","slug":"beispiel-seite","status":"publish","type":"page","link":"https:\/\/blogs.urz.uni-halle.de\/mitose\/","title":{"rendered":""},"content":{"rendered":"<div class=\"twoclick_social_bookmarks_post_2 social_share_privacy clearfix 1.6.4 locale-de_DE sprite-de_DE\"><\/div><div class=\"twoclick-js\"><script type=\"text\/javascript\">\/* <![CDATA[ *\/\njQuery(document).ready(function($){if($('.twoclick_social_bookmarks_post_2')){$('.twoclick_social_bookmarks_post_2').socialSharePrivacy({\"services\":{\"facebook\":{\"status\":\"on\",\"txt_info\":\"2 Klicks f\\u00fcr mehr Datenschutz: Erst wenn Sie hier klicken, wird der Button aktiv und Sie k\\u00f6nnen Ihre Empfehlung an Facebook senden. Schon beim Aktivieren werden Daten an Dritte \\u00fcbertragen - siehe <em>i<\\\/em>.\",\"perma_option\":\"off\",\"action\":\"recommend\",\"language\":\"de_DE\"},\"twitter\":{\"reply_to\":\"\",\"tweet_text\":\"%20%C2%BB%20MITOSE\",\"status\":\"on\",\"txt_info\":\"2 Klicks f\\u00fcr mehr Datenschutz: Erst wenn Sie hier klicken, wird der Button aktiv und Sie k\\u00f6nnen Ihre Empfehlung an Twitter senden. Schon beim Aktivieren werden Daten an Dritte \\u00fcbertragen - siehe <em>i<\\\/em>.\",\"perma_option\":\"off\",\"language\":\"de\",\"referrer_track\":\"\"},\"gplus\":{\"status\":\"on\",\"txt_info\":\"2 Klicks f\\u00fcr mehr Datenschutz: Erst wenn Sie hier klicken, wird der Button aktiv und Sie k\\u00f6nnen Ihre Empfehlung an Google+ senden. Schon beim Aktivieren werden Daten an Dritte \\u00fcbertragen - siehe <em>i<\\\/em>.\",\"perma_option\":\"off\",\"referrer_track\":\"\"},\"linkedin\":{\"status\":\"on\",\"txt_info\":\"2 Klicks f\\u00fcr mehr Datenschutz: Erst wenn Sie hier klicken, wird der Button aktiv und Sie k\\u00f6nnen Ihre Empfehlung an LinkedIn senden. Schon beim Aktivieren werden Daten an Dritte \\u00fcbertragen - siehe <em>i<\\\/em>.\",\"perma_option\":\"off\"}},\"txt_help\":\"Wenn Sie diese Felder durch einen Klick aktivieren, werden Informationen an Facebook, Twitter, Flattr, Xing, t3n, LinkedIn, Pinterest oder Google eventuell ins Ausland \\u00fcbertragen und unter Umst\\u00e4nden auch dort gespeichert. N\\u00e4heres erfahren Sie durch einen Klick auf das <em>i<\\\/em>.\",\"settings_perma\":\"Dauerhaft aktivieren und Daten\\u00fcber-tragung zustimmen:\",\"info_link\":\"http:\\\/\\\/www.heise.de\\\/ct\\\/artikel\\\/2-Klicks-fuer-mehr-Datenschutz-1333879.html\",\"uri\":\"https:\\\/\\\/blogs.urz.uni-halle.de\\\/mitose\\\/\",\"post_id\":2,\"post_title_referrer_track\":\"\",\"display_infobox\":\"on\"});}});\n\/* ]]> *\/<\/script><\/div>\n<div style=\"height:20px\" aria-hidden=\"true\" class=\"wp-block-spacer\"><\/div>\n\n\n\n<p class=\"has-text-align-center has-white-background-color has-text-color has-background has-large-font-size\" style=\"color:#603c81\">Willkommen auf der Website von MITOSE! <\/p>\n\n\n\n<hr class=\"wp-block-separator has-text-color has-background has-cyan-bluish-gray-background-color has-cyan-bluish-gray-color is-style-dots\" \/>\n\n\n\n<p class=\"has-text-align-center\">Ein respektvolles Miteinander unter Studierenden, Kolleg*innen und bei der Interaktion mit Patient*innen \u2013 utopisch oder realistisch? Ganz klar realistisch sagen wir! Funktioniert schlie\u00dflich schon ganz gut, nur leider nicht immer und nicht immer allen Personengruppen gegen\u00fcber. Daf\u00fcr setzen wir uns \u2013 die studentische Initiative MITOSE \u2013 ein.<\/p>\n\n\n\n<div style=\"height:20px\" aria-hidden=\"true\" class=\"wp-block-spacer\"><\/div>\n\n\n\n<p class=\"has-text-align-center has-white-color has-cyan-bluish-gray-background-color has-text-color has-background\"><strong>Wir m\u00f6chten uns deshalb mit unseren Kommiliton*innen, Dozierenden, dem Fachschaftsrat und allen anderen interessierten Menschen und Gruppen austauschen.            Und nat\u00fcrlich mit Dir!<\/strong><\/p>\n\n\n\n<div style=\"height:20px\" aria-hidden=\"true\" class=\"wp-block-spacer\"><\/div>\n\n\n\n<p class=\"has-text-align-center\">Wir suchen nach neuen Wegen und Strategien , Toleranz und Offenheit st\u00e4rker in unseren studentischen Alltag zu integrieren \u2013 und zwar von allen Seiten. So schaffen wir gemeinsam ein Bewusstsein f\u00fcr diskriminierende Aussagen oder Handlungen und erreichen einen sensibleren Umgang.<\/p>\n\n\n\n<div style=\"height:20px\" aria-hidden=\"true\" class=\"wp-block-spacer\"><\/div>\n\n\n\n<div class=\"wp-block-cover has-cyan-bluish-gray-background-color has-background-dim\"><div class=\"wp-block-cover__inner-container\">\n<p class=\"has-text-align-center has-white-color has-cyan-bluish-gray-background-color has-text-color has-background\"><strong>Neugierig geworden?    <\/strong><\/p>\n\n\n\n<p class=\"has-text-align-center\"><strong>Auf den n\u00e4chsten Seiten stellen wir uns Dir noch einmal etwas ausf\u00fchrlicher vor. Au\u00dferdem kannst Du in unserem Blog regelm\u00e4\u00dfig interessante Beitr\u00e4ge aus verschiedenen Rubriken finden.<\/strong><\/p>\n\n\n\n<hr class=\"wp-block-separator has-text-color has-background has-white-background-color has-white-color is-style-default\" \/>\n\n\n\n<p class=\"has-text-align-center has-black-color has-white-background-color has-text-color has-background\"><strong> Hast Du selbst Anregungen und Ideen f\u00fcr Beitr\u00e4ge und Aktionen oder m\u00f6chtest Dich einbringen? Ist Dir etwas passiert oder aufgefallen, mit dem Du nicht allein sein m\u00f6chtest? Dann schreib uns doch \u00fcber unser Kontaktformular! Wir k\u00fcmmern uns gern darum.           Und nat\u00fcrlich freuen wir uns \u00fcber alle begeisterten Mitstreiter*innen und Unsterst\u00fctzer*innen : ) <\/strong><\/p>\n\n\n\n<p><\/p>\n<\/div><\/div>\n\n\n\n<div style=\"height:20px\" aria-hidden=\"true\" class=\"wp-block-spacer\"><\/div>\n\n\n\n<hr class=\"wp-block-separator has-text-color has-background has-cyan-bluish-gray-background-color has-cyan-bluish-gray-color is-style-wide\" \/>\n","protected":false},"excerpt":{"rendered":"<div class=\"entry-summary\">\nWillkommen auf der Website von MITOSE! Ein respektvolles Miteinander unter Studierenden, Kolleg*innen und bei der Interaktion mit Patient*innen \u2013 utopisch&hellip;\n<\/div>\n<div class=\"link-more\"><a href=\"https:\/\/blogs.urz.uni-halle.de\/mitose\/\" class=\"more-link\">Continue reading&hellip;<\/a><\/div>\n","protected":false},"author":5104,"featured_media":0,"parent":0,"menu_order":0,"comment_status":"closed","ping_status":"open","template":"page-template\/_sidebar.php","meta":[],"_links":{"self":[{"href":"https:\/\/blogs.urz.uni-halle.de\/mitose\/wp-json\/wp\/v2\/pages\/2"}],"collection":[{"href":"https:\/\/blogs.urz.uni-halle.de\/mitose\/wp-json\/wp\/v2\/pages"}],"about":[{"href":"https:\/\/blogs.urz.uni-halle.de\/mitose\/wp-json\/wp\/v2\/types\/page"}],"author":[{"embeddable":true,"href":"https:\/\/blogs.urz.uni-halle.de\/mitose\/wp-json\/wp\/v2\/users\/5104"}],"replies":[{"embeddable":true,"href":"https:\/\/blogs.urz.uni-halle.de\/mitose\/wp-json\/wp\/v2\/comments?post=2"}],"version-history":[{"count":10,"href":"https:\/\/blogs.urz.uni-halle.de\/mitose\/wp-json\/wp\/v2\/pages\/2\/revisions"}],"predecessor-version":[{"id":211,"href":"https:\/\/blogs.urz.uni-halle.de\/mitose\/wp-json\/wp\/v2\/pages\/2\/revisions\/211"}],"wp:attachment":[{"href":"https:\/\/blogs.urz.uni-halle.de\/mitose\/wp-json\/wp\/v2\/media?parent=2"}],"curies":[{"name":"wp","href":"https:\/\/api.w.org\/{rel}","templated":true}]}}