{"id":1817,"date":"2021-08-11T18:30:17","date_gmt":"2021-08-11T16:30:17","guid":{"rendered":"https:\/\/blogs.urz.uni-halle.de\/mlu4career\/?page_id=1817"},"modified":"2024-06-27T14:04:53","modified_gmt":"2024-06-27T12:04:53","slug":"impressum","status":"publish","type":"page","link":"https:\/\/blogs.urz.uni-halle.de\/mlu4career\/impressum\/","title":{"rendered":"Impressum"},"content":{"rendered":"\n<p><em>Diese Webseite wurde von der Personalentwicklungskommission initiiert und haben ma\u00dfgeblich Dr. Sandra Maih\u00f6fner (Referat Personalentwicklung), Dr. Thomas Michael (Graduiertenakademie InGrA), Dr. Andrea Ritschel (Stabsstelle Vielfalt und Chancengleichheit), Dr. Rebecca Thier-Lange, Christian Jahn und Lucie Werndl (Prorektorat f\u00fcr Personal- und Organisationsentwicklung) entwickelt; G\u00e4ste aus den Reihen der Zielgruppe (Christian Ho\u00dfbach \u2013 Doktorand in den Wirtschaftswissenschaften und Dr. Stefan Trogisch \u2013 Postdoc in den Naturwissenschaften) und viele andere (z. B. Tino Schl\u00f6gl \u2013 Career Center) haben unsere Arbeit dabei kritisch begleitet und bereichert.<\/em><\/p>\n\n\n\n<h3><strong>Impressum nach \u00a7 5 DDG<\/strong><\/h3>\n\n\n\n<h5><strong>Institution<\/strong><\/h5>\n\n\n\n<p class=\"zeilenabstand\">Die Martin-Luther-Universit\u00e4t Halle-Wittenberg ist eine K\u00f6rperschaft des \u00f6ffentlichen Rechts. Sie wird durch die Rektorin Prof. Dr. Claudia Becker gesetzlich vertreten: info@uni-halle.de.<\/p>\n\n\n\n<h5><strong>Angaben<\/strong><\/h5>\n\n\n\n<p class=\"zeilenabstand\">Martin-Luther-Universit\u00e4t Halle-Wittenberg<br>Universit\u00e4tsplatz 10<br>06108 Halle<br>Deutschland<\/p>\n\n\n\n<p class=\"zeilenabstand\">Telefon: &nbsp;&nbsp;&nbsp;&nbsp;&nbsp;&nbsp;&nbsp; 0345 \/ 55 20<br>Fax: &nbsp;&nbsp;&nbsp;&nbsp;&nbsp;&nbsp;&nbsp;&nbsp;&nbsp;&nbsp;&nbsp;&nbsp;&nbsp;&nbsp; 0345 \/ 55 27 077<br>E-Mail: &nbsp;&nbsp;&nbsp;&nbsp;&nbsp;&nbsp;&nbsp;&nbsp; info@uni-halle.de&nbsp;&nbsp;&nbsp;&nbsp; <br>Internet: &nbsp;&nbsp;&nbsp;&nbsp;&nbsp;&nbsp; www.uni-halle.de<\/p>\n\n\n\n<p>Umsatzsteuer-Identifikationsnummer: DE 811353703 gem\u00e4\u00df \u00a7 27 a Umsatzsteuergesetz<\/p>\n\n\n\n<h5><strong>Kontakt<\/strong><\/h5>\n\n\n\n<p class=\"zeilenabstand\">Dr. Rebecca Thier-Lange<br>Martin-Luther-Universit\u00e4t Halle-Wittenberg<br>Prorektorat f\u00fcr Personal- und Organisationsentwicklung<br>06099 Halle (Saale)<br>E-Mail: &nbsp;&nbsp;&nbsp;&nbsp;&nbsp;&nbsp;&nbsp;&nbsp; rebecca.thier-lange@rektorat.uni-halle.de<\/p>\n\n\n\n<h5><strong>Aufsichtsbeh\u00f6rde<\/strong><\/h5>\n\n\n\n<p class=\"zeilenabstand\">Das Ministerium f\u00fcr Wissenschaft, Energie, Klimaschutz und Umwelt, Leipziger Stra\u00dfe 58, 39112 Magdeburg, <br>Tel.: +49 391 567-1950, E-Mail: pr@mwu.sachsen-anhalt.de, ist die zust\u00e4ndige Aufsichtsbeh\u00f6rde.<\/p>\n\n\n\n<h5><strong>Haftungsausschluss<\/strong><strong><\/strong><\/h5>\n\n\n\n<p class=\"zeilenabstand\">Wir \u00fcbernehmen keinerlei Gew\u00e4hr f\u00fcr die Aktualit\u00e4t, Korrektheit, Vollst\u00e4ndigkeit oder Qualit\u00e4t der bereitgestellten Informationen. Haftungsanspr\u00fcche gegen die MLU, welche sich auf Sch\u00e4den materieller oder ideeller Art beziehen, die durch die Nutzung oder Nichtnutzung der dargebotenen Informationen bzw. durch die Nutzung fehlerhafter und unvollst\u00e4ndiger Informationen verursacht wurden sind, sind grunds\u00e4tzlich ausgeschlossen, sofern seitens der MLU kein nachweislich vors\u00e4tzliches oder grob fahrl\u00e4ssiges Verschulden vorliegt.<\/p>\n\n\n\n<p class=\"zeilenabstand\">Die MLU beh\u00e4lt es sich ausdr\u00fccklich vor, Teile der Seiten oder das gesamte Angebot ohne gesonderte Ank\u00fcndigung zu ver\u00e4ndern, zu erg\u00e4nzen, zu l\u00f6schen oder die Ver\u00f6ffentlichung zeitweise oder endg\u00fcltig einzustellen.<\/p>\n\n\n\n<h5><strong>Haftung f\u00fcr Links<\/strong><\/h5>\n\n\n\n<p class=\"zeilenabstand\">Unser Angebot enth\u00e4lt Links zu externen Webseiten Dritter, auf deren Inhalte wir keinen Einfluss haben. Deshalb k\u00f6nnen wir f\u00fcr diese fremden Inhalte auch keine Gew\u00e4hr \u00fcbernehmen. F\u00fcr die Inhalte der verlinkten Seiten ist stets der jeweilige Anbieter oder Betreiber der Seiten verantwortlich. Die verlinkten Seiten wurden zum Zeitpunkt der Verlinkung auf m\u00f6gliche Rechtsverst\u00f6\u00dfe \u00fcberpr\u00fcft. Rechtswidrige Inhalte waren zum Zeitpunkt der Verlinkung nicht erkennbar. Eine permanente inhaltliche Kontrolle der verlinkten Seiten ist jedoch ohne konkrete Anhaltspunkte einer Rechtsverletzung nicht zumutbar. Bei Bekanntwerden von Rechtsverletzungen werden wir derartige Links umgehend entfernen.<\/p>\n\n\n\n<h5><strong>Urheberrecht <\/strong><strong><\/strong><\/h5>\n\n\n\n<p class=\"zeilenabstand\">Die durch die Seitenbetreiber erstellten Inhalte und Werke auf diesen Seiten unterliegen dem deutschen Urheberrecht. Die Vervielf\u00e4ltigung, Bearbeitung, Verbreitung und jede Art der Verwertung au\u00dferhalb der Grenzen des Urheberrechtes bed\u00fcrfen der schriftlichen Zustimmung des jeweiligen Autors bzw. Erstellers. Downloads und Kopien dieser Seite sind nur f\u00fcr den privaten, nicht kommerziellen Gebrauch gestattet. Soweit die Inhalte auf dieser Seite nicht vom Betreiber erstellt wurden, werden die Urheberrechte Dritter beachtet. Insbesondere werden Inhalte Dritter als solche gekennzeichnet. Sollten Sie trotzdem auf eine Urheberrechtsverletzung aufmerksam werden, bitten wir um einen entsprechenden Hinweis. Bei Bekanntwerden von Rechtsverletzungen werden wir derartige Inhalte umgehend entfernen.<\/p>\n\n\n\n<p><a href=\"https:\/\/www.uni-halle.de\/datenschutzerklaerung\/\" target=\"_blank\" rel=\"noreferrer noopener\">Datenschutzerkl\u00e4rung<\/a><\/p>\n\n\n\n<h5>Kontakt<\/h5>\n\n\n\n<p><a rel=\"noreferrer noopener\" href=\"https:\/\/blogs.urz.uni-halle.de\/mlu4career\/kontakt\/\" target=\"_blank\">Kontaktformular<\/a><\/p>\n\n\n\n<p>Internet&nbsp;&nbsp;&nbsp;&nbsp;&nbsp;&nbsp;&nbsp;&nbsp;&nbsp;&nbsp;&nbsp;&nbsp;&nbsp;&nbsp;&nbsp;&nbsp;&nbsp;&nbsp;&nbsp;&nbsp;&nbsp; &nbsp;<a href=\"http:\/\/www.uni-halle.de\/wissen-schafft-karriere\">www.uni-halle.de\/wissen-schafft-karriere<\/a><\/p>\n\n\n\n<hr class=\"wp-block-separator is-style-default\" \/>\n\n\n\n<h5>\u00dcbersicht Bildrechte<\/h5>\n\n\n\n<figure class=\"wp-block-table is-style-stripes\"><table class=\"has-fixed-layout\"><thead><tr><th class=\"has-text-align-left\" data-align=\"left\"><strong>Ebene<\/strong><\/th><th class=\"has-text-align-center\" data-align=\"center\"><strong>Fotorechte<\/strong><\/th><\/tr><\/thead><tbody><tr><td class=\"has-text-align-left\" data-align=\"left\"><strong>Karriere &amp; Einstieg<\/strong><\/td><td class=\"has-text-align-center\" data-align=\"center\"><\/td><\/tr><tr><td class=\"has-text-align-left\" data-align=\"left\">Nach dem Studium in die Wissenschaft?<\/td><td class=\"has-text-align-center\" data-align=\"center\">MLU \/ Matthias Ritzmann<\/td><\/tr><tr><td class=\"has-text-align-left\" data-align=\"left\">Nach der Promotion<\/td><td class=\"has-text-align-center\" data-align=\"center\">MLU \/ Jens Schl\u00fcter<\/td><\/tr><tr><td class=\"has-text-align-left\" data-align=\"left\">Wege zur Professur<\/td><td class=\"has-text-align-center\" data-align=\"center\">MLU \/ Katharina Nitschke<\/td><\/tr><tr><td class=\"has-text-align-left\" data-align=\"left\">Qualifikationen<\/td><td class=\"has-text-align-center\" data-align=\"center\">iDiv \/ Tobias Wagner<\/td><\/tr><tr><td class=\"has-text-align-left\" data-align=\"left\">Onboarding<\/td><td class=\"has-text-align-center\" data-align=\"center\">MLU \/ Markus Scholz<\/td><\/tr><tr><td class=\"has-text-align-left\" data-align=\"left\">Internationales<\/td><td class=\"has-text-align-center\" data-align=\"center\">Oliver Thier<\/td><\/tr><tr><td class=\"has-text-align-left\" data-align=\"left\"><strong>Arbeitsleben<\/strong><\/td><td class=\"has-text-align-center\" data-align=\"center\"><\/td><\/tr><tr><td class=\"has-text-align-left\" data-align=\"left\">Familie &amp; Arbeit<\/td><td class=\"has-text-align-center\" data-align=\"center\">MLU \/ Markus Scholz<\/td><\/tr><tr><td class=\"has-text-align-left\" data-align=\"left\">Gesundheit &amp; Arbeit<\/td><td class=\"has-text-align-center\" data-align=\"center\">Oliver Thier<\/td><\/tr><tr><td class=\"has-text-align-left\" data-align=\"left\">Diversit\u00e4t &amp; Chancengleichheit<\/td><td class=\"has-text-align-center\" data-align=\"center\">unsplash \/ Kate Kalvach <\/td><\/tr><tr><td class=\"has-text-align-left\" data-align=\"left\">Anlaufstellen auf einen Blick<\/td><td class=\"has-text-align-center\" data-align=\"center\">MLU \/ Katharina Nitschke<\/td><\/tr><tr><td class=\"has-text-align-left\" data-align=\"left\"><strong>Dokumente<\/strong><\/td><td class=\"has-text-align-center\" data-align=\"center\"><\/td><\/tr><tr><td class=\"has-text-align-left\" data-align=\"left\">Aktuelle Hinweise<\/td><td class=\"has-text-align-center\" data-align=\"center\">unsplash \/ Gabrielle Henders<\/td><\/tr><tr><td class=\"has-text-align-left\" data-align=\"left\">Beschl\u00fcsse &amp; Ordnungen<\/td><td class=\"has-text-align-center\" data-align=\"center\">unsplash \/ Gabrielle Henders<\/td><\/tr><tr><td class=\"has-text-align-left\" data-align=\"left\">Leitf\u00e4den &amp; Vorlagen<\/td><td class=\"has-text-align-center\" data-align=\"center\">unsplash \/ Gabrielle Henders<\/td><\/tr><tr><td class=\"has-text-align-left\" data-align=\"left\"><strong>Slider<\/strong><\/td><td class=\"has-text-align-center\" data-align=\"center\"><\/td><\/tr><tr><td class=\"has-text-align-left\" data-align=\"left\">Erfahrungsbericht Hinderberger<\/td><td class=\"has-text-align-center\" data-align=\"center\">SFB TRR 102 \/ David Ausserhoffer <\/td><\/tr><tr><td class=\"has-text-align-left\" data-align=\"left\">Willkommen<\/td><td class=\"has-text-align-center\" data-align=\"center\">MLU \/ Katharina Nitschke<\/td><\/tr><tr><td class=\"has-text-align-left\" data-align=\"left\">Workshops InGrA<\/td><td class=\"has-text-align-center\" data-align=\"center\">unsplash \/ kvalifik<\/td><\/tr><\/tbody><\/table><\/figure>\n","protected":false},"excerpt":{"rendered":"<p>Diese Webseite wurde von der Personalentwicklungskommission initiiert und haben ma\u00dfgeblich Dr. Sandra Maih\u00f6fner (Referat Personalentwicklung), Dr. Thomas Michael (Graduiertenakademie InGrA), Dr. Andrea Ritschel (Stabsstelle Vielfalt und Chancengleichheit), Dr. Rebecca Thier-Lange, Christian Jahn und Lucie Werndl (Prorektorat f\u00fcr Personal- und Organisationsentwicklung) entwickelt; G\u00e4ste aus den Reihen der Zielgruppe (Christian Ho\u00dfbach \u2013 Doktorand in den Wirtschaftswissenschaften und [&hellip;]<\/p>\n","protected":false},"author":4228,"featured_media":0,"parent":0,"menu_order":0,"comment_status":"closed","ping_status":"closed","template":"","meta":[],"_links":{"self":[{"href":"https:\/\/blogs.urz.uni-halle.de\/mlu4career\/wp-json\/wp\/v2\/pages\/1817"}],"collection":[{"href":"https:\/\/blogs.urz.uni-halle.de\/mlu4career\/wp-json\/wp\/v2\/pages"}],"about":[{"href":"https:\/\/blogs.urz.uni-halle.de\/mlu4career\/wp-json\/wp\/v2\/types\/page"}],"author":[{"embeddable":true,"href":"https:\/\/blogs.urz.uni-halle.de\/mlu4career\/wp-json\/wp\/v2\/users\/4228"}],"replies":[{"embeddable":true,"href":"https:\/\/blogs.urz.uni-halle.de\/mlu4career\/wp-json\/wp\/v2\/comments?post=1817"}],"version-history":[{"count":10,"href":"https:\/\/blogs.urz.uni-halle.de\/mlu4career\/wp-json\/wp\/v2\/pages\/1817\/revisions"}],"predecessor-version":[{"id":2984,"href":"https:\/\/blogs.urz.uni-halle.de\/mlu4career\/wp-json\/wp\/v2\/pages\/1817\/revisions\/2984"}],"wp:attachment":[{"href":"https:\/\/blogs.urz.uni-halle.de\/mlu4career\/wp-json\/wp\/v2\/media?parent=1817"}],"curies":[{"name":"wp","href":"https:\/\/api.w.org\/{rel}","templated":true}]}}