{"id":2,"date":"2021-04-29T14:58:22","date_gmt":"2021-04-29T12:58:22","guid":{"rendered":"https:\/\/blogs.urz.uni-halle.de\/mlu4career\/?page_id=2"},"modified":"2024-07-11T13:48:12","modified_gmt":"2024-07-11T11:48:12","slug":"beispiel-seite","status":"publish","type":"page","link":"https:\/\/blogs.urz.uni-halle.de\/mlu4career\/","title":{"rendered":"Landing"},"content":{"rendered":"\n<p>Herzlich willkommen! Sch\u00f6n, dass Sie da sind. Wir m\u00f6chten Ihnen sowohl einen allgemeinen \u00dcberblick \u00fcber Karrierewege in der Wissenschaft als auch spezifische M\u00f6glichkeiten einer Karriere an der Martin-Luther-Universit\u00e4t Halle-Wittenberg (MLU) geben. Wir w\u00fcnschen Ihnen viel Spa\u00df beim Navigieren!<\/p>\n\n\n\n<p class=\"zeilenabstand\">Wie sieht also eine <a href=\"https:\/\/blogs.urz.uni-halle.de\/mlu4career\/karriere-einstieg\/\" target=\"_blank\" rel=\"noreferrer noopener\">Karriere in der Wissenschaft<\/a> an der MLU aus? Die Promotion ist oft der Anfang einer Wissenschaftskarriere hin zu einer Professur. Und dennoch, die Promotion er\u00f6ffnet viele weitere berufliche M\u00f6glichkeiten, sowohl an der MLU als auch in vielen anderen Institutionen.<br> <br>Die Vereinbarkeit von Familie und Beruf sowie die eigene Gesundheit wirken sich auf die berufliche Entwicklung und Karriere ganz ma\u00dfgeblich aus. Auch das wollen wir auf den Seiten hier abbilden und Unterst\u00fctzungsm\u00f6glichkeiten im <a href=\"https:\/\/blogs.urz.uni-halle.de\/mlu4career\/arbeitsleben\/\" target=\"_blank\" rel=\"noreferrer noopener\">Arbeitsleben<\/a> durch die MLU aufzeigen. <br><br>Zu guter Letzt findet man unter <a href=\"https:\/\/blogs.urz.uni-halle.de\/mlu4career\/beschluesse\/\" target=\"_blank\" rel=\"noreferrer noopener\">Dokumente<\/a> konkrete Satzungen, Regelungen und Vorlagen zu diversen Entscheidungen und Vorgaben mit Bezug zu Karriereoptionen und -ausgestaltung an der MLU.<br><br><em>Haben Sie Anregungen oder Kommentare zu unserer Webseite? Dann schreiben Sie uns bitte \u00fcber das <a href=\"https:\/\/blogs.urz.uni-halle.de\/mlu4career\/kontakt\/\" target=\"_blank\" rel=\"noreferrer noopener\">Kontaktformular<\/a>. <br><\/em><\/p>\n\n\n\n<h3 class=\"has-text-align-center\" id=\"Interviews\">Erfahrungsberichte zu den einzelnen Stationen einer Wissenschaftskarriere<\/h3>\n\n\n<div class=\"h5p-iframe-wrapper\"><iframe id=\"h5p-iframe-6\" class=\"h5p-iframe\" data-content-id=\"6\" style=\"height:1px\" src=\"about:blank\" frameBorder=\"0\" scrolling=\"no\" title=\"Wegfindung\"><\/iframe><\/div>\n\n\n\n<p class=\"zeilenabstand has-medium-font-size\"><strong>Hinweis:<\/strong><em> Vom 17. Januar bis 11. Februar 2022 erfolgte eine Umfrage zu Bedarfen der beruflichen Entwicklung und Qualifizierung des wissenschaftsunterst\u00fctzenden Personals an der MLU.<\/em><br><em><strong><a href=\"https:\/\/personal.verwaltung.uni-halle.de\/service\/personalentwicklung\/pe_wissenschaftsunterstuetzend\/#anchor3397604\" target=\"_blank\" rel=\"noreferrer noopener\">Informationen zur Befragung und das Ergebnis (nur intern abrufbar) finden sie hier.<\/a><\/strong><\/em><\/p>\n","protected":false},"excerpt":{"rendered":"<p>Herzlich willkommen! Sch\u00f6n, dass Sie da sind. Wir m\u00f6chten Ihnen sowohl einen allgemeinen \u00dcberblick \u00fcber Karrierewege in der Wissenschaft als auch spezifische M\u00f6glichkeiten einer Karriere an der Martin-Luther-Universit\u00e4t Halle-Wittenberg (MLU) geben. Wir w\u00fcnschen Ihnen viel Spa\u00df beim Navigieren! Wie sieht also eine Karriere in der Wissenschaft an der MLU aus? Die Promotion ist oft der [&hellip;]<\/p>\n","protected":false},"author":4228,"featured_media":0,"parent":0,"menu_order":1,"comment_status":"closed","ping_status":"closed","template":"","meta":[],"_links":{"self":[{"href":"https:\/\/blogs.urz.uni-halle.de\/mlu4career\/wp-json\/wp\/v2\/pages\/2"}],"collection":[{"href":"https:\/\/blogs.urz.uni-halle.de\/mlu4career\/wp-json\/wp\/v2\/pages"}],"about":[{"href":"https:\/\/blogs.urz.uni-halle.de\/mlu4career\/wp-json\/wp\/v2\/types\/page"}],"author":[{"embeddable":true,"href":"https:\/\/blogs.urz.uni-halle.de\/mlu4career\/wp-json\/wp\/v2\/users\/4228"}],"replies":[{"embeddable":true,"href":"https:\/\/blogs.urz.uni-halle.de\/mlu4career\/wp-json\/wp\/v2\/comments?post=2"}],"version-history":[{"count":10,"href":"https:\/\/blogs.urz.uni-halle.de\/mlu4career\/wp-json\/wp\/v2\/pages\/2\/revisions"}],"predecessor-version":[{"id":3015,"href":"https:\/\/blogs.urz.uni-halle.de\/mlu4career\/wp-json\/wp\/v2\/pages\/2\/revisions\/3015"}],"wp:attachment":[{"href":"https:\/\/blogs.urz.uni-halle.de\/mlu4career\/wp-json\/wp\/v2\/media?parent=2"}],"curies":[{"name":"wp","href":"https:\/\/api.w.org\/{rel}","templated":true}]}}