{"id":2022,"date":"2021-09-29T12:17:38","date_gmt":"2021-09-29T10:17:38","guid":{"rendered":"https:\/\/blogs.urz.uni-halle.de\/mlu4career\/?page_id=2022"},"modified":"2025-08-06T23:00:31","modified_gmt":"2025-08-06T21:00:31","slug":"einstieg-karriere-anlaufstellen-auf-einen-blick","status":"publish","type":"page","link":"https:\/\/blogs.urz.uni-halle.de\/mlu4career\/karriere-einstieg\/einstieg-karriere-anlaufstellen-auf-einen-blick\/","title":{"rendered":"Einstieg &amp; Karriere: Anlaufstellen auf einen Blick"},"content":{"rendered":"\n<p>Eine \u00dcbersicht der bereits aufgef\u00fchrten Anlaufstellen f\u00fcr &#8222;Einstieg &amp; Karriere&#8220; der Webseite noch einmal kompakt zusammengestellt \u2013 f\u00fcr ein schnelles Suchen und Finden.<\/p>\n\n\n\n<h3>Einstieg &amp; Karriere<\/h3>\n\n\n\n<ul id=\"block-a8076aa7-dd7b-43f4-afc4-52a6631a4ccf\"><li><em>Als Promovend*in\/Mitarbeiter*in der MLU im Ausland<\/em><ul><li><a rel=\"noreferrer noopener\" href=\"https:\/\/www.international.uni-halle.de\/international_office\/promovierende\/hallesche_promovierende\/\" target=\"_blank\">Auslandsaufenthalte w\u00e4hrend der Promotion<\/a><\/li><li><a rel=\"noreferrer noopener\" href=\"https:\/\/www.international.uni-halle.de\/international_office\/wissenschaftler\/hallenser_wissenschaftler\/foerdermoeglichkeiten_ausland\/\" target=\"_blank\">Forschungsaufenthalt im Ausland<\/a><\/li><\/ul><\/li><li><em>Beratungsservice Promotionsprogramme<\/em><ul><li><a rel=\"noreferrer noopener\" href=\"https:\/\/www.ingra.uni-halle.de\/advisory_service\/?lang=de\" target=\"_blank\">Beratungsservice der InGrA<\/a><\/li><li>Informationen zum Start der Promotion: <a rel=\"noreferrer noopener\" href=\"https:\/\/blogs.urz.uni-halle.de\/ingra\/starting-the-path-to-a-doctorate\/\" target=\"_blank\">Starting the path to a doctorate<\/a><\/li><\/ul><\/li><li><em>Beratung zu Forschungsdaten und Open Access Publizieren<\/em><ul><li><a rel=\"noreferrer noopener\" href=\"https:\/\/bibliothek.uni-halle.de\/forschen-publizieren\/open-science\/\" target=\"_blank\">Open Science Team ULB<\/a><\/li><\/ul><\/li><li><em>Berufseinstieg au\u00dferhalb der Universit\u00e4t<\/em><ul><li><a rel=\"noreferrer noopener\" href=\"https:\/\/www.careercenter.uni-halle.de\/\" target=\"_blank\">Career-Center der MLU<\/a><\/li><li><a rel=\"noreferrer noopener\" href=\"https:\/\/www.arbeitsagentur.de\/vor-ort\/sachsen-anhalt-sued\/informationen-fuer-studenten\" target=\"_blank\">Studien- und Berufsberatung der Agentur f\u00fcr Arbeit<\/a><\/li><\/ul><\/li><li><em>Drittmittelberatung<\/em><ul><li><a rel=\"noreferrer noopener\" href=\"https:\/\/forschung.verwaltung.uni-halle.de\/\" target=\"_blank\">Abteilung 6<\/a> &#8211; Forschung, Transfer und Drittmittelservice<\/li><\/ul><\/li><li><em>Dual Career<\/em><ul><li><a rel=\"noreferrer noopener\" href=\"https:\/\/personal.verwaltung.uni-halle.de\/service\/uni_prof\/dual_career\/\" target=\"_blank\">Dual Career Service der MLU<\/a><\/li><\/ul><\/li><li><em>Forschungstransfer &amp; Unternehmensgr\u00fcndung<\/em><ul><li><a rel=\"noreferrer noopener\" href=\"https:\/\/transfer.uni-halle.de\/\" target=\"_blank\">Transfer- und Gr\u00fcnderservice der MLU<\/a><\/li><\/ul><\/li><li><em>Forschen\/promovieren in Halle f\u00fcr Interessierte aus dem Ausland<\/em><ul><li><a rel=\"noreferrer noopener\" href=\"https:\/\/www.international.uni-halle.de\/international_office\/promovierende\/internationale_promovierende\/\" target=\"_blank\">An der MLU Promovieren<\/a><\/li><li><a rel=\"noreferrer noopener\" href=\"https:\/\/www.international.uni-halle.de\/international_office\/promovierende\/internationale_promovierende\/2570015_2980480\/\" target=\"_blank\">An der MLU Promovieren<\/a> (mit Betreuer)<\/li><li><a rel=\"noreferrer noopener\" href=\"https:\/\/www.international.uni-halle.de\/international_office\/wissenschaftler\/internationale_wissenschaftler\/\" target=\"_blank\">An der MLU Forschen<\/a><\/li><\/ul><\/li><li><em>Juniorprofessor*innen<\/em><ul><li><a rel=\"noreferrer noopener\" href=\"https:\/\/www.prorektoratse.uni-halle.de\/team\/\" target=\"_blank\">Prorektorat f\u00fcr Personal- und Organisationsentwicklung<\/a><\/li><\/ul><\/li><li><em>Lehre und Didaktik<\/em><ul><li><a rel=\"noreferrer noopener\" href=\"https:\/\/kfw.sprechwiss.uni-halle.de\/eroeffnung-der-sprechwissenschaftlichen-beratungsstelle\/\" target=\"_blank\">Beratungsstelle Sprechwissenschaft<\/a><\/li><li><a rel=\"noreferrer noopener\" href=\"https:\/\/www.llz.uni-halle.de\/\" target=\"_blank\">Zentrum f\u00fcr multimediales Lehren und Lernen<\/a><\/li><li><a rel=\"noreferrer noopener\" href=\"https:\/\/personal.verwaltung.uni-halle.de\/service\/personalentwicklung\/service\/zertifikat_hochschuldidaktik\/\" target=\"_blank\">Referat 3.2 &#8211; Personalentwicklung:<\/a> Anmeldung und Beratung zum hochschuldidaktischen Zertifikatsprogramm der MLU<\/li><\/ul><\/li><li><em>Personalf\u00fchrung<\/em><ul><li><a rel=\"noreferrer noopener\" href=\"https:\/\/www.sozial-konfliktberatung.uni-halle.de\/kontaktinformationen\/\" target=\"_blank\">Sozial- und Konfliktberatung der MLU<\/a><\/li><li><a rel=\"noreferrer noopener\" href=\"https:\/\/personal.verwaltung.uni-halle.de\/service\/personalentwicklung\/service\/coaching\/\" target=\"_blank\">Coachingangebote und F\u00fchrungskr\u00e4ftetraining durch das Referat 3.2 &#8211; Personalentwicklung<\/a><\/li><\/ul><\/li><\/ul>\n\n\n\n<ul id=\"block-c469cac6-b14d-48cc-8422-9f8549eec8a3\"><li><em>Personalf\u00fchrung<\/em><ul><li><a rel=\"noreferrer noopener\" href=\"https:\/\/www.sozial-konfliktberatung.uni-halle.de\/kontaktinformationen\/\" target=\"_blank\">Sozial- und Konfliktberatung der MLU<\/a><\/li><li><a rel=\"noreferrer noopener\" href=\"https:\/\/personal.verwaltung.uni-halle.de\/service\/personalentwicklung\/service\/coaching\/\" target=\"_blank\">Coachingangebote und F\u00fchrungskr\u00e4ftetraining durch das Referat 3.2 &#8211; Personalentwicklung<\/a><\/li><\/ul><\/li><\/ul>\n\n\n\n<ul id=\"block-c469cac6-b14d-48cc-8422-9f8549eec8a3\"><li><em>Personalf\u00fchrung<\/em><ul><li><a rel=\"noreferrer noopener\" href=\"https:\/\/www.sozial-konfliktberatung.uni-halle.de\/kontaktinformationen\/\" target=\"_blank\">Sozial- und Konfliktberatung der MLU<\/a><\/li><li><a rel=\"noreferrer noopener\" href=\"https:\/\/personal.verwaltung.uni-halle.de\/service\/personalentwicklung\/service\/coaching\/\" target=\"_blank\">Coachingangebote und F\u00fchrungskr\u00e4ftetraining durch das Referat 3.2 &#8211; Personalentwicklung<\/a><\/li><\/ul><\/li><\/ul>\n\n\n\n<ul id=\"block-c469cac6-b14d-48cc-8422-9f8549eec8a3\"><li>PE-Netzwerk: <ul><li><a rel=\"noreferrer noopener\" href=\"https:\/\/blogs.urz.uni-halle.de\/mlu4career\/2025\/07\/https-blogs-urz-uni-halle-de-mlu4career-files-2025-08-design-ohne-titel-1-jpg\/\" data-type=\"URL\" data-id=\"https:\/\/blogs.urz.uni-halle.de\/mlu4career\/2025\/07\/https-blogs-urz-uni-halle-de-mlu4career-files-2025-08-design-ohne-titel-1-jpg\/\" target=\"_blank\">Ansprechpersonen f\u00fcr die Personalentwicklungsangebote<\/a><\/li><\/ul><\/li><\/ul>\n\n\n\n<ul id=\"block-a8076aa7-dd7b-43f4-afc4-52a6631a4ccf\"><li><em>Workshops f\u00fcr Promovierende und fr\u00fche Postdocs<\/em><ul><li><a rel=\"noreferrer noopener\" href=\"https:\/\/blogs.urz.uni-halle.de\/ingra\/kategorie\/complementary-skills-workshops\/\" target=\"_blank\">Internationale Graduiertenakademie InGrA<\/a><\/li><\/ul><\/li><\/ul>\n\n\n\n<ul id=\"block-a8076aa7-dd7b-43f4-afc4-52a6631a4ccf\"><li><em>Weiterbildungsangebote f\u00fcr alle Mitarbeiter*innen<\/em><ul><li><a rel=\"noreferrer noopener\" href=\"https:\/\/personal.verwaltung.uni-halle.de\/service\/personalentwicklung\/aktuelles\/\" target=\"_blank\">Referat 3.2 &#8211; Personalentwicklung<\/a><\/li><\/ul><\/li><\/ul>\n\n\n\n<p><\/p>\n","protected":false},"excerpt":{"rendered":"<p>Eine \u00dcbersicht der bereits aufgef\u00fchrten Anlaufstellen f\u00fcr &#8222;Einstieg &amp; Karriere&#8220; der Webseite noch einmal kompakt zusammengestellt \u2013 f\u00fcr ein schnelles Suchen und Finden. Einstieg &amp; Karriere Als Promovend*in\/Mitarbeiter*in der MLU im Ausland Auslandsaufenthalte w\u00e4hrend der Promotion Forschungsaufenthalt im Ausland Beratungsservice Promotionsprogramme Beratungsservice der InGrA Informationen zum Start der Promotion: Starting the path to a doctorate [&hellip;]<\/p>\n","protected":false},"author":4228,"featured_media":0,"parent":74,"menu_order":0,"comment_status":"closed","ping_status":"closed","template":"","meta":[],"_links":{"self":[{"href":"https:\/\/blogs.urz.uni-halle.de\/mlu4career\/wp-json\/wp\/v2\/pages\/2022"}],"collection":[{"href":"https:\/\/blogs.urz.uni-halle.de\/mlu4career\/wp-json\/wp\/v2\/pages"}],"about":[{"href":"https:\/\/blogs.urz.uni-halle.de\/mlu4career\/wp-json\/wp\/v2\/types\/page"}],"author":[{"embeddable":true,"href":"https:\/\/blogs.urz.uni-halle.de\/mlu4career\/wp-json\/wp\/v2\/users\/4228"}],"replies":[{"embeddable":true,"href":"https:\/\/blogs.urz.uni-halle.de\/mlu4career\/wp-json\/wp\/v2\/comments?post=2022"}],"version-history":[{"count":10,"href":"https:\/\/blogs.urz.uni-halle.de\/mlu4career\/wp-json\/wp\/v2\/pages\/2022\/revisions"}],"predecessor-version":[{"id":3164,"href":"https:\/\/blogs.urz.uni-halle.de\/mlu4career\/wp-json\/wp\/v2\/pages\/2022\/revisions\/3164"}],"up":[{"embeddable":true,"href":"https:\/\/blogs.urz.uni-halle.de\/mlu4career\/wp-json\/wp\/v2\/pages\/74"}],"wp:attachment":[{"href":"https:\/\/blogs.urz.uni-halle.de\/mlu4career\/wp-json\/wp\/v2\/media?parent=2022"}],"curies":[{"name":"wp","href":"https:\/\/api.w.org\/{rel}","templated":true}]}}