{"id":2270,"date":"2021-12-02T17:18:30","date_gmt":"2021-12-02T16:18:30","guid":{"rendered":"https:\/\/blogs.urz.uni-halle.de\/mlu4career\/?page_id=2270"},"modified":"2021-12-06T10:24:31","modified_gmt":"2021-12-06T09:24:31","slug":"interview-mit-abrecht-petzold","status":"publish","type":"page","link":"https:\/\/blogs.urz.uni-halle.de\/mlu4career\/interview-mit-abrecht-petzold\/","title":{"rendered":"Interview mit Abrecht Petzold"},"content":{"rendered":"\n<div class=\"wp-block-image is-style-default\"><figure class=\"alignleft size-large is-resized\"><img loading=\"lazy\" src=\"https:\/\/blogs.urz.uni-halle.de\/mlu4career\/files\/2021\/12\/DSC01313-683x1024.jpg\" alt=\"\" class=\"wp-image-2271\" width=\"235\" height=\"352\" srcset=\"https:\/\/blogs.urz.uni-halle.de\/mlu4career\/files\/2021\/12\/DSC01313-683x1024.jpg 683w, https:\/\/blogs.urz.uni-halle.de\/mlu4career\/files\/2021\/12\/DSC01313-200x300.jpg 200w, https:\/\/blogs.urz.uni-halle.de\/mlu4career\/files\/2021\/12\/DSC01313-768x1151.jpg 768w, https:\/\/blogs.urz.uni-halle.de\/mlu4career\/files\/2021\/12\/DSC01313-1025x1536.jpg 1025w, https:\/\/blogs.urz.uni-halle.de\/mlu4career\/files\/2021\/12\/DSC01313-1366x2048.jpg 1366w, https:\/\/blogs.urz.uni-halle.de\/mlu4career\/files\/2021\/12\/DSC01313-scaled.jpg 1708w\" sizes=\"(max-width: 235px) 100vw, 235px\" \/><figcaption>Albrecht Petzold<\/figcaption><\/figure><\/div>\n\n\n\n<p class=\"zeilenabstand\">Ich bin Albrecht Petzold und habe eine permanente Haushaltsstelle (sogenannte Funktionsstelle) als wissenschaftlicher Mitarbeiter in der Fachgruppe \u201eExperimentelle Polymerphysik\u201c am Institut f\u00fcr Physik. Meine Aufgaben umfassen die wissenschaftliche Arbeit an verschiedenen Forschungsprojekten unserer Gruppe sowie die Unterst\u00fctzung der Studierenden bei ihren Abschlussarbeiten (Bachelor, Master, Promotion). Weiterhin k\u00fcmmere ich mich um die Instandhaltung und Weiterentwicklung unserer wissenschaftlichen Instrumente, unterst\u00fctze die Gruppe bei Antr\u00e4gen f\u00fcr Drittmittel und beim Erwerb von neuen Instrumenten. Einen weiteren gro\u00dfen Teil meiner Arbeit nimmt die Lehre ein. Neben dem Seminar \u201eExperimentalphysik A\u201c f\u00fcr die Erstsemester, betreue ich Experimente f\u00fcr Physikstudierende im \u201eFortgeschrittenenpraktikum\u201c und im \u201ePraktikum Master\u201c. Institutsweite Aufgaben \u00fcbernehme ich als Strahlenschutzbeauftragter und Fachstudienberater. Ich bin geborener Hallenser und habe hier bis 2006 Physik studiert und danach in der Polymerphysik promoviert. Meine Promotion habe ich Anfang 2011 abgeschlossen.<\/p>\n\n\n\n<h4><strong>K\u00f6nnen Sie uns kurz beschreiben, wie Sie zu Ihrer jetzigen Stelle gekommen sind: War es eine bewusste Entscheidung f\u00fcr die momentan innehabende Position? Haben Sie einen Karriereplan erstellt und welche Herausforderungen gab es in der Entscheidungsfindung? Hatten Sie einen Plan B?<\/strong><\/h4>\n\n\n\n<p class=\"zeilenabstand\">Nach der Promotion bin ich in die industrielle Forschung zu Goodyear nach Luxemburg gewechselt und habe mich anwendungsnah mit mechanischen Tests an Gummis und Reifen besch\u00e4ftigt. Zu einer gelungenen Karriere geh\u00f6rt neben einem tollen Job f\u00fcr mich auch Zeit f\u00fcr meine Familie. Meine Frau hatte immer eine feste Stelle hier in Halle. Da wir f\u00fcr sie nichts Passendes in Luxemburg gefunden haben, bin ich 2013, nach der Geburt meiner Tochter, auf eine befristete Stelle an das Helmholtz-Zentrum Berlin gewechselt. Dort habe ich u.a. zu Batterieelektroden aus por\u00f6sem Kohlenstoff geforscht.<\/p>\n\n\n\n<p class=\"zeilenabstand\">Anfang 2018, kurz nach der Geburt meiner zweiten Tochter, wurde die Stelle als unbefristeter wissenschaftlicher Mitarbeiter in der Fachgruppe \u201eExperimentelle Polymerphysik\u201c frei, also eine von den wenigen unbefristeten Stellen im Mittelbau der MLU. Das bot neben interessanten T\u00e4tigkeiten auch die M\u00f6glichkeit wieder in meine Lieblingsstadt zur\u00fcck zu kehren und meine au\u00dferuniversit\u00e4ren Erfahrungen in den Universit\u00e4tsbetrieb einzubringen.<\/p>\n\n\n\n<p class=\"zeilenabstand\">Ziel meiner \u201eKarriereplanung\u201c war immer ein ausgeglichenes Verh\u00e4ltnis zwischen Beruf und Familie. Es war gar nicht so einfach, f\u00fcr zwei Personen einen Job in der gleichen Stadt zu finden. Dass es hier in Halle geklappt hat, ist das Sahneh\u00e4ubchen.<\/p>\n\n\n\n<h4><strong>W\u00fcrden Sie den Weg, den Sie bis hierhin gegangen sind, noch einmal genau so durchlaufen? Wenn nicht, was w\u00fcrden Sie anders machen?<\/strong><\/h4>\n\n\n\n<p class=\"zeilenabstand\">Ich hatte unglaubliches Gl\u00fcck, seit meinem Studium interessante Forschungsthemen bearbeiten zu k\u00f6nnen und sehr nette Kommilitonen und Kollegen zu haben. Ich habe viel positive Erfahrungen gesammelt und Freundschaften geschlossen. Obwohl die Richtungen der einzelnen Karriereschritte ein gewisses Ma\u00df an Zufall enthielten, habe ich mich immer von meinen Interessen leiten lassen und bereue nichts.<\/p>\n\n\n\n<h4><strong>Drei Empfehlungen an junge Wissenschaftler*innen \u2013 was sollten sie unbedingt unmittelbar nach der Promotion tun (oder ggf. schon davor)?<\/strong><\/h4>\n\n\n\n<ol type=\"1\" class=\"zeilenabstand\"><li>Ich habe mir bereits w\u00e4hrend der Promotion klargemacht, was mich interessiert und motiviert. Das ist in erster Linie Forschung und zwar direkt am Ger\u00e4t sowie die Wissensvermittlung. Vor allem aber habe ich dar\u00fcber nachgedacht, was ich nicht m\u00f6chte. So w\u00e4re eine Position im reinen Forschungsmanagement oder in der Anwendungsentwicklung nichts f\u00fcr mich. Damit ist die Auswahl einer Stelle einfacher m\u00f6glich.<\/li><li>Weiterhin sollte der \u201eKarriereplan\u201c flexibel gestaltet sein. Die Lebensumst\u00e4nde \u00e4ndern sich \u00fcberraschend schnell und viele Chancen ergeben sich einfach mal so zwischendurch. Da sollte man auch mal beherzt zugreifen, wenn es (noch) nicht die gew\u00fcnschte Stelle ist. Und falls es mal nicht klappt: hartn\u00e4ckig bleiben.<\/li><li>Das pers\u00f6nliche Netzwerk entstand bei mir eher nebenbei durch Kontakte zu Kommilitonen und Kollegen. Man sollte sich bewusstmachen, dass es solch ein Netzwerk gibt und es nutzen. Wenn man den Kontakt aufrechterh\u00e4lt, dann ergeben sich dar\u00fcber Chancen, die man sonst nicht h\u00e4tte.<\/li><\/ol>\n","protected":false},"excerpt":{"rendered":"<p>Ich bin Albrecht Petzold und habe eine permanente Haushaltsstelle (sogenannte Funktionsstelle) als wissenschaftlicher Mitarbeiter in der Fachgruppe \u201eExperimentelle Polymerphysik\u201c am Institut f\u00fcr Physik. Meine Aufgaben umfassen die wissenschaftliche Arbeit an verschiedenen Forschungsprojekten unserer Gruppe sowie die Unterst\u00fctzung der Studierenden bei ihren Abschlussarbeiten (Bachelor, Master, Promotion). Weiterhin k\u00fcmmere ich mich um die Instandhaltung und Weiterentwicklung unserer [&hellip;]<\/p>\n","protected":false},"author":4228,"featured_media":0,"parent":0,"menu_order":0,"comment_status":"closed","ping_status":"closed","template":"","meta":[],"_links":{"self":[{"href":"https:\/\/blogs.urz.uni-halle.de\/mlu4career\/wp-json\/wp\/v2\/pages\/2270"}],"collection":[{"href":"https:\/\/blogs.urz.uni-halle.de\/mlu4career\/wp-json\/wp\/v2\/pages"}],"about":[{"href":"https:\/\/blogs.urz.uni-halle.de\/mlu4career\/wp-json\/wp\/v2\/types\/page"}],"author":[{"embeddable":true,"href":"https:\/\/blogs.urz.uni-halle.de\/mlu4career\/wp-json\/wp\/v2\/users\/4228"}],"replies":[{"embeddable":true,"href":"https:\/\/blogs.urz.uni-halle.de\/mlu4career\/wp-json\/wp\/v2\/comments?post=2270"}],"version-history":[{"count":3,"href":"https:\/\/blogs.urz.uni-halle.de\/mlu4career\/wp-json\/wp\/v2\/pages\/2270\/revisions"}],"predecessor-version":[{"id":2278,"href":"https:\/\/blogs.urz.uni-halle.de\/mlu4career\/wp-json\/wp\/v2\/pages\/2270\/revisions\/2278"}],"wp:attachment":[{"href":"https:\/\/blogs.urz.uni-halle.de\/mlu4career\/wp-json\/wp\/v2\/media?parent=2270"}],"curies":[{"name":"wp","href":"https:\/\/api.w.org\/{rel}","templated":true}]}}