{"id":2702,"date":"2023-11-20T17:13:12","date_gmt":"2023-11-20T16:13:12","guid":{"rendered":"https:\/\/blogs.urz.uni-halle.de\/mlu4career\/?page_id=2702"},"modified":"2025-04-15T09:02:03","modified_gmt":"2025-04-15T07:02:03","slug":"alumni","status":"publish","type":"page","link":"https:\/\/blogs.urz.uni-halle.de\/mlu4career\/alumni\/","title":{"rendered":"Alumni"},"content":{"rendered":"\n<p><a rel=\"noreferrer noopener\" href=\"https:\/\/www.umh.de\/portraets\/jun-prof-dr-rer-nat-michael-boettcher\" target=\"_blank\">Michael B\u00f6ttcher<\/a>, Tenure-Track-Professor bis M\u00e4rz 2025 an der MLU, hat erfolgreich seine Lebenszeitprofessur  f\u00fcr &#8222;Molekulare Medizin der Signaltransduktion&#8220; an der MLU zum 01. April 2025 angetreten<\/p>\n\n\n\n<p><a rel=\"noreferrer noopener\" href=\"https:\/\/www.uni-leipzig.de\/newsdetail\/artikel\/oekonomin-li-forscht-als-leibniz-professorin-in-leipzig-und-halle-2025-04-01\" target=\"_blank\">Xiang Li <\/a>ist ab 1. April 2025 Professorin an der Universit\u00e4t Leipzig (im Rahmen des Leibniz-Professorinnenprogramms) und war bis Oktober 2024 Juniorprofessorin f\u00fcr Volkswirtschaftslehre (mit dem Leibniz-Institut f\u00fcr Wirtschaftsforschung Halle (IWH)); auch mit ihrer Professur an der Universit\u00e4t Leipzig forscht sie weiterhin in Halle am IWH<\/p>\n\n\n\n<p><a href=\"https:\/\/www.uksh.de\/sozialmedizin-luebeck\/Forschung\/FB+VI+_+Gesundheits%C3%B6konomie-p-2431.html\" target=\"_blank\" rel=\"noreferrer noopener\">Alexander Kuhlmann<\/a> ist aktuell Forschungsbereichsleiter f\u00fcr &#8222;Gesundheits\u00f6konomie&#8220; am Universit\u00e4tsklinikum Schleswig-Holstein und war bis 30.09.2024 Tenure-Track-Professor f\u00fcr Gesundheits\u00f6konomie mit dem Schwerpunkt Versorgungsforschung an der MLU<\/p>\n\n\n\n<p><a href=\"https:\/\/www.biochemtech.uni-halle.de\/cryoem\/\" target=\"_blank\" rel=\"noreferrer noopener\">Panagiotis Kastritis<\/a>, Tenure-Track-Professor bis Juli 2024 an der MLU, hat erfolgreich seine Lebenszeitprofessur f\u00fcr &#8222;Integrative Strukturbiochmie&#8220; an der MLU zum 01. August 2024 angetreten.<\/p>\n\n\n\n<p><a href=\"https:\/\/www.mathematik.uni-rostock.de\/unser-institut\/lehrstuehle\/angewandte-stochastik-mit-schwerpunkt-wirtschaftsmathematik\/angew-stochastik-mit-sp-wirtschaftsmathematik\/\" target=\"_blank\" rel=\"noreferrer noopener\">Martin Redmann<\/a>, Tenure-Track-Professor bis Juni 2024 an der MLU, hat zun\u00e4chst erfolgreich seine Lebenszeitprofessur f\u00fcr &#8222;Angewandte Stochastik&#8220; an der MLU zum 01. Juli 2024 angetreten und wechselte dann zum 01. April 2025 an die Universit\u00e4t Rostock.<\/p>\n\n\n\n<p><a href=\"https:\/\/www.ada.fu-berlin.de\/dh-fu\/Personen\/Mara\/index.html\" target=\"_blank\" rel=\"noreferrer noopener\">Hubert Mara<\/a> ist seit 1. August 2024 Professor f\u00fcr &#8222;Arch\u00e4oinformatik&#8220; an der Freien Universit\u00e4t Berlin und war bis dahin Tenure-Track-Professor f\u00fcr &#8222;eHumanities&#8220; an der MLU.<\/p>\n\n\n\n<p><a rel=\"noreferrer noopener\" href=\"https:\/\/jiang-lab.de\/team\/\" target=\"_blank\">Hua Jiang<\/a> hat seine Juniorprofessur f\u00fcr &#8222;Angewandte Chromosomenbiologie&#8220; (mit dem Leibniz-Institut f\u00fcr Pflanzengenetik und Kulturpflanzenforschung (IPK)) im Februar 2024 beendet und ist jetzt Principal Investigator an der Universit\u00e4t Potsdam.<\/p>\n\n\n\n<p><a rel=\"noreferrer noopener\" href=\"https:\/\/schulpaed.philfak3.uni-halle.de\/grundschule_bereiche_mitarbeiter\/128202_3050035\/3050035_3052661\/\" target=\"_blank\">Doris Wittek<\/a>, Tenure-Track-Professorin bis Februar 2024 an der MLU, hat erfolgreich ihre Lebenszeitprofessur f\u00fcr &#8222;Lehrerprofessionalit\u00e4t und Lehrerbildungsforschung&#8220; an der MLU zum 6. M\u00e4rz 2024 angetreten.<\/p>\n\n\n\n<p><a rel=\"noreferrer noopener\" href=\"https:\/\/www.jura.uni-halle.de\/lehrstuehle_dozenten\/aliyev\/aliyev-profil\/\" target=\"_blank\">Azar Aliyev<\/a>, jetzt Vertretungsprofessor f\u00fcr &#8222;\u00d6ffentliches Recht und Sozialrecht&#8220; an der MLU, war bis Oktober 2023&nbsp;Juniorprofessor f\u00fcr Internationales Wirtschaftsrecht und Rechtsvergleichung<\/p>\n\n\n\n<p><a href=\"https:\/\/www.umh.de\/portraets\/prof-dr-med-monika-haemmerle-phd\" target=\"_blank\" rel=\"noreferrer noopener\">Monika H\u00e4mmerle<\/a>, Tenure-Track-Professorin bis Juli 2023 an der MLU, hat erfolgreich ihre Lebenszeitprofessur f\u00fcr &#8222;Experimentelle Pathologie&#8220; an der MLU zum 1. August 2023 angetreten.<\/p>\n\n\n\n<p><a href=\"https:\/\/www.umh.de\/portraets\/prof-dr-rer-nat-tony-gutschner\" target=\"_blank\" rel=\"noreferrer noopener\">Tony Gutschner<\/a>, Tenure-Track-Professor bis Juni 2023 an der MLU, hat erfolgreich seine Lebenszeitprofessur f\u00fcr &#8222;RNA-Biologie und Pathogenese&#8220; an der MLU zum 1. Juli 2023 angetreten.<\/p>\n\n\n\n<p><a rel=\"noreferrer noopener\" href=\"https:\/\/www.romanistik.uni-halle.de\/studienbereiche\/romanische_kulturwissenschaften\/dimitri_almeida\/\" target=\"_blank\">Dimitri Almeida<\/a>, Tenure-Track-Professor f\u00fcr &#8222;Inter- und transkulturelle Studien&#8220;, ist am 12. Juni 2023 nach langer, schwerer Krankheit verstorben.<\/p>\n\n\n\n<p><a href=\"https:\/\/www.wifa.uni-leipzig.de\/newsdetail\/artikel\/herzlich-willkommen-die-wirtschaftswissenschaftliche-fakultaet-im-generationenwechsel-2025-04-10\" target=\"_blank\" rel=\"noreferrer noopener\">Lena Tonzer<\/a> ist seit 1. April 2025 Professorin f\u00fcr &#8222;Money, Credit and Banking&#8220; an der Universit\u00e4t Leipzig und war bis August 2021 Juniorprofessorin f\u00fcr &#8222;Politische \u00d6konomie der europ\u00e4ischen Bankenunion&#8220; an der MLU (mit dem Leibniz-Institut f\u00fcr Wirtschaftsforschung Halle (IWH))<\/p>\n\n\n\n<p><a rel=\"noreferrer noopener\" href=\"https:\/\/www.chemie.uni-halle.de\/bereiche_der_chemie\/anorganische_chemie\/33619_3004430\/\" target=\"_blank\">Wouter Maijenburg<\/a>, Tenure-Track-Professor bis Dezember 2022 an der MLU, hat erfolgreich seine Lebenszeitprofessur f\u00fcr &#8222;Anorganische Funktionsmaterialien&#8220; an der MLU zum 1. Januar 2023 angetreten.<\/p>\n\n\n\n<p><a href=\"https:\/\/www.chemie.uni-halle.de\/bereiche_der_chemie\/organische_chemie\/ak_weissenborn\/\" target=\"_blank\" rel=\"noreferrer noopener\">Martin Weissenborn<\/a>, Tenure-Track-Professor bis Dezember 2022 an der MLU und am Leibniz-Institut f\u00fcr Pflanzenbiochemie (IPB), hat erfolgreich seine Lebenszeitprofessur f\u00fcr &#8222;Bioorganische Chemie&#8220; an der MLU zum 1. Januar 2023 angetreten.<\/p>\n\n\n\n<p>Boreum Kwak war bis September 2022 Juniorprofessorin f\u00fcr &#8222;Makro\u00f6konometrie&#8220; (mit dem Leibniz-Institut f\u00fcr Wirtschaftsforschung Halle (IWH))<\/p>\n\n\n\n<p><a href=\"https:\/\/personen.uni-mainz.de\/public\/person\/291847\" target=\"_blank\" rel=\"noreferrer noopener\">Carla Schmidt<\/a>, jetzt Professorin f\u00fcr Biochemie an der Universit\u00e4t Mainz, war bis Juni 2022 Tenure-Track-Professorin (Juniorprofessorin mit Tenure Track) f\u00fcr &#8222;Biophysikalische Charakterisierung medizinisch relevanter Membranproteine&#8220; an der MLU<\/p>\n\n\n\n<p><a href=\"https:\/\/www.philol.uni-leipzig.de\/herder-institut\/newsdetail\/artikel\/professur-deutsch-als-zweitsprache-neu-besetzt-2024-04-24\" target=\"_blank\" rel=\"noreferrer noopener\">Maxi Kupetz<\/a>, jetzt Professorin f\u00fcr &#8222;Deutsch als Zweitsprache&#8220; an der Universit\u00e4t Leipzig, war bis Februar 2022 Juniorprofessorin f\u00fcr &#8222;Interkulturelle Kommunikation und Lehrer*innenbildung&#8220; an der MLU<\/p>\n","protected":false},"excerpt":{"rendered":"<p>Michael B\u00f6ttcher, Tenure-Track-Professor bis M\u00e4rz 2025 an der MLU, hat erfolgreich seine Lebenszeitprofessur f\u00fcr &#8222;Molekulare Medizin der Signaltransduktion&#8220; an der MLU zum 01. April 2025 angetreten Xiang Li ist ab 1. April 2025 Professorin an der Universit\u00e4t Leipzig (im Rahmen des Leibniz-Professorinnenprogramms) und war bis Oktober 2024 Juniorprofessorin f\u00fcr Volkswirtschaftslehre (mit dem Leibniz-Institut f\u00fcr Wirtschaftsforschung [&hellip;]<\/p>\n","protected":false},"author":4228,"featured_media":0,"parent":0,"menu_order":0,"comment_status":"closed","ping_status":"closed","template":"","meta":[],"_links":{"self":[{"href":"https:\/\/blogs.urz.uni-halle.de\/mlu4career\/wp-json\/wp\/v2\/pages\/2702"}],"collection":[{"href":"https:\/\/blogs.urz.uni-halle.de\/mlu4career\/wp-json\/wp\/v2\/pages"}],"about":[{"href":"https:\/\/blogs.urz.uni-halle.de\/mlu4career\/wp-json\/wp\/v2\/types\/page"}],"author":[{"embeddable":true,"href":"https:\/\/blogs.urz.uni-halle.de\/mlu4career\/wp-json\/wp\/v2\/users\/4228"}],"replies":[{"embeddable":true,"href":"https:\/\/blogs.urz.uni-halle.de\/mlu4career\/wp-json\/wp\/v2\/comments?post=2702"}],"version-history":[{"count":10,"href":"https:\/\/blogs.urz.uni-halle.de\/mlu4career\/wp-json\/wp\/v2\/pages\/2702\/revisions"}],"predecessor-version":[{"id":3116,"href":"https:\/\/blogs.urz.uni-halle.de\/mlu4career\/wp-json\/wp\/v2\/pages\/2702\/revisions\/3116"}],"wp:attachment":[{"href":"https:\/\/blogs.urz.uni-halle.de\/mlu4career\/wp-json\/wp\/v2\/media?parent=2702"}],"curies":[{"name":"wp","href":"https:\/\/api.w.org\/{rel}","templated":true}]}}