{"id":2794,"date":"2023-12-21T12:30:34","date_gmt":"2023-12-21T11:30:34","guid":{"rendered":"https:\/\/blogs.urz.uni-halle.de\/mlu4career\/?page_id=2794"},"modified":"2024-01-18T12:01:41","modified_gmt":"2024-01-18T11:01:41","slug":"2794-2","status":"publish","type":"page","link":"https:\/\/blogs.urz.uni-halle.de\/mlu4career\/2794-2\/","title":{"rendered":"Interview mit Sandra Schwind"},"content":{"rendered":"\n<h4><strong>Vorstellung<\/strong><\/h4>\n\n\n\n<p>Ich arbeite als Personalentwicklerin an einem Leipziger Krankenhaus und bin dort f\u00fcr vielf\u00e4ltige und abwechslungsreiche Aufgaben zust\u00e4ndig. Dazu geh\u00f6ren u.a. die Beratung von F\u00fchrungskr\u00e4ften sowie deren Weiterentwicklung. Dar\u00fcber hinaus arbeite ich an einzelnen Projekten zur F\u00f6rderung der Teamentwicklung und der Feedback Kultur.<\/p>\n\n\n\n<p>Mein Studium habe ich Anfang 2020 an der Martin-Luther-Universit\u00e4t Halle-Wittenberg mit dem Master of Science Psychologie abgeschlossen, wobei ich im Rahmen des Erasmus Programms auch ein Semester an der Universit\u00e4t Graz verbracht habe. In Zukunft m\u00f6chte ich auch weiterhin daran arbeiten meine F\u00e4higkeiten und Fertigkeiten weiterzuentwickeln, um die neuesten wissenschaftlichen Erkenntnisse in meine t\u00e4gliche Arbeit einflie\u00dfen lassen zu k\u00f6nnen und die Mitarbeitenden daran teilhaben zulassen.<\/p>\n\n\n\n<h4><strong>K\u00f6nnen Sie uns kurz beschreiben, wie Sie zu Ihrer jetzigen Stelle gekommen sind: war es eine bewusste Entscheidung? Haben Sie einen Karriereplan erstellt und welche Herausforderungen gab es in der Entscheidungsfindung?<\/strong><\/h4>\n\n\n\n<p>Ich habe bereits in verschiedenen Branchen gearbeitet und nach einer M\u00f6glichkeit Ausschau gehalten, Erkenntnisse aus der Psychologie-Forschung so zu vermitteln, dass Menschen diese praktisch in ihrem Arbeitsalltag einsetzen und davon profitieren k\u00f6nnen. Daher war ich auf der Suche nach einer Stelle, bei der ich dies verwirklichen kann und bei dem die Mitarbeitenden im Fokus und in der Wertsch\u00e4tzung des Arbeitgebers stehen. Einen Karriereplan habe ich nicht direkt aufgestellt, sondern es hat sich vielmehr Schritt f\u00fcr Schritt ergeben.<br>Auf dem Weg dahin habe ich auch die Erfahrung gemacht, dass ein Arbeitgeber nicht zu mir passte und mir somit klarer wurde, was mir bei einer Arbeitsstelle wichtig ist.<\/p>\n\n\n\n<h4><strong>Woher haben Sie die Informationen zum Berufseinstieg bekommen, welche Unterst\u00fctzungsm\u00f6glichkeiten haben Sie genutzt?<\/strong><\/h4>\n\n\n\n<p>Hinsichtlich meiner beruflichen Entwicklung haben mir Gespr\u00e4che mit Freunden und auch meiner Familie geholfen. Am hilfreichsten fand ich jedoch die verschiedenen Pflichtpraktika und auch Stellen als Werkstudentin, die ich w\u00e4hrend meines Studiums durchlaufen habe. Durch Gespr\u00e4che mit Freunden bin ich auf verschiedene Angebote aufmerksam geworden und habe dann die Chance ergriffen, mir einen pers\u00f6nlichen Einblick von diesen Angeboten zu verschaffen, mich mit Personen aus diesen Bereichen auszutauschen und von ihnen zu lernen.<\/p>\n\n\n\n<h4><strong>Empfehlungen f\u00fcr Studierende \u2013 was sollten sie bei der eigenen Karriereplanung bedenken?<br>Haben Sie sonstige Tipps?<\/strong><\/h4>\n\n\n\n<p>Studierenden kann ich empfehlen, sich aktiv mit anderen auszutauschen und in das Gespr\u00e4ch zu kommen, wodurch neue Ideen entstehen und bislang unentdeckte Wege sichtbar werden k\u00f6nnen. Mir ist dabei zum einen klarer geworden, was meine St\u00e4rken sind und welche M\u00f6glichkeiten mir offenstehen. Zudem kann es helfen sich zu \u00fcberlegen, was f\u00fcr einen selbst in der sp\u00e4teren Arbeit wichtig ist und worauf man Wert legt. <br>Mir war es u. a. wichtig, dass es abwechslungsreiche T\u00e4tigkeiten sind, es eine gute Vereinbarkeit von Beruf und Familie gibt sowie eine gute Arbeitsatmosph\u00e4re mit Teamzusammenhalt. Diese \u00dcberlegungen k\u00f6nnen gute Hinweisgeber sein und bei der Entscheidungsfindung helfen.<\/p>\n","protected":false},"excerpt":{"rendered":"<p>Vorstellung Ich arbeite als Personalentwicklerin an einem Leipziger Krankenhaus und bin dort f\u00fcr vielf\u00e4ltige und abwechslungsreiche Aufgaben zust\u00e4ndig. Dazu geh\u00f6ren u.a. die Beratung von F\u00fchrungskr\u00e4ften sowie deren Weiterentwicklung. Dar\u00fcber hinaus arbeite ich an einzelnen Projekten zur F\u00f6rderung der Teamentwicklung und der Feedback Kultur. Mein Studium habe ich Anfang 2020 an der Martin-Luther-Universit\u00e4t Halle-Wittenberg mit dem [&hellip;]<\/p>\n","protected":false},"author":4228,"featured_media":0,"parent":0,"menu_order":0,"comment_status":"closed","ping_status":"closed","template":"","meta":[],"_links":{"self":[{"href":"https:\/\/blogs.urz.uni-halle.de\/mlu4career\/wp-json\/wp\/v2\/pages\/2794"}],"collection":[{"href":"https:\/\/blogs.urz.uni-halle.de\/mlu4career\/wp-json\/wp\/v2\/pages"}],"about":[{"href":"https:\/\/blogs.urz.uni-halle.de\/mlu4career\/wp-json\/wp\/v2\/types\/page"}],"author":[{"embeddable":true,"href":"https:\/\/blogs.urz.uni-halle.de\/mlu4career\/wp-json\/wp\/v2\/users\/4228"}],"replies":[{"embeddable":true,"href":"https:\/\/blogs.urz.uni-halle.de\/mlu4career\/wp-json\/wp\/v2\/comments?post=2794"}],"version-history":[{"count":7,"href":"https:\/\/blogs.urz.uni-halle.de\/mlu4career\/wp-json\/wp\/v2\/pages\/2794\/revisions"}],"predecessor-version":[{"id":2859,"href":"https:\/\/blogs.urz.uni-halle.de\/mlu4career\/wp-json\/wp\/v2\/pages\/2794\/revisions\/2859"}],"wp:attachment":[{"href":"https:\/\/blogs.urz.uni-halle.de\/mlu4career\/wp-json\/wp\/v2\/media?parent=2794"}],"curies":[{"name":"wp","href":"https:\/\/api.w.org\/{rel}","templated":true}]}}