{"id":314,"date":"2021-05-21T14:38:42","date_gmt":"2021-05-21T12:38:42","guid":{"rendered":"https:\/\/blogs.urz.uni-halle.de\/mlu4career\/?page_id=314"},"modified":"2025-12-12T13:23:23","modified_gmt":"2025-12-12T12:23:23","slug":"onboarding","status":"publish","type":"page","link":"https:\/\/blogs.urz.uni-halle.de\/mlu4career\/onboarding\/","title":{"rendered":"Onboarding"},"content":{"rendered":"\n<p class=\"zeilenabstand\">Herzlich Willkommen in der Universit\u00e4tsstadt Halle und an der Martin-Luther-Universit\u00e4t Halle-Wittenberg!<\/p>\n\n\n\n<p class=\"zeilenabstand\">Mit verschiedenen Aktivit\u00e4ten m\u00f6chten wir Sie gut in die Universit\u00e4t, in die Stadt und Region einf\u00fchren. Lernen Sie Ihre neuen Kolleginnen und Kollegen in Willkommensveranstaltungen kennen, machen Sie sich bei einer Fahrradtour mit den Campussen der MLU vertraut und erfahren Sie mehr \u00fcber die MLU bei einem Begr\u00fc\u00dfungsgespr\u00e4ch oder mittels Workshops f\u00fcr den Start.<\/p>\n\n\n\n<hr class=\"wp-block-separator is-style-default\" \/>\n\n\n\n<div class=\"wp-block-media-text is-stacked-on-mobile\" style=\"grid-template-columns:15% auto\"><figure class=\"wp-block-media-text__media\"><img loading=\"lazy\" width=\"378\" height=\"378\" src=\"https:\/\/blogs.urz.uni-halle.de\/mlu4career\/files\/2021\/06\/Wilkommenstage-2.png\" alt=\"\" class=\"wp-image-1120\" srcset=\"https:\/\/blogs.urz.uni-halle.de\/mlu4career\/files\/2021\/06\/Wilkommenstage-2.png 378w, https:\/\/blogs.urz.uni-halle.de\/mlu4career\/files\/2021\/06\/Wilkommenstage-2-300x300.png 300w, https:\/\/blogs.urz.uni-halle.de\/mlu4career\/files\/2021\/06\/Wilkommenstage-2-150x150.png 150w\" sizes=\"(max-width: 378px) 100vw, 378px\" \/><\/figure><div class=\"wp-block-media-text__content\">\n<h4>Willkommenstag(e)<\/h4>\n\n\n\n<p class=\"zeilenabstand\">f\u00fcr die jeweilige Zielgruppe<\/p>\n\n\n\n<ul><li>f\u00fcr Junior- und Tenure-Track-Professuren: die j\u00e4hrlich stattfindenden <a rel=\"noreferrer noopener\" href=\"https:\/\/www.prorektoratse.uni-halle.de\/kommunikationskultur\/welcome_networking\/\" target=\"_blank\">Welcome and Networking Days<\/a> (jedes Jahr im Fr\u00fchjahr) erm\u00f6glichen Vernetzung und Erfahrungsaustausch und beleuchten Themen wie: What does it mean to be a junior professor at MLU and how to start? How to lead a research group?<\/li><\/ul>\n<\/div><\/div>\n\n\n\n<div class=\"wp-block-media-text is-stacked-on-mobile\" style=\"grid-template-columns:15% auto\"><figure class=\"wp-block-media-text__media\"><img loading=\"lazy\" width=\"378\" height=\"378\" src=\"https:\/\/blogs.urz.uni-halle.de\/mlu4career\/files\/2021\/06\/Veranstaltung-2.png\" alt=\"\" class=\"wp-image-1118\" srcset=\"https:\/\/blogs.urz.uni-halle.de\/mlu4career\/files\/2021\/06\/Veranstaltung-2.png 378w, https:\/\/blogs.urz.uni-halle.de\/mlu4career\/files\/2021\/06\/Veranstaltung-2-300x300.png 300w, https:\/\/blogs.urz.uni-halle.de\/mlu4career\/files\/2021\/06\/Veranstaltung-2-150x150.png 150w\" sizes=\"(max-width: 378px) 100vw, 378px\" \/><\/figure><div class=\"wp-block-media-text__content\">\n<h4 class=\"zeilenabstand\">Willkommensveranstaltungen<\/h4>\n\n\n\n<p class=\"zeilenabstand\">Begr\u00fc\u00dfungsveranstaltung f\u00fcr Neuank\u00f6mmlinge<\/p>\n\n\n\n<ul class=\"zeilenabstand\"><li>neuberufene Professorinnen und Professoren sowie Juniorprofessorinnen und Juniorprofessoren treffen sich bei der j\u00e4hrlich stattfindenden Neuberufenenbegr\u00fc\u00dfung &#8211; die n\u00e4chste wird am  <a rel=\"noreferrer noopener\" href=\"https:\/\/blogs.urz.uni-halle.de\/neuberufenenbegruessung\/\" target=\"_blank\">4. Mai 2026<\/a> stattfinden.<\/li><li>die \u00fcbliche Antrittsvorlesung Neuberufener an der Fakult\u00e4t bzw. dem Institut erm\u00f6glicht fachliche Vernetzung und das Kennenlernen der Kolleginnen und Kollegen &#8211; die Fakult\u00e4t bestimmt mit Ihnen gemeinsam den Termin.<\/li><li>Der <a rel=\"noreferrer noopener\" href=\"https:\/\/www.international.uni-halle.de\/international_office\/newcomers_club\/\" target=\"_blank\">Newcomers Club (NCC)<\/a> ist f\u00fcr alle, die neu an der MLU sind \u2013 insbesondere nationale und internationale Doktoranden, Postdocs und Fakult\u00e4tsmitglieder. Er soll den Austausch und die Vernetzung unter den Neuank\u00f6mmlingen f\u00f6rdern und dabei helfen, sich schnell in Halle und an der Universit\u00e4t einzuleben.<\/li><\/ul>\n<\/div><\/div>\n\n\n\n<div class=\"wp-block-media-text is-stacked-on-mobile\" style=\"grid-template-columns:15% auto\"><figure class=\"wp-block-media-text__media\"><img loading=\"lazy\" width=\"378\" height=\"378\" src=\"https:\/\/blogs.urz.uni-halle.de\/mlu4career\/files\/2021\/06\/Broschuere-3.png\" alt=\"\" class=\"wp-image-1115\" srcset=\"https:\/\/blogs.urz.uni-halle.de\/mlu4career\/files\/2021\/06\/Broschuere-3.png 378w, https:\/\/blogs.urz.uni-halle.de\/mlu4career\/files\/2021\/06\/Broschuere-3-300x300.png 300w, https:\/\/blogs.urz.uni-halle.de\/mlu4career\/files\/2021\/06\/Broschuere-3-150x150.png 150w\" sizes=\"(max-width: 378px) 100vw, 378px\" \/><\/figure><div class=\"wp-block-media-text__content\">\n<h4 class=\"zeilenabstand\">Onboarding Brosch\u00fcren<\/h4>\n\n\n\n<ul class=\"zeilenabstand\"><li><a rel=\"noreferrer noopener\" href=\"http:\/\/zuv1.verwaltung.uni-halle.de\/abteilung3\/personalentwicklung\/leitfaden_einarbeitung.pdf\" target=\"_blank\">Einf\u00fchrung und Einarbeitung neuer Mitarbeiter*innen an der MLU<\/a> &#8211; praktische Tipps f\u00fcr Vorgesetzte<\/li><li><a rel=\"noreferrer noopener\" href=\"https:\/\/blogs.urz.uni-halle.de\/mlu4career\/files\/2023\/05\/Broschuere-Onboarding_2023.pdf\" target=\"_blank\">Die MLU Onboarding Brosch\u00fcre &#8211; Informationen f\u00fcr neue Besch\u00e4ftigte<\/a> &#8211; erhalten Sie bei Ihrer ersten Vertragsunterschrift von Ihrer*Ihrem Personalsachbearbeiter*in <\/li><\/ul>\n<\/div><\/div>\n\n\n\n<div class=\"wp-block-media-text is-stacked-on-mobile\" style=\"grid-template-columns:15% auto\"><figure class=\"wp-block-media-text__media\"><img loading=\"lazy\" width=\"378\" height=\"378\" src=\"https:\/\/blogs.urz.uni-halle.de\/mlu4career\/files\/2021\/06\/Workshop-2.png\" alt=\"\" class=\"wp-image-1121\" srcset=\"https:\/\/blogs.urz.uni-halle.de\/mlu4career\/files\/2021\/06\/Workshop-2.png 378w, https:\/\/blogs.urz.uni-halle.de\/mlu4career\/files\/2021\/06\/Workshop-2-300x300.png 300w, https:\/\/blogs.urz.uni-halle.de\/mlu4career\/files\/2021\/06\/Workshop-2-150x150.png 150w\" sizes=\"(max-width: 378px) 100vw, 378px\" \/><\/figure><div class=\"wp-block-media-text__content\">\n<h4 class=\"zeilenabstand\">Workshops f\u00fcr den Start<\/h4>\n\n\n\n<p class=\"zeilenabstand\">Kurze Einf\u00fchrungsworkshops<\/p>\n\n\n\n<p>zum Beispiel am 10. Juni 2026 (9-12 Uhr)<strong> <\/strong><a href=\"https:\/\/personal.verwaltung.uni-halle.de\/service\/personalentwicklung\/aktuelles\/#anchor3650826\" target=\"_blank\" rel=\"noreferrer noopener\">Grundlagen des Befristungsrechts an Hochschulen, insbes. Wissenschaftszeitvertragsgesetz<\/a>: Das Seminar vermittelt einen ersten \u00dcberblick u\u0308ber das Befristungsrecht an Hochschulen, insbesondere u\u0308ber das Wissenschaftszeitvertragsgesetz (WissZeitVG) und das Teilzeit- und Befristungsgesetz (TzBfG). Fragen aus der allt\u00e4glichen Praxis werden diskutiert und Gestaltungsspielr\u00e4ume aufgezeigt. Die Teilnehmenden lernen problematische Fallkonstellationen zu erkennen und werden ermutigt, ihre eigenen Erfahrungen in die Diskussion einzubringen. <\/p>\n\n\n\n<p>Dozentin: Dr. Anke Habich (Abteilung 3 &#8211; Personal)&nbsp;<br>Zielgruppe: <em>Wissenschaftler*innen, Professor*innen, Projektleiter*innen, Besch\u00e4ftigte, die mit der verwaltungsm\u00e4\u00dfigen Abwicklung von Personalma\u00dfnahmen betraut sind<\/em><\/p>\n<\/div><\/div>\n\n\n\n<div class=\"wp-block-media-text is-stacked-on-mobile\" style=\"grid-template-columns:15% auto\"><figure class=\"wp-block-media-text__media\"><img loading=\"lazy\" width=\"378\" height=\"378\" src=\"https:\/\/blogs.urz.uni-halle.de\/mlu4career\/files\/2021\/06\/Gespraech-2.png\" alt=\"\" class=\"wp-image-1116\" srcset=\"https:\/\/blogs.urz.uni-halle.de\/mlu4career\/files\/2021\/06\/Gespraech-2.png 378w, https:\/\/blogs.urz.uni-halle.de\/mlu4career\/files\/2021\/06\/Gespraech-2-300x300.png 300w, https:\/\/blogs.urz.uni-halle.de\/mlu4career\/files\/2021\/06\/Gespraech-2-150x150.png 150w\" sizes=\"(max-width: 378px) 100vw, 378px\" \/><\/figure><div class=\"wp-block-media-text__content\">\n<h4 class=\"zeilenabstand\">Begr\u00fc\u00dfungsgespr\u00e4ch<\/h4>\n\n\n\n<p class=\"zeilenabstand\">F\u00fchrung durch den Unidschungel<\/p>\n\n\n\n<ul class=\"zeilenabstand\"><li>f\u00fcr Juniorprofessuren: individuelles und bedarfsorientiertes Beratungsangebot f\u00fcr neue Juniorprofessorinnen und Juniorprofessoren an der MLU, koordiniert durch das Prorektorat f\u00fcr Personal- und Organisationsentwicklung<\/li><\/ul>\n<\/div><\/div>\n\n\n\n<div class=\"wp-block-media-text is-stacked-on-mobile\" style=\"grid-template-columns:15% auto\"><figure class=\"wp-block-media-text__media\"><img loading=\"lazy\" width=\"378\" height=\"378\" src=\"https:\/\/blogs.urz.uni-halle.de\/mlu4career\/files\/2021\/06\/Vernetzung-2.png\" alt=\"\" class=\"wp-image-1119\" srcset=\"https:\/\/blogs.urz.uni-halle.de\/mlu4career\/files\/2021\/06\/Vernetzung-2.png 378w, https:\/\/blogs.urz.uni-halle.de\/mlu4career\/files\/2021\/06\/Vernetzung-2-300x300.png 300w, https:\/\/blogs.urz.uni-halle.de\/mlu4career\/files\/2021\/06\/Vernetzung-2-150x150.png 150w\" sizes=\"(max-width: 378px) 100vw, 378px\" \/><\/figure><div class=\"wp-block-media-text__content\">\n<h4 class=\"zeilenabstand\">Vernetzungsveranstaltungen<\/h4>\n\n\n\n<p class=\"zeilenabstand\">niederschwellige, regelm\u00e4\u00dfige Zusammenk\u00fcnfte<\/p>\n\n\n\n<ul class=\"zeilenabstand\"><li>Die <a rel=\"noreferrer noopener\" href=\"https:\/\/www.prorektoratse.uni-halle.de\/kommunikationskultur\/faculty_lounge\/\" target=\"_blank\">MLU Faculty Lounge<\/a>, ist ein Angebot, welches sich an Professorinnen und Professoren richtet, sich regelm\u00e4\u00dfig in entspannter Atmosph\u00e4re auszutauschen, Netzwerke \u00fcber Fakult\u00e4ten hinweg aufzubauen und zu pflegen. Sie findet sie jeden ersten Mittwoch im Monat in der Vorlesungszeit statt.<br><\/li><li><a rel=\"noreferrer noopener\" href=\"https:\/\/www.prorektoratse.uni-halle.de\/kommunikationskultur\/3447689_3463863\/\" target=\"_blank\">Die Netzwerktreffen f\u00fcr Junior- und Tenure-Track-Professorinnen und -Professoren<\/a> finden alle 2 Monate statt. Es sind niederschwellige und kurzweilige Treffen, die das Ankommen an der Universit\u00e4t erleichtern, Kenntnisse \u00fcber Abl\u00e4ufe und Bereiche der&nbsp;MLU&nbsp;bef\u00f6rdern und spezifische Themen und Bedarfe der Junior- bzw. Tenure-Track-Phase aufgreifen.<\/li><\/ul>\n<\/div><\/div>\n\n\n\n<div class=\"wp-block-media-text is-stacked-on-mobile\" style=\"grid-template-columns:15% auto\"><figure class=\"wp-block-media-text__media\"><img loading=\"lazy\" width=\"378\" height=\"378\" src=\"https:\/\/blogs.urz.uni-halle.de\/mlu4career\/files\/2021\/06\/Touren-2.png\" alt=\"\" class=\"wp-image-1117\" srcset=\"https:\/\/blogs.urz.uni-halle.de\/mlu4career\/files\/2021\/06\/Touren-2.png 378w, https:\/\/blogs.urz.uni-halle.de\/mlu4career\/files\/2021\/06\/Touren-2-300x300.png 300w, https:\/\/blogs.urz.uni-halle.de\/mlu4career\/files\/2021\/06\/Touren-2-150x150.png 150w\" sizes=\"(max-width: 378px) 100vw, 378px\" \/><\/figure><div class=\"wp-block-media-text__content\">\n<h4 class=\"zeilenabstand\">Campus &amp; Familientouren<\/h4>\n\n\n\n<ul><li><a rel=\"noreferrer noopener\" href=\"https:\/\/www.uni-halle.de\/familiengerecht\/kinderbetreuung\/familien-__8203_radtouren\/\" target=\"_blank\">Familien-Radtouren<\/a> in und um Halle, ausgearbeitet vom Familienb\u00fcro der MLU<\/li><li><a href=\"https:\/\/campusmaps.geo.uni-halle.de\/?\" target=\"_blank\" rel=\"noreferrer noopener\">Campus-Maps<\/a><\/li><\/ul>\n\n\n\n<p><\/p>\n\n\n\n<hr class=\"wp-block-separator is-style-default\" \/>\n<\/div><\/div>\n\n\n\n<figure class=\"wp-block-embed-youtube wp-block-embed is-type-video is-provider-youtube wp-embed-aspect-16-9 wp-has-aspect-ratio\"><div class=\"wp-block-embed__wrapper\">\n<iframe title=\"Halle-Tour 2020: Einblicke in Campusse und Stadt | Uni Halle\" width=\"1140\" height=\"641\" src=\"https:\/\/www.youtube.com\/embed\/Z0MGUIICH-w?feature=oembed\" frameborder=\"0\" allow=\"accelerometer; autoplay; clipboard-write; encrypted-media; gyroscope; picture-in-picture; web-share\" referrerpolicy=\"strict-origin-when-cross-origin\" allowfullscreen><\/iframe>\n<\/div><\/figure>\n","protected":false},"excerpt":{"rendered":"<p>Herzlich Willkommen in der Universit\u00e4tsstadt Halle und an der Martin-Luther-Universit\u00e4t Halle-Wittenberg! Mit verschiedenen Aktivit\u00e4ten m\u00f6chten wir Sie gut in die Universit\u00e4t, in die Stadt und Region einf\u00fchren. Lernen Sie Ihre neuen Kolleginnen und Kollegen in Willkommensveranstaltungen kennen, machen Sie sich bei einer Fahrradtour mit den Campussen der MLU vertraut und erfahren Sie mehr \u00fcber die [&hellip;]<\/p>\n","protected":false},"author":4228,"featured_media":0,"parent":0,"menu_order":2,"comment_status":"closed","ping_status":"closed","template":"","meta":[],"_links":{"self":[{"href":"https:\/\/blogs.urz.uni-halle.de\/mlu4career\/wp-json\/wp\/v2\/pages\/314"}],"collection":[{"href":"https:\/\/blogs.urz.uni-halle.de\/mlu4career\/wp-json\/wp\/v2\/pages"}],"about":[{"href":"https:\/\/blogs.urz.uni-halle.de\/mlu4career\/wp-json\/wp\/v2\/types\/page"}],"author":[{"embeddable":true,"href":"https:\/\/blogs.urz.uni-halle.de\/mlu4career\/wp-json\/wp\/v2\/users\/4228"}],"replies":[{"embeddable":true,"href":"https:\/\/blogs.urz.uni-halle.de\/mlu4career\/wp-json\/wp\/v2\/comments?post=314"}],"version-history":[{"count":10,"href":"https:\/\/blogs.urz.uni-halle.de\/mlu4career\/wp-json\/wp\/v2\/pages\/314\/revisions"}],"predecessor-version":[{"id":3251,"href":"https:\/\/blogs.urz.uni-halle.de\/mlu4career\/wp-json\/wp\/v2\/pages\/314\/revisions\/3251"}],"wp:attachment":[{"href":"https:\/\/blogs.urz.uni-halle.de\/mlu4career\/wp-json\/wp\/v2\/media?parent=314"}],"curies":[{"name":"wp","href":"https:\/\/api.w.org\/{rel}","templated":true}]}}