{"id":74,"date":"2021-04-29T15:11:20","date_gmt":"2021-04-29T13:11:20","guid":{"rendered":"https:\/\/blogs.urz.uni-halle.de\/mlu4career\/?page_id=74"},"modified":"2021-12-02T13:07:38","modified_gmt":"2021-12-02T12:07:38","slug":"karriere-einstieg","status":"publish","type":"page","link":"https:\/\/blogs.urz.uni-halle.de\/mlu4career\/karriere-einstieg\/","title":{"rendered":"Einstieg &amp; Karriere"},"content":{"rendered":"\n<p class=\"zeilenabstand has-medium-font-size\" id=\"block-6766600a-1933-45ab-a249-76903bc9a2a4\">Nehmen Sie sich Zeit und besch\u00e4ftigen Sie sich mit ihrer beruflichen Entwicklung und kommen Sie mit uns ins Gespr\u00e4ch. Auf diesen Seiten finden Sie geb\u00fcndelt Unterst\u00fctzungsm\u00f6glichkeiten, Ansprechpersonen und Informationen zu den Themen Einstieg und Ankommen, Karriereoptionen und F\u00f6rderung in der Wissenschaft.<\/p>\n\n\n\n<hr class=\"wp-block-separator has-text-color has-background has-black-background-color has-black-color is-style-wide\" \/>\n\n\n\n<div class=\"wp-block-media-text alignwide is-stacked-on-mobile is-vertically-aligned-center is-image-fill\" style=\"grid-template-columns:26% auto\"><figure class=\"wp-block-media-text__media\" style=\"background-image:url(https:\/\/blogs.urz.uni-halle.de\/mlu4career\/files\/2021\/04\/image21-1024x682.jpg);background-position:24% 49%\"><img loading=\"lazy\" width=\"1024\" height=\"682\" src=\"https:\/\/blogs.urz.uni-halle.de\/mlu4career\/files\/2021\/04\/image21-1024x682.jpg\" alt=\"\" class=\"wp-image-72\" srcset=\"https:\/\/blogs.urz.uni-halle.de\/mlu4career\/files\/2021\/04\/image21-1024x682.jpg 1024w, https:\/\/blogs.urz.uni-halle.de\/mlu4career\/files\/2021\/04\/image21-300x200.jpg 300w, https:\/\/blogs.urz.uni-halle.de\/mlu4career\/files\/2021\/04\/image21-768x512.jpg 768w, https:\/\/blogs.urz.uni-halle.de\/mlu4career\/files\/2021\/04\/image21.jpg 1280w\" sizes=\"(max-width: 1024px) 100vw, 1024px\" \/><\/figure><div class=\"wp-block-media-text__content\">\n<p class=\"has-text-align-left zeilenabstand has-large-font-size\">Nach dem Studium in die Wissenschaft?<\/p>\n\n\n\n<p class=\"has-text-align-left zeilenabstand\">Die Promotion &#8211; oft der Anfang einer wissenschaftlichen Karriere <\/p>\n\n\n\n<p class=\"has-text-align-left zeilenabstand has-small-font-size\">Foto: MLU \/ Matthias Ritzmann<\/p>\n\n\n\n<p class=\"zeilenabstand\"><strong><a href=\"https:\/\/blogs.urz.uni-halle.de\/mlu4career\/karriere-einstieg\/studium-und-dann\/\">Mehr &gt;&gt;<\/a><\/strong><\/p>\n<\/div><\/div>\n\n\n\n<hr class=\"wp-block-separator is-style-default\" \/>\n\n\n\n<div class=\"wp-block-media-text alignwide is-stacked-on-mobile is-vertically-aligned-center is-image-fill\" style=\"grid-template-columns:26% auto\"><figure class=\"wp-block-media-text__media\" style=\"background-image:url(https:\/\/blogs.urz.uni-halle.de\/mlu4career\/files\/2021\/06\/2020-07-17_portraet_maria_ott_4894_-3zu2_1000x0-e1622634794512.jpg);background-position:47% 84%\"><img loading=\"lazy\" width=\"905\" height=\"605\" src=\"https:\/\/blogs.urz.uni-halle.de\/mlu4career\/files\/2021\/06\/2020-07-17_portraet_maria_ott_4894_-3zu2_1000x0-e1622634794512.jpg\" alt=\"\" class=\"wp-image-540\" srcset=\"https:\/\/blogs.urz.uni-halle.de\/mlu4career\/files\/2021\/06\/2020-07-17_portraet_maria_ott_4894_-3zu2_1000x0-e1622634794512.jpg 905w, https:\/\/blogs.urz.uni-halle.de\/mlu4career\/files\/2021\/06\/2020-07-17_portraet_maria_ott_4894_-3zu2_1000x0-e1622634794512-300x201.jpg 300w, https:\/\/blogs.urz.uni-halle.de\/mlu4career\/files\/2021\/06\/2020-07-17_portraet_maria_ott_4894_-3zu2_1000x0-e1622634794512-768x513.jpg 768w\" sizes=\"(max-width: 905px) 100vw, 905px\" \/><\/figure><div class=\"wp-block-media-text__content\">\n<p class=\"has-text-align-left zeilenabstand has-large-font-size\">Nach der Promotion<\/p>\n\n\n\n<p class=\"has-text-align-left zeilenabstand\">Den Doktor in der Tasche &#8211; Wie geht es weiter?<\/p>\n\n\n\n<p class=\"has-text-align-left zeilenabstand has-small-font-size\">Foto: MLU \/ Jens Schl\u00fcter<\/p>\n\n\n\n<p class=\"zeilenabstand\"><strong><a href=\"https:\/\/blogs.urz.uni-halle.de\/mlu4career\/karriere-einstieg\/weitere-karrierewege\/\">Mehr &gt;&gt;<\/a><\/strong><\/p>\n<\/div><\/div>\n\n\n\n<hr class=\"wp-block-separator is-style-default\" \/>\n\n\n\n<div class=\"wp-block-media-text alignwide is-stacked-on-mobile is-vertically-aligned-center is-image-fill\" style=\"grid-template-columns:26% auto\"><figure class=\"wp-block-media-text__media\" style=\"background-image:url(https:\/\/blogs.urz.uni-halle.de\/mlu4career\/files\/2021\/04\/image66-682x1024.jpg);background-position:51% 28.000000000000004%\"><img loading=\"lazy\" width=\"682\" height=\"1024\" src=\"https:\/\/blogs.urz.uni-halle.de\/mlu4career\/files\/2021\/04\/image66-682x1024.jpg\" alt=\"\" class=\"wp-image-51\" \/><\/figure><div class=\"wp-block-media-text__content\">\n<p class=\"has-text-align-left zeilenabstand has-large-font-size\">Wege zur Professur<\/p>\n\n\n\n<p class=\"has-text-align-left zeilenabstand\">Wie werde ich Professorin oder Professor?<\/p>\n\n\n\n<p class=\"has-text-align-left zeilenabstand has-small-font-size\">Foto: MLU \/ Katharina Nitschke<\/p>\n\n\n\n<p class=\"zeilenabstand\"><strong><a href=\"https:\/\/blogs.urz.uni-halle.de\/mlu4career\/karriere-einstieg\/wege-zur-professur\/\">Mehr &gt;&gt;<\/a><\/strong><\/p>\n<\/div><\/div>\n\n\n\n<hr class=\"wp-block-separator is-style-default\" \/>\n\n\n\n<div class=\"wp-block-media-text alignwide is-stacked-on-mobile is-vertically-aligned-center is-image-fill\" style=\"grid-template-columns:26% auto\"><figure class=\"wp-block-media-text__media\" style=\"background-image:url(https:\/\/blogs.urz.uni-halle.de\/mlu4career\/files\/2021\/05\/20180829_FutureLab_byStefanBernhardt__2015_sDiv-Working-Group-Meeting_8276_iDiv_web.jpg);background-position:51% 100%\"><img loading=\"lazy\" width=\"1000\" height=\"666\" src=\"https:\/\/blogs.urz.uni-halle.de\/mlu4career\/files\/2021\/05\/20180829_FutureLab_byStefanBernhardt__2015_sDiv-Working-Group-Meeting_8276_iDiv_web.jpg\" alt=\"\" class=\"wp-image-308\" srcset=\"https:\/\/blogs.urz.uni-halle.de\/mlu4career\/files\/2021\/05\/20180829_FutureLab_byStefanBernhardt__2015_sDiv-Working-Group-Meeting_8276_iDiv_web.jpg 1000w, https:\/\/blogs.urz.uni-halle.de\/mlu4career\/files\/2021\/05\/20180829_FutureLab_byStefanBernhardt__2015_sDiv-Working-Group-Meeting_8276_iDiv_web-300x200.jpg 300w, https:\/\/blogs.urz.uni-halle.de\/mlu4career\/files\/2021\/05\/20180829_FutureLab_byStefanBernhardt__2015_sDiv-Working-Group-Meeting_8276_iDiv_web-768x511.jpg 768w\" sizes=\"(max-width: 1000px) 100vw, 1000px\" \/><\/figure><div class=\"wp-block-media-text__content\">\n<p class=\"has-text-align-left zeilenabstand has-large-font-size\">Qualifikationen<\/p>\n\n\n\n<p class=\"has-text-align-left zeilenabstand\">Qualifikationen f\u00fcr eine Wissenschaftskarriere<\/p>\n\n\n\n<p class=\"has-text-align-left zeilenabstand has-small-font-size\">Foto: iDiv \/ Tobias Wagner<\/p>\n\n\n\n<p class=\"zeilenabstand\"><strong><a href=\"https:\/\/blogs.urz.uni-halle.de\/mlu4career\/karriere-einstieg\/qualifikationen\/\">Mehr &gt;&gt;<\/a><\/strong><\/p>\n<\/div><\/div>\n\n\n\n<hr class=\"wp-block-separator is-style-default\" \/>\n\n\n\n<div class=\"wp-block-media-text alignwide is-stacked-on-mobile is-vertically-aligned-center is-image-fill\" style=\"grid-template-columns:26% auto\"><figure class=\"wp-block-media-text__media\" style=\"background-image:url(https:\/\/blogs.urz.uni-halle.de\/mlu4career\/files\/2021\/09\/20210811-IMG_6122.jpg);background-position:44% 100%\"><img loading=\"lazy\" width=\"1024\" height=\"683\" src=\"https:\/\/blogs.urz.uni-halle.de\/mlu4career\/files\/2021\/09\/20210811-IMG_6122.jpg\" alt=\"\" class=\"wp-image-1926\" srcset=\"https:\/\/blogs.urz.uni-halle.de\/mlu4career\/files\/2021\/09\/20210811-IMG_6122.jpg 1024w, https:\/\/blogs.urz.uni-halle.de\/mlu4career\/files\/2021\/09\/20210811-IMG_6122-300x200.jpg 300w, https:\/\/blogs.urz.uni-halle.de\/mlu4career\/files\/2021\/09\/20210811-IMG_6122-768x512.jpg 768w\" sizes=\"(max-width: 1024px) 100vw, 1024px\" \/><\/figure><div class=\"wp-block-media-text__content\">\n<p class=\"has-text-align-left zeilenabstand has-large-font-size\">Internationales<\/p>\n\n\n\n<p class=\"has-text-align-left zeilenabstand\">Forschung und Promotion an der MLU oder im Ausland<\/p>\n\n\n\n<p class=\"has-text-align-left zeilenabstand has-small-font-size\">Foto: Oliver Thier<\/p>\n\n\n\n<p class=\"zeilenabstand\"><strong><a href=\"https:\/\/blogs.urz.uni-halle.de\/mlu4career\/karriere-einstieg\/internationales\/\">Mehr &gt;&gt;<\/a><\/strong><\/p>\n<\/div><\/div>\n\n\n\n<hr class=\"wp-block-separator is-style-default\" \/>\n\n\n\n<div class=\"wp-block-media-text alignwide is-stacked-on-mobile is-vertically-aligned-top is-image-fill\" style=\"grid-template-columns:26% auto\"><figure class=\"wp-block-media-text__media\" style=\"background-image:url(https:\/\/blogs.urz.uni-halle.de\/mlu4career\/files\/2021\/04\/image65-768x1024.jpg);background-position:50% 50%\"><img loading=\"lazy\" width=\"768\" height=\"1024\" src=\"https:\/\/blogs.urz.uni-halle.de\/mlu4career\/files\/2021\/04\/image65-768x1024.jpg\" alt=\"\" class=\"wp-image-50\" \/><\/figure><div class=\"wp-block-media-text__content\">\n<p class=\"has-text-align-left has-large-font-size\">Anlaufstellen auf einen Blick<\/p>\n\n\n\n<p class=\"has-text-align-left zeilenabstand\">Eine \u00dcbersicht der hier bereits genannten Anlaufstellen zum Thema Einstieg &amp; Karriere.<\/p>\n\n\n\n<p class=\"has-text-align-left zeilenabstand has-small-font-size\">Foto: MLU \/ Katharina Nitschke<\/p>\n\n\n\n<p class=\"has-text-align-left\"><strong><a href=\"https:\/\/blogs.urz.uni-halle.de\/mlu4career\/karriere-einstieg\/einstieg-karriere-anlaufstellen-auf-einen-blick\/\">Mehr &gt;&gt;<\/a><\/strong><\/p>\n<\/div><\/div>\n","protected":false},"excerpt":{"rendered":"<p> Auf diesen Seiten finden Sie geb\u00fcndelt Unterst\u00fctzungsm\u00f6glichkeiten, Ansprechpersonen und Informationen zu den Themen Einstieg und Ankommen, Karriereoptionen und F\u00f6rderung in der Wissenschaft.<\/p>\n","protected":false},"author":4228,"featured_media":540,"parent":0,"menu_order":2,"comment_status":"closed","ping_status":"closed","template":"","meta":[],"_links":{"self":[{"href":"https:\/\/blogs.urz.uni-halle.de\/mlu4career\/wp-json\/wp\/v2\/pages\/74"}],"collection":[{"href":"https:\/\/blogs.urz.uni-halle.de\/mlu4career\/wp-json\/wp\/v2\/pages"}],"about":[{"href":"https:\/\/blogs.urz.uni-halle.de\/mlu4career\/wp-json\/wp\/v2\/types\/page"}],"author":[{"embeddable":true,"href":"https:\/\/blogs.urz.uni-halle.de\/mlu4career\/wp-json\/wp\/v2\/users\/4228"}],"replies":[{"embeddable":true,"href":"https:\/\/blogs.urz.uni-halle.de\/mlu4career\/wp-json\/wp\/v2\/comments?post=74"}],"version-history":[{"count":10,"href":"https:\/\/blogs.urz.uni-halle.de\/mlu4career\/wp-json\/wp\/v2\/pages\/74\/revisions"}],"predecessor-version":[{"id":2268,"href":"https:\/\/blogs.urz.uni-halle.de\/mlu4career\/wp-json\/wp\/v2\/pages\/74\/revisions\/2268"}],"wp:featuredmedia":[{"embeddable":true,"href":"https:\/\/blogs.urz.uni-halle.de\/mlu4career\/wp-json\/wp\/v2\/media\/540"}],"wp:attachment":[{"href":"https:\/\/blogs.urz.uni-halle.de\/mlu4career\/wp-json\/wp\/v2\/media?parent=74"}],"curies":[{"name":"wp","href":"https:\/\/api.w.org\/{rel}","templated":true}]}}