{"id":77,"date":"2021-04-29T15:14:49","date_gmt":"2021-04-29T13:14:49","guid":{"rendered":"https:\/\/blogs.urz.uni-halle.de\/mlu4career\/?page_id=77"},"modified":"2021-11-12T09:54:34","modified_gmt":"2021-11-12T08:54:34","slug":"arbeitsleben","status":"publish","type":"page","link":"https:\/\/blogs.urz.uni-halle.de\/mlu4career\/arbeitsleben\/","title":{"rendered":"Leben &amp; Arbeit"},"content":{"rendered":"\n<p class=\"zeilenabstand has-medium-font-size\">Familie, Gesundheit sowie Vielfalt und Chancengleichheit sind Querschnittsthemen, die das Arbeitsleben und die Karriere ma\u00dfgeblich beeinflussen und seitens der MLU in unterschiedlichen Ma\u00dfnahmen ber\u00fccksichtigt werden. <\/p>\n\n\n\n<p class=\"zeilenabstand has-medium-font-size\">Informieren Sie sich auf den folgenden Seiten dar\u00fcber, wie sich eine Wissenschaftskarriere und Familie an der MLU vereinbaren lassen, wie die Universit\u00e4t Ihre Gesundheit f\u00f6rdert und was sie aktiv f\u00fcr einen diversen Arbeitsort und dem Schutz vor Diskriminierung unternimmt.<br><\/p>\n\n\n\n<hr class=\"wp-block-separator has-text-color has-background has-black-background-color has-black-color is-style-wide\" \/>\n\n\n\n<div class=\"wp-block-media-text alignwide is-stacked-on-mobile is-vertically-aligned-top is-image-fill\" style=\"grid-template-columns:26% auto\"><figure class=\"wp-block-media-text__media\" style=\"background-image:url(https:\/\/blogs.urz.uni-halle.de\/mlu4career\/files\/2021\/04\/image39.jpg);background-position:50% 50%\"><img loading=\"lazy\" width=\"1000\" height=\"666\" src=\"https:\/\/blogs.urz.uni-halle.de\/mlu4career\/files\/2021\/04\/image39.jpg\" alt=\"\" class=\"wp-image-24\" srcset=\"https:\/\/blogs.urz.uni-halle.de\/mlu4career\/files\/2021\/04\/image39.jpg 1000w, https:\/\/blogs.urz.uni-halle.de\/mlu4career\/files\/2021\/04\/image39-300x200.jpg 300w, https:\/\/blogs.urz.uni-halle.de\/mlu4career\/files\/2021\/04\/image39-768x511.jpg 768w\" sizes=\"(max-width: 1000px) 100vw, 1000px\" \/><\/figure><div class=\"wp-block-media-text__content\">\n<p class=\"has-text-align-left has-large-font-size\">Familie und Arbeit<\/p>\n\n\n\n<p class=\"has-text-align-left zeilenabstand\">Wie lassen sich wissenschaftliche Karriere und Familie vereinbaren?<br>Als familiengerechte Hochschule schafft die MLU diverse Unterst\u00fctzungsangebote.<\/p>\n\n\n\n<p class=\"has-text-align-left zeilenabstand has-small-font-size\">Foto: MLU \/ Markus Scholz<\/p>\n\n\n\n<p><a href=\"https:\/\/blogs.urz.uni-halle.de\/mlu4career\/work-life\/familie-und-arbeit\/\"><strong>Mehr &gt;&gt;<\/strong><\/a><\/p>\n<\/div><\/div>\n\n\n\n<hr class=\"wp-block-separator\" \/>\n\n\n\n<div class=\"wp-block-media-text alignwide is-stacked-on-mobile is-vertically-aligned-top is-image-fill\" style=\"grid-template-columns:26% auto\"><figure class=\"wp-block-media-text__media\" style=\"background-image:url(https:\/\/blogs.urz.uni-halle.de\/mlu4career\/files\/2021\/08\/IMG_7092-1.jpg);background-position:50% 100%\"><img loading=\"lazy\" width=\"1024\" height=\"683\" src=\"https:\/\/blogs.urz.uni-halle.de\/mlu4career\/files\/2021\/08\/IMG_7092-1.jpg\" alt=\"\" class=\"wp-image-1473\" srcset=\"https:\/\/blogs.urz.uni-halle.de\/mlu4career\/files\/2021\/08\/IMG_7092-1.jpg 1024w, https:\/\/blogs.urz.uni-halle.de\/mlu4career\/files\/2021\/08\/IMG_7092-1-300x200.jpg 300w, https:\/\/blogs.urz.uni-halle.de\/mlu4career\/files\/2021\/08\/IMG_7092-1-768x512.jpg 768w\" sizes=\"(max-width: 1024px) 100vw, 1024px\" \/><\/figure><div class=\"wp-block-media-text__content\">\n<p class=\"has-text-align-left has-large-font-size\">Gesundheit und Arbeit<\/p>\n\n\n\n<p class=\"has-text-align-left zeilenabstand\">Gesund die Karriere und Arbeit meistern, ist ein gro\u00dfes Anliegen der MLU. <\/p>\n\n\n\n<p class=\"has-text-align-left zeilenabstand has-small-font-size\">Foto: Oliver Thier<\/p>\n\n\n\n<p class=\"has-text-align-left\"><strong><a href=\"https:\/\/blogs.urz.uni-halle.de\/mlu4career\/work-life\/gesundheit\/\">Mehr &gt;&gt;<\/a><\/strong><\/p>\n<\/div><\/div>\n\n\n\n<hr class=\"wp-block-separator\" \/>\n\n\n\n<div class=\"wp-block-media-text alignwide is-stacked-on-mobile is-vertically-aligned-center is-image-fill\" style=\"grid-template-columns:26% auto\"><figure class=\"wp-block-media-text__media\" style=\"background-image:url(https:\/\/blogs.urz.uni-halle.de\/mlu4career\/files\/2021\/10\/kate-kalvach-YUyueCkd7Tk-unsplash-1-scaled-e1636707183579-1024x540.jpg);background-position:45% 24%\"><img loading=\"lazy\" width=\"1024\" height=\"540\" src=\"https:\/\/blogs.urz.uni-halle.de\/mlu4career\/files\/2021\/10\/kate-kalvach-YUyueCkd7Tk-unsplash-1-scaled-e1636707183579-1024x540.jpg\" alt=\"\" class=\"wp-image-2117\" srcset=\"https:\/\/blogs.urz.uni-halle.de\/mlu4career\/files\/2021\/10\/kate-kalvach-YUyueCkd7Tk-unsplash-1-scaled-e1636707183579-1024x540.jpg 1024w, https:\/\/blogs.urz.uni-halle.de\/mlu4career\/files\/2021\/10\/kate-kalvach-YUyueCkd7Tk-unsplash-1-scaled-e1636707183579-300x158.jpg 300w, https:\/\/blogs.urz.uni-halle.de\/mlu4career\/files\/2021\/10\/kate-kalvach-YUyueCkd7Tk-unsplash-1-scaled-e1636707183579-768x405.jpg 768w, https:\/\/blogs.urz.uni-halle.de\/mlu4career\/files\/2021\/10\/kate-kalvach-YUyueCkd7Tk-unsplash-1-scaled-e1636707183579-1536x810.jpg 1536w, https:\/\/blogs.urz.uni-halle.de\/mlu4career\/files\/2021\/10\/kate-kalvach-YUyueCkd7Tk-unsplash-1-scaled-e1636707183579-2048x1080.jpg 2048w\" sizes=\"(max-width: 1024px) 100vw, 1024px\" \/><\/figure><div class=\"wp-block-media-text__content\">\n<p class=\"has-text-align-left has-large-font-size\">Vielfalt und Chancengleichheit<\/p>\n\n\n\n<p class=\"has-text-align-left\">Die MLU ist davon \u00fcberzeugt, dass divers zusammengesetzte Arbeitsgruppen besonders gute Forschungsleistungen erzielen k\u00f6nnen. Sie engagiert sich aktiv f\u00fcr die F\u00f6rderung von Vielfalt sowie f\u00fcr den Schutz vor Diskriminierung.<\/p>\n\n\n\n<p class=\"has-small-font-size\">Foto: Kate Kalvach \/ unsplash<\/p>\n\n\n\n<p><a href=\"https:\/\/blogs.urz.uni-halle.de\/mlu4career\/arbeitsleben\/diversitaet\/\"><strong>Mehr &gt;&gt;<\/strong><\/a><\/p>\n<\/div><\/div>\n\n\n\n<hr class=\"wp-block-separator\" \/>\n\n\n\n<div class=\"wp-block-media-text alignwide is-stacked-on-mobile is-vertically-aligned-top is-image-fill\" style=\"grid-template-columns:26% auto\"><figure class=\"wp-block-media-text__media\" style=\"background-image:url(https:\/\/blogs.urz.uni-halle.de\/mlu4career\/files\/2021\/04\/image65-768x1024.jpg);background-position:50% 50%\"><img loading=\"lazy\" width=\"768\" height=\"1024\" src=\"https:\/\/blogs.urz.uni-halle.de\/mlu4career\/files\/2021\/04\/image65-768x1024.jpg\" alt=\"\" class=\"wp-image-50\" \/><\/figure><div class=\"wp-block-media-text__content\">\n<p class=\"has-text-align-left has-large-font-size\">Anlaufstellen auf einen Blick<\/p>\n\n\n\n<p class=\"has-text-align-left zeilenabstand\">Eine \u00dcbersicht der hier bereits genannten Anlaufstellen zum Thema Leben &amp; Arbeit.<\/p>\n\n\n\n<p class=\"has-text-align-left zeilenabstand has-small-font-size\">Foto: MLU \/ Katharina Nitschke<\/p>\n\n\n\n<p class=\"has-text-align-left\"><strong><a href=\"https:\/\/blogs.urz.uni-halle.de\/mlu4career\/work-life\/beratungsangebote-anlaufstellen\/\">Mehr &gt;&gt;<\/a><\/strong><\/p>\n<\/div><\/div>\n\n\n\n<p><\/p>\n","protected":false},"excerpt":{"rendered":"<p>Wie lassen sich eine Karriere in der Wissenschaft, eine Familie und die eigene Gesundheit vereinbaren?<br \/>\nAuf den folgenden Seiten finden Sie Antworten auf genannte Fragen.<\/p>\n","protected":false},"author":4228,"featured_media":1473,"parent":0,"menu_order":2,"comment_status":"closed","ping_status":"closed","template":"","meta":[],"_links":{"self":[{"href":"https:\/\/blogs.urz.uni-halle.de\/mlu4career\/wp-json\/wp\/v2\/pages\/77"}],"collection":[{"href":"https:\/\/blogs.urz.uni-halle.de\/mlu4career\/wp-json\/wp\/v2\/pages"}],"about":[{"href":"https:\/\/blogs.urz.uni-halle.de\/mlu4career\/wp-json\/wp\/v2\/types\/page"}],"author":[{"embeddable":true,"href":"https:\/\/blogs.urz.uni-halle.de\/mlu4career\/wp-json\/wp\/v2\/users\/4228"}],"replies":[{"embeddable":true,"href":"https:\/\/blogs.urz.uni-halle.de\/mlu4career\/wp-json\/wp\/v2\/comments?post=77"}],"version-history":[{"count":10,"href":"https:\/\/blogs.urz.uni-halle.de\/mlu4career\/wp-json\/wp\/v2\/pages\/77\/revisions"}],"predecessor-version":[{"id":2244,"href":"https:\/\/blogs.urz.uni-halle.de\/mlu4career\/wp-json\/wp\/v2\/pages\/77\/revisions\/2244"}],"wp:featuredmedia":[{"embeddable":true,"href":"https:\/\/blogs.urz.uni-halle.de\/mlu4career\/wp-json\/wp\/v2\/media\/1473"}],"wp:attachment":[{"href":"https:\/\/blogs.urz.uni-halle.de\/mlu4career\/wp-json\/wp\/v2\/media?parent=77"}],"curies":[{"name":"wp","href":"https:\/\/api.w.org\/{rel}","templated":true}]}}