{"id":81,"date":"2021-04-29T15:23:35","date_gmt":"2021-04-29T13:23:35","guid":{"rendered":"https:\/\/blogs.urz.uni-halle.de\/mlu4career\/?page_id=81"},"modified":"2024-03-21T14:39:08","modified_gmt":"2024-03-21T13:39:08","slug":"offene_stellen","status":"publish","type":"page","link":"https:\/\/blogs.urz.uni-halle.de\/mlu4career\/offene_stellen\/","title":{"rendered":"Stellenangebote"},"content":{"rendered":"\n<p class=\"zeilenabstand has-medium-font-size\">Die Stellenangebote richten sich an Interessierte f\u00fcr wissenschaftliche Positionen an der MLU. <\/p>\n\n\n\n<hr class=\"wp-block-separator has-text-color has-background has-black-background-color has-black-color is-style-wide\" \/>\n\n\n\n<p><strong>Professuren und Juniorprofessuren<br><\/strong><a href=\"https:\/\/www.uni-halle.de\/universitaet\/gremien\/senat\/legislaturperiode22_26\/professorenstellen\/\" target=\"_blank\" rel=\"noreferrer noopener\">Mehr &gt;&gt;<br><\/a><br><strong>Wissenschaftliche Mitarbeiter*innen<\/strong> (inkl. Promotionsstellen, Postdoc-Stellen &amp; Lehrkr\u00e4fte f\u00fcr besondere Aufgaben)<br><a rel=\"noreferrer noopener\" href=\"https:\/\/personal.verwaltung.uni-halle.de\/jobs\/wissmi\/\" target=\"_blank\">Mehr &gt;&gt;<br><\/a><br><strong>Universit\u00e4tsklinikum <\/strong>(Praktizierender Bereich)<br><a rel=\"noreferrer noopener\" href=\"https:\/\/www.medizin.uni-halle.de\/karriereportal\" target=\"_blank\">Mehr &gt;&gt;<br><\/a><br><strong>Alle Stellenausschreibungen<\/strong> (inkl. nicht-wissenschaftliches Personal)<br><a rel=\"noreferrer noopener\" href=\"https:\/\/personal.verwaltung.uni-halle.de\/jobs\/#anchor2373445\" target=\"_blank\">Mehr &gt;&gt;<\/a><\/p>\n\n\n\n<p class=\"has-text-align-center has-medium-font-size\" id=\"block-a7d44730-43f1-4c0c-a672-e71880cde221\"><br><br><strong>Stelle bekommen? <a rel=\"noreferrer noopener\" href=\"https:\/\/blogs.urz.uni-halle.de\/mlu4career\/onboarding\/\" target=\"_blank\">Die MLU unterst\u00fctzt Sie bei Ihrem Einstieg<\/a>.<\/strong><\/p>\n\n\n\n<hr class=\"wp-block-separator has-text-color has-background has-black-background-color has-black-color is-style-wide\" \/>\n\n\n\n<p class=\"zeilenabstand\"><strong>Hinweise f\u00fcr alle Stellenausschreibungen<br><\/strong><br>Die Martin-Luther-Universit\u00e4t strebt eine Erh\u00f6hung des Anteils von Frauen am wissenschaftlichen Personal an und fordert qualifizierte Frauen nachdr\u00fccklich auf, sich zu bewerben.<br><br>Die Martin-Luther-Universit\u00e4t Halle-Wittenberg ist seit 2009 als \u201efamiliengerechte Hochschule\u201c <a rel=\"noreferrer noopener\" href=\"https:\/\/www.uni-halle.de\/familiengerecht\/audit_familiengerechte_hochschul\/\" target=\"_blank\">zertifiziert<\/a>. Sie versteht sich als familienfreundliche Hochschule und unterst\u00fctzt aktiv bei der Vereinbarkeit von Beruf und Familie.<br><br>Bewerbungen von Schwerbehinderten werden bei gleicher Eignung und Bef\u00e4higung bevorzugt ber\u00fcck\u00adsichtigt.<\/p>\n\n\n\n<p>Wenn sie bereits an der MLU besch\u00e4ftigt sind, empfehlen wir Ihnen auch die internen Stellenausschreibungen zu sichten (oben: Alle Stellenausschreibungen).<\/p>\n\n\n\n<p><\/p>\n","protected":false},"excerpt":{"rendered":"<p>Die Stellenangebote richten sich an Interessierte f\u00fcr wissenschaftliche Positionen an der MLU. Professuren und JuniorprofessurenMehr &gt;&gt;Wissenschaftliche Mitarbeiter*innen (inkl. Promotionsstellen, Postdoc-Stellen &amp; Lehrkr\u00e4fte f\u00fcr besondere Aufgaben)Mehr &gt;&gt;Universit\u00e4tsklinikum (Praktizierender Bereich)Mehr &gt;&gt;Alle Stellenausschreibungen (inkl. nicht-wissenschaftliches Personal)Mehr &gt;&gt; Stelle bekommen? Die MLU unterst\u00fctzt Sie bei Ihrem Einstieg. Hinweise f\u00fcr alle StellenausschreibungenDie Martin-Luther-Universit\u00e4t strebt eine Erh\u00f6hung des Anteils von Frauen [&hellip;]<\/p>\n","protected":false},"author":4228,"featured_media":0,"parent":0,"menu_order":2,"comment_status":"closed","ping_status":"closed","template":"","meta":[],"_links":{"self":[{"href":"https:\/\/blogs.urz.uni-halle.de\/mlu4career\/wp-json\/wp\/v2\/pages\/81"}],"collection":[{"href":"https:\/\/blogs.urz.uni-halle.de\/mlu4career\/wp-json\/wp\/v2\/pages"}],"about":[{"href":"https:\/\/blogs.urz.uni-halle.de\/mlu4career\/wp-json\/wp\/v2\/types\/page"}],"author":[{"embeddable":true,"href":"https:\/\/blogs.urz.uni-halle.de\/mlu4career\/wp-json\/wp\/v2\/users\/4228"}],"replies":[{"embeddable":true,"href":"https:\/\/blogs.urz.uni-halle.de\/mlu4career\/wp-json\/wp\/v2\/comments?post=81"}],"version-history":[{"count":10,"href":"https:\/\/blogs.urz.uni-halle.de\/mlu4career\/wp-json\/wp\/v2\/pages\/81\/revisions"}],"predecessor-version":[{"id":2923,"href":"https:\/\/blogs.urz.uni-halle.de\/mlu4career\/wp-json\/wp\/v2\/pages\/81\/revisions\/2923"}],"wp:attachment":[{"href":"https:\/\/blogs.urz.uni-halle.de\/mlu4career\/wp-json\/wp\/v2\/media?parent=81"}],"curies":[{"name":"wp","href":"https:\/\/api.w.org\/{rel}","templated":true}]}}