{"id":85,"date":"2021-04-29T15:23:35","date_gmt":"2021-04-29T13:23:35","guid":{"rendered":"https:\/\/blogs.urz.uni-halle.de\/mlu4career\/?page_id=85"},"modified":"2022-07-01T14:42:15","modified_gmt":"2022-07-01T12:42:15","slug":"ausbildung","status":"publish","type":"page","link":"https:\/\/blogs.urz.uni-halle.de\/mlu4career\/karriere-einstieg\/ausbildung\/","title":{"rendered":"Ausbildung"},"content":{"rendered":"\n<p class=\"zeilenabstand\">Wissenschaft unterst\u00fctzen \u2013 mit einer attraktiven und professionellen Ausbildung zum\/r Biologie-\/Chemielaborant*in, zum\/r Verwaltungsfachangestellten, zum\/zur Fachangestellten f\u00fcr Medien- und Informationsdienste\u00a0in Bibliothek und Archiv, zum G\u00e4rtner oder G\u00e4rtnerin f\u00fcr Zierpflanzenbau, zum\/r Fachinformatiker*in f\u00fcr Systemintegration oder digitale Vernetzung und vielen anderen. Eine Bewerbung auf einen Ausbildungsplatz der MLU ist in der Regel ab September eines jeden Jahres m\u00f6glich, allerdings wird bedarfsbedingt nicht jeder Beruf j\u00e4hrlich ausgebildet.<br><br><a href=\"https:\/\/personal.verwaltung.uni-halle.de\/service\/personalentwicklung\/service\/berufsausbildung\/informationen_fuer_bewerber_innen\/\" target=\"_blank\" rel=\"noreferrer noopener\">\u00dcbersicht m\u00f6glicher Ausbildungsberufe <\/a><a rel=\"noreferrer noopener\" href=\"https:\/\/www.jav.uni-halle.de\/ausbildungen\/\" target=\"_blank\"><br><\/a><br><a rel=\"noreferrer noopener\" href=\"https:\/\/personal.verwaltung.uni-halle.de\/service\/personalentwicklung\/service\/berufsausbildung\/\" target=\"_blank\">Mehr Informationen auf der Seite der MLU<\/a><\/p>\n\n\n\n<hr class=\"wp-block-separator has-text-color has-background has-black-background-color has-black-color is-style-wide\" \/>\n\n\n\n<p><\/p>\n","protected":false},"excerpt":{"rendered":"<p>Wissenschaft unterst\u00fctzen \u2013 mit einer attraktiven und professionellen Ausbildung zum\/r Biologie-\/Chemielaborant*in, zum\/r Verwaltungsfachangestellten, zum\/zur Fachangestellten f\u00fcr Medien- und Informationsdienste\u00a0in Bibliothek und Archiv, zum G\u00e4rtner oder G\u00e4rtnerin f\u00fcr Zierpflanzenbau, zum\/r Fachinformatiker*in f\u00fcr Systemintegration oder digitale Vernetzung und vielen anderen. Eine Bewerbung auf einen Ausbildungsplatz der MLU ist in der Regel ab September eines jeden Jahres m\u00f6glich, [&hellip;]<\/p>\n","protected":false},"author":4228,"featured_media":0,"parent":74,"menu_order":2,"comment_status":"closed","ping_status":"closed","template":"","meta":[],"_links":{"self":[{"href":"https:\/\/blogs.urz.uni-halle.de\/mlu4career\/wp-json\/wp\/v2\/pages\/85"}],"collection":[{"href":"https:\/\/blogs.urz.uni-halle.de\/mlu4career\/wp-json\/wp\/v2\/pages"}],"about":[{"href":"https:\/\/blogs.urz.uni-halle.de\/mlu4career\/wp-json\/wp\/v2\/types\/page"}],"author":[{"embeddable":true,"href":"https:\/\/blogs.urz.uni-halle.de\/mlu4career\/wp-json\/wp\/v2\/users\/4228"}],"replies":[{"embeddable":true,"href":"https:\/\/blogs.urz.uni-halle.de\/mlu4career\/wp-json\/wp\/v2\/comments?post=85"}],"version-history":[{"count":10,"href":"https:\/\/blogs.urz.uni-halle.de\/mlu4career\/wp-json\/wp\/v2\/pages\/85\/revisions"}],"predecessor-version":[{"id":2443,"href":"https:\/\/blogs.urz.uni-halle.de\/mlu4career\/wp-json\/wp\/v2\/pages\/85\/revisions\/2443"}],"up":[{"embeddable":true,"href":"https:\/\/blogs.urz.uni-halle.de\/mlu4career\/wp-json\/wp\/v2\/pages\/74"}],"wp:attachment":[{"href":"https:\/\/blogs.urz.uni-halle.de\/mlu4career\/wp-json\/wp\/v2\/media?parent=85"}],"curies":[{"name":"wp","href":"https:\/\/api.w.org\/{rel}","templated":true}]}}