{"id":86,"date":"2021-04-29T15:23:35","date_gmt":"2021-04-29T13:23:35","guid":{"rendered":"https:\/\/blogs.urz.uni-halle.de\/mlu4career\/?page_id=86"},"modified":"2025-11-14T12:54:59","modified_gmt":"2025-11-14T11:54:59","slug":"studium-und-dann","status":"publish","type":"page","link":"https:\/\/blogs.urz.uni-halle.de\/mlu4career\/karriere-einstieg\/studium-und-dann\/","title":{"rendered":"Nach dem Studium in die Wissenschaft?"},"content":{"rendered":"\n<figure class=\"wp-block-image size-large\"><img loading=\"lazy\" width=\"1024\" height=\"189\" src=\"https:\/\/blogs.urz.uni-halle.de\/mlu4career\/files\/2023\/11\/pfeil_studiert-1024x189.png\" alt=\"\" class=\"wp-image-2769\" srcset=\"https:\/\/blogs.urz.uni-halle.de\/mlu4career\/files\/2023\/11\/pfeil_studiert-1024x189.png 1024w, https:\/\/blogs.urz.uni-halle.de\/mlu4career\/files\/2023\/11\/pfeil_studiert-300x55.png 300w, https:\/\/blogs.urz.uni-halle.de\/mlu4career\/files\/2023\/11\/pfeil_studiert-768x142.png 768w, https:\/\/blogs.urz.uni-halle.de\/mlu4career\/files\/2023\/11\/pfeil_studiert.png 1278w\" sizes=\"(max-width: 1024px) 100vw, 1024px\" \/><\/figure>\n\n\n\n<h4><strong>Wissenschaft im Universit\u00e4tskontext<\/strong><\/h4>\n\n\n\n<p class=\"zeilenabstand\">Ein ganz wesentlicher Baustein und oft der Anfang einer erfolgreichen Wissenschaftskarriere ist die Promotion. Mit einem promotionsberechtigenden Abschluss, wie z. B. einem Master, einer Lehramts- oder Staatspr\u00fcfung, einem Promotionsplatz und einer Finanzierung, kann es formal losgehen. Es lohnt aber \u00fcber Formalit\u00e4ten hinauszugehen und sich Fragen wie diese zu stellen: Welche Qualifikationen m\u00f6chte, kann und werde ich im gew\u00e4hlten Promotionsumfeld erlangen? Welche Art der Promotion passt zu mir: die Individualpromotion oder mit anderen zeitgleich in einem strukturierten Promotionsprogramm zu starten? Soll ich besser einen Institutionswechsel vornehmen, um dem sogenannten Hausberufungsverbot in Deutschland zu begegnen? <\/p>\n\n\n\n<div class=\"wp-block-pb-accordion-item c-accordion__item js-accordion-item no-js\" data-initially-open=\"false\" data-click-to-close=\"true\" data-auto-close=\"false\" data-scroll=\"false\" data-scroll-offset=\"0\"><h5 id=\"at-860\" class=\"c-accordion__title js-accordion-controller\" role=\"button\"><div style=\"padding:12px;background-color:#b1e053;line-height:1.4\">\nDie Promotion \u2013 oft der Anfang einer wissenschaftlichen Karriere<\/div><\/h5><div id=\"ac-860\" class=\"c-accordion__content\">\n<p class=\"zeilenabstand\"><strong>Eine Karriere in der Wissenschaft<\/strong> <strong>mit dem Ziel der Professur<\/strong> setzt eine Promotion voraus. Promovieren kann man an der <a rel=\"noreferrer noopener\" href=\"https:\/\/www.ingra.uni-halle.de\/important_information\/\" target=\"_blank\">MLU<\/a>, jedoch ist ein Universit\u00e4tswechsel und das Sammeln von Erfahrungen an verschiedenen Einrichtungen, am besten auch im Ausland, eine wichtige Voraussetzung f\u00fcr die Bewerbung auf eine Professur. Ein charakteristisches Merkmal des traditionellen Karrieresystems deutscher Universit\u00e4ten ist n\u00e4mlich das <strong>sogenannte Hausberufungsverbot<\/strong>. S\u00e4mtliche Hochschulgesetze der L\u00e4nder regeln, dass die Ber\u00fccksichtigung hausinterner Bewerber*innen f\u00fcr eine Berufung nur in \u201ebegr\u00fcndeten Ausnahmef\u00e4llen\u201c zul\u00e4ssig ist, d. h. im Regelfall nicht. Der <a rel=\"noreferrer noopener\" href=\"https:\/\/blogs.urz.uni-halle.de\/mlu4career\/karriere-einstieg\/internationales\/#ausHalle\" data-type=\"URL\" data-id=\"https:\/\/blogs.urz.uni-halle.de\/mlu4career\/karriere-einstieg\/internationales\/#ausHalle\" target=\"_blank\">Mobilit\u00e4t<\/a> kommt daher f\u00fcr den Karrierewunsch Professor*in ein gro\u00dfer Stellenwert zu; schon die Promotion kann dazu beitragen. <\/p>\n\n\n\n<p class=\"zeilenabstand\">Angelehnt an dem <a rel=\"noreferrer noopener\" href=\"https:\/\/euraxess.ec.europa.eu\/career-development\/researchers#research-profiles-descriptors\" target=\"_blank\">Framework for Research Careers<\/a> der Europ\u00e4ischen Kommission werden <strong>vier Karrierephasen im Rahmen einer Wissenschaftskarriere <\/strong>beschrieben. <em>Die <strong>Promotionsphase<\/strong><\/em> &#8211; First Stage Researcher (R1) &#8211; fokussiert auf die Bef\u00e4higung zur wissenschaftlichen Arbeit. Die sich anschlie\u00dfende<em> <strong>fr\u00fche Postdoc-Phase <\/strong>&#8211; <\/em>Recognised Researcher (R2) und <em><strong>fortgeschrittene Postdoc-Phase<\/strong><\/em> &#8211; Established Researcher (R3) erm\u00f6glichen die fachliche Weiterqualifizierung, dienen dem Nachweis der wissenschaftlichen Leistungsf\u00e4higkeit und der Vergewisserung eigener Karriereziele. <strong><em>In ihrem Feld f\u00fchrende Forscherinnen und Forscher <\/em><\/strong> &#8211;  Leading Researcher (R4) &#8211; haben schon eigenst\u00e4ndige wissenschaftliche Leistungen in Ihrem Fachgebiet erbracht und \u00fcben nun leitende Funktionen aus; im akademischen Bereich ist dies meist die Professur.<\/p>\n\n\n\n<p class=\"zeilenabstand\">An der MLU kann man in <strong>strukturierten <a rel=\"noreferrer noopener\" href=\"https:\/\/blogs.urz.uni-halle.de\/ingra\/structured-doctoral-programmes-at-mlu\/\" target=\"_blank\">Promotionsprogrammen<\/a><\/strong> promovieren oder individuell in einer Arbeitsgruppe bzw. an einem Lehrstuhl. Die individuelle Promotion ist der traditionelle Weg zum Doktortitel, bei dem ein Promotionsbetreuer (Doktorvater oder Doktormutter) den Doktoranden bzw. die Doktorandin betreut. In strukturierten Promotionsprogrammen k\u00fcmmert sich ein Team von Betreuer*innen um eine Gruppe von Doktorand*innen. Kontaktm\u00f6glichkeiten des Beratungsservice zum Promovieren an der MLU findet man <a rel=\"noreferrer noopener\" href=\"https:\/\/www.ingra.uni-halle.de\/advisory_service\/\" target=\"_blank\">hier<\/a>. <\/p>\n\n\n\n<p class=\"zeilenabstand\">Das <strong>eigene akademische <a rel=\"noreferrer noopener\" href=\"https:\/\/blogs.urz.uni-halle.de\/mlu4career\/karriere-einstieg\/wege-zur-professur\/#Karriereportfolio\" target=\"_blank\">Karriereportfolio<\/a><\/strong> f\u00fcr eine (Leitungs)position in der Wissenschaft sollte man schon bei der Promotion bewusst in den Fokus nehmen und dementsprechend das gew\u00e4hlte Promotionsumfeld pr\u00fcfen. M\u00f6chte man internationale Arbeitserfahrung sammeln sowie internationale Kontakte kn\u00fcpfen, sind strukturierte Promotionsprogramme g\u00fcnstig, da sie besonders h\u00e4ufig international ausgerichtet sind. M\u00f6chte man Lehrerfahrung sammeln, sollte man wissen, dass bei bestimmten Finanzierungsarten (z. B. Stipendium) oder Institutionen (z. B. au\u00dferuniversit\u00e4re Forschungseinrichtung) Lehrverpflichtungen nicht oder kaum gegeben sind.  Sich an der MLU weiterbilden und qualifizieren kann man in der Promotionsphase u. a. mit Angeboten der <a rel=\"noreferrer noopener\" href=\"https:\/\/blogs.urz.uni-halle.de\/ingra\/kategorie\/complementary-skills-workshops\/\" target=\"_blank\">Internationalen Graduiertenakademie InGrA<\/a>. <\/p>\n\n\n\n<p class=\"zeilenabstand\">Aber nicht nur das eigene Karriereportfolio zu kennen und aufzubauen ist wichtig, sondern auch zu wissen, wie <strong>Arbeitsvertr\u00e4ge und Besch\u00e4ftigungsverh\u00e4ltnisse<\/strong> ausgestaltet sind. Die eigene Besch\u00e4ftigungshistorie hat ma\u00dfgeblichen Einfluss auf weitere Karriereschritte. So ist die Promotion das erste wissenschaftliche Qualifizierungsziel und gilt als Begr\u00fcndung f\u00fcr ein <a rel=\"noreferrer noopener\" href=\"http:\/\/www.verwaltung.uni-halle.de\/dezern3\/internet\/service\/dv\/leitlinie_wiss_arb.pdf\" target=\"_blank\">befristetes Besch\u00e4ftigungsverh\u00e4ltnis<\/a> in der Wissenschaft auf Basis des sogenannten <a rel=\"noreferrer noopener\" href=\"https:\/\/blogs.urz.uni-halle.de\/mlu4career\/karriere-einstieg\/internationales\/#wisszeitvg\" target=\"_blank\">Wissenschaftszeitvertragsgesetzes<\/a>. Die <a rel=\"noreferrer noopener\" href=\"https:\/\/personal.verwaltung.uni-halle.de\/\" target=\"_blank\">Personalbteilung<\/a> der MLU ist der richtige Ansprechpartner bei Fragen rund um das Wissenschaftszeitvertragsgesetz.<\/p>\n\n\n\n<p class=\"zeilenabstand\"><strong>Promotionsquoten variieren zwischen den F\u00e4chergruppen<\/strong> und spiegeln damit auch Gegebenheiten der Fachkultur im Berufsverlauf wider. Nur 4% der Studienabsolventinnen und &#8211; absolventen in der F\u00e4chergruppe Kunst \/ Kunstwissenschaft promovieren, in der F\u00e4chergruppe Humanmedizin, Gesundheitswissenschaften sind es hingegen 56% (<a href=\"https:\/\/buwik.de\/\" target=\"_blank\" rel=\"noreferrer noopener\">BuWiK 2025<\/a>). W\u00e4hrend die Promotion also f\u00fcr den Berufsverlauf in manchen F\u00e4chern auch au\u00dferhalb des akademischen Umfelds (und dort vor allen Dingen f\u00fcr Leitungspositionen) f\u00f6rderlich ist (z. B. Chemie), spielt sie in anderen F\u00e4chern eine untergeordnete Rolle (z. B. Kunst). Die Gepflogenheiten des Fachs f\u00fcr eine Wissenschaftskarriere in Erfahrung zu bringen, kann man fr\u00fchzeitig angehen z. B. <a rel=\"noreferrer noopener\" href=\"https:\/\/blogs.urz.uni-halle.de\/mlu4career\/interview-mit-lucie-baltz\/\" target=\"_blank\">als wissenschaftliche Hilfskraft im Studium<\/a>. Aber auch einen Plan B zur Wissenschaftskarriere mitzudenken, ist zu empfehlen und kann bzw. sollte, je nach Fach, zu unterschiedlichen Zeitpunkten erfolgen (<a rel=\"noreferrer noopener\" href=\"https:\/\/blogs.urz.uni-halle.de\/mlu4career\/karriere-einstieg\/studium-und-dann\/#PlanB-nachStudium\" target=\"_blank\">Ende Studium<\/a> \/ <a rel=\"noreferrer noopener\" href=\"https:\/\/blogs.urz.uni-halle.de\/mlu4career\/karriere-einstieg\/weitere-karrierewege\/#PlanB-nachPromotion\" target=\"_blank\">Ende Promotion<\/a>).<\/p>\n<\/div><\/div>\n\n\n\n<div class=\"wp-block-pb-accordion-item c-accordion__item js-accordion-item no-js\" data-initially-open=\"false\" data-click-to-close=\"true\" data-auto-close=\"false\" data-scroll=\"false\" data-scroll-offset=\"0\"><h5 id=\"at-861\" class=\"c-accordion__title js-accordion-controller\" role=\"button\"><div style=\"padding:12px;background-color:#b1e053;line-height:1.4\">\nBesonderheiten der Promotion an au\u00dferuniversit\u00e4ren Forschungseinrichtungen und in der Industrie<\/div><\/h5><div id=\"ac-861\" class=\"c-accordion__content\">\n<p class=\"zeilenabstand\">Ein wissenschaftliches Umfeld bietet nicht nur die MLU, sondern auch die mit der <strong>MLU kooperierenden <a href=\"https:\/\/halle.de\/wirtschaft-wissenschaft\/wissenschaft\/ausseruniversitaere-forschungseinrichtungen\" target=\"_blank\" rel=\"noreferrer noopener\">au\u00dferuniversit\u00e4ren Forschungseinrichtungen<\/a><\/strong>. Sie bieten die M\u00f6glichkeit einer wissenschaftlichen Karriere mit bestimmter Forschungsausrichtung. Die Max-Planck-Gesellschaft fokussiert auf Grundlagenforschung, w\u00e4hrend die Leibniz-Gemeinschaft auf erkenntnis- und anwendungsorientierte Forschung fokussiert. Die Helmholtz-Gemeinschaft erforscht komplexe Systeme und h\u00e4lt dazu gro\u00dfe Forschungsinfrastrukturen bereit, bei der Fraunhofer-Gesellschaft steht anwendungsorientierte Forschung zum Nutzen der Wirtschaft im Vordergrund. <\/p>\n\n\n\n<p class=\"zeilenabstand\"><strong>Eine Promotion in der Industrie<\/strong> bedeutet meist befristete Arbeitsvertr\u00e4ge auf Teilzeitbasis, industrienahe und anwendungsorientierte Forschungsm\u00f6glichkeiten sowie eine gute Perspektive f\u00fcr die Zeit nach der Promotion. Betreut wird das Promotionsvorhaben von einem Hochschullehrer oder einer Hochschullehrerin einer kooperierenden Universit\u00e4t. So auch an der MLU &#8211; fragen Sie in Ihrem Wahlinstitut nach. Grunds\u00e4tze einer erfolgreichen Zusammenarbeit bei Promotionen zwischen Hochschulen und Unternehmen sind in einem <a rel=\"noreferrer noopener\" href=\"https:\/\/www.hrk.de\/fileadmin\/redaktion\/hrk\/02-Dokumente\/02-01-Beschluesse\/Position_BDA__BDI__HRK_und_Stifterverband_Promotion_mit_externem_Arbeitsvertrag_3_2018.pdf\" target=\"_blank\">Positionspapier<\/a> von BDA, BDI, HRK und Stifterverband f\u00fcr die Deutsche Wissenschaft dargelegt.<\/p>\n<\/div><\/div>\n\n\n\n<hr class=\"wp-block-separator is-style-wide\" id=\"PlanB-nachStudium\" \/>\n\n\n\n<h4><strong>Plan B &#8211; raus aus der Wissenschaft und\/oder der Universit\u00e4t<\/strong><\/h4>\n\n\n\n<p class=\"zeilenabstand\">Um den \u00dcbergang zum Arbeitsmarkt als Absolvent*in erfolgreich zu meistern, bietet die MLU zahlreiche Unterst\u00fctzungsm\u00f6glichkeiten an. Auch innerhalb der MLU gibt es Alternativen zur Wissenschaftskarriere, so. z. B. wissenschaftlich lehren als Lehrkraft f\u00fcr besondere Aufgaben oder an der Schnittstelle von Forschung und Verwaltung zu arbeiten (Wissenschaftsmanagement).<\/p>\n\n\n\n<div class=\"wp-block-pb-accordion-item c-accordion__item js-accordion-item no-js\" data-initially-open=\"false\" data-click-to-close=\"true\" data-auto-close=\"false\" data-scroll=\"false\" data-scroll-offset=\"0\"><h5 id=\"at-862\" class=\"c-accordion__title js-accordion-controller\" role=\"button\"><div style=\"padding:12px;background-color:#b1e053;line-height:1.4\"> Karriere in der Fachhochschule \/ HAW<\/div><\/h5><div id=\"ac-862\" class=\"c-accordion__content\">\n<p class=\"zeilenabstand\">Mit der Perspektive und \u00dcberlegung, eine Professur an einer <strong><a href=\"https:\/\/www.hochschulkompass.de\/hochschulen.html\" target=\"_blank\" rel=\"noreferrer noopener\">Fachhochschule \/ Hochschule f\u00fcr angewandte Wissenschaften<\/a> (HAW) <\/strong>anzustreben, ist schon fr\u00fchzeitig darauf zu achten, dass Fachhochschulprofessorinnen und -professoren nicht nur \u00fcber eine wissenschaftliche Bef\u00e4higung in Forschung und Lehre, sondern auch \u00fcber qualifizierte Praxiserfahrung verf\u00fcgen m\u00fcssen, um Studierende \u2013 auf wissenschaftlicher Grundlage \u2013 praxisorientiert ausbilden zu k\u00f6nnen. <strong>Praxis- bzw. Berufserfahrung <\/strong>entsprechend zu erwerben, sollte man in der Karriereplanung schon sehr fr\u00fch mit einbeziehen und umsetzen. Seit 2021 kann man an forschungsstarken Fachbereichen der HAWs in Sachsen-Anhalt promovieren. HAWs bieten ein breites Angebotsportfolio von Ingenieurwissenschaften bis zu Sozialwissenschaften.<\/p>\n<\/div><\/div>\n\n\n\n<div class=\"wp-block-pb-accordion-item c-accordion__item js-accordion-item no-js\" data-initially-open=\"false\" data-click-to-close=\"true\" data-auto-close=\"false\" data-scroll=\"false\" data-scroll-offset=\"0\"><h5 id=\"at-863\" class=\"c-accordion__title js-accordion-controller\" role=\"button\"><div style=\"padding:12px;background-color:#b1e053;line-height:1.4\">\nBerufseinstieg au\u00dferhalb der Hochschule<\/div><\/h5><div id=\"ac-863\" class=\"c-accordion__content\">\n<p class=\"zeilenabstand\">Um wissenschaftlich t\u00e4tig zu sein, bietet auch die <strong>Privatwirtschaft<\/strong> M\u00f6glichkeiten, um (weiter) forschen zu k\u00f6nnen oder auch andere dem <strong>\u00f6ffentlichen Sektor <\/strong>zugeh\u00f6rige wissenschaftliche Institutionen, dazu z\u00e4hlen u.a. Ressortforschungseinrichtungen von Bund und L\u00e4ndern, wissenschaftliche Bibliotheken, wissenschaftliche Museen und Akademien.<\/p>\n\n\n\n<p class=\"zeilenabstand\"><strong>Zu Fragen der beruflichen Entwicklung au\u00dferhalb der MLU<\/strong> ber\u00e4t das <a rel=\"noreferrer noopener\" href=\"https:\/\/www.careercenter.uni-halle.de\/\" target=\"_blank\">Career Center<\/a> sowie die <a href=\"https:\/\/www.arbeitsagentur.de\/vor-ort\/sachsen-anhalt-sued\/informationen-fuer-studenten\" target=\"_blank\" rel=\"noreferrer noopener\">Agentur f\u00fcr Arbeit Halle<\/a>. Das Career Center ist Schnittstelle zwischen der Universit\u00e4t und dem Arbeitsmarkt und ber\u00e4t Studierende und Absolventen zu Fragen der weiteren beruflichen Orientierung und ihrer Bewerbungsstrategie, vermittelt in praxisbezogenen Seminaren und Vortr\u00e4gen Kompetenzen, die auf das Arbeitsleben vorbereiten und stellt zudem den Kontakt zwischen Studierenden, Berufseinsteigern und Arbeitgebern her.<\/p>\n\n\n\n<p><a href=\"https:\/\/uni-halle.jobteaser.com\" target=\"_blank\" rel=\"noreferrer noopener\">Stellenangebote<\/a> au\u00dferhalb der MLU<\/p>\n<\/div><\/div>\n\n\n\n<div class=\"wp-block-pb-accordion-item c-accordion__item js-accordion-item no-js\" data-initially-open=\"false\" data-click-to-close=\"true\" data-auto-close=\"false\" data-scroll=\"false\" data-scroll-offset=\"0\"><h5 id=\"at-864\" class=\"c-accordion__title js-accordion-controller\" role=\"button\"><div style=\"padding:12px;background-color:#b1e053;line-height:1.4\">\nAlternativen in Hochschulen neben der Forschung<\/div><\/h5><div id=\"ac-864\" class=\"c-accordion__content\">\n<div class=\"wp-block-pb-accordion-item c-accordion__item js-accordion-item no-js\" data-initially-open=\"false\" data-click-to-close=\"true\" data-auto-close=\"false\" data-scroll=\"false\" data-scroll-offset=\"0\"><h5 id=\"at-865\" class=\"c-accordion__title js-accordion-controller\" role=\"button\">Lehrkraft f\u00fcr besondere Aufgaben<\/h5><div id=\"ac-865\" class=\"c-accordion__content\">\n<p class=\"zeilenabstand\">Lehrkr\u00e4fte f\u00fcr besondere Aufgaben <strong>erm\u00f6glichen hervorragende Lehre an der MLU<\/strong>. Ihre Aufgaben liegen ausschlie\u00dflich oder \u00fcberwiegend in der Lehre, sie betreuen Studierende und wirken bei Pr\u00fcfungen mit. Weiterhin begleiten sie Praktika, Projekte und Exkursionen. Zugangsvoraussetzung ist ein im entsprechenden Fachbereich abgeschlossenes Hochschulstudium, oft auch eine abgeschlossene Promotion. Sie sind einem Institut und nicht einem Lehrstuhl unterstellt. Lehrkr\u00e4fte f\u00fcr besondere Aufgaben sind im Hochschulgesetz Sachsen-Anhalt als eigenst\u00e4ndige Personalkategorie gef\u00fchrt (\u00a7 43 HSG LSA). An der MLU haben Sie eine regul\u00e4re Lehrverpflichtung von 12 bis 16 SWS.<\/p>\n<\/div><\/div>\n\n\n\n<div class=\"wp-block-pb-accordion-item c-accordion__item js-accordion-item no-js\" data-initially-open=\"false\" data-click-to-close=\"true\" data-auto-close=\"false\" data-scroll=\"false\" data-scroll-offset=\"0\"><h5 id=\"at-866\" class=\"c-accordion__title js-accordion-controller\" role=\"button\">Im studierten Fach arbeiten<\/h5><div id=\"ac-866\" class=\"c-accordion__content\">\n<p class=\"zeilenabstand\">Nach erfolgreichem Studium und <strong>mit entsprechender Fachexpertise<\/strong> wissenschaftsnah in der Hochschule arbeiten, z. B. als Sprachlehrer*in, Informatiker*in, Jurist*in oder Betriebswirt*in &#8211; auch die MLU bietet <a rel=\"noreferrer noopener\" href=\"https:\/\/personal.verwaltung.uni-halle.de\/jobs\/extern\/\" target=\"_blank\">Stellen<\/a> in diesem Bereich an. <\/p>\n<\/div><\/div>\n\n\n\n<div class=\"wp-block-pb-accordion-item c-accordion__item js-accordion-item no-js\" data-initially-open=\"false\" data-click-to-close=\"true\" data-auto-close=\"false\" data-scroll=\"false\" data-scroll-offset=\"0\"><h5 id=\"at-867\" class=\"c-accordion__title js-accordion-controller\" role=\"button\">Quereinstieg<\/h5><div id=\"ac-867\" class=\"c-accordion__content\">\n<p class=\"zeilenabstand\"><strong>Mit Zusatzqualifikationen<\/strong> (Aufbaustudium, Fernstudium) sich neue Arbeitsbereiche nach dem Studium erschlie\u00dfen und damit einen Quereinstieg in Berufe an der Hochschule schaffen, die man bei Studiumsbeginn noch nicht mit bedacht hatte bzw. vom studierten Fach wegf\u00fchren, z. B. in der \u00d6ffentlichkeitsarbeit oder im wissenschaftlichen Bibliothekswesen. So hat sich das Aufgabenspektrum von Bibliothekar*innen in den letzten Jahren u.a. durch die Digitalisierung drastisch erweitert. Neben dem klassischen Ausbildungsweg besteht an mehreren deutschen Hochschulen die M\u00f6glichkeit eines <a rel=\"noreferrer noopener\" href=\"https:\/\/www.vdb-online.org\/berufsorientierung\/ausbildung_und_berufseinstieg\/\" target=\"_blank\">postgradualen Studiums im Fach Bibliotheks- und \/ oder Informationswissenschaft<\/a>. Voraussetzung daf\u00fcr ist in der Regel ein abgeschlossenes Masterstudium oder alternativ eine bibliothekarische Vorbildung.<\/p>\n\n\n\n<p class=\"zeilenabstand\">Ein <strong>Quereinstieg mittels Ausbildung<\/strong> in zahlreiche wissenschaftsunterst\u00fctzende Berufe, die R\u00e4ume f\u00fcr wissenschaftliches Arbeiten an der Hochschule schaffen und pflegen (z.B. Mediengestalter*in, technische Laborassistent*in) w\u00e4re gegebenenfalls auch eine \u00dcberlegung wert. Weitere Informationen der MLU dazu gibt es <a rel=\"noreferrer noopener\" href=\"https:\/\/blogs.urz.uni-halle.de\/mlu4career\/karriere-einstieg\/ausbildung\/\" target=\"_blank\">hier<\/a>.<\/p>\n<\/div><\/div>\n\n\n\n<div class=\"wp-block-pb-accordion-item c-accordion__item js-accordion-item no-js\" data-initially-open=\"false\" data-click-to-close=\"true\" data-auto-close=\"false\" data-scroll=\"false\" data-scroll-offset=\"0\"><h5 id=\"at-868\" class=\"c-accordion__title js-accordion-controller\" role=\"button\">Wissenschaftsmanagement<\/h5><div id=\"ac-868\" class=\"c-accordion__content\">\n<p class=\"zeilenabstand\">Nach dem Studium an der Schnittstelle von Wissenschaft und Verwaltung arbeiten im Bereich des  <a rel=\"noreferrer noopener\" href=\"https:\/\/blogs.urz.uni-halle.de\/mlu4career\/karriere-einstieg\/weitere-karrierewege\/#wissenschaftsmanagement\" target=\"_blank\">Wissenschaftsmanagements<\/a>.<\/p>\n<\/div><\/div>\n<\/div><\/div>\n\n\n\n<hr class=\"wp-block-separator is-style-wide\" \/>\n\n\n\n<h4 id=\"weiterf\u00fchrendeinformationen\"><strong>Links zu weiterf\u00fchrenden Informationen<\/strong><\/h4>\n\n\n\n<ul><li>Informationen zum Start der Promotion an der MLU: <a rel=\"noreferrer noopener\" href=\"https:\/\/blogs.urz.uni-halle.de\/ingra\/starting-the-path-to-a-doctorate\/\" target=\"_blank\">Starting the path to a doctorate<\/a><\/li><li>Informationen zur Finanzierung w\u00e4hrend der Promotion: <a rel=\"noreferrer noopener\" href=\"https:\/\/blogs.urz.uni-halle.de\/ingra\/funding-opportunities-of-the-doctorate\/\" target=\"_blank\">Funding opportunities for the doctorate<\/a><\/li><li><a rel=\"noreferrer noopener\" href=\"https:\/\/www.research-in-germany.org\/en\/research-landscape.html\" target=\"_blank\">Forschungseinrichtungen<\/a> in Deutschland &#8211; Forschung ist nicht nur an einer Universit\u00e4t m\u00f6glich<\/li><li><a rel=\"noreferrer noopener\" href=\"https:\/\/www.dfg.de\/foerderung\/wissenschaftliche_karriere\/index.html\" target=\"_blank\">F\u00f6rderung der wissenschaftlichen Karriere<\/a> &#8211; Deutsche Forschungsgemeinschaft (DFG)<\/li><li>Promovieren &#8211; wie geht das? &#8211; das erkl\u00e4rt <a rel=\"noreferrer noopener\" href=\"https:\/\/doktorandenforum.de\/index.htm\" target=\"_blank\">doktorandenforum.de<\/a> oder <a rel=\"noreferrer noopener\" href=\"https:\/\/www.academics.de\/themen\/promovieren\" target=\"_blank\">academics.de<\/a> oder der ZEIT CAMPUS <a rel=\"noreferrer noopener\" href=\"https:\/\/issuu.com\/zeitmagazine\/docs\/zcr_promotion_1-21\" target=\"_blank\">Ratgeber Promotion<\/a><\/li><\/ul>\n\n\n\n<h4 class=\"zeilenabstand\"><strong>Buchempfehlungen<\/strong><\/h4>\n\n\n\n<p class=\"zeilenabstand\"><strong>Survival Guide Wissenschaft \u2013 (\u00dcber-)Lebenstipps f\u00fcr akademische Karrieren.<\/strong> (Kai Noeske, Benjamin Rott, Katrin Hille, 2023, 1. Auflage) (<a rel=\"noreferrer noopener\" href=\"https:\/\/link.springer.com\/book\/10.1007\/978-3-662-67797-1\" target=\"_blank\">Universit\u00e4tsintern abrufbar \u00fcber Springer-Link<\/a>)<\/p>\n","protected":false},"excerpt":{"rendered":"<p>Wissenschaft im Universit\u00e4tskontext Ein ganz wesentlicher Baustein und oft der Anfang einer erfolgreichen Wissenschaftskarriere ist die Promotion. Mit einem promotionsberechtigenden Abschluss, wie z. B. einem Master, einer Lehramts- oder Staatspr\u00fcfung, einem Promotionsplatz und einer Finanzierung, kann es formal losgehen. Es lohnt aber \u00fcber Formalit\u00e4ten hinauszugehen und sich Fragen wie diese zu stellen: Welche Qualifikationen m\u00f6chte, [&hellip;]<\/p>\n","protected":false},"author":4228,"featured_media":72,"parent":74,"menu_order":2,"comment_status":"closed","ping_status":"closed","template":"","meta":[],"_links":{"self":[{"href":"https:\/\/blogs.urz.uni-halle.de\/mlu4career\/wp-json\/wp\/v2\/pages\/86"}],"collection":[{"href":"https:\/\/blogs.urz.uni-halle.de\/mlu4career\/wp-json\/wp\/v2\/pages"}],"about":[{"href":"https:\/\/blogs.urz.uni-halle.de\/mlu4career\/wp-json\/wp\/v2\/types\/page"}],"author":[{"embeddable":true,"href":"https:\/\/blogs.urz.uni-halle.de\/mlu4career\/wp-json\/wp\/v2\/users\/4228"}],"replies":[{"embeddable":true,"href":"https:\/\/blogs.urz.uni-halle.de\/mlu4career\/wp-json\/wp\/v2\/comments?post=86"}],"version-history":[{"count":10,"href":"https:\/\/blogs.urz.uni-halle.de\/mlu4career\/wp-json\/wp\/v2\/pages\/86\/revisions"}],"predecessor-version":[{"id":3237,"href":"https:\/\/blogs.urz.uni-halle.de\/mlu4career\/wp-json\/wp\/v2\/pages\/86\/revisions\/3237"}],"up":[{"embeddable":true,"href":"https:\/\/blogs.urz.uni-halle.de\/mlu4career\/wp-json\/wp\/v2\/pages\/74"}],"wp:featuredmedia":[{"embeddable":true,"href":"https:\/\/blogs.urz.uni-halle.de\/mlu4career\/wp-json\/wp\/v2\/media\/72"}],"wp:attachment":[{"href":"https:\/\/blogs.urz.uni-halle.de\/mlu4career\/wp-json\/wp\/v2\/media?parent=86"}],"curies":[{"name":"wp","href":"https:\/\/api.w.org\/{rel}","templated":true}]}}