{"id":87,"date":"2021-04-29T15:23:35","date_gmt":"2021-04-29T13:23:35","guid":{"rendered":"https:\/\/blogs.urz.uni-halle.de\/mlu4career\/?page_id=87"},"modified":"2026-02-06T12:34:03","modified_gmt":"2026-02-06T11:34:03","slug":"weitere-karrierewege","status":"publish","type":"page","link":"https:\/\/blogs.urz.uni-halle.de\/mlu4career\/karriere-einstieg\/weitere-karrierewege\/","title":{"rendered":"Nach der Promotion"},"content":{"rendered":"\n<figure class=\"wp-block-image size-large\"><img loading=\"lazy\" width=\"1024\" height=\"189\" src=\"https:\/\/blogs.urz.uni-halle.de\/mlu4career\/files\/2023\/11\/pfeil_promoviert-1024x189.png\" alt=\"\" class=\"wp-image-2771\" srcset=\"https:\/\/blogs.urz.uni-halle.de\/mlu4career\/files\/2023\/11\/pfeil_promoviert-1024x189.png 1024w, https:\/\/blogs.urz.uni-halle.de\/mlu4career\/files\/2023\/11\/pfeil_promoviert-300x55.png 300w, https:\/\/blogs.urz.uni-halle.de\/mlu4career\/files\/2023\/11\/pfeil_promoviert-768x142.png 768w, https:\/\/blogs.urz.uni-halle.de\/mlu4career\/files\/2023\/11\/pfeil_promoviert.png 1278w\" sizes=\"(max-width: 1024px) 100vw, 1024px\" \/><\/figure>\n\n\n\n<h4><strong>Wissenschaft im Universit\u00e4tskontext<\/strong><\/h4>\n\n\n\n<p class=\"zeilenabstand\">Mit der Promotion hat man einen hohen Grad an Selbst\u00e4ndigkeit bewiesen und den Nachweis erbracht, einer besonders vertieften wissenschaftlichen Arbeit f\u00e4hig zu sein. Sich weiterhin vertieft der wissenschaftlichen Arbeit zu widmen und gleichzeitig auf Leitungspositionen in der Wissenschaft zu qualifizieren, kann in den anschlie\u00dfenden Postdoc-Phasen erfolgen.<\/p>\n\n\n\n<div class=\"wp-block-pb-accordion-item c-accordion__item js-accordion-item no-js\" data-initially-open=\"false\" data-click-to-close=\"true\" data-auto-close=\"false\" data-scroll=\"false\" data-scroll-offset=\"0\"><h5 id=\"at-870\" class=\"c-accordion__title js-accordion-controller\" role=\"button\"><div style=\"padding:12px;background-color:#b1e053;line-height:1.4\">\nNach der Promotion \u2013 den Doktor in der Tasche, wie geht es weiter?<\/div><\/h5><div id=\"ac-870\" class=\"c-accordion__content\">\n<p class=\"zeilenabstand\">Wenn Studium und Promotion hinter einem liegen, beginnt in der Wissenschaft die sogenannte <strong>fr\u00fche Postdoc-Phase<\/strong> (in der Regel insgesamt 2 Jahre, entspricht dem Recognised Researcher (R2) gem\u00e4\u00df <a rel=\"noreferrer noopener\" href=\"https:\/\/euraxess.ec.europa.eu\/career-development\/researchers#research-profiles-descriptors\" target=\"_blank\">Framework for Research Careers<\/a>). Dies ist eine wichtige Zeit und dient besonders der Orientierung, Selbstreflexion und Information \u00fcber m\u00f6gliche Berufs- und Karrierewege. Sp\u00e4testens in dieser Phase sollte eine Entscheidung getroffen werden, ob ein dauerhafter Verbleib im Wissenschaftssystem oder ein \u00dcbergang in den au\u00dferuniversit\u00e4ren bzw. nicht-wissenschaftlichen Arbeitsmarkt angestrebt wird. Ein Wechsel in andere Arbeitsfelder wird in der Regel schwieriger, je l\u00e4nger man im Wissenschaftssystem bleibt und auch die Zahl der promovierten bzw. habilitierten (berufungsf\u00e4higen) Wissenschaftler*innen ist deutlich gr\u00f6\u00dfer als die Zahl freier Professuren.<\/p>\n\n\n\n<p class=\"zeilenabstand\">Wird die <strong>Qualifizierung in Richtung Professur<\/strong> weiterverfolgt, sollten Schl\u00fcsselkompetenzen trainiert und weiterentwickelt werden, welche f\u00fcr den Beruf einer leitenden Wissenschaftlerin bzw. eines leitenden Wissenschaftlers erforderlich sind. Dabei sollte das <a rel=\"noreferrer noopener\" href=\"https:\/\/blogs.urz.uni-halle.de\/mlu4career\/karriere-einstieg\/wege-zur-professur\/#Karriereportfolio\" target=\"_blank\">akademische Karriereportfolio<\/a> in der fr\u00fchen Postdoc-Phase nicht nur mit Nachweisen eines vermeintlich typischen Wissenschaftlerprofils gef\u00fcllt werden wie Drittmitteln, Publikationen oder Forschungspreisen, sondern auch mit Netzwerkaktivit\u00e4ten, Mentoring, ersten Erfahrungen in Wissenschaftsmanagement und F\u00fchrung. Die MLU unterst\u00fctzt Sie dabei &#8211; u.a. mit <a rel=\"noreferrer noopener\" href=\"https:\/\/blogs.urz.uni-halle.de\/mlu4career\/karriere-einstieg\/qualifikationen\/\" target=\"_blank\">Workshops, Seminaren und Coaching<\/a> sowie <a rel=\"noreferrer noopener\" href=\"https:\/\/blogs.urz.uni-halle.de\/mlu4career\/arbeitsleben\/diversitaet\/#Mentoring\" target=\"_blank\">Mentoringprogrammen<\/a>.<\/p>\n\n\n\n<p class=\"zeilenabstand\"><strong>Neben der Professur <\/strong>erm\u00f6glichen aber auch andere Positionen nach der Promotion eine unbefristete wissenschaftliche oder wissenschaftsnahe Arbeit an der MLU. Allerdings sind Karrierewege hin zu diesen Positionen weniger institutionell verankert und planbar wie der Weg zur Professur. M\u00f6glichkeiten sollten daher schon fr\u00fchzeitig in einem Gespr\u00e4ch mit der Fakult\u00e4t bzw. der\/dem Vorgesetzten eruiert werden.<\/p>\n<\/div><\/div>\n\n\n\n<div class=\"wp-block-pb-accordion-item c-accordion__item js-accordion-item no-js\" data-initially-open=\"false\" data-click-to-close=\"true\" data-auto-close=\"false\" data-scroll=\"false\" data-scroll-offset=\"0\"><h5 id=\"at-871\" class=\"c-accordion__title js-accordion-controller\" role=\"button\"><div style=\"padding:12px;background-color:#b1e053;line-height:1.4\">\nIn der Wissenschaft erfolgreich profiliert und etabliert? Will ich immer noch eine Professur?<\/div><\/h5><div id=\"ac-871\" class=\"c-accordion__content\">\n<p class=\"zeilenabstand\">Nach der fr\u00fchen Postdoc-Phase schlie\u00dft sich im Rahmen einer Wissenschaftskarriere die fortgeschrittene Postdoc-Phase oder sogenannte <strong>Profilierungsphase<\/strong> an (in der Regel weitere 4-8 Postdoc-Jahre, <a rel=\"noreferrer noopener\" href=\"https:\/\/euraxess.ec.europa.eu\/career-development\/researchers#research-profiles-descriptors\" target=\"_blank\">Established Researcher (R3)<\/a>). Am Ende dieser Phase sollte die Etablierung der eigenen Forschung und Profilbildung abgeschlossen sein und dazu bef\u00e4higen, sich auf eine Leitungsposition in der Wissenschaft \u2013 oft die Professur \u2013 zu bewerben. Die Profilierung und damit Erlangung der Berufbarkeit erfolgt meist \u00fcber <a rel=\"noreferrer noopener\" href=\"https:\/\/blogs.urz.uni-halle.de\/mlu4career\/karriere-einstieg\/wege-zur-professur\/\" target=\"_blank\">die Habilitation, die Nachwuchsgruppenleitung oder die Juniorprofessur<\/a>.<\/p>\n\n\n\n<p class=\"zeilenabstand\"><strong>Zur Erlangung der Berufbarkeit<\/strong> muss das <a rel=\"noreferrer noopener\" href=\"https:\/\/blogs.urz.uni-halle.de\/mlu4career\/karriere-einstieg\/wege-zur-professur\/#Karriereportfolio\" target=\"_blank\">akademische Karriereportfolio<\/a> st\u00e4ndig in den Blick genommen werden. Am Ende der Postdoc-Phase sollte es alle Qualifikationen und Erfahrungen f\u00fcr die Bewerbung auf eine Professur beinhalten. F\u00e4cherkulturen und die Art der Qualifizierungsstelle (ob z. B. Nachwuchsgruppenleitung oder Habilitation) beeinflussen dabei entscheidend, welche Qualifikationen wann und wie in den Fokus genommen werden sollten, wobei eine wesentliche Aufgabe in der Profilierungsphase darin besteht, Erfahrungen in der F\u00fchrung und im Management des Wissenschaftsbetriebs zu erwerben. <\/p>\n\n\n\n<p class=\"zeilenabstand\">Es ist ratsam, die eigenen Leistungen f\u00fcr das Berufsziel Professur regelm\u00e4\u00dfig zu pr\u00fcfen und eine ehrliche Bilanz zu ziehen. Aber wie bleibt man dabei motiviert und zielgerichtet? Mentoring ist ganz wesentlich f\u00fcr eine erfolgreiche akademische Karriere. <strong>Mentor*innen<\/strong> unterst\u00fctzen, ermutigen, haben Kontakte und Informationen. Die MLU ber\u00e4t und unterst\u00fctzt mit ihrem <a rel=\"noreferrer noopener\" href=\"https:\/\/blogs.urz.uni-halle.de\/mlu4career\/arbeitsleben\/diversitaet\/#Mentoring\" target=\"_blank\">Mentoringprogramm<\/a> Frauen auf der Suche nach Mentor*innen. Durch das <a href=\"https:\/\/blogs.urz.uni-halle.de\/mlu4career\/karriere-einstieg\/qualifikationen\/#Fuehrung\" target=\"_blank\" rel=\"noreferrer noopener\">Coachingangebot der Universit\u00e4t<\/a> k\u00f6nnen <strong>Einzelcoachings<\/strong> dar\u00fcber hinaus individuelle Herausforderungen thematisieren.<\/p>\n<\/div><\/div>\n\n\n\n<div class=\"wp-block-pb-accordion-item c-accordion__item js-accordion-item no-js\" data-initially-open=\"false\" data-click-to-close=\"true\" data-auto-close=\"false\" data-scroll=\"false\" data-scroll-offset=\"0\"><h5 id=\"at-872\" class=\"c-accordion__title js-accordion-controller\" role=\"button\"><div style=\"padding:12px;background-color:#b1e053;line-height:1.4\">\nBesonderheiten an au\u00dferuniversit\u00e4ren Forschungseinrichtungen<\/div><\/h5><div id=\"ac-872\" class=\"c-accordion__content\">\n<p class=\"zeilenabstand\">Die Fortf\u00fchrung der Wissenschaftskarrieren nach der Promotion an einer mit der <strong>MLU kooperierenden <a rel=\"noreferrer noopener\" href=\"https:\/\/halle.de\/wirtschaft-wissenschaft\/wissenschaft\/ausseruniversitaere-forschungseinrichtungen\" target=\"_blank\">au\u00dferuniversit\u00e4ren Forschungseinrichtung<\/a><\/strong> verl\u00e4uft oftmals \u00fcber die Nachwuchsgruppenleitung, um Personen somit auf eine Leitungsposition in der Wissenschaft vorzubereiten. So z. B. \u00fcber Max-Planck-Forschungsgruppen, Otto-Hahn-Gruppen oder Minerva-Gruppen der Max-Planck-Gesellschaft, \u00fcber Nachwuchsgruppen der Fraunhofer Gesellschaft (F\u00f6rderprogramm Fraunhofer Attract), \u00fcber Helmholtz-Nachwuchsgruppen oder \u00fcber Leibniz-Junior Research Groups der Leibniz-Gemeinschaft. Auch <a rel=\"noreferrer noopener\" href=\"https:\/\/blogs.urz.uni-halle.de\/mlu4career\/karriere-einstieg\/wege-zur-professur\/#Juniorprofessur\" target=\"_blank\">Juniorprofessuren<\/a> an au\u00dferuniversit\u00e4ren Forschungseinrichtungen, die gemeinsam mit der MLU berufen werden, sind m\u00f6glich und f\u00f6rderlich f\u00fcr das Ziel einer Leitungsposition in der Wissenschaft. <\/p>\n\n\n\n<p class=\"zeilenabstand\">Da jedoch die <strong>Forschung<\/strong> an au\u00dferuniversit\u00e4ren Forschungseinrichtungen im Vordergrund steht, ist Lehre an diesen Einrichtungen nicht einfach umzusetzen. Dies ist vornehmlich in Graduiertenkollegs oder Research Schools zu erbringen. Als <a rel=\"noreferrer noopener\" href=\"https:\/\/blogs.urz.uni-halle.de\/mlu4career\/karriere-einstieg\/wege-zur-professur\/\" target=\"_blank\">Juniorprofessor*in<\/a> in gemeinsamer Berufung mit der MLU ist das Lehrdeputat festgeschrieben und darf nicht aus dem Blick geraten. Auch Gremienarbeit und akademische Selbstverwaltung erfahren hier kaum oder wenig Raum, ebenfalls wichtige Aspekte f\u00fcr die <a rel=\"noreferrer noopener\" href=\"https:\/\/blogs.urz.uni-halle.de\/mlu4career\/karriere-einstieg\/wege-zur-professur\/#Karriereportfolio\" target=\"_blank\">Qualifikation auf eine Professur<\/a>. <\/p>\n<\/div><\/div>\n\n\n\n<hr class=\"wp-block-separator is-style-wide\" id=\"PlanB-nachPromotion\" \/>\n\n\n\n<h4><strong>Plan B &#8211; raus aus der Wissenschaft und\/oder der Universit\u00e4t<\/strong><\/h4>\n\n\n\n<p class=\"zeilenabstand\">Sind Forschung an der Universit\u00e4t und\/oder die Professur nicht m\u00f6glich oder gew\u00fcnscht, so sind Karrierewege au\u00dferhalb der Forschung oder au\u00dferhalb der Universit\u00e4t eine gute Option. Gerade mit der Promotion er\u00f6ffnen sich viele berufliche M\u00f6glichkeiten. Die Arbeitslosigkeit von Promovierten liegt zwischen dem dritten und dem siebten Jahr nach der Promotion kontinuierlich bei 1 bis 2% und sieben Jahre nach der Promotion ist nur noch jede vierte promovierte Person (24%) an einer Hochschule oder au\u00dferuniversit\u00e4ren Forschungseinrichtung besch\u00e4ftigt; generell ist die Fortf\u00fchrung der wissenschaftlichen Karriere im akademischen Bereich nach der Promotion eher die Ausnahme als die Regel (<a rel=\"noreferrer noopener\" href=\"https:\/\/buwik.de\/\" target=\"_blank\">BuWiK 2025<\/a>).<\/p>\n\n\n\n<div class=\"wp-block-pb-accordion-item c-accordion__item js-accordion-item no-js\" data-initially-open=\"false\" data-click-to-close=\"true\" data-auto-close=\"false\" data-scroll=\"false\" data-scroll-offset=\"0\"><h5 id=\"at-873\" class=\"c-accordion__title js-accordion-controller\" role=\"button\"><div style=\"padding:12px;background-color:#b1e053;line-height:1.4\"> Karriere an der Fachhochschule \/ HAW<\/div><\/h5><div id=\"ac-873\" class=\"c-accordion__content\">\n<p class=\"zeilenabstand\">Deutschland hat deutlich mehr <strong>Fachhochschulen \/ Hochschulen f\u00fcr angewandte Wissenschaften (HAW)<\/strong> als Universit\u00e4ten, dennoch sind strukturierte Wissenschaftskarrieren hin zu Professuren und die systematische F\u00f6rderung von Nachwuchswissenschaftler*innen an HAWs bislang kaum etabliert. Um dies zu \u00e4ndern, werden HAWs derzeit durch ein bundesweites F\u00f6rderprogramm (<a href=\"https:\/\/www.fh-personal.de\/\" target=\"_blank\" rel=\"noreferrer noopener\">&#8222;FH Personal&#8220;<\/a>, Laufzeit 2019-2028) bei der Personalentwicklung und Gewinnung von Professorinnen und Professoren unterst\u00fctzt, so auch die Hochschulen <a rel=\"noreferrer noopener\" href=\"https:\/\/www.h2.de\" target=\"_blank\">Magdeburg-Stendal<\/a>, <a rel=\"noreferrer noopener\" href=\"https:\/\/www.hs-merseburg.de\" target=\"_blank\">Merseburg<\/a>, <a rel=\"noreferrer noopener\" href=\"https:\/\/www.hs-harz.de\" target=\"_blank\">Harz<\/a> und <a rel=\"noreferrer noopener\" href=\"https:\/\/www.hs-anhalt.de\/\" target=\"_blank\">Anhalt<\/a>. Die Qualifikationsvoraussetzung f\u00fcr eine Professur an Fachhochschulen ist in der Regel die Dreifachqualifikation aus Lehre, Forschung und zus\u00e4tzlicher Praxiserfahrung sowie die Promotion, die <a rel=\"noreferrer noopener\" href=\"https:\/\/blogs.urz.uni-halle.de\/mlu4career\/karriere-einstieg\/wege-zur-professur\/#Habilitation\" target=\"_blank\">Habilitation oder habilitations\u00e4quivalente Leistungen<\/a> werden nicht gefordert. Mit gut 80% liegt der Fokus auf den F\u00e4chergruppen Rechts-, Wirtschafts-, und Sozialwissenschaften sowie auf den Ingenieurwissenschaften. Aufgrund dessen, dass HAWs prim\u00e4r Lehraufgaben und nur eingeschr\u00e4nkte Forschungsaufgaben haben (\u201cangewandte Forschung\u201c), sind Professor*innen einer HAW mit einem hohen Lehrdeputat ausgestattet &#8211; man sollte der Lehre also positiv gegen\u00fcber stehen, wenn man mit einer Professur an der HAW lieb\u00e4ugelt.<\/p>\n<\/div><\/div>\n\n\n\n<div class=\"wp-block-pb-accordion-item c-accordion__item js-accordion-item no-js\" data-initially-open=\"false\" data-click-to-close=\"true\" data-auto-close=\"false\" data-scroll=\"false\" data-scroll-offset=\"0\"><h5 id=\"at-874\" class=\"c-accordion__title js-accordion-controller\" role=\"button\"><div style=\"padding:12px;background-color:#b1e053;line-height:1.4\">\nBerufseinstieg au\u00dferhalb der Hochschule<\/div><\/h5><div id=\"ac-874\" class=\"c-accordion__content\">\n<p class=\"zeilenabstand\"><strong>Ein Drittel der Promovierten<\/strong> arbeitet ein Jahr nach der Promotion in der <strong>privaten Wirtschaft<\/strong>, dieser Anteil nimmt in den Folgejahren stetig zu. Promovierte Medizinerinnen und Mediziner arbeiten vorwiegend im Sektor Krankenhaus &#8211; nach der Promotion sind hier durchweg drei von zehn Promovierten besch\u00e4ftigt. Im sonstigen \u00f6ffentlichen Sektor sind nur sehr wenige Promovierte vor und nach der Promotion besch\u00e4ftigt, wobei die \u00f6ffentliche Verwaltung vor allem f\u00fcr Juristinnen und Juristen ein wichtiger Zielsektor ist (<a rel=\"noreferrer noopener\" href=\"https:\/\/www.buwin.de\/\" target=\"_blank\">BuWin 2021)<\/a>.<\/p>\n\n\n\n<p class=\"zeilenabstand\"><strong>Au\u00dferuniversit\u00e4re Berufswege nach der Promotion<\/strong> &#8211; <a rel=\"noreferrer noopener\" href=\"https:\/\/www.uniwind.org\/fileadmin\/user_upload\/Publikationen\/1UniWiND-Spezial_final_online.pdf\" target=\"_blank\">13 Portraits<\/a> in der Publikation &#8222;Perspektiven nach der Promotion&#8220; von <a rel=\"noreferrer noopener\" href=\"http:\/\/www.uniwind.org\/\" target=\"_blank\">UniWiND<\/a>, dem Universit\u00e4tsverband zur Qualifizierung des wissenschaftlichen Nachwuchses in Deutschland, in dem auch die MLU ein Mitglied ist. <\/p>\n\n\n\n<p><strong>Zu Fragen der beruflichen Entwicklung au\u00dferhalb der MLU<\/strong>&nbsp;ber\u00e4t auch das&nbsp;<a rel=\"noreferrer noopener\" href=\"https:\/\/www.careercenter.uni-halle.de\/\" target=\"_blank\">Career Center<\/a>&nbsp;sowie die&nbsp;<a href=\"https:\/\/www.arbeitsagentur.de\/vor-ort\/sachsen-anhalt-sued\/informationen-fuer-studenten\" target=\"_blank\" rel=\"noreferrer noopener\">Agentur f\u00fcr Arbeit Halle<\/a>. Das Career Center ist Schnittstelle zwischen der Universit\u00e4t und dem Arbeitsmarkt und ber\u00e4t zu Fragen der weiteren beruflichen Orientierung und ihrer Bewerbungsstrategie, vermittelt in praxisbezogenen Seminaren und Vortr\u00e4gen Kompetenzen, die auf das Arbeitsleben vorbereiten und stellt zudem den Kontakt zwischen Berufseinsteigern und Arbeitgebern her. <\/p>\n\n\n\n<p><a rel=\"noreferrer noopener\" href=\"https:\/\/uni-halle.jobteaser.com\" target=\"_blank\">Stellenangebote<\/a> au\u00dferhalb der MLU<\/p>\n<\/div><\/div>\n\n\n\n<div class=\"wp-block-pb-accordion-item c-accordion__item js-accordion-item no-js\" data-initially-open=\"false\" data-click-to-close=\"true\" data-auto-close=\"false\" data-scroll=\"false\" data-scroll-offset=\"0\"><h5 id=\"at-875\" class=\"c-accordion__title js-accordion-controller\" role=\"button\"><div style=\"padding:12px;background-color:#b1e053;line-height:1.4\">\nUnternehmensgr\u00fcndung<\/div><\/h5><div id=\"ac-875\" class=\"c-accordion__content\">\n<p class=\"zeilenabstand\">Unterst\u00fctzung bei der Entwicklung von Gesch\u00e4ftsmodellen und bei der Unternehmensgr\u00fcndung gibt der <a rel=\"noreferrer noopener\" href=\"https:\/\/transfer.uni-halle.de\/\" target=\"_blank\">Transfer- und Gr\u00fcnderservice der MLU<\/a>.<\/p>\n<\/div><\/div>\n\n\n\n<div class=\"wp-block-pb-accordion-item c-accordion__item js-accordion-item no-js\" data-initially-open=\"false\" data-click-to-close=\"true\" data-auto-close=\"false\" data-scroll=\"false\" data-scroll-offset=\"0\" id=\"wissenschaftsmanagement\"><h5 id=\"at-876\" class=\"c-accordion__title js-accordion-controller\" role=\"button\"><div style=\"padding:12px;background-color:#b1e053;line-height:1.4\">\nWissenschaftsmanagement<\/div><\/h5><div id=\"ac-876\" class=\"c-accordion__content\">\n<p class=\"zeilenabstand\"><strong>Wissenschaftsmanagement ist ein junges Berufsfeld<\/strong>, welches Freir\u00e4ume in der Wissenschaft schafft und erh\u00e4lt. Die Arbeit findet an der Schnittstelle von Wissenschaft und Verwaltung statt, beim Management von Graduiertenschulen, Forschungszentren, Sonderforschungsbereichen, Dekanaten, Rektoraten, im Forschungs- und Transfermanagement u. a.. Den Wechsel von der Forschung in das Wissenschaftsmanagement hat z. B. der aktuelle <a rel=\"noreferrer noopener\" href=\"https:\/\/www.campus-halensis.de\/artikel\/vom-forscher-zum-wissenschaftsmanager\/\" target=\"_blank\">Gesch\u00e4ftsf\u00fchrer<\/a> der Internationalen Graduiertenakademie der MLU vollzogen. <\/p>\n\n\n\n<p class=\"zeilenabstand\">Mehr Informationen zum Thema Wissenschaftsmanagement:<\/p>\n\n\n\n<ul class=\"zeilenabstand\"><li><a rel=\"noreferrer noopener\" href=\"https:\/\/www.wissenschaftsmanagement-online.de\/\" target=\"_blank\">Wissenschaftsmanagement-Online<\/a><\/li><li><a rel=\"noreferrer noopener\" href=\"https:\/\/netzwerk-wissenschaftsmanagement.de\/index.php\" target=\"_blank\">Netzwerk-Wissenschaftsmanagement<\/a><\/li><li><a rel=\"noreferrer noopener\" href=\"https:\/\/fortrama.net\/\" target=\"_blank\">FORTRAMA<\/a> &#8211; Netzwerk Forschungs- und Transfermanagement e.V.<\/li><li><a rel=\"noreferrer noopener\" href=\"https:\/\/www.transferallianz.de\" target=\"_blank\">TransferAllianz<\/a> &#8211; Deutsche Verband f\u00fcr Wissens- und Technologietransfer (WTT)<\/li><\/ul>\n<\/div><\/div>\n\n\n\n<hr class=\"wp-block-separator is-style-wide\" \/>\n\n\n\n<h4><strong>Links zu weiterf\u00fchrenden Informationen<\/strong><\/h4>\n\n\n\n<ul><li>\u00dcberblick \u00fcber Karriereverl\u00e4ufe Promovierter im <a rel=\"noreferrer noopener\" href=\"https:\/\/buwik.de\/\" target=\"_blank\">Bundesbericht Wissenschaftler und Wissenschaftlerinnen in einer fr\u00fchen Karrierephase <\/a>(BuWiK 2025). <\/li><li>Verbundprojekt <a rel=\"noreferrer noopener\" href=\"https:\/\/www.traumberuf-professorin.de\/\" target=\"_blank\">\u201eTraumberuf Professorin\u201c<\/a> \u2013 Mehr Professorinnen f\u00fcr Lehre und Forschung an Hochschulen f\u00fcr angewandte Wissenschaften<\/li><li>Zur Situation von Besch\u00e4ftigten in Graduierteneinrichtungen \u2013 <a rel=\"noreferrer noopener\" href=\"https:\/\/www.uniwind.org\/fileadmin\/user_upload\/Publikationen\/UniWiND-Band-12-Web.pdf\" target=\"_blank\">Einblicke in ein neues Berufsfeld<\/a><\/li><li><a rel=\"noreferrer noopener\" href=\"https:\/\/mittelbau.net\/\" target=\"_blank\">Netzwerk f\u00fcr Gute Arbeit<\/a> in der Wissenschaft (NGAWiss) &#8211; ein offener, \u00fcberregionaler Zusammenschluss von Mittelbauinitiativen und Einzelpersonen aus dem akademischen Mittelbau.<\/li><li><a rel=\"noreferrer noopener\" href=\"https:\/\/ichbinhanna.wordpress.com\/\" target=\"_blank\">#IchBinHanna<\/a> &#8211; prek\u00e4re Arbeit in der Wissenschaft<\/li><li>Relevante Postdoc-Stipendien: <a rel=\"noreferrer noopener\" href=\"https:\/\/www.leopoldina.org\/foerderung\/leopoldina-foerderprogramm\/leopoldina-postdoc-stipendium\/\" target=\"_blank\" class=\"broken_link\">Leopoldina-Postdoc-Stipendium<\/a>, <a rel=\"noreferrer noopener\" href=\"https:\/\/www.humboldt-foundation.de\/bewerben\/foerderprogramme\/feodor-lynen-forschungsstipendium\" target=\"_blank\">Feodor Lynen-Forschungsstipendium<\/a>, <a rel=\"noreferrer noopener\" href=\"https:\/\/www.dfg.de\/foerderung\/programme\/einzelfoerderung\/walter_benjamin\/index.html\" target=\"_blank\">Walter Benjamin-Programm der DFG<\/a><\/li><li>\u201e<a rel=\"noreferrer noopener\" href=\"https:\/\/www.dfg.de\/de\/ueber-uns\/internationale-zusammenarbeit\/dfg-praesenz-ausland\/nordamerika\/berichte\/2022\/220823-gespraech-jahn\" target=\"_blank\">In Amerika gewesen<\/a>\u201c: Deutsche Forschende in den USA und Kanada im Gespr\u00e4ch<\/li><li><a rel=\"noreferrer noopener\" href=\"https:\/\/www.dfg.de\/foerderung\/wissenschaftliche_karriere\/veranstaltungen\/index.html\" target=\"_blank\">Prospects<\/a>: Vortragsreihe zum DFG-F\u00f6rderangebot f\u00fcr wissenschaftliche Karrieren<\/li><li><a rel=\"noreferrer noopener\" href=\"https:\/\/perspektiven.blog\" target=\"_blank\">PERSPEKTIVEN.BLOG<\/a> &#8211; Berufliche Perspektiven und Lebensentw\u00fcrfe von und f\u00fcr Geistes- und Sozialwissenschaftler*innen<\/li><li>Career Resources for Researchers &#8211; <a rel=\"noreferrer noopener\" href=\"https:\/\/gsonet.org\/karrierewissen\/\" target=\"_blank\">GSO Career Resources<\/a><\/li><\/ul>\n\n\n\n<h4 class=\"zeilenabstand\">Buchempfehlungen<\/h4>\n\n\n\n<p class=\"zeilenabstand\"><strong>Survival Guide Wissenschaft \u2013 (\u00dcber-)Lebenstipps f\u00fcr akademische Karrieren.<\/strong> (Kai Noeske, Benjamin Rott, Katrin Hille, 2023, 1. Auflage) (<a rel=\"noreferrer noopener\" href=\"https:\/\/link.springer.com\/book\/10.1007\/978-3-662-67797-1\" target=\"_blank\">Universit\u00e4tsintern abrufbar \u00fcber Springer-Link<\/a>)<\/p>\n\n\n\n<p class=\"zeilenabstand\"><strong>Promotion \u2013 Postdoc \u2013 Professur. Karriereplanung in der Wissenschaft.<\/strong> (Mirjam M\u00fcller, 2017, 2. Auflage)<\/p>\n\n\n\n<p class=\"zeilenabstand\"><strong>Black Box Berufung &#8211; Strategien auf dem Weg zur Professur.<\/strong> (Christine F\u00e4rber, Ute Riedler, 2016)<\/p>\n\n\n\n<p><strong><strong>Karriere nach der Wissenschaft. Alternative Berufswege f\u00fcr Promovierte. <\/strong><\/strong>(Mirjam M\u00fcller, 2017)<\/p>\n\n\n\n<h4>Literatur<\/h4>\n\n\n\n<ol><li>Tukker JJ. How I learned to redefine academic success as a senior postdoc. Elife. 2022 Oct 12;11:e83251. doi: <a rel=\"noreferrer noopener\" href=\"http:\/\/doi.org\/10.7554\/eLife.83251\" target=\"_blank\" class=\"broken_link\">10.7554\/eLife.83251<\/a><\/li><\/ol>\n","protected":false},"excerpt":{"rendered":"<p>Wissenschaft im Universit\u00e4tskontext Mit der Promotion hat man einen hohen Grad an Selbst\u00e4ndigkeit bewiesen und den Nachweis erbracht, einer besonders vertieften wissenschaftlichen Arbeit f\u00e4hig zu sein. Sich weiterhin vertieft der wissenschaftlichen Arbeit zu widmen und gleichzeitig auf Leitungspositionen in der Wissenschaft zu qualifizieren, kann in den anschlie\u00dfenden Postdoc-Phasen erfolgen. Plan B &#8211; raus aus der [&hellip;]<\/p>\n","protected":false},"author":4228,"featured_media":540,"parent":74,"menu_order":2,"comment_status":"closed","ping_status":"closed","template":"","meta":[],"_links":{"self":[{"href":"https:\/\/blogs.urz.uni-halle.de\/mlu4career\/wp-json\/wp\/v2\/pages\/87"}],"collection":[{"href":"https:\/\/blogs.urz.uni-halle.de\/mlu4career\/wp-json\/wp\/v2\/pages"}],"about":[{"href":"https:\/\/blogs.urz.uni-halle.de\/mlu4career\/wp-json\/wp\/v2\/types\/page"}],"author":[{"embeddable":true,"href":"https:\/\/blogs.urz.uni-halle.de\/mlu4career\/wp-json\/wp\/v2\/users\/4228"}],"replies":[{"embeddable":true,"href":"https:\/\/blogs.urz.uni-halle.de\/mlu4career\/wp-json\/wp\/v2\/comments?post=87"}],"version-history":[{"count":10,"href":"https:\/\/blogs.urz.uni-halle.de\/mlu4career\/wp-json\/wp\/v2\/pages\/87\/revisions"}],"predecessor-version":[{"id":3326,"href":"https:\/\/blogs.urz.uni-halle.de\/mlu4career\/wp-json\/wp\/v2\/pages\/87\/revisions\/3326"}],"up":[{"embeddable":true,"href":"https:\/\/blogs.urz.uni-halle.de\/mlu4career\/wp-json\/wp\/v2\/pages\/74"}],"wp:featuredmedia":[{"embeddable":true,"href":"https:\/\/blogs.urz.uni-halle.de\/mlu4career\/wp-json\/wp\/v2\/media\/540"}],"wp:attachment":[{"href":"https:\/\/blogs.urz.uni-halle.de\/mlu4career\/wp-json\/wp\/v2\/media?parent=87"}],"curies":[{"name":"wp","href":"https:\/\/api.w.org\/{rel}","templated":true}]}}