{"id":91,"date":"2021-04-29T15:23:35","date_gmt":"2021-04-29T13:23:35","guid":{"rendered":"https:\/\/blogs.urz.uni-halle.de\/mlu4career\/?page_id=91"},"modified":"2024-07-04T13:42:50","modified_gmt":"2024-07-04T11:42:50","slug":"diversitaet","status":"publish","type":"page","link":"https:\/\/blogs.urz.uni-halle.de\/mlu4career\/arbeitsleben\/diversitaet\/","title":{"rendered":"Vielfalt &amp; Chancengleichheit"},"content":{"rendered":"\n<p class=\"zeilenabstand\">Die MLU positioniert sich klar f\u00fcr <a rel=\"noreferrer noopener\" href=\"https:\/\/wcms.itz.uni-halle.de\/download.php?down=58897&amp;elem=3359965\" target=\"_blank\">Vielfalt und Chancengleichheit<\/a> &#8211; dazu geh\u00f6ren Gleichstellung, Inklusion, Pr\u00e4vention von Diskriminierung und sexueller Bel\u00e4stigung, Familiengerechtigkeit und Nachhaltigkeit &#8211; und setzt auf konkrete Ma\u00dfnahmen, f\u00fcr deren Konzeption, Koordination und Kommunikation die <a rel=\"noreferrer noopener\" href=\"https:\/\/www.rektor.uni-halle.de\/stabsstelle\/vielfalt-chancengleichheit\/\" target=\"_blank\">Stabsstelle Vielfalt und Chancengleichheit<\/a> zust\u00e4ndig ist.<\/p>\n\n\n\n<div class=\"wp-block-pb-accordion-item c-accordion__item js-accordion-item no-js is-open\" data-initially-open=\"true\" data-click-to-close=\"true\" data-auto-close=\"false\" data-scroll=\"false\" data-scroll-offset=\"0\" id=\"Mentoring\"><h4 id=\"at-910\" class=\"c-accordion__title js-accordion-controller\" role=\"button\"><div style=\"padding:12px;background-color:#b1e053;line-height:1.4\"> F\u00f6rderung von Frauen in der Wissenschaft<\/div><\/h4><div id=\"ac-910\" class=\"c-accordion__content\">\n<ul class=\"zeilenabstand\"><li><a rel=\"noreferrer noopener\" href=\"https:\/\/mentoring-mlu.de\/?lang=de\" target=\"_blank\">MLU-Mentoring-Programm f\u00fcr Doktorandinnen, Postdoktorandinnen und Juniorprofessorinnen <\/a><\/li><li><a rel=\"noreferrer noopener\" href=\"https:\/\/www.rektor.uni-halle.de\/stabsstelle\/vielfalt-chancengleichheit\/gleichstellung\/frauenfoerderung\/\" target=\"_blank\">Frauenf\u00f6rdermittel<\/a> &#8211; Ausschreibungen f\u00fcr Wissenschaftlerinnen: Netzwerkmittel, Hilfskraftmittel, Mint-Tutorinnenmittel, Anpassungsma\u00dfnahmen Mutterschutz (nur im Intranet sichtbar!)<\/li><li>Vorbilder sichtbar machen &#8211; <a rel=\"noreferrer noopener\" href=\"https:\/\/wcms.itz.uni-halle.de\/download.php?down=56901&amp;elem=3325378&amp;func=tu45mtk3rs7cmb6l6q0a95diel3rsudf\" target=\"_blank\">Frauen der Wissenschaft an der MLU<\/a> im Portr\u00e4t: <ul><li><a rel=\"noreferrer noopener\" href=\"https:\/\/www.campus-halensis.de\/artikel\/es-braucht-eine-andere-kultur\/\" target=\"_blank\">Prof. Dr. Johanna Mierendorff<\/a> &#8211; Professorin f\u00fcr Sozialp\u00e4dagogik mit dem Schwerpunkt &#8218;P\u00e4dagogik der fr\u00fchen Kindheit&#8216;<\/li><li><a rel=\"noreferrer noopener\" href=\"https:\/\/www.campus-halensis.de\/artikel\/die-verbraucherschutzerin\/\" target=\"_blank\">Prof. Dr. Caroline Meller-Hannich<\/a> &#8211; Professorin und Inhaberin des Lehrstuhls f\u00fcr B\u00fcrgerliches Recht, Zivilprozess- und Handelsrecht<\/li><li><a rel=\"noreferrer noopener\" href=\"https:\/\/www.campus-halensis.de\/artikel\/wenn-eiweisse-sich-ansammeln\/\" target=\"_blank\">Dr. Maria Ott<\/a> &#8211; Nachwuchsgruppenleiterin am Institut f\u00fcr Biochemie und Biotechnologie<\/li><li><a rel=\"noreferrer noopener\" href=\"https:\/\/www.campus-halensis.de\/artikel\/inklusion-ist-keine-gleichmacherei\/\" target=\"_blank\">PD Dr. Ulrike Witten<\/a> &#8211; die erste Frau, die sich an der Theologischen Fakult\u00e4t habilitiert hat<\/li><li><a rel=\"noreferrer noopener\" href=\"https:\/\/www.campus-halensis.de\/artikel\/psychologie-fur-alle\/\" target=\"_blank\">Dr. Annegret Wolf<\/a> &#8211; wissenschaftliche Mitarbeiterin am Lehrstuhl f\u00fcr Psychologische Diagnostik und Differentielle Psychologie<\/li><\/ul><\/li><\/ul>\n<\/div><\/div>\n\n\n\n<div class=\"wp-block-pb-accordion-item c-accordion__item js-accordion-item no-js is-open\" data-initially-open=\"true\" data-click-to-close=\"true\" data-auto-close=\"false\" data-scroll=\"false\" data-scroll-offset=\"0\"><h4 id=\"at-911\" class=\"c-accordion__title js-accordion-controller\" role=\"button\"><div style=\"padding:12px;background-color:#b1e053;line-height:1.4\"> Vereinbarkeit von Familie und Beruf<\/div><\/h4><div id=\"ac-911\" class=\"c-accordion__content\">\n<p class=\"zeilenabstand\">Wie lassen sich wissenschaftliche Karriere und Familie vereinbaren? <br>Mehr dazu finden Sie unter <a rel=\"noreferrer noopener\" href=\"https:\/\/blogs.urz.uni-halle.de\/mlu4career\/arbeitsleben\/familie-und-arbeit\/\" target=\"_blank\">Familie &amp; Arbeit<\/a><\/p>\n<\/div><\/div>\n\n\n\n<div class=\"wp-block-pb-accordion-item c-accordion__item js-accordion-item no-js is-open zeilenabstand\" data-initially-open=\"true\" data-click-to-close=\"true\" data-auto-close=\"false\" data-scroll=\"false\" data-scroll-offset=\"0\"><h4 id=\"at-912\" class=\"c-accordion__title js-accordion-controller\" role=\"button\"><div style=\"padding:12px;background-color:#b1e053;line-height:1.4\"> Was tun bei Diskriminierungserfahrungen?<\/div><\/h4><div id=\"ac-912\" class=\"c-accordion__content\">\n<p>Beschwerde einreichen bei der <a rel=\"noreferrer noopener\" href=\"https:\/\/www.beschwerdestelle-agg.uni-halle.de\/\" target=\"_blank\">Beschwerdestelle der MLU<\/a>.<\/p>\n\n\n\n<p>Vertrauliche Beratung und Informationen zu entsprechenden Handlungsoptionen durch die <a href=\"https:\/\/diskriminierungsschutz.uni-halle.de\/\" target=\"_blank\" rel=\"noreferrer noopener\">Pr\u00e4ventions- und Beratungsstelle Antidiskriminierung<\/a> und\/oder die <a rel=\"noreferrer noopener\" href=\"https:\/\/www.sozial-konfliktberatung.uni-halle.de\/kontaktinformationen\/\" target=\"_blank\">Sozial- und Konfliktberatung<\/a>.<\/p>\n\n\n\n<p>Weitere Anlaufstellen der Universit\u00e4t kennen und nutzen: <a href=\"https:\/\/diskriminierungsschutz.uni-halle.de\/beratung\/\" target=\"_blank\" rel=\"noreferrer noopener\">Beratungs- und Unterst\u00fctzungsangebote<\/a>.<\/p>\n<\/div><\/div>\n\n\n\n<div class=\"wp-block-pb-accordion-item c-accordion__item js-accordion-item no-js is-open\" data-initially-open=\"true\" data-click-to-close=\"true\" data-auto-close=\"false\" data-scroll=\"false\" data-scroll-offset=\"0\"><h4 id=\"at-913\" class=\"c-accordion__title js-accordion-controller\" role=\"button\"><div style=\"padding:12px;background-color:#b1e053;line-height:1.4\"> Aktuelle Veranstaltungen<\/div><\/h4><div id=\"ac-913\" class=\"c-accordion__content\">\n<ul class=\"zeilenabstand\"><li><a rel=\"noreferrer noopener\" href=\"https:\/\/www.gleichstellung.uni-halle.de\/aktuelles_mlu\/#anchor3039574\" target=\"_blank\">Fortbildungen \/ Veranstaltungen<\/a> f\u00fcr Gleichstellungsbeauftragte und Interessierte<\/li><li><a rel=\"noreferrer noopener\" href=\"https:\/\/diskriminierungsschutz.uni-halle.de\/aktuelles\/\" target=\"_blank\">Aktuelle Veranstaltungen<\/a> zu Antidiskriminierungsthemen an der MLU finden Sie auf der Seite der Pr\u00e4ventions- und Beratungsstelle Antidiskriminierung<\/li><\/ul>\n<\/div><\/div>\n\n\n\n<hr class=\"wp-block-separator is-style-wide\" \/>\n\n\n\n<p><strong><strong>Links zu weiterf\u00fchrenden Informationen<\/strong><\/strong><\/p>\n\n\n\n<p class=\"zeilenabstand\">Frauen auf die Professur &#8211; die Herstellung und Wahrung der Chancengleichheit von Frauen und M\u00e4nnern ist fundamental in Berufungsverfahren. Die <a href=\"https:\/\/lakog-bw.de\/wp-content\/uploads\/LaKoG_Handreichung_WEB.pdf\" target=\"_blank\" rel=\"noreferrer noopener\">Handreichung Faire Berufungsverfahren<\/a> gibt Empfehlungen zur Qualit\u00e4tssicherung und Chancengleichheit.<\/p>\n\n\n\n<p class=\"zeilenabstand\"><a rel=\"noreferrer noopener\" href=\"https:\/\/www.unesco.de\/wissen\/wissenschaft\/frauen-der-wissenschaft\" target=\"_blank\">Frauen in der Wissenschaft<\/a> &#8211; Deutsche UNESCO-Kommission<\/p>\n\n\n\n<p>Online-Tutorials zu Gender Bias in Berufungsverfahren &#8211; bereitgestellt durch die <a href=\"https:\/\/www.uni-heidelberg.de\/gleichstellungsbeauftragte\/karriere\/onlinetutorial_genderbias.html\" target=\"_blank\" rel=\"noreferrer noopener\">Universit\u00e4t Heidelberg<\/a><\/p>\n","protected":false},"excerpt":{"rendered":"<p>Die MLU positioniert sich klar f\u00fcr Vielfalt und Chancengleichheit &#8211; dazu geh\u00f6ren Gleichstellung, Inklusion, Pr\u00e4vention von Diskriminierung und sexueller Bel\u00e4stigung, Familiengerechtigkeit und Nachhaltigkeit &#8211; und setzt auf konkrete Ma\u00dfnahmen, f\u00fcr deren Konzeption, Koordination und Kommunikation die Stabsstelle Vielfalt und Chancengleichheit zust\u00e4ndig ist. Links zu weiterf\u00fchrenden Informationen Frauen auf die Professur &#8211; die Herstellung und Wahrung [&hellip;]<\/p>\n","protected":false},"author":4228,"featured_media":0,"parent":77,"menu_order":2,"comment_status":"closed","ping_status":"closed","template":"","meta":[],"_links":{"self":[{"href":"https:\/\/blogs.urz.uni-halle.de\/mlu4career\/wp-json\/wp\/v2\/pages\/91"}],"collection":[{"href":"https:\/\/blogs.urz.uni-halle.de\/mlu4career\/wp-json\/wp\/v2\/pages"}],"about":[{"href":"https:\/\/blogs.urz.uni-halle.de\/mlu4career\/wp-json\/wp\/v2\/types\/page"}],"author":[{"embeddable":true,"href":"https:\/\/blogs.urz.uni-halle.de\/mlu4career\/wp-json\/wp\/v2\/users\/4228"}],"replies":[{"embeddable":true,"href":"https:\/\/blogs.urz.uni-halle.de\/mlu4career\/wp-json\/wp\/v2\/comments?post=91"}],"version-history":[{"count":10,"href":"https:\/\/blogs.urz.uni-halle.de\/mlu4career\/wp-json\/wp\/v2\/pages\/91\/revisions"}],"predecessor-version":[{"id":2993,"href":"https:\/\/blogs.urz.uni-halle.de\/mlu4career\/wp-json\/wp\/v2\/pages\/91\/revisions\/2993"}],"up":[{"embeddable":true,"href":"https:\/\/blogs.urz.uni-halle.de\/mlu4career\/wp-json\/wp\/v2\/pages\/77"}],"wp:attachment":[{"href":"https:\/\/blogs.urz.uni-halle.de\/mlu4career\/wp-json\/wp\/v2\/media?parent=91"}],"curies":[{"name":"wp","href":"https:\/\/api.w.org\/{rel}","templated":true}]}}