{"id":95,"date":"2021-04-29T15:23:35","date_gmt":"2021-04-29T13:23:35","guid":{"rendered":"https:\/\/blogs.urz.uni-halle.de\/mlu4career\/?page_id=95"},"modified":"2024-07-11T13:46:29","modified_gmt":"2024-07-11T11:46:29","slug":"beschluesse","status":"publish","type":"page","link":"https:\/\/blogs.urz.uni-halle.de\/mlu4career\/beschluesse\/","title":{"rendered":"Strategiepapiere, Ordnungen, Leitlinien etc."},"content":{"rendered":"\n<p class=\"zeilenabstand has-medium-font-size\">Hier finden Sie aktuelle Hinweise, Ordnungen, Leitlinien, Konzepte sowie Strategiepapiere mit Bezug zu Karriereoptionen und -ausgestaltung in der Wissenschaft an der Martin-Luther-Universit\u00e4t Halle-Wittenberg.<\/p>\n\n\n\n<hr class=\"wp-block-separator is-style-default\" \/>\n\n\n\n<p><a rel=\"noreferrer noopener\" href=\"https:\/\/www.verwaltung.uni-halle.de\/KANZLER\/ZGST\/ABL\/2022\/22_03_03.pdf\" target=\"_blank\">Berufungsordnung<\/a> der Martin-Luther-Universit\u00e4t Halle-Wittenberg (Inkrafttreten&nbsp;ab&nbsp;dem&nbsp;18.03.2022)<\/p>\n\n\n\n<p><a rel=\"noreferrer noopener\" href=\"https:\/\/www.verwaltung.uni-halle.de\/KANZLER\/ZGST\/ABL\/2022\/22_03_04.pdf\" target=\"_blank\">Evaluationsordnung&nbsp;f\u00fcr Juniorprofessuren<\/a> an der Martin-Luther-Universit\u00e4t Halle-Wittenberg&nbsp;(f\u00fcr&nbsp;Ernennungen&nbsp;ab&nbsp;dem&nbsp;18.03.2022)<\/p>\n\n\n\n<p><a rel=\"noreferrer noopener\" href=\"https:\/\/www.verwaltung.uni-halle.de\/KANZLER\/ZGST\/ABL\/2019\/19_01_01.pdf\" target=\"_blank\">Berufungs- und Evaluationsordnung&nbsp;f\u00fcr Juniorprofessuren <\/a>an der Martin-Luther-Universit\u00e4t Halle-Wittenberg (f\u00fcr&nbsp;Ernennungen&nbsp;01.01.2019&nbsp;&#8211;&nbsp;17.03.2022)<\/p>\n\n\n\n<hr class=\"wp-block-separator\" \/>\n\n\n\n<p><a rel=\"noreferrer noopener\" href=\"https:\/\/wcms.itz.uni-halle.de\/download.php?down=67797&amp;elem=3546477\" target=\"_blank\">Hochschulentwicklungsplan 2024 &#8211; 2<\/a><a href=\"https:\/\/wcms.itz.uni-halle.de\/download.php?down=67797&amp;elem=3546477\" target=\"_blank\" rel=\"noreferrer noopener\">0<\/a><a rel=\"noreferrer noopener\" href=\"https:\/\/wcms.itz.uni-halle.de\/download.php?down=67797&amp;elem=3546477\" target=\"_blank\">29<\/a> der Martin-Luther Universit\u00e4t Halle-Wittenberg<\/p>\n\n\n\n<p><a rel=\"noreferrer noopener\" href=\"https:\/\/wcms.itz.uni-halle.de\/download.php?down=51262&amp;elem=3188684\" target=\"_blank\">Konzept der Personalentwicklung<\/a> f\u00fcr den Wissenschaftsbereich der Martin-Luther-Universita\u0308t Halle-Wittenberg<\/p>\n\n\n\n<p><a rel=\"noreferrer noopener\" href=\"http:\/\/www.verwaltung.uni-halle.de\/dezern3\/internet\/service\/dv\/leitlinie_wiss_arb.pdf\" target=\"_blank\">Gute Arbeit in der Wissenschaft<\/a> &#8211; Leitlinien zur Gestaltung von Bescha\u0308ftigungsbedingungen an der Martin-Luther-Universita\u0308t Halle-Wittenberg<\/p>\n\n\n\n<p><a rel=\"noreferrer noopener\" href=\"https:\/\/wcms.itz.uni-halle.de\/download.php?down=50271&amp;elem=3154183\" target=\"_blank\">Leitbild Gleichstellung<\/a> an der Martin-Luther-Universita\u0308t Halle-Wittenberg<\/p>\n\n\n\n<p><a rel=\"noreferrer noopener\" href=\"https:\/\/wcms.itz.uni-halle.de\/download.php?down=66300&amp;elem=3513165\" target=\"_blank\">Nachhaltigkeitsstrategie<\/a> der Martin-Luther-Universit\u00e4t Halle-Wittenberg<\/p>\n\n\n\n<p><a rel=\"noreferrer noopener\" href=\"https:\/\/wcms.itz.uni-halle.de\/download.php?down=68187&amp;elem=3555676\" target=\"_blank\">Leitbild f\u00fcr gute Lehre<\/a> an der Martin-Luther-Universit\u00e4t Halle-Wittenberg<\/p>\n\n\n\n<p><a rel=\"noreferrer noopener\" href=\"https:\/\/wcms.itz.uni-halle.de\/download.php?down=67314&amp;elem=3537055\" target=\"_blank\">Open Science Policy<\/a> der Martin-Luther-Universit\u00e4t Halle-Wittenberg<\/p>\n","protected":false},"excerpt":{"rendered":"<p>Hier finden Sie aktuelle Hinweise, Ordnungen, Leitlinien, Konzepte sowie Strategiepapiere mit Bezug zu Karriereoptionen und -ausgestaltung in der Wissenschaft an der Martin-Luther-Universit\u00e4t Halle-Wittenberg. Berufungsordnung der Martin-Luther-Universit\u00e4t Halle-Wittenberg (Inkrafttreten&nbsp;ab&nbsp;dem&nbsp;18.03.2022) Evaluationsordnung&nbsp;f\u00fcr Juniorprofessuren an der Martin-Luther-Universit\u00e4t Halle-Wittenberg&nbsp;(f\u00fcr&nbsp;Ernennungen&nbsp;ab&nbsp;dem&nbsp;18.03.2022) Berufungs- und Evaluationsordnung&nbsp;f\u00fcr Juniorprofessuren an der Martin-Luther-Universit\u00e4t Halle-Wittenberg (f\u00fcr&nbsp;Ernennungen&nbsp;01.01.2019&nbsp;&#8211;&nbsp;17.03.2022) Hochschulentwicklungsplan 2024 &#8211; 2029 der Martin-Luther Universit\u00e4t Halle-Wittenberg Konzept der Personalentwicklung f\u00fcr [&hellip;]<\/p>\n","protected":false},"author":4228,"featured_media":0,"parent":0,"menu_order":2,"comment_status":"closed","ping_status":"closed","template":"","meta":[],"_links":{"self":[{"href":"https:\/\/blogs.urz.uni-halle.de\/mlu4career\/wp-json\/wp\/v2\/pages\/95"}],"collection":[{"href":"https:\/\/blogs.urz.uni-halle.de\/mlu4career\/wp-json\/wp\/v2\/pages"}],"about":[{"href":"https:\/\/blogs.urz.uni-halle.de\/mlu4career\/wp-json\/wp\/v2\/types\/page"}],"author":[{"embeddable":true,"href":"https:\/\/blogs.urz.uni-halle.de\/mlu4career\/wp-json\/wp\/v2\/users\/4228"}],"replies":[{"embeddable":true,"href":"https:\/\/blogs.urz.uni-halle.de\/mlu4career\/wp-json\/wp\/v2\/comments?post=95"}],"version-history":[{"count":10,"href":"https:\/\/blogs.urz.uni-halle.de\/mlu4career\/wp-json\/wp\/v2\/pages\/95\/revisions"}],"predecessor-version":[{"id":3014,"href":"https:\/\/blogs.urz.uni-halle.de\/mlu4career\/wp-json\/wp\/v2\/pages\/95\/revisions\/3014"}],"wp:attachment":[{"href":"https:\/\/blogs.urz.uni-halle.de\/mlu4career\/wp-json\/wp\/v2\/media?parent=95"}],"curies":[{"name":"wp","href":"https:\/\/api.w.org\/{rel}","templated":true}]}}