{"id":91,"date":"2023-07-25T16:32:55","date_gmt":"2023-07-25T14:32:55","guid":{"rendered":"https:\/\/blogs.urz.uni-halle.de\/mpscconference\/?page_id=91"},"modified":"2023-09-26T16:21:46","modified_gmt":"2023-09-26T14:21:46","slug":"navigation","status":"publish","type":"page","link":"https:\/\/blogs.urz.uni-halle.de\/mpscconference\/navigation\/","title":{"rendered":"Navigation"},"content":{"rendered":"\n<figure class=\"wp-block-gallery alignwide columns-3 is-cropped\"><ul class=\"blocks-gallery-grid\"><li class=\"blocks-gallery-item\"><figure><img loading=\"lazy\" width=\"650\" height=\"338\" src=\"https:\/\/blogs.urz.uni-halle.de\/mpscconference\/files\/2023\/07\/Google-Map.png\" alt=\"\" data-id=\"107\" data-link=\"https:\/\/blogs.urz.uni-halle.de\/mpscconference\/navigation\/google-map\/\" class=\"wp-image-107\" srcset=\"https:\/\/blogs.urz.uni-halle.de\/mpscconference\/files\/2023\/07\/Google-Map.png 650w, https:\/\/blogs.urz.uni-halle.de\/mpscconference\/files\/2023\/07\/Google-Map-300x156.png 300w\" sizes=\"(max-width: 650px) 100vw, 650px\" \/><\/figure><\/li><li class=\"blocks-gallery-item\"><figure><img loading=\"lazy\" width=\"1922\" height=\"1042\" src=\"https:\/\/blogs.urz.uni-halle.de\/mpscconference\/files\/2023\/07\/Studiobuhne-Map-1.png\" alt=\"\" data-id=\"149\" data-link=\"https:\/\/blogs.urz.uni-halle.de\/mpscconference\/navigation\/studiobuhne-map-1\/\" class=\"wp-image-149\" srcset=\"https:\/\/blogs.urz.uni-halle.de\/mpscconference\/files\/2023\/07\/Studiobuhne-Map-1.png 1922w, https:\/\/blogs.urz.uni-halle.de\/mpscconference\/files\/2023\/07\/Studiobuhne-Map-1-300x163.png 300w, https:\/\/blogs.urz.uni-halle.de\/mpscconference\/files\/2023\/07\/Studiobuhne-Map-1-785x426.png 785w, https:\/\/blogs.urz.uni-halle.de\/mpscconference\/files\/2023\/07\/Studiobuhne-Map-1-768x416.png 768w, https:\/\/blogs.urz.uni-halle.de\/mpscconference\/files\/2023\/07\/Studiobuhne-Map-1-1536x833.png 1536w\" sizes=\"(max-width: 1922px) 100vw, 1922px\" \/><\/figure><\/li><li class=\"blocks-gallery-item\"><figure><img loading=\"lazy\" width=\"408\" height=\"272\" src=\"https:\/\/blogs.urz.uni-halle.de\/mpscconference\/files\/2023\/07\/Niu-Hotel.jpg\" alt=\"\" data-id=\"252\" data-link=\"https:\/\/blogs.urz.uni-halle.de\/mpscconference\/navigation\/niu-hotel\/\" class=\"wp-image-252\" srcset=\"https:\/\/blogs.urz.uni-halle.de\/mpscconference\/files\/2023\/07\/Niu-Hotel.jpg 408w, https:\/\/blogs.urz.uni-halle.de\/mpscconference\/files\/2023\/07\/Niu-Hotel-300x200.jpg 300w\" sizes=\"(max-width: 408px) 100vw, 408px\" \/><figcaption class=\"blocks-gallery-item__caption\">the niu Ridge Hotel<\/figcaption><\/figure><\/li><li class=\"blocks-gallery-item\"><figure><img loading=\"lazy\" width=\"800\" height=\"688\" src=\"https:\/\/blogs.urz.uni-halle.de\/mpscconference\/files\/2023\/07\/MusikinstitutHalle_fc_Lisa_Pitt.jpg\" alt=\"\" data-id=\"255\" data-full-url=\"https:\/\/blogs.urz.uni-halle.de\/mpscconference\/files\/2023\/07\/MusikinstitutHalle_fc_Lisa_Pitt.jpg\" data-link=\"https:\/\/blogs.urz.uni-halle.de\/mpscconference\/navigation\/musikinstituthalle_fc_lisa_pitt\/\" class=\"wp-image-255\" srcset=\"https:\/\/blogs.urz.uni-halle.de\/mpscconference\/files\/2023\/07\/MusikinstitutHalle_fc_Lisa_Pitt.jpg 800w, https:\/\/blogs.urz.uni-halle.de\/mpscconference\/files\/2023\/07\/MusikinstitutHalle_fc_Lisa_Pitt-300x258.jpg 300w, https:\/\/blogs.urz.uni-halle.de\/mpscconference\/files\/2023\/07\/MusikinstitutHalle_fc_Lisa_Pitt-785x675.jpg 785w, https:\/\/blogs.urz.uni-halle.de\/mpscconference\/files\/2023\/07\/MusikinstitutHalle_fc_Lisa_Pitt-768x660.jpg 768w\" sizes=\"(max-width: 800px) 100vw, 800px\" \/><figcaption class=\"blocks-gallery-item__caption\">IMMS; Kleine Marktstra\u00dfe 7<\/figcaption><\/figure><\/li><\/ul><\/figure>\n\n\n\n<h3><strong>You Can Find Us In:<\/strong><\/h3>\n\n\n\n<ul><li>Conference Venue: <span class=\"has-inline-color has-blue-color\">Institute f\u00fcr Musik, Medien- &amp; Sprechwissenschaften, Haus 2, Dachritzstra\u00dfe 6, Studiob\u00fchne (4th Floor), 06108 Halle (Saale)<\/span><a href=\"\"><\/a><\/li><\/ul>\n\n\n\n<p>Dachritzstra\u00dfe 6 on Google Maps<br><a rel=\"noreferrer noopener\" href=\"https:\/\/goo.gl\/maps\/QJ3swXvh7hdAHtT6A\" target=\"_blank\"><span class=\"has-inline-color has-blue-color\">https:\/\/goo.gl\/maps\/QJ3swXvh7hdAHtT6A<\/span><\/a><\/p>\n\n\n\n<p>Kleine Marktstra\u00dfe 7 on Google Maps<br><a rel=\"noreferrer noopener\" href=\"https:\/\/goo.gl\/maps\/gYtHobq5vt4XUthv6\" target=\"_blank\"><span class=\"has-inline-color has-blue-color\">https:\/\/goo.gl\/maps\/gYtHobq5vt4XUthv6<\/span><\/a><\/p>\n\n\n\n<ul><li>The Niu Ridge Hotel, located at Riebeckplatz 10, Halle (Saale), will accommodate guests.<a href=\"\"><\/a><\/li><\/ul>\n\n\n\n<p>The Niu Ridge on Google Maps<br><a rel=\"noreferrer noopener\" href=\"https:\/\/goo.gl\/maps\/HE4MCjocF5j2dRZi6\" target=\"_blank\"><span class=\"has-inline-color has-blue-color\">https:\/\/goo.gl\/maps\/HE4MCjocF5j2dRZi6<\/span><\/a><\/p>\n\n\n\n<ul><li>The two joint dinners will be held at:<\/li><\/ul>\n\n\n\n<p>Der Kleine Inder Restaurant: &nbsp;<span class=\"has-inline-color has-blue-color\">Sch\u00fclershof 17, 06108 Halle (Saale)<\/span><\/p>\n\n\n\n<p>Der Kleine Inder Restaurant on Google Maps<br><a href=\"https:\/\/maps.app.goo.gl\/fvY5XiaZJ4y4umdA8\"><span class=\"has-inline-color has-blue-color\">https:\/\/maps.app.goo.gl\/fvY5XiaZJ4y4umdA8<\/span><\/a><\/p>\n\n\n\n<p>Isfahan Iranian Restaurant: <span class=\"has-inline-color has-blue-color\">Ludwig-Wucherer-Stra\u00dfe 27, 06108 Halle (Saale)<\/span><\/p>\n\n\n\n<p>Isfahan Iranian Restaurant on Google Maps <span class=\"has-inline-color has-blue-color\"><a href=\"https:\/\/maps.app.goo.gl\/nat2MnPYWzs4FBV37\">https:\/\/maps.app.goo.gl\/nat2MnPYWzs4FBV37<\/a>\\<\/span><\/p>\n\n\n\n<p><\/p>\n\n\n\n<p><\/p>\n\n\n\n<p><\/p>\n","protected":false},"excerpt":{"rendered":"<p>You Can Find Us In: Conference Venue: Institute f\u00fcr Musik, Medien- &amp; Sprechwissenschaften, Haus 2, Dachritzstra\u00dfe 6, Studiob\u00fchne (4th Floor), 06108 Halle (Saale) Dachritzstra\u00dfe 6 on Google Mapshttps:\/\/goo.gl\/maps\/QJ3swXvh7hdAHtT6A Kleine Marktstra\u00dfe 7 on Google Mapshttps:\/\/goo.gl\/maps\/gYtHobq5vt4XUthv6 The Niu Ridge Hotel, located at &hellip; <a href=\"https:\/\/blogs.urz.uni-halle.de\/mpscconference\/navigation\/\">Continue reading <span class=\"meta-nav\">&rarr;<\/span><\/a><\/p>\n","protected":false},"author":4567,"featured_media":0,"parent":0,"menu_order":0,"comment_status":"closed","ping_status":"closed","template":"","meta":[],"_links":{"self":[{"href":"https:\/\/blogs.urz.uni-halle.de\/mpscconference\/wp-json\/wp\/v2\/pages\/91"}],"collection":[{"href":"https:\/\/blogs.urz.uni-halle.de\/mpscconference\/wp-json\/wp\/v2\/pages"}],"about":[{"href":"https:\/\/blogs.urz.uni-halle.de\/mpscconference\/wp-json\/wp\/v2\/types\/page"}],"author":[{"embeddable":true,"href":"https:\/\/blogs.urz.uni-halle.de\/mpscconference\/wp-json\/wp\/v2\/users\/4567"}],"replies":[{"embeddable":true,"href":"https:\/\/blogs.urz.uni-halle.de\/mpscconference\/wp-json\/wp\/v2\/comments?post=91"}],"version-history":[{"count":10,"href":"https:\/\/blogs.urz.uni-halle.de\/mpscconference\/wp-json\/wp\/v2\/pages\/91\/revisions"}],"predecessor-version":[{"id":312,"href":"https:\/\/blogs.urz.uni-halle.de\/mpscconference\/wp-json\/wp\/v2\/pages\/91\/revisions\/312"}],"wp:attachment":[{"href":"https:\/\/blogs.urz.uni-halle.de\/mpscconference\/wp-json\/wp\/v2\/media?parent=91"}],"curies":[{"name":"wp","href":"https:\/\/api.w.org\/{rel}","templated":true}]}}