{"id":257,"date":"2025-07-15T14:10:39","date_gmt":"2025-07-15T12:10:39","guid":{"rendered":"https:\/\/blogs.urz.uni-halle.de\/muwi\/?page_id=257"},"modified":"2025-08-01T12:44:41","modified_gmt":"2025-08-01T10:44:41","slug":"studiengangsprofil","status":"publish","type":"page","link":"https:\/\/blogs.urz.uni-halle.de\/muwi\/studiengangsprofil","title":{"rendered":"Studiengangsprofil"},"content":{"rendered":"\n<p class=\"has-normal-font-size\">Der Masterstudiengang <strong>\u201eMusikwissenschaft: Kulturen der Musik im historischen, globalen und medialen Kontext\u201c<\/strong> wird seit dem Sommersemester 2024 an der Martin-Luther-Universit\u00e4t Halle-Wittenberg angeboten. Ziel des Studiengangs ist es, verschiedene Musikkulturen der Welt, den Einsatz von Musik und Klang in den Medien sowie die Vielgestaltigkeit musikalischer Ausdrucksformen zwischen Partiturmusik, Popmusik, experimenteller Musik und oralen Traditionen transparent zu machen. Unterschiedliche Musikkulturen werden dabei in ihren historischen Grundlagen und aktuellen Auspr\u00e4gungen wie auch in ihren wechselseitigen Verflechtungen beleuchtet. Das flexible Studienprogramm erm\u00f6glicht es dir, das Studium der Musikwissenschaft nach deinen individuellen Interessen zu gestalten.<\/p>\n\n\n\n<h4 class=\"has-text-align-left has-black-color has-text-color\">Ein Fach \u2013 drei Perspektiven<\/h4>\n\n\n\n<figure class=\"wp-block-gallery columns-3 is-cropped\"><ul class=\"blocks-gallery-grid\"><li class=\"blocks-gallery-item\"><figure><a href=\"https:\/\/blogs.urz.uni-halle.de\/muwi\/files\/2025\/07\/Ethno-001-1-scaled.jpg\"><img loading=\"lazy\" width=\"212\" height=\"300\" src=\"https:\/\/blogs.urz.uni-halle.de\/muwi\/files\/2025\/07\/Ethno-001-1-212x300.jpg\" alt=\"\" data-id=\"128\" data-full-url=\"https:\/\/blogs.urz.uni-halle.de\/muwi\/files\/2025\/07\/Ethno-001-1-scaled.jpg\" data-link=\"https:\/\/blogs.urz.uni-halle.de\/muwi\/?attachment_id=128\" class=\"wp-image-128\" srcset=\"https:\/\/blogs.urz.uni-halle.de\/muwi\/files\/2025\/07\/Ethno-001-1-212x300.jpg 212w, https:\/\/blogs.urz.uni-halle.de\/muwi\/files\/2025\/07\/Ethno-001-1-724x1024.jpg 724w, https:\/\/blogs.urz.uni-halle.de\/muwi\/files\/2025\/07\/Ethno-001-1-768x1086.jpg 768w, https:\/\/blogs.urz.uni-halle.de\/muwi\/files\/2025\/07\/Ethno-001-1-1086x1536.jpg 1086w, https:\/\/blogs.urz.uni-halle.de\/muwi\/files\/2025\/07\/Ethno-001-1-1449x2048.jpg 1449w, https:\/\/blogs.urz.uni-halle.de\/muwi\/files\/2025\/07\/Ethno-001-1-scaled.jpg 1811w\" sizes=\"(max-width: 212px) 100vw, 212px\" \/><\/a><figcaption class=\"blocks-gallery-item__caption\">Musikethnologie<\/figcaption><\/figure><\/li><li class=\"blocks-gallery-item\"><figure><a href=\"https:\/\/blogs.urz.uni-halle.de\/muwi\/files\/2025\/07\/Historische-001-scaled.jpg\"><img loading=\"lazy\" width=\"212\" height=\"300\" src=\"https:\/\/blogs.urz.uni-halle.de\/muwi\/files\/2025\/07\/Historische-001-212x300.jpg\" alt=\"Fachbereiche der MuWi in Halle\" data-id=\"125\" data-full-url=\"https:\/\/blogs.urz.uni-halle.de\/muwi\/files\/2025\/07\/Historische-001-scaled.jpg\" data-link=\"https:\/\/blogs.urz.uni-halle.de\/muwi\/?attachment_id=125\" class=\"wp-image-125\" srcset=\"https:\/\/blogs.urz.uni-halle.de\/muwi\/files\/2025\/07\/Historische-001-212x300.jpg 212w, https:\/\/blogs.urz.uni-halle.de\/muwi\/files\/2025\/07\/Historische-001-724x1024.jpg 724w, https:\/\/blogs.urz.uni-halle.de\/muwi\/files\/2025\/07\/Historische-001-768x1086.jpg 768w, https:\/\/blogs.urz.uni-halle.de\/muwi\/files\/2025\/07\/Historische-001-1086x1536.jpg 1086w, https:\/\/blogs.urz.uni-halle.de\/muwi\/files\/2025\/07\/Historische-001-1449x2048.jpg 1449w, https:\/\/blogs.urz.uni-halle.de\/muwi\/files\/2025\/07\/Historische-001-scaled.jpg 1811w\" sizes=\"(max-width: 212px) 100vw, 212px\" \/><\/a><figcaption class=\"blocks-gallery-item__caption\">Historische Musikwissenschaft<\/figcaption><\/figure><\/li><li class=\"blocks-gallery-item\"><figure><a href=\"https:\/\/blogs.urz.uni-halle.de\/muwi\/files\/2025\/07\/MuMe-001-1-scaled.jpg\"><img loading=\"lazy\" width=\"212\" height=\"300\" src=\"https:\/\/blogs.urz.uni-halle.de\/muwi\/files\/2025\/07\/MuMe-001-1-212x300.jpg\" alt=\"\" data-id=\"134\" data-full-url=\"https:\/\/blogs.urz.uni-halle.de\/muwi\/files\/2025\/07\/MuMe-001-1-scaled.jpg\" data-link=\"https:\/\/blogs.urz.uni-halle.de\/muwi\/?attachment_id=134\" class=\"wp-image-134\" srcset=\"https:\/\/blogs.urz.uni-halle.de\/muwi\/files\/2025\/07\/MuMe-001-1-212x300.jpg 212w, https:\/\/blogs.urz.uni-halle.de\/muwi\/files\/2025\/07\/MuMe-001-1-724x1024.jpg 724w, https:\/\/blogs.urz.uni-halle.de\/muwi\/files\/2025\/07\/MuMe-001-1-768x1086.jpg 768w, https:\/\/blogs.urz.uni-halle.de\/muwi\/files\/2025\/07\/MuMe-001-1-1086x1536.jpg 1086w, https:\/\/blogs.urz.uni-halle.de\/muwi\/files\/2025\/07\/MuMe-001-1-1449x2048.jpg 1449w, https:\/\/blogs.urz.uni-halle.de\/muwi\/files\/2025\/07\/MuMe-001-1-scaled.jpg 1811w\" sizes=\"(max-width: 212px) 100vw, 212px\" \/><\/a><figcaption class=\"blocks-gallery-item__caption\">Musik und<a href=\"https:\/\/blogs.urz.uni-halle.de\/muwi\/files\/2025\/07\/MuMe-001-1-scaled.jpg\" data-type=\"URL\" data-id=\"https:\/\/blogs.urz.uni-halle.de\/muwi\/files\/2025\/07\/MuMe-001-1-scaled.jpg\"> <\/a>Medien<\/figcaption><\/figure><\/li><\/ul><figcaption class=\"blocks-gallery-caption\">Die Fachbereiche der MuWi in Halle<\/figcaption><\/figure>\n\n\n\n<div class=\"wp-block-group\"><div class=\"wp-block-group__inner-container\"><\/div><\/div>\n\n\n\n<p><\/p>\n\n\n\n<p class=\"has-normal-font-size\">Die Abteilung Musikwissenschaft der MLU verf\u00fcgt \u00fcber Lehrst\u00fchle in den Fachbereichen<a rel=\"noreferrer noopener\" href=\"https:\/\/www.musikwiss.uni-halle.de\/lehre\/fachgebiete\/historische_musikwissenschaft\/\" target=\"_blank\"> Historische Musikwissenschaft<\/a>,<a rel=\"noreferrer noopener\" href=\"https:\/\/www.musikwiss.uni-halle.de\/lehre\/fachgebiete\/musikethnologie\/\" target=\"_blank\"> Musikethnologie<\/a> und<a rel=\"noreferrer noopener\" href=\"https:\/\/www.musikwiss.uni-halle.de\/lehre\/fachgebiete\/systematische_musikwissenschaft\/\" target=\"_blank\"> Musik- und Medienforschung<\/a> \u2013 eine deutschlandweit einzigartige fachliche Ausrichtung. Dadurch hast du die M\u00f6glichkeit, das Fach in seiner gesamten Breite kennenzulernen und im Laufe deines Studiums ein individuelles Wissensprofil im Spannungsfeld historischer, globaler und medialer Musikkulturen zu entwickeln.<\/p>\n\n\n\n<h4>Individuell gestalten \u2013 integrativ denken<\/h4>\n\n\n\n<p class=\"has-normal-font-size\">Neben der klassischen Schwerpunktsetzung in einem der drei Fachbereiche (Historische Musikwissenschaft, Musik- und Medienforschung, Musikethnologie) hast du durch das innovative Modulangebot<a href=\"https:\/\/blogs.urz.uni-halle.de\/muwi\/muwi-integrativ\"> <strong>\u201eMusikwissenschaft Integrativ\u201c<\/strong><\/a> die M\u00f6glichkeit, dich \u00fcber die innerfachlichen Grenzen hinaus auf die inhaltlichen und methodischen Wechselwirkungen im Querschnittsbereich der drei Teildisziplinen zu spezialisieren. Im Schwerpunkt <a href=\"https:\/\/blogs.urz.uni-halle.de\/muwi\/muwi-integrativ\"><strong>\u201eMusikwissenschaft Integrativ\u201c<\/strong><\/a> n\u00e4herst du dich den Forschungsgegenst\u00e4nden aus unterschiedlichsten Perspektiven an und entwickelst so ein interdisziplin\u00e4res Verst\u00e4ndnis musikkultureller Ph\u00e4nomene.<\/p>\n\n\n\n<h4>Forschung trifft Praxis<\/h4>\n\n\n\n<p class=\"has-normal-font-size\">Der Masterstudiengang ist prim\u00e4r forschungsorientiert, durch einen hohen Praxisanteil (Projektseminare, Modulbereich <a href=\"https:\/\/blogs.urz.uni-halle.de\/muwi\/beyond-borders\"><strong>\u201eBeyond Borders\u201c<\/strong><\/a>) werden dir aber auch anwendungsbezogene Kompetenzen vermittelt, die dich f\u00fcr unterschiedliche <a href=\"https:\/\/blogs.urz.uni-halle.de\/muwi\/muwi-im-beruf\">T\u00e4tigkeitsfelder<\/a> etwa im Journalismus, im Konzert- und Theaterwesen, in Archiven und bei Verlagen oder in der Medienwirtschaft qualifizieren. Eine gro\u00dfe Wahlfreiheit innerhalb des Modulangebots erm\u00f6glicht es dir, deinen Studienverlauf deinen individuellen Interessen und St\u00e4rken anzupassen.<\/p>\n\n\n\n<h4>Zugangsvoraussetzungen<\/h4>\n\n\n\n<p>Der Studiengang richtet sich an Interessent:innen, die ein Bachelorstudium mit einem musikwissenschaftlichen Anteil von mindestens 60 LP abgeschlossen haben oder eine vergleichbare musikwissenschaftliche Kompetenz nachweisen k\u00f6nnen (<a href=\"https:\/\/studienangebot.uni-halle.de\/musikwissenschaft-kulturen-der-musik-im-historischen-medialen-und-globalen-kontext-master-120#block-zulassungsvoraussetzungen\" target=\"_blank\" rel=\"noreferrer noopener\">Zugangsvoraussetzungen<\/a>).<\/p>\n\n\n\n<p>Du m\u00f6chtest den Masterstudiengang belegen, bist dir aber unsicher, ob du die Voraussetzungen erf\u00fcllst? <a href=\"mailto:anna.schaefer@musikwiss.uni-halle.de\">Schreib\u2019 uns<\/a> und wir pr\u00fcfen gemeinsam, ob du bei uns studieren kannst!<\/p>\n\n\n\n<div class=\"wp-block-buttons aligncenter\">\n<div class=\"wp-block-button is-style-fill\"><a class=\"wp-block-button__link\" href=\"https:\/\/loewenportal.uni-halle.de\/portal\/rds?state=wimma&amp;stg=f&amp;imma=einl\" style=\"border-radius:5px\" target=\"_blank\" rel=\"noreferrer noopener\">Jetzt bewerben!<\/a><\/div>\n<\/div>\n\n\n\n<div style=\"height:40px\" aria-hidden=\"true\" class=\"wp-block-spacer\"><\/div>\n\n\n\n<figure class=\"wp-block-embed-youtube wp-block-embed is-type-video is-provider-youtube wp-embed-aspect-16-9 wp-has-aspect-ratio\"><div class=\"wp-block-embed__wrapper\">\n<iframe title=\"Musikwissenschaft studieren | Uni Halle\" width=\"1200\" height=\"675\" src=\"https:\/\/www.youtube.com\/embed\/xioyomQhvaI?feature=oembed\" frameborder=\"0\" allow=\"accelerometer; autoplay; clipboard-write; encrypted-media; gyroscope; picture-in-picture; web-share\" referrerpolicy=\"strict-origin-when-cross-origin\" allowfullscreen><\/iframe>\n<\/div><\/figure>\n\n\n\n<div style=\"height:40px\" aria-hidden=\"true\" class=\"wp-block-spacer\"><\/div>\n\n\n\n<p><\/p>\n","protected":false},"excerpt":{"rendered":"<div class=\"entry-summary\">\nDer Masterstudiengang \u201eMusikwissenschaft: Kulturen der Musik im historischen, globalen und medialen Kontext\u201c wird seit dem Sommersemester 2024 an der Martin-Luther-Universit\u00e4t&hellip;\n<\/div>\n<div class=\"link-more\"><a href=\"https:\/\/blogs.urz.uni-halle.de\/muwi\/studiengangsprofil\" class=\"more-link\">Continue reading<span class=\"screen-reader-text\"> &ldquo;Studiengangsprofil&rdquo;<\/span>&hellip;<\/a><\/div>\n","protected":false},"author":6412,"featured_media":0,"parent":0,"menu_order":1,"comment_status":"closed","ping_status":"closed","template":"","meta":[],"yoast_head":"<!-- This site is optimized with the Yoast SEO plugin v15.6.2 - https:\/\/yoast.com\/wordpress\/plugins\/seo\/ -->\n<title>Studiengangsprofil - Historisch | Global | Medial<\/title>\n<meta name=\"robots\" content=\"index, follow, max-snippet:-1, max-image-preview:large, max-video-preview:-1\" \/>\n<link rel=\"canonical\" href=\"https:\/\/blogs.urz.uni-halle.de\/muwi\/studiengangsprofil\" \/>\n<meta property=\"og:locale\" content=\"de_DE\" \/>\n<meta property=\"og:type\" content=\"article\" \/>\n<meta property=\"og:title\" content=\"Studiengangsprofil - Historisch | Global | Medial\" \/>\n<meta property=\"og:description\" content=\"Der Masterstudiengang \u201eMusikwissenschaft: Kulturen der Musik im historischen, globalen und medialen Kontext\u201c wird seit dem Sommersemester 2024 an der Martin-Luther-Universit\u00e4t&hellip; Continue reading &ldquo;Studiengangsprofil&rdquo;&hellip;\" \/>\n<meta property=\"og:url\" content=\"https:\/\/blogs.urz.uni-halle.de\/muwi\/studiengangsprofil\" \/>\n<meta property=\"og:site_name\" content=\"Historisch | Global | Medial\" \/>\n<meta property=\"article:modified_time\" content=\"2025-08-01T10:44:41+00:00\" \/>\n<meta property=\"og:image\" content=\"https:\/\/blogs.urz.uni-halle.de\/muwi\/files\/2025\/07\/Ethno-001-1-212x300.jpg\" \/>\n<meta name=\"twitter:card\" content=\"summary_large_image\" \/>\n<meta name=\"twitter:label1\" content=\"Gesch\u00e4tzte Lesezeit\">\n\t<meta name=\"twitter:data1\" content=\"2\u00a0Minuten\">\n<script type=\"application\/ld+json\" class=\"yoast-schema-graph\">{\"@context\":\"https:\/\/schema.org\",\"@graph\":[{\"@type\":\"WebSite\",\"@id\":\"https:\/\/blogs.urz.uni-halle.de\/muwi\/#website\",\"url\":\"https:\/\/blogs.urz.uni-halle.de\/muwi\/\",\"name\":\"Historisch | Global | Medial\",\"description\":\"M.A. Musikwissenschaft\",\"potentialAction\":[{\"@type\":\"SearchAction\",\"target\":\"https:\/\/blogs.urz.uni-halle.de\/muwi\/?s={search_term_string}\",\"query-input\":\"required name=search_term_string\"}],\"inLanguage\":\"de\"},{\"@type\":\"ImageObject\",\"@id\":\"https:\/\/blogs.urz.uni-halle.de\/muwi\/studiengangsprofil#primaryimage\",\"inLanguage\":\"de\",\"url\":\"https:\/\/blogs.urz.uni-halle.de\/muwi\/files\/2025\/07\/Ethno-001-1-212x300.jpg\"},{\"@type\":\"WebPage\",\"@id\":\"https:\/\/blogs.urz.uni-halle.de\/muwi\/studiengangsprofil#webpage\",\"url\":\"https:\/\/blogs.urz.uni-halle.de\/muwi\/studiengangsprofil\",\"name\":\"Studiengangsprofil - Historisch | Global | Medial\",\"isPartOf\":{\"@id\":\"https:\/\/blogs.urz.uni-halle.de\/muwi\/#website\"},\"primaryImageOfPage\":{\"@id\":\"https:\/\/blogs.urz.uni-halle.de\/muwi\/studiengangsprofil#primaryimage\"},\"datePublished\":\"2025-07-15T12:10:39+00:00\",\"dateModified\":\"2025-08-01T10:44:41+00:00\",\"inLanguage\":\"de\",\"potentialAction\":[{\"@type\":\"ReadAction\",\"target\":[\"https:\/\/blogs.urz.uni-halle.de\/muwi\/studiengangsprofil\"]}]}]}<\/script>\n<!-- \/ Yoast SEO plugin. -->","_links":{"self":[{"href":"https:\/\/blogs.urz.uni-halle.de\/muwi\/wp-json\/wp\/v2\/pages\/257"}],"collection":[{"href":"https:\/\/blogs.urz.uni-halle.de\/muwi\/wp-json\/wp\/v2\/pages"}],"about":[{"href":"https:\/\/blogs.urz.uni-halle.de\/muwi\/wp-json\/wp\/v2\/types\/page"}],"author":[{"embeddable":true,"href":"https:\/\/blogs.urz.uni-halle.de\/muwi\/wp-json\/wp\/v2\/users\/6412"}],"replies":[{"embeddable":true,"href":"https:\/\/blogs.urz.uni-halle.de\/muwi\/wp-json\/wp\/v2\/comments?post=257"}],"version-history":[{"count":9,"href":"https:\/\/blogs.urz.uni-halle.de\/muwi\/wp-json\/wp\/v2\/pages\/257\/revisions"}],"predecessor-version":[{"id":502,"href":"https:\/\/blogs.urz.uni-halle.de\/muwi\/wp-json\/wp\/v2\/pages\/257\/revisions\/502"}],"wp:attachment":[{"href":"https:\/\/blogs.urz.uni-halle.de\/muwi\/wp-json\/wp\/v2\/media?parent=257"}],"curies":[{"name":"wp","href":"https:\/\/api.w.org\/{rel}","templated":true}]}}