{"id":260,"date":"2025-07-15T14:20:42","date_gmt":"2025-07-15T12:20:42","guid":{"rendered":"https:\/\/blogs.urz.uni-halle.de\/muwi\/?page_id=260"},"modified":"2025-07-31T13:02:25","modified_gmt":"2025-07-31T11:02:25","slug":"beyond-borders","status":"publish","type":"page","link":"https:\/\/blogs.urz.uni-halle.de\/muwi\/beyond-borders","title":{"rendered":"Beyond Borders"},"content":{"rendered":"\n<p><strong>\u201eBeyond Borders\u201c<\/strong> ist der \u201eJoker\u201c in deinem Masterstudium! In unserem reichhaltigen Studienangebot findest du zahlreiche Kurse zu allen Themen der Musikwissenschaft. Doch wir wollen dir dar\u00fcber hinaus die M\u00f6glichkeit geben, dein Profil zu sch\u00e4rfen. Mit <strong>\u201eBeyond Borders\u201c<\/strong> wird das m\u00f6glich! Du kannst diesen Studienbereich recht frei gestalten. Wichtig ist nur, dass es das fachliche Profil bereichert, das du dir gerade aufbaust. Erreichen kannst du das z. B., indem du ein <em>Praktikum<\/em> absolvierst, an einem <em>Projekt<\/em> mitwirkst oder eine <em>interdisziplin\u00e4re Vertiefung<\/em> anstrebst.<\/p>\n\n\n\n<p>W\u00e4hrend das siebenw\u00f6chige <em>Praktikum<\/em> ganz klassisch in einem von dir anvisierten <a href=\"https:\/\/blogs.urz.uni-halle.de\/muwi\/muwi-im-beruf\">Berufsfeld<\/a> absolviert wird, kannst du mit einem selbstgew\u00e4hlten <em>Projekt<\/em> eigene Akzente setzen. Das kann zum Beispiel die \u00dcbernahme einer besonderen Rolle in einem der angebotenen Projektseminare sein, aber auch die Mitwirkung in einem Forschungsprojekt, oder ein ganz eigenes Konzept. Du kannst auch dein Organisationstalent bei der Vorbereitung und Durchf\u00fchrung einer Tagung oder eines Workshops unter Beweis stellen.<\/p>\n\n\n\n<p>Die <em>interdisziplin\u00e4re Vertiefung<\/em> darfst du ganz gro\u00df denken. Du kannst z. B. Lehrveranstaltungen anderer Fakult\u00e4ten oder sogar anderer Universit\u00e4ten besuchen \u2013 sofern sie deine Ausbildung thematisch erg\u00e4nzen. Du kannst aber auch einen Sprachkurs belegen, um dir eine weitere T\u00fcr f\u00fcr deine berufliche Zukunft zu \u00f6ffnen. Oder du lernst ein neues Instrument, damit du ein tieferes Verst\u00e4ndnis von der Musik in deinem Schwerpunktbereich entwickeln kannst (z. B. Oud, Sitar, Tabla, Cembalo uvm.).<\/p>\n\n\n\n<p>Bei <strong>\u201eBeyond Borders\u201c<\/strong> gibt es (fast) keine Grenzen, denn schlie\u00dflich sollst du hier ganz bewusst \u00fcber den Tellerrand hinausschauen und die inhaltliche Ausrichtung deines Studiums aktiv mitgestalten.<\/p>\n\n\n\n<div class=\"wp-block-buttons aligncenter\">\n<div class=\"wp-block-button is-style-fill\"><a class=\"wp-block-button__link\" href=\"https:\/\/loewenportal.uni-halle.de\/portal\/rds?state=wimma&amp;stg=f&amp;imma=einl\" style=\"border-radius:5px\" target=\"_blank\" rel=\"noreferrer noopener\">Jetzt bewerben!<\/a><\/div>\n<\/div>\n","protected":false},"excerpt":{"rendered":"<div class=\"entry-summary\">\n\u201eBeyond Borders\u201c ist der \u201eJoker\u201c in deinem Masterstudium! In unserem reichhaltigen Studienangebot findest du zahlreiche Kurse zu allen Themen der&hellip;\n<\/div>\n<div class=\"link-more\"><a href=\"https:\/\/blogs.urz.uni-halle.de\/muwi\/beyond-borders\" class=\"more-link\">Continue reading<span class=\"screen-reader-text\"> &ldquo;Beyond Borders&rdquo;<\/span>&hellip;<\/a><\/div>\n","protected":false},"author":6412,"featured_media":0,"parent":0,"menu_order":3,"comment_status":"closed","ping_status":"closed","template":"","meta":[],"yoast_head":"<!-- This site is optimized with the Yoast SEO plugin v15.6.2 - https:\/\/yoast.com\/wordpress\/plugins\/seo\/ -->\n<title>Beyond Borders - Historisch | Global | Medial<\/title>\n<meta name=\"robots\" content=\"index, follow, max-snippet:-1, max-image-preview:large, max-video-preview:-1\" \/>\n<link rel=\"canonical\" href=\"https:\/\/blogs.urz.uni-halle.de\/muwi\/beyond-borders\" \/>\n<meta property=\"og:locale\" content=\"de_DE\" \/>\n<meta property=\"og:type\" content=\"article\" \/>\n<meta property=\"og:title\" content=\"Beyond Borders - Historisch | Global | Medial\" \/>\n<meta property=\"og:description\" content=\"\u201eBeyond Borders\u201c ist der \u201eJoker\u201c in deinem Masterstudium! In unserem reichhaltigen Studienangebot findest du zahlreiche Kurse zu allen Themen der&hellip; Continue reading &ldquo;Beyond Borders&rdquo;&hellip;\" \/>\n<meta property=\"og:url\" content=\"https:\/\/blogs.urz.uni-halle.de\/muwi\/beyond-borders\" \/>\n<meta property=\"og:site_name\" content=\"Historisch | Global | Medial\" \/>\n<meta property=\"article:modified_time\" content=\"2025-07-31T11:02:25+00:00\" \/>\n<meta name=\"twitter:card\" content=\"summary_large_image\" \/>\n<meta name=\"twitter:label1\" content=\"Gesch\u00e4tzte Lesezeit\">\n\t<meta name=\"twitter:data1\" content=\"1\u00a0Minute\">\n<script type=\"application\/ld+json\" class=\"yoast-schema-graph\">{\"@context\":\"https:\/\/schema.org\",\"@graph\":[{\"@type\":\"WebSite\",\"@id\":\"https:\/\/blogs.urz.uni-halle.de\/muwi\/#website\",\"url\":\"https:\/\/blogs.urz.uni-halle.de\/muwi\/\",\"name\":\"Historisch | Global | Medial\",\"description\":\"M.A. Musikwissenschaft\",\"potentialAction\":[{\"@type\":\"SearchAction\",\"target\":\"https:\/\/blogs.urz.uni-halle.de\/muwi\/?s={search_term_string}\",\"query-input\":\"required name=search_term_string\"}],\"inLanguage\":\"de\"},{\"@type\":\"WebPage\",\"@id\":\"https:\/\/blogs.urz.uni-halle.de\/muwi\/beyond-borders#webpage\",\"url\":\"https:\/\/blogs.urz.uni-halle.de\/muwi\/beyond-borders\",\"name\":\"Beyond Borders - Historisch | Global | Medial\",\"isPartOf\":{\"@id\":\"https:\/\/blogs.urz.uni-halle.de\/muwi\/#website\"},\"datePublished\":\"2025-07-15T12:20:42+00:00\",\"dateModified\":\"2025-07-31T11:02:25+00:00\",\"inLanguage\":\"de\",\"potentialAction\":[{\"@type\":\"ReadAction\",\"target\":[\"https:\/\/blogs.urz.uni-halle.de\/muwi\/beyond-borders\"]}]}]}<\/script>\n<!-- \/ Yoast SEO plugin. -->","_links":{"self":[{"href":"https:\/\/blogs.urz.uni-halle.de\/muwi\/wp-json\/wp\/v2\/pages\/260"}],"collection":[{"href":"https:\/\/blogs.urz.uni-halle.de\/muwi\/wp-json\/wp\/v2\/pages"}],"about":[{"href":"https:\/\/blogs.urz.uni-halle.de\/muwi\/wp-json\/wp\/v2\/types\/page"}],"author":[{"embeddable":true,"href":"https:\/\/blogs.urz.uni-halle.de\/muwi\/wp-json\/wp\/v2\/users\/6412"}],"replies":[{"embeddable":true,"href":"https:\/\/blogs.urz.uni-halle.de\/muwi\/wp-json\/wp\/v2\/comments?post=260"}],"version-history":[{"count":6,"href":"https:\/\/blogs.urz.uni-halle.de\/muwi\/wp-json\/wp\/v2\/pages\/260\/revisions"}],"predecessor-version":[{"id":462,"href":"https:\/\/blogs.urz.uni-halle.de\/muwi\/wp-json\/wp\/v2\/pages\/260\/revisions\/462"}],"wp:attachment":[{"href":"https:\/\/blogs.urz.uni-halle.de\/muwi\/wp-json\/wp\/v2\/media?parent=260"}],"curies":[{"name":"wp","href":"https:\/\/api.w.org\/{rel}","templated":true}]}}