{"id":395,"date":"2025-07-29T13:12:55","date_gmt":"2025-07-29T11:12:55","guid":{"rendered":"https:\/\/blogs.urz.uni-halle.de\/muwi\/?page_id=395"},"modified":"2025-08-05T10:11:34","modified_gmt":"2025-08-05T08:11:34","slug":"kontakt","status":"publish","type":"page","link":"https:\/\/blogs.urz.uni-halle.de\/muwi\/kontakt","title":{"rendered":"Kontakt"},"content":{"rendered":"\n<p><em>Hier findest du uns:<\/em><\/p>\n\n\n\n<p><strong>Martin-Luther-Universit\u00e4t Halle-Wittenberg<br>Institut f\u00fcr Musik, Medien- und Sprechwissenschaften (IMMS)<br>Abteilung Musikwissenschaft<\/strong><br>Kleine Marktstra\u00dfe 7<br>06108 Halle (Saale)<\/p>\n\n\n\n<p><a href=\"https:\/\/www.musikwiss.uni-halle.de\/\" target=\"_blank\" rel=\"noreferrer noopener\">https:\/\/www.musikwiss.uni-halle.de\/<\/a><\/p>\n\n\n\n<h4>Postanschrift<\/h4>\n\n\n\n<p>Martin-Luther-Universit\u00e4t Halle-Wittenberg<br>Institut f\u00fcr Musik, Medien- und Sprechwissenschaften (IMMS)<br><em>Abteilung Musikwissenschaft<\/em><br>06099 Halle (Saale)<\/p>\n\n\n\n<h4>Sekretariat<\/h4>\n\n\n\n<p>Saskia Born<br>Telefon: (0345) 55-24 551<br>Telefax: (0345) 55-27 206<br><a href=\"mailto:sekretariat@musikwiss.uni-halle.de\" data-type=\"mailto\" data-id=\"mailto:sekretariat@musikwiss.uni-halle.de\">sekretariat@musikwiss.uni-halle.de<\/a><\/p>\n\n\n\n<h4>Studien- und Pr\u00fcfungsberaterin<\/h4>\n\n\n\n<p><a rel=\"noreferrer noopener\" href=\"https:\/\/www.musikwiss.uni-halle.de\/team\/anna_schaefer\/\" target=\"_blank\">Dr. Anna Schaefer<\/a><br><a href=\"mailto:anna.schaefer@musikwiss.uni-halle.de\">anna.schaefer@musikwiss.uni-halle.de<\/a><\/p>\n\n\n\n<h4>IG Musikwissenschaft<\/h4>\n\n\n\n<p>Studierendenvertretung<br><a href=\"mailto:institutsgruppe@musikwiss.uni-halle.de\">institutsgruppe@musikwiss.uni-halle.de<\/a><br><a href=\"https:\/\/www.instagram.com\/ig_musikwissenschaft_mlu\/\" target=\"_blank\" rel=\"noreferrer noopener\">Instagram-Profil<\/a><br><a href=\"https:\/\/www.facebook.com\/IGMuWiHalle\/\" target=\"_blank\" rel=\"noreferrer noopener\">Facebook-Profil<\/a><\/p>\n","protected":false},"excerpt":{"rendered":"<div class=\"entry-summary\">\nHier findest du uns: Martin-Luther-Universit\u00e4t Halle-WittenbergInstitut f\u00fcr Musik, Medien- und Sprechwissenschaften (IMMS)Abteilung MusikwissenschaftKleine Marktstra\u00dfe 706108 Halle (Saale) https:\/\/www.musikwiss.uni-halle.de\/ Postanschrift Martin-Luther-Universit\u00e4t&hellip;\n<\/div>\n<div class=\"link-more\"><a href=\"https:\/\/blogs.urz.uni-halle.de\/muwi\/kontakt\" class=\"more-link\">Continue reading<span class=\"screen-reader-text\"> &ldquo;Kontakt&rdquo;<\/span>&hellip;<\/a><\/div>\n","protected":false},"author":6331,"featured_media":0,"parent":0,"menu_order":0,"comment_status":"closed","ping_status":"closed","template":"","meta":[],"yoast_head":"<!-- This site is optimized with the Yoast SEO plugin v15.6.2 - https:\/\/yoast.com\/wordpress\/plugins\/seo\/ -->\n<title>Kontakt - Historisch | Global | Medial<\/title>\n<meta name=\"robots\" content=\"index, follow, max-snippet:-1, max-image-preview:large, max-video-preview:-1\" \/>\n<link rel=\"canonical\" href=\"https:\/\/blogs.urz.uni-halle.de\/muwi\/kontakt\" \/>\n<meta property=\"og:locale\" content=\"de_DE\" \/>\n<meta property=\"og:type\" content=\"article\" \/>\n<meta property=\"og:title\" content=\"Kontakt - Historisch | Global | Medial\" \/>\n<meta property=\"og:description\" content=\"Hier findest du uns: Martin-Luther-Universit\u00e4t Halle-WittenbergInstitut f\u00fcr Musik, Medien- und Sprechwissenschaften (IMMS)Abteilung MusikwissenschaftKleine Marktstra\u00dfe 706108 Halle (Saale) https:\/\/www.musikwiss.uni-halle.de\/ Postanschrift Martin-Luther-Universit\u00e4t&hellip; Continue reading &ldquo;Kontakt&rdquo;&hellip;\" \/>\n<meta property=\"og:url\" content=\"https:\/\/blogs.urz.uni-halle.de\/muwi\/kontakt\" \/>\n<meta property=\"og:site_name\" content=\"Historisch | Global | Medial\" \/>\n<meta property=\"article:modified_time\" content=\"2025-08-05T08:11:34+00:00\" \/>\n<meta name=\"twitter:card\" content=\"summary_large_image\" \/>\n<script type=\"application\/ld+json\" class=\"yoast-schema-graph\">{\"@context\":\"https:\/\/schema.org\",\"@graph\":[{\"@type\":\"WebSite\",\"@id\":\"https:\/\/blogs.urz.uni-halle.de\/muwi\/#website\",\"url\":\"https:\/\/blogs.urz.uni-halle.de\/muwi\/\",\"name\":\"Historisch | Global | Medial\",\"description\":\"M.A. Musikwissenschaft\",\"potentialAction\":[{\"@type\":\"SearchAction\",\"target\":\"https:\/\/blogs.urz.uni-halle.de\/muwi\/?s={search_term_string}\",\"query-input\":\"required name=search_term_string\"}],\"inLanguage\":\"de\"},{\"@type\":\"WebPage\",\"@id\":\"https:\/\/blogs.urz.uni-halle.de\/muwi\/kontakt#webpage\",\"url\":\"https:\/\/blogs.urz.uni-halle.de\/muwi\/kontakt\",\"name\":\"Kontakt - Historisch | Global | Medial\",\"isPartOf\":{\"@id\":\"https:\/\/blogs.urz.uni-halle.de\/muwi\/#website\"},\"datePublished\":\"2025-07-29T11:12:55+00:00\",\"dateModified\":\"2025-08-05T08:11:34+00:00\",\"inLanguage\":\"de\",\"potentialAction\":[{\"@type\":\"ReadAction\",\"target\":[\"https:\/\/blogs.urz.uni-halle.de\/muwi\/kontakt\"]}]}]}<\/script>\n<!-- \/ Yoast SEO plugin. -->","_links":{"self":[{"href":"https:\/\/blogs.urz.uni-halle.de\/muwi\/wp-json\/wp\/v2\/pages\/395"}],"collection":[{"href":"https:\/\/blogs.urz.uni-halle.de\/muwi\/wp-json\/wp\/v2\/pages"}],"about":[{"href":"https:\/\/blogs.urz.uni-halle.de\/muwi\/wp-json\/wp\/v2\/types\/page"}],"author":[{"embeddable":true,"href":"https:\/\/blogs.urz.uni-halle.de\/muwi\/wp-json\/wp\/v2\/users\/6331"}],"replies":[{"embeddable":true,"href":"https:\/\/blogs.urz.uni-halle.de\/muwi\/wp-json\/wp\/v2\/comments?post=395"}],"version-history":[{"count":10,"href":"https:\/\/blogs.urz.uni-halle.de\/muwi\/wp-json\/wp\/v2\/pages\/395\/revisions"}],"predecessor-version":[{"id":503,"href":"https:\/\/blogs.urz.uni-halle.de\/muwi\/wp-json\/wp\/v2\/pages\/395\/revisions\/503"}],"wp:attachment":[{"href":"https:\/\/blogs.urz.uni-halle.de\/muwi\/wp-json\/wp\/v2\/media?parent=395"}],"curies":[{"name":"wp","href":"https:\/\/api.w.org\/{rel}","templated":true}]}}