{"id":142,"date":"2020-06-21T13:10:41","date_gmt":"2020-06-21T11:10:41","guid":{"rendered":"https:\/\/blogs.urz.uni-halle.de\/mysweettooth\/?page_id=142"},"modified":"2020-06-28T18:50:41","modified_gmt":"2020-06-28T16:50:41","slug":"sweet-life","status":"publish","type":"page","link":"https:\/\/blogs.urz.uni-halle.de\/mysweettooth\/mysweetworld\/sweet-life\/","title":{"rendered":"Sweet Life"},"content":{"rendered":"\n<div class=\"wp-block-cover has-background-dim\" style=\"background-image:url(https:\/\/blogs.urz.uni-halle.de\/mysweettooth\/files\/2020\/06\/woman-holding-slice-of-watermelon-1406511-785x523.jpg)\"><div class=\"wp-block-cover__inner-container\">\n<p class=\"has-text-align-center has-large-font-size\">Sweet Life<\/p>\n<\/div><\/div>\n\n\n\n<p><\/p>\n\n\n\n<p>Auf dieser Seite findet ihr Tipps und Ratschl\u00e4ge, die euch das Leben vers\u00fc\u00dfen.<\/p>\n\n\n\n<p>Denn ganz egal, was bei dir gerade im Leben passiert: Du bist es wert, dich gut zu behandeln! IMMER! <\/p>\n\n\n\n<p>Genau darum geht es hier: Mut zum Gl\u00fccklich-Sein, zum Ausprobieren, das Leben zu genie\u00dfen &#8211; mit allem was dazu geh\u00f6rt. <\/p>\n\n\n\n<p>Ich werde einiges \u00fcber intuitive Ern\u00e4hrung, Selbstliebe und intuitive Lebensweise schreiben. <\/p>\n\n\n\n<p>Aber nat\u00fcrlich will ich auch von euch wissen, was euer Geheimrezept zum Gl\u00fccklich-Sein ist: Was hebt bei euch die Stimmung, zaubert euch ein L\u00e4cheln auf die Lippen und macht euer Leben leichter?<\/p>\n\n\n\n<p>Schreibt mir au\u00dferdem gerne in die Kommentare, welche Art von Beitr\u00e4gen ihr euch hier w\u00fcnscht. Denn es geht hier um euch, um uns ALLE &#8211; Also lasst uns das Leben zusammen so s\u00fc\u00df wie m\u00f6glich gestalten! <\/p>\n\n\n\n<h2>Beitr\u00e4ge<\/h2>\n\n\n\n<div class=\"wp-block-media-text alignwide has-background\" style=\"background-color:#fffbfb\"><figure class=\"wp-block-media-text__media\"><img loading=\"lazy\" width=\"240\" height=\"300\" src=\"https:\/\/blogs.urz.uni-halle.de\/mysweettooth\/files\/2020\/06\/woman-holding-donut-with-sprinkles-2801980-240x300.jpg\" alt=\"rosa Donut mit der \u00dcberschrift: &quot;You are magic&quot;\" class=\"wp-image-145\" srcset=\"https:\/\/blogs.urz.uni-halle.de\/mysweettooth\/files\/2020\/06\/woman-holding-donut-with-sprinkles-2801980-240x300.jpg 240w, https:\/\/blogs.urz.uni-halle.de\/mysweettooth\/files\/2020\/06\/woman-holding-donut-with-sprinkles-2801980-785x981.jpg 785w, https:\/\/blogs.urz.uni-halle.de\/mysweettooth\/files\/2020\/06\/woman-holding-donut-with-sprinkles-2801980-768x960.jpg 768w, https:\/\/blogs.urz.uni-halle.de\/mysweettooth\/files\/2020\/06\/woman-holding-donut-with-sprinkles-2801980-1229x1536.jpg 1229w, https:\/\/blogs.urz.uni-halle.de\/mysweettooth\/files\/2020\/06\/woman-holding-donut-with-sprinkles-2801980-1638x2048.jpg 1638w, https:\/\/blogs.urz.uni-halle.de\/mysweettooth\/files\/2020\/06\/woman-holding-donut-with-sprinkles-2801980-scaled.jpg 2048w\" sizes=\"(max-width: 240px) 100vw, 240px\" \/><\/figure><div class=\"wp-block-media-text__content\">\n<p class=\"has-normal-font-size\">Mein neuester Beitrag rund um das Thema &#8222;Intuitive Lebensweise&#8220;:<\/p>\n\n\n\n<div class=\"wp-block-button is-style-fill\"><a class=\"wp-block-button__link has-text-color has-very-dark-gray-color has-background\" href=\"https:\/\/blogs.urz.uni-halle.de\/mysweettooth\/2020\/06\/intuitiv-gesund-und-gluecklich-geht-das\/\" style=\"background-color:#ffd2f1;border-radius:30px\">Gl\u00fccklich, gesund und intuitiv &#8211; geht das?<\/a><\/div>\n<\/div><\/div>\n\n\n\n<p><\/p>\n","protected":false},"excerpt":{"rendered":"<p>Auf dieser Seite findet ihr Tipps und Ratschl\u00e4ge, die euch das Leben vers\u00fc\u00dfen. Denn ganz egal, was bei dir gerade im Leben passiert: Du bist es wert, dich gut zu behandeln! IMMER! Genau darum geht es hier: Mut zum Gl\u00fccklich-Sein,<\/p>\n","protected":false},"author":4771,"featured_media":0,"parent":244,"menu_order":0,"comment_status":"closed","ping_status":"closed","template":"","meta":[],"_links":{"self":[{"href":"https:\/\/blogs.urz.uni-halle.de\/mysweettooth\/wp-json\/wp\/v2\/pages\/142"}],"collection":[{"href":"https:\/\/blogs.urz.uni-halle.de\/mysweettooth\/wp-json\/wp\/v2\/pages"}],"about":[{"href":"https:\/\/blogs.urz.uni-halle.de\/mysweettooth\/wp-json\/wp\/v2\/types\/page"}],"author":[{"embeddable":true,"href":"https:\/\/blogs.urz.uni-halle.de\/mysweettooth\/wp-json\/wp\/v2\/users\/4771"}],"replies":[{"embeddable":true,"href":"https:\/\/blogs.urz.uni-halle.de\/mysweettooth\/wp-json\/wp\/v2\/comments?post=142"}],"version-history":[{"count":8,"href":"https:\/\/blogs.urz.uni-halle.de\/mysweettooth\/wp-json\/wp\/v2\/pages\/142\/revisions"}],"predecessor-version":[{"id":211,"href":"https:\/\/blogs.urz.uni-halle.de\/mysweettooth\/wp-json\/wp\/v2\/pages\/142\/revisions\/211"}],"up":[{"embeddable":true,"href":"https:\/\/blogs.urz.uni-halle.de\/mysweettooth\/wp-json\/wp\/v2\/pages\/244"}],"wp:attachment":[{"href":"https:\/\/blogs.urz.uni-halle.de\/mysweettooth\/wp-json\/wp\/v2\/media?parent=142"}],"curies":[{"name":"wp","href":"https:\/\/api.w.org\/{rel}","templated":true}]}}