{"id":167,"date":"2020-06-24T18:41:50","date_gmt":"2020-06-24T16:41:50","guid":{"rendered":"https:\/\/blogs.urz.uni-halle.de\/mysweettooth\/?page_id=167"},"modified":"2020-06-28T19:14:26","modified_gmt":"2020-06-28T17:14:26","slug":"sweet-spots","status":"publish","type":"page","link":"https:\/\/blogs.urz.uni-halle.de\/mysweettooth\/mysweetworld\/sweet-spots\/","title":{"rendered":"Sweet Spots"},"content":{"rendered":"\n<div class=\"wp-block-cover has-background-dim-30 has-background-dim\" style=\"background-image:url(https:\/\/blogs.urz.uni-halle.de\/mysweettooth\/files\/2020\/06\/photo-of-coffee-shop-2530586-scaled.jpg)\"><div class=\"wp-block-cover__inner-container\">\n<p class=\"has-text-align-center has-large-font-size\">Sweet Spots<\/p>\n<\/div><\/div>\n\n\n<p><!--StartFragment--><\/p>\n\n\n<p style=\"font-size:7px\">Anzeige\/ Werbung (unbezahlt)<\/p>\n\n\n\n<p>Auf der Suche nach den trendigsten Sweet Hotspots in ganz Deutschland? <\/p>\n\n\n\n<p>Dann habe ich hier was f\u00fcr euch! <\/p>\n\n\n\n<p>Auf dieser Seite findet ihr #Foodieapproved Hotspots die eure s\u00fc\u00dfen Gel\u00fcste ganz sicher zufrieden stellen werden. <\/p>\n\n\n\n<p>Zugegeben &#8211; Sie tragen vielleicht nicht im h\u00f6chsten Ma\u00dfe zum #Healthylifestyle bei, daf\u00fcr aber zum #HappyMe. Und au\u00dferdem &#8211; eine kleine S\u00fcnde hat noch niemandem geschadet. Denn was w\u00e4re das Leben, ohne ein bisschen Soul Food von Zeit zu Zeit?<\/p>\n\n\n\n<p>Deswegen, hier sind sie, meine liebsten SweetSpots in Deutschland:<\/p>\n\n\n<p><!--EndFragment--><\/p>\n<p><!--EndFragment--><\/p>\n\n\n<h2>Bewaffel Dich &#8211; Halle<\/h2>\n\n\n\n<figure class=\"wp-block-gallery columns-2 is-cropped\"><ul class=\"blocks-gallery-grid\"><li class=\"blocks-gallery-item\"><figure><img loading=\"lazy\" width=\"640\" height=\"640\" src=\"https:\/\/blogs.urz.uni-halle.de\/mysweettooth\/files\/2020\/06\/64315100_2358375371117449_1130505962566837402_n.jpg\" alt=\"\" data-id=\"169\" class=\"wp-image-169\" srcset=\"https:\/\/blogs.urz.uni-halle.de\/mysweettooth\/files\/2020\/06\/64315100_2358375371117449_1130505962566837402_n.jpg 640w, https:\/\/blogs.urz.uni-halle.de\/mysweettooth\/files\/2020\/06\/64315100_2358375371117449_1130505962566837402_n-300x300.jpg 300w, https:\/\/blogs.urz.uni-halle.de\/mysweettooth\/files\/2020\/06\/64315100_2358375371117449_1130505962566837402_n-145x145.jpg 145w\" sizes=\"(max-width: 640px) 100vw, 640px\" \/><figcaption class=\"blocks-gallery-item__caption\">   <\/figcaption><\/figure><\/li><li class=\"blocks-gallery-item\"><figure><img loading=\"lazy\" width=\"640\" height=\"640\" src=\"https:\/\/blogs.urz.uni-halle.de\/mysweettooth\/files\/2020\/06\/72320535_2435176490071234_5024752163323734483_n.jpg\" alt=\"\" data-id=\"170\" data-full-url=\"https:\/\/blogs.urz.uni-halle.de\/mysweettooth\/files\/2020\/06\/72320535_2435176490071234_5024752163323734483_n.jpg\" data-link=\"https:\/\/blogs.urz.uni-halle.de\/mysweettooth\/?attachment_id=170\" class=\"wp-image-170\" srcset=\"https:\/\/blogs.urz.uni-halle.de\/mysweettooth\/files\/2020\/06\/72320535_2435176490071234_5024752163323734483_n.jpg 640w, https:\/\/blogs.urz.uni-halle.de\/mysweettooth\/files\/2020\/06\/72320535_2435176490071234_5024752163323734483_n-300x300.jpg 300w, https:\/\/blogs.urz.uni-halle.de\/mysweettooth\/files\/2020\/06\/72320535_2435176490071234_5024752163323734483_n-145x145.jpg 145w\" sizes=\"(max-width: 640px) 100vw, 640px\" \/><\/figure><\/li><\/ul><figcaption class=\"blocks-gallery-caption\">  Au\u00dfergew\u00f6hnliche Waffeln, Shakes, und sogar ein Nachteulenangebot gibt&#8217;s im<strong> Bewaffel Dich in Halle<\/strong>. Hier k\u00f6nnt ihr sogar zwischen s\u00fc\u00dfen und herzhaften Waffeln w\u00e4hlen, und jeden Monat gibt es eine neue <strong>Waffel des Monats<\/strong>! Vorbeischauen lohnt sich also!  <\/figcaption><\/figure>\n\n\n\n<p><\/p>\n\n\n\n<h2>Royal Donuts &#8211; K\u00f6ln<\/h2>\n\n\n\n<figure class=\"wp-block-image\"><img loading=\"lazy\" width=\"785\" height=\"643\" src=\"https:\/\/blogs.urz.uni-halle.de\/mysweettooth\/files\/2020\/06\/20200306_212035-1-785x643.jpg\" alt=\"\" class=\"wp-image-171\" srcset=\"https:\/\/blogs.urz.uni-halle.de\/mysweettooth\/files\/2020\/06\/20200306_212035-1-785x643.jpg 785w, https:\/\/blogs.urz.uni-halle.de\/mysweettooth\/files\/2020\/06\/20200306_212035-1-300x246.jpg 300w, https:\/\/blogs.urz.uni-halle.de\/mysweettooth\/files\/2020\/06\/20200306_212035-1-768x629.jpg 768w, https:\/\/blogs.urz.uni-halle.de\/mysweettooth\/files\/2020\/06\/20200306_212035-1-1536x1258.jpg 1536w, https:\/\/blogs.urz.uni-halle.de\/mysweettooth\/files\/2020\/06\/20200306_212035-1-2048x1678.jpg 2048w\" sizes=\"(max-width: 785px) 100vw, 785px\" \/><figcaption> <strong>Royal Donuts in K\u00f6ln<\/strong> bieten ein umfassendes Donut-Sortiment, welches absolut keine W\u00fcnsche offen l\u00e4sst. Hier findet ihr die verschiedensten und kreativsten Kreationen, und glaubt mir, diese Donuts machen gl\u00fccklich! Und das Beste: Ihr k\u00f6nnt vorab euren eigenen Donut online kreieren und vorbestellen. Dabei k\u00f6nnt ihr zwischen unz\u00e4hligen Glasuren, F\u00fcllungen und Toppings w\u00e4hlen, und Royal Donuts bereiten euch euren Wunsch-Donut zu! Wenn das kein Foodie-Traum ist, dann wei\u00df ich auch nicht&#8230;  <\/figcaption><\/figure>\n\n\n\n<p><\/p>\n\n\n\n<h2>Waffelwerk &#8211; Leipzig<\/h2>\n\n\n\n<figure class=\"wp-block-image\"><img loading=\"lazy\" width=\"576\" height=\"1024\" src=\"https:\/\/blogs.urz.uni-halle.de\/mysweettooth\/files\/2020\/06\/Snapchat-1782876740-1-576x1024.jpg\" alt=\"\" class=\"wp-image-172\" srcset=\"https:\/\/blogs.urz.uni-halle.de\/mysweettooth\/files\/2020\/06\/Snapchat-1782876740-1-576x1024.jpg 576w, https:\/\/blogs.urz.uni-halle.de\/mysweettooth\/files\/2020\/06\/Snapchat-1782876740-1-169x300.jpg 169w, https:\/\/blogs.urz.uni-halle.de\/mysweettooth\/files\/2020\/06\/Snapchat-1782876740-1-768x1365.jpg 768w, https:\/\/blogs.urz.uni-halle.de\/mysweettooth\/files\/2020\/06\/Snapchat-1782876740-1-864x1536.jpg 864w, https:\/\/blogs.urz.uni-halle.de\/mysweettooth\/files\/2020\/06\/Snapchat-1782876740-1.jpg 1080w\" sizes=\"(max-width: 576px) 100vw, 576px\" \/><figcaption> Das <strong>Waffelwerk in Leipzig<\/strong> findet ihr im H\u00f6fe am Br\u00fchl. Es mag von au\u00dfen eher unscheinbar zu wirken, doch kommt man n\u00e4her heran, so sieht man, was dieser Laden zu bieten hat: Waffelspeisen mit den verschiedensten Toppings. Man kann hier aus einer Vielzahl w\u00e4hlen und sich seine eigene Waffel kreieren &#8211; dabei kann man sich zwischen der besonderen Variante &#8211; der Bubble-Waffel &#8211; oder der klassischen Variante &#8211; der Herzwaffel entscheiden. Einziges Problem, das auftreten k\u00f6nnte: Ihr seid \u00fcberfordert mit der Auswahl! <\/figcaption><\/figure>\n","protected":false},"excerpt":{"rendered":"<p>Anzeige\/ Werbung (unbezahlt) Auf der Suche nach den trendigsten Sweet Hotspots in ganz Deutschland? Dann habe ich hier was f\u00fcr euch! Auf dieser Seite findet ihr #Foodieapproved Hotspots die eure s\u00fc\u00dfen Gel\u00fcste ganz sicher zufrieden stellen werden. Zugegeben &#8211; Sie<\/p>\n","protected":false},"author":4771,"featured_media":0,"parent":244,"menu_order":0,"comment_status":"closed","ping_status":"closed","template":"","meta":[],"_links":{"self":[{"href":"https:\/\/blogs.urz.uni-halle.de\/mysweettooth\/wp-json\/wp\/v2\/pages\/167"}],"collection":[{"href":"https:\/\/blogs.urz.uni-halle.de\/mysweettooth\/wp-json\/wp\/v2\/pages"}],"about":[{"href":"https:\/\/blogs.urz.uni-halle.de\/mysweettooth\/wp-json\/wp\/v2\/types\/page"}],"author":[{"embeddable":true,"href":"https:\/\/blogs.urz.uni-halle.de\/mysweettooth\/wp-json\/wp\/v2\/users\/4771"}],"replies":[{"embeddable":true,"href":"https:\/\/blogs.urz.uni-halle.de\/mysweettooth\/wp-json\/wp\/v2\/comments?post=167"}],"version-history":[{"count":5,"href":"https:\/\/blogs.urz.uni-halle.de\/mysweettooth\/wp-json\/wp\/v2\/pages\/167\/revisions"}],"predecessor-version":[{"id":247,"href":"https:\/\/blogs.urz.uni-halle.de\/mysweettooth\/wp-json\/wp\/v2\/pages\/167\/revisions\/247"}],"up":[{"embeddable":true,"href":"https:\/\/blogs.urz.uni-halle.de\/mysweettooth\/wp-json\/wp\/v2\/pages\/244"}],"wp:attachment":[{"href":"https:\/\/blogs.urz.uni-halle.de\/mysweettooth\/wp-json\/wp\/v2\/media?parent=167"}],"curies":[{"name":"wp","href":"https:\/\/api.w.org\/{rel}","templated":true}]}}