{"id":88,"date":"2020-06-19T21:58:54","date_gmt":"2020-06-19T19:58:54","guid":{"rendered":"https:\/\/blogs.urz.uni-halle.de\/mysweettooth\/?page_id=88"},"modified":"2020-06-25T14:44:12","modified_gmt":"2020-06-25T12:44:12","slug":"willkommen-auf-meinem-blog","status":"publish","type":"page","link":"https:\/\/blogs.urz.uni-halle.de\/mysweettooth\/","title":{"rendered":"Willkommen auf meinem Blog!"},"content":{"rendered":"\n<h2>Willkommen auf meinem Blog!<\/h2>\n\n\n\n<p>Naschkatzen und -kater aufgepasst!<\/p>\n\n\n\n<p>Ihr m\u00f6gt es <strong>s\u00fc\u00df, unkompliziert<\/strong>, aber trotzdem <strong>gesund<\/strong>?<\/p>\n\n\n\n<p>Dann ist dies die wohl s\u00fc\u00dfeste Gelegenheit, Neues auszuprobieren. St\u00f6bert, lasst euch inspirieren, werdet f\u00fcndig und dann nichts wie los ans Nachmachen und Vernaschen!<\/p>\n\n\n\n<p>Denn bei diesen super schnellen Rezepten gibt es absolut keine Ausrede, die dich vom Genie\u00dfen mit gutem Gewissen abh\u00e4lt. <\/p>\n\n\n\n<p><\/p>\n\n\n\n<h2>Rezept-Beitr\u00e4ge<\/h2>\n\n\n\n<p><\/p>\n\n\n\n<h3>Healthy Breakfast<\/h3>\n\n\n\n<figure class=\"wp-block-table is-style-stripes\"><table class=\"has-fixed-layout\"><tbody><tr><td><a href=\"https:\/\/blogs.urz.uni-halle.de\/mysweettooth\/2020\/06\/schoko-haferflocken\/\"><img loading=\"lazy\" width=\"640\" height=\"640\" class=\"wp-image-184\" style=\"width: 150px\" src=\"https:\/\/blogs.urz.uni-halle.de\/mysweettooth\/files\/2020\/06\/104336588_582767152615567_7731085068527229468_n.jpg\" alt=\"Schoko-Oatmeal mit Bananenscheiben und Mandelsplittern getoppt\" srcset=\"https:\/\/blogs.urz.uni-halle.de\/mysweettooth\/files\/2020\/06\/104336588_582767152615567_7731085068527229468_n.jpg 640w, https:\/\/blogs.urz.uni-halle.de\/mysweettooth\/files\/2020\/06\/104336588_582767152615567_7731085068527229468_n-300x300.jpg 300w, https:\/\/blogs.urz.uni-halle.de\/mysweettooth\/files\/2020\/06\/104336588_582767152615567_7731085068527229468_n-145x145.jpg 145w\" sizes=\"(max-width: 640px) 100vw, 640px\" \/><\/a><\/td><td><a href=\"https:\/\/blogs.urz.uni-halle.de\/mysweettooth\/2020\/06\/triple-choc-chia-pudding\/\"><img class=\"wp-image-81\" style=\"width: 150px\" src=\"https:\/\/blogs.urz.uni-halle.de\/mysweettooth\/files\/2020\/06\/Bild6-scaled.jpg\" alt=\"Schoko-Chia-Pudding in einem Glas mit Toppings angerichtet\"><\/a><\/td><td><a href=\"https:\/\/blogs.urz.uni-halle.de\/mysweettooth\/2020\/06\/raffaello-himbeer-porridge\/\"><img loading=\"lazy\" width=\"1920\" height=\"2560\" class=\"wp-image-91\" style=\"width: 150px\" src=\"https:\/\/blogs.urz.uni-halle.de\/mysweettooth\/files\/2020\/06\/Bild-bearbeitet-4-scaled.jpg\" alt=\"Porridge in einer Sch\u00fcssel mit Raffaello und Himbeeren getoppt\" srcset=\"https:\/\/blogs.urz.uni-halle.de\/mysweettooth\/files\/2020\/06\/Bild-bearbeitet-4-scaled.jpg 1920w, https:\/\/blogs.urz.uni-halle.de\/mysweettooth\/files\/2020\/06\/Bild-bearbeitet-4-225x300.jpg 225w, https:\/\/blogs.urz.uni-halle.de\/mysweettooth\/files\/2020\/06\/Bild-bearbeitet-4-768x1024.jpg 768w, https:\/\/blogs.urz.uni-halle.de\/mysweettooth\/files\/2020\/06\/Bild-bearbeitet-4-1152x1536.jpg 1152w, https:\/\/blogs.urz.uni-halle.de\/mysweettooth\/files\/2020\/06\/Bild-bearbeitet-4-1536x2048.jpg 1536w\" sizes=\"(max-width: 1920px) 100vw, 1920px\" \/><\/a><\/td><\/tr><tr><td><strong>Schoko-Haferflocken<\/strong><\/td><td><strong>Triple-Choc-Chiapudding<\/strong><\/td><td><strong>Raffaello-Himbeer-Porridge<\/strong><\/td><\/tr><\/tbody><\/table><\/figure>\n\n\n\n<p><\/p>\n\n\n\n<h3>Healthy Snacks<\/h3>\n\n\n\n<figure class=\"wp-block-table is-style-stripes\"><table class=\"has-fixed-layout\"><tbody><tr><td><a href=\"https:\/\/blogs.urz.uni-halle.de\/mysweettooth\/2020\/06\/schoko-avocado-pudding\/\"><img class=\"wp-image-68\" style=\"width: 150px\" src=\"https:\/\/blogs.urz.uni-halle.de\/mysweettooth\/files\/2020\/06\/bowl-of-chocolate-spread-with-spoon-691168-scaled.jpg\" alt=\"Schokopudding in einer Schale\"><\/a><\/td><td><a href=\"https:\/\/blogs.urz.uni-halle.de\/mysweettooth\/2020\/06\/schoko-kokos-baellchen\/\"><img loading=\"lazy\" width=\"1920\" height=\"2560\" class=\"wp-image-77\" style=\"width: 150px\" src=\"https:\/\/blogs.urz.uni-halle.de\/mysweettooth\/files\/2020\/06\/Bild9-scaled.jpg\" alt=\"Kokos-B\u00e4llchen, teils mit Schokolade \u00fcberzogen\" srcset=\"https:\/\/blogs.urz.uni-halle.de\/mysweettooth\/files\/2020\/06\/Bild9-scaled.jpg 1920w, https:\/\/blogs.urz.uni-halle.de\/mysweettooth\/files\/2020\/06\/Bild9-225x300.jpg 225w, https:\/\/blogs.urz.uni-halle.de\/mysweettooth\/files\/2020\/06\/Bild9-768x1024.jpg 768w, https:\/\/blogs.urz.uni-halle.de\/mysweettooth\/files\/2020\/06\/Bild9-1152x1536.jpg 1152w, https:\/\/blogs.urz.uni-halle.de\/mysweettooth\/files\/2020\/06\/Bild9-1536x2048.jpg 1536w\" sizes=\"(max-width: 1920px) 100vw, 1920px\" \/><\/a><\/td><td><a href=\"https:\/\/blogs.urz.uni-halle.de\/mysweettooth\/2020\/06\/chocolate-nicecream\/\"><img loading=\"lazy\" width=\"2048\" height=\"2560\" class=\"wp-image-49\" style=\"width: 150px\" src=\"https:\/\/blogs.urz.uni-halle.de\/mysweettooth\/files\/2020\/06\/Bild7-scaled.jpg\" alt=\"Schoko-Bananeneis mit Toppings in einer Schale angerichtet\" srcset=\"https:\/\/blogs.urz.uni-halle.de\/mysweettooth\/files\/2020\/06\/Bild7-scaled.jpg 2048w, https:\/\/blogs.urz.uni-halle.de\/mysweettooth\/files\/2020\/06\/Bild7-240x300.jpg 240w, https:\/\/blogs.urz.uni-halle.de\/mysweettooth\/files\/2020\/06\/Bild7-785x981.jpg 785w, https:\/\/blogs.urz.uni-halle.de\/mysweettooth\/files\/2020\/06\/Bild7-768x960.jpg 768w, https:\/\/blogs.urz.uni-halle.de\/mysweettooth\/files\/2020\/06\/Bild7-1229x1536.jpg 1229w, https:\/\/blogs.urz.uni-halle.de\/mysweettooth\/files\/2020\/06\/Bild7-1638x2048.jpg 1638w\" sizes=\"(max-width: 2048px) 100vw, 2048px\" \/><\/a><\/td><\/tr><tr><td><strong>Schoko-Avocado Pudding<\/strong><\/td><td><strong>Schoko-Kokos-B\u00e4llchen<\/strong><\/td><td><strong>Chocolate Nicecream<\/strong><\/td><\/tr><\/tbody><\/table><\/figure>\n\n\n\n<p><\/p>\n\n\n\n<h2>Neueste Beitr\u00e4ge<\/h2>\n\n\n<ul class=\"wp-block-latest-posts wp-block-latest-posts__list\"><li><a href=\"https:\/\/blogs.urz.uni-halle.de\/mysweettooth\/2020\/06\/raffaello-himbeer-porridge\/\">Raffaello-Himbeer-Porridge<\/a><\/li>\n<li><a href=\"https:\/\/blogs.urz.uni-halle.de\/mysweettooth\/2020\/06\/intuitiv-gesund-und-gluecklich-geht-das\/\">Intuitiv, gesund und gl\u00fccklich &#8211; geht das?<\/a><\/li>\n<li><a href=\"https:\/\/blogs.urz.uni-halle.de\/mysweettooth\/2020\/06\/schoko-kokos-baellchen\/\">Schoko-Kokos-B\u00e4llchen<\/a><\/li>\n<li><a href=\"https:\/\/blogs.urz.uni-halle.de\/mysweettooth\/2020\/06\/schoko-avocado-pudding\/\">Schoko-Avocado Pudding<\/a><\/li>\n<li><a href=\"https:\/\/blogs.urz.uni-halle.de\/mysweettooth\/2020\/06\/chocolate-nicecream\/\">Chocolate (N)IceCream<\/a><\/li>\n<\/ul>\n\n\n<p><\/p>\n","protected":false},"excerpt":{"rendered":"<p>Willkommen auf meinem Blog! Naschkatzen und -kater aufgepasst! Ihr m\u00f6gt es s\u00fc\u00df, unkompliziert, aber trotzdem gesund? Dann ist dies die wohl s\u00fc\u00dfeste Gelegenheit, Neues auszuprobieren. St\u00f6bert, lasst euch inspirieren, werdet f\u00fcndig und dann nichts wie los ans Nachmachen und Vernaschen!<\/p>\n","protected":false},"author":4771,"featured_media":0,"parent":0,"menu_order":0,"comment_status":"closed","ping_status":"closed","template":"","meta":[],"_links":{"self":[{"href":"https:\/\/blogs.urz.uni-halle.de\/mysweettooth\/wp-json\/wp\/v2\/pages\/88"}],"collection":[{"href":"https:\/\/blogs.urz.uni-halle.de\/mysweettooth\/wp-json\/wp\/v2\/pages"}],"about":[{"href":"https:\/\/blogs.urz.uni-halle.de\/mysweettooth\/wp-json\/wp\/v2\/types\/page"}],"author":[{"embeddable":true,"href":"https:\/\/blogs.urz.uni-halle.de\/mysweettooth\/wp-json\/wp\/v2\/users\/4771"}],"replies":[{"embeddable":true,"href":"https:\/\/blogs.urz.uni-halle.de\/mysweettooth\/wp-json\/wp\/v2\/comments?post=88"}],"version-history":[{"count":10,"href":"https:\/\/blogs.urz.uni-halle.de\/mysweettooth\/wp-json\/wp\/v2\/pages\/88\/revisions"}],"predecessor-version":[{"id":197,"href":"https:\/\/blogs.urz.uni-halle.de\/mysweettooth\/wp-json\/wp\/v2\/pages\/88\/revisions\/197"}],"wp:attachment":[{"href":"https:\/\/blogs.urz.uni-halle.de\/mysweettooth\/wp-json\/wp\/v2\/media?parent=88"}],"curies":[{"name":"wp","href":"https:\/\/api.w.org\/{rel}","templated":true}]}}