{"id":2,"date":"2016-12-15T17:06:52","date_gmt":"2016-12-15T16:06:52","guid":{"rendered":"https:\/\/blogs.urz.uni-halle.de\/mytmc\/?page_id=2"},"modified":"2017-03-30T13:39:16","modified_gmt":"2017-03-30T11:39:16","slug":"beispiel-seite","status":"publish","type":"page","link":"https:\/\/blogs.urz.uni-halle.de\/mytmc\/beispiel-seite\/","title":{"rendered":"Allgemeine Informationen \u00fcber Berlin"},"content":{"rendered":"<ul>\n<li>Hauptstadt von Deutschland<\/li>\n<li>Einwohner: Circa 3,5 Millionen ( Stand Dezember 2015 )<\/li>\n<li>Fl\u00e4che:\u00a0891,68 km\u00b2<\/li>\n<li>Bezirke: 12 , 96 Ortsteile<\/li>\n<li>Regierender B\u00fcrgermeister: Michael M\u00fcller<\/li>\n<li>Regierende Parteien: SP, Linke und Gr\u00fcne<\/li>\n<\/ul>\n","protected":false},"excerpt":{"rendered":"<p>Hauptstadt von Deutschland Einwohner: Circa 3,5 Millionen ( Stand Dezember 2015 ) Fl\u00e4che:\u00a0891,68 km\u00b2 Bezirke: 12 , 96 Ortsteile Regierender B\u00fcrgermeister: Michael M\u00fcller Regierende Parteien: SP, Linke und Gr\u00fcne<\/p>\n","protected":false},"author":2922,"featured_media":0,"parent":0,"menu_order":0,"comment_status":"closed","ping_status":"open","template":"","meta":[],"_links":{"self":[{"href":"https:\/\/blogs.urz.uni-halle.de\/mytmc\/wp-json\/wp\/v2\/pages\/2"}],"collection":[{"href":"https:\/\/blogs.urz.uni-halle.de\/mytmc\/wp-json\/wp\/v2\/pages"}],"about":[{"href":"https:\/\/blogs.urz.uni-halle.de\/mytmc\/wp-json\/wp\/v2\/types\/page"}],"author":[{"embeddable":true,"href":"https:\/\/blogs.urz.uni-halle.de\/mytmc\/wp-json\/wp\/v2\/users\/2922"}],"replies":[{"embeddable":true,"href":"https:\/\/blogs.urz.uni-halle.de\/mytmc\/wp-json\/wp\/v2\/comments?post=2"}],"version-history":[{"count":4,"href":"https:\/\/blogs.urz.uni-halle.de\/mytmc\/wp-json\/wp\/v2\/pages\/2\/revisions"}],"predecessor-version":[{"id":60,"href":"https:\/\/blogs.urz.uni-halle.de\/mytmc\/wp-json\/wp\/v2\/pages\/2\/revisions\/60"}],"wp:attachment":[{"href":"https:\/\/blogs.urz.uni-halle.de\/mytmc\/wp-json\/wp\/v2\/media?parent=2"}],"curies":[{"name":"wp","href":"https:\/\/api.w.org\/{rel}","templated":true}]}}