{"id":10,"date":"2023-12-10T16:55:40","date_gmt":"2023-12-10T15:55:40","guid":{"rendered":"https:\/\/blogs.urz.uni-halle.de\/mzproteine\/?page_id=10"},"modified":"2023-12-10T23:07:39","modified_gmt":"2023-12-10T22:07:39","slug":"people","status":"publish","type":"page","link":"https:\/\/blogs.urz.uni-halle.de\/mzproteine\/people\/","title":{"rendered":"Personen"},"content":{"rendered":"\n<p><\/p>\n\n\n\n<div class=\"wp-block-group\"><div class=\"wp-block-group__inner-container\">\n<p class=\"has-text-align-left\"><strong><em>NMR Spectroscopy: Prof. Dr. Jochen Balbach<\/em><\/strong><br><img loading=\"lazy\" width=\"250\" height=\"300\" class=\"wp-image-67\" style=\"width: 150px\" src=\"https:\/\/blogs.urz.uni-halle.de\/mzproteine\/files\/2023\/12\/jochen-balbach.jpeg\" alt=\"Jochen Balbach\"><br><code><em>Jochen studierte Chemie an der Technischen Universit\u00e4t M\u00fcnchen, Deutschland, wo er auch in Organischer Chemie promovierte. Nach einem Postdoc an der Universit\u00e4t Oxford, Gro\u00dfbritannien, von 1994 bis 1996 bei Chris Dobson auf dem Gebiet der Proteinfaltung, wechselte er an die Universit\u00e4t Bayreuth, Deutschland, und forschte weiter auf dem Gebiet der NMR-Spektroskopie, zun\u00e4chst als wissenschaftlicher Mitarbeiter, dann als Privatdozent. Seit 2004 ist er ordentlicher Professor f\u00fcr Biophysik und medizinische Physik an der Martin-Luther-Universit\u00e4t Halle-Wittenberg (MLU). Seine aktuellen Interessen umfassen die Faltung und Dynamik von Proteinen. Er ist Direktor des Forschungszentrums ZIK HALOmem an der MLU, das Teil des MZP ist.<\/em><\/code>\/ Jochen studied Chemistry at the Technical University in Munich, Germany, where he also obtained his PhD in Organic Chemistry. After a postdoc at Oxford University, UK, from 1994 to 1996 with Chris Dobson in the field of protein folding, he moved to the University of Bayreuth, Germany, conducting further research in NMR spectroscopy, first as a scientific assistant, then as a senior lecturer. Since 2004 he is Full Professor of Biophysics and Medical Physics at the Martin Luther University Halle-Wittenberg (MLU). His current interests encompass protein folding and dynamics. He is director of research center ZIK HALOmem at the MLU, part of the MZP. <\/p>\n<\/div><\/div>\n\n\n\n<div class=\"wp-block-group\"><div class=\"wp-block-group__inner-container\">\n<p><strong><em>X-ray crystallography: Prof. Dr. Milton T. Stubbs<\/em><\/strong><br><img loading=\"lazy\" width=\"250\" height=\"300\" class=\"wp-image-68\" style=\"width: 150px\" src=\"https:\/\/blogs.urz.uni-halle.de\/mzproteine\/files\/2023\/12\/Milton-Stubbs.jpeg\" alt=\"\"><br><code><em>Milton studierte von 1988 bis 1983 einen BSc in Physik an der University of Durham, Gro\u00dfbritannien, bevor er 1986 einen DPhil in Molekularer Biophysik an der University of Oxford, Gro\u00dfbritannien, erhielt. Von 1987 bis 1991 war er Postdoktorand am Max-Planck-Institut f\u00fcr Biochemie in Martinsried, Deutschland. Danach wechselte er an das Zentrum f\u00fcr Strukturbiochemie am Karolinska Institut in Stockholm, Schweden, wo er 1992 Assistenzprofessor wurde. Danach war er als Senior Research Fellow am AKZO Organon, Niederlande, und am Max-Planck-Institut f\u00fcr Biochemie in Martinsried t\u00e4tig. Ab 1995 arbeitete er als Senior Research Fellow am Institut f\u00fcr Klinische Chemie der Ludwig-Maximilians-Universit\u00e4t in M\u00fcnchen, Deutschland. Im Jahr 1996 wurde er Leiter der R\u00f6ntgenkristallographie am Institut f\u00fcr Pharmazeutische Chemie der Universit\u00e4t Marburg, bevor er 2002 eine Professur f\u00fcr Physikalische Biotechnologie an der MLU annahm. Er ist Direktor des Forschungszentrums ZIK HALOmem an der MLU, das Teil des MZP ist.<\/em><\/code>\/Milton studied for a BSc in Physics at the University of Durham, UK, from 1988 to 1983, before obtaining a DPhil in Molecular Biophysics from the University of Oxford, UK, in 1986. From 1987-1991, he was a postdoctoral fellow at the Max Planck Institute for Biochemistry in Martinsried, Germany. He then moved to the Center of Structural Biochemistry at Karolinska Institute, Stockholm, Sweden, where he became an Assistant Professor in 1992. He then had a joint appointment as a senior research fellow at AKZO Organon, Netherlands and the Max Planck Institute for Biochemistry in Martinsried. In 1995, he started to work as a senior research fellow at the Department of Clinical Chemistry of the Ludwig Maximilians University in Munich, Germany. In 1996 he became the head of X-ray crystallography at the Institute of Pharmaceutical Chemistry, University of Marburg, Germany, before accepting a professorship in Physical Biotechnology at the MLU in 2002. He is director of research center ZIK HALOmem at the MLU, part of the MZP.<\/p>\n<\/div><\/div>\n\n\n\n<p><strong><em>cryo-Electron Microscopy: Jun.-Prof. Dr. Panagiotis L. Kastritis<\/em><\/strong><br><img loading=\"lazy\" width=\"250\" height=\"300\" class=\"wp-image-69\" style=\"width: 150px\" src=\"https:\/\/blogs.urz.uni-halle.de\/mzproteine\/files\/2023\/12\/Panagiotis-Kastritis.jpeg\" alt=\"\"><br><code><em>Panagiotis L. Kastritis studierte Biologie an der Universit\u00e4t von Athen (Griechenland) und spezialisierte sich auf Strukturbiologie.Im Jahr 2012 promovierte er in Chemie in der Gruppe f\u00fcr NMR-Spektroskopie an der Universit\u00e4t Utrecht (Niederlande).Von 2013 bis 2018 war Panagiotis Kastritis Postdoktorand am EMBL Heidelberg (Deutschland), wo er Zellextraktstrukturen mit integrativen Modellierungsmethoden charakterisierte.Im Jahr 2018 gr\u00fcndete er seine eigene Forschungsgruppe im Rahmen des ZIK HaloMem-Programms und wurde zum Juniorprofessor f\u00fcr \"Kryo-Elektronenmikroskopie von Membranproteinkomplexen\" an der Martin-Luther-Universit\u00e4t Halle-Wittenberg (Deutschland) ernannt.Panagiotis Kastritis m\u00f6chte die zellul\u00e4re Architektur durch die Analyse von nativen Zellextrakten verstehen.Sein Hauptinteresse gilt der Nutzung der Kryo-EM als zentrale biophysikalische Methode, zusammen mit der computergest\u00fctzten Strukturbiologie und XL-MS, f\u00fcr eine strukturbasierte Modellierung biomolekularer Interaktionen.<\/em><\/code>\/Panagiotis L. Kastritis studied Biology at the University of Athens (Greece) and specialized in Structural Biology. In 2012, he earned his Ph.D. in Chemistry in the NMR Spectroscopy group at Utrecht University (The Netherlands). From 2013 to 2018, Panagiotis Kastritis was a postdoctoral researcher at the EMBL Heidelberg (Germany), where he characterized cell extract structures with integrative modeling methods. In 2018, he started his own research group within the ZIK HaloMem program and was appointed as Junior Professor for \u201cCryo-Electron Microscopy of Membrane Protein Complexes\u201d at the Martin Luther University of Halle-Wittenberg (Germany). Panagiotis Kastritis aims to understand cellular architecture via the analysis of native cell extracts. His main interest is on using cryo-EM as a core biophysical method, together with computational structural biology and XL-MS, for a structure-based modeling of biomolecular interactions.<\/p>\n\n\n\n<p><strong><em>Biophysical Chemistry: Prof. Dr. Kirsten Bacia<\/em><\/strong><br><img loading=\"lazy\" width=\"111\" height=\"138\" class=\"wp-image-74\" style=\"width: 150px\" src=\"https:\/\/blogs.urz.uni-halle.de\/mzproteine\/files\/2023\/12\/Kirsten-Bacia.jpeg\" alt=\"\"><br><code><em>Kirsten Bacia blickt auf eine erfolgreiche Karriere in der biophysikalischen Chemie zur\u00fcck.Seit 2015 ist sie W2-Professorin f\u00fcr Biophysikalische Chemie an der Martin-Luther Universit\u00e4t Halle-Wittenberg in Halle, Deutschland.Davor war Kirsten von 2012 bis 2015 Juniorprofessorin an der gleichen Institution, nachdem sie von 2009 bis 2015 Juniorgruppenleiterin f\u00fcr Biophysikalische Chemie von Membranen im HALOmem-Projekt war.Ihre internationale Erfahrung umfasst Postdoc-Stellen an der University of California in Berkeley bei Randy Schekman von 2007 bis 2009 und am BIOTEC \/ Technische Universit\u00e4t Dresden, Deutschland, bei Petra Schwille von 2005 bis 2007.Kirstens akademische Laufbahn begann mit einem Studium der Biochemie an der Universit\u00e4t Hannover von 1995 bis 2001, gefolgt von einem Studium der molekularen Biophysik an der Johns Hopkins University, Baltimore, MD, USA, von 1998 bis 1999.Kirsten ist Teil des Direktoriums von ZIK HALOmem und Mitglied des Vorstands von MZP.<\/em><\/code>\/Kirsten Bacia has an accomplished career in Biophysical Chemistry. Since 2015, she has been a W2-Professor for Biophysical Chemistry at Martin-Luther Universit\u00e4t Halle-Wittenberg in Halle, Germany. Prior to this, Kirsten held the position of Junior Professor at the same institution from 2012 to 2015, following her role as a Junior Group Leader in Biophysical Chemistry of Membranes for the HALOmem project from 2009 to 2015. Her international experience includes postdoctoral positions at the University of California at Berkeley with Randy Schekman from 2007 to 2009, and at BIOTEC \/ Technische Universit\u00e4t Dresden, Germany, with Petra Schwille from 2005 to 2007. Kirsten&#8217;s academic journey began with graduate studies in biochemistry at Universit\u00e4t Hannover, Germany, from 1995 to 2001, followed by graduate studies in molecular biophysics at The Johns Hopkins University, Baltimore, MD, USA, from 1998 to 1999. Kirsten is part of the Directorium of ZIK HALOmem and a member of the board of MZP.<\/p>\n\n\n\n<p><strong><em>Lipid analysis: PD Dr. Annette Meister<\/em><\/strong><br><img loading=\"lazy\" width=\"162\" height=\"195\" class=\"wp-image-73\" style=\"width: 150px\" src=\"https:\/\/blogs.urz.uni-halle.de\/mzproteine\/files\/2023\/12\/Annette-Meister-1.png\" alt=\"\"><br><code><em>Annette studierte an der Martin-Luther-Universit\u00e4t Halle-Wittenberg (MLU) und erwarb 1990 ihr Diplom in Chemie.Anschlie\u00dfend promovierte sie 1994 in Chemie am Institut de Chimie de l'Universit\u00e9 de Neuch\u00e2tel (CH) unter der Leitung von Prof. G. S\u00fcss-Fink.Anschlie\u00dfend absolvierte Annette Postdoc-Stipendien an der MLU Halle-Wittenberg, am Max-Planck-Institut f\u00fcr Kolloid- und Grenzfl\u00e4chenforschung in Golm und am Commissariat \u00e0 l'\u00e9nergie atomique (CEA) Saclay in Frankreich.Im Jahr 2008 erreichte Annette mit ihrer Habilitation in Physikalischer Chemie einen wichtigen Meilenstein.Ihr Engagement in der Forschung setzte sie von 2003 bis 2009 an der MLU Halle-Wittenberg als wissenschaftliche Mitarbeiterin in der Gruppe von Prof. A. Blume fort.Seit 2012 ist sie wissenschaftliche Mitarbeiterin im Bereich Kryo-Elektronenmikroskopie an der MLU Halle-Wittenberg. Annettes Expertise umfasst verschiedene Bereiche, darunter die Selbstorganisation von Bolaamphiphilen, Struktur-Eigenschafts-Beziehungen in stimulusabh\u00e4ngigen Hydrogelen, Konformationsanalyse von Bolaamphiphilen an der Luft-Wasser-Grenzfl\u00e4che und Kryo-EM von Lipiden, Membranproteinen und lipidbindenden Proteinen.\/<\/em><\/code>Annette studied at Martin Luther University Halle-Wittenberg (MLU), earning her Diploma in Chemistry in 1990. She then completed her Ph.D. in Chemistry at the Institut de Chimie de l\u2019Universit\u00e9 de Neuch\u00e2tel (CH) under the guidance of Prof. G. S\u00fcss-Fink in 1994. Annette then undertook post-doctoral fellowships at MLU Halle-Wittenberg, Max Planck Institute for Colloid and Interface Research in Golm, and the Commissariat \u00e0 l\u2019\u00e9nergie atomique (CEA) Saclay in France. In 2008, Annette achieved a significant milestone with her Habilitation in Physical Chemistry. Her commitment to research continued at MLU Halle-Wittenberg from 2003 to 2009 as a scientific collaborator in the group of Prof. A. Blume. Since 2012, Annette has been a Scientific Collaborator in Cryo Electron Microscopy at MLU Halle-Wittenberg. Annette&#8217;s expertise spans diverse areas, including self-assembly of bolaamphiphiles, structure-property relationships in stimulus-responsive hydrogels, conformational analysis of bolaamphiphiles at the air-water interface and cryo-EM of lipids, membrane proteins and lipid-binding proteins.<\/p>\n\n\n\n<div class=\"wp-block-image\"><figure class=\"aligncenter\"><img src=\"https:\/\/blogs.urz.uni-halle.de\/mzproteine\/files\/2023\/12\/LOGO_MZP-150x150.png\" alt=\"Dieses Bild hat ein leeres Alt-Attribut. Der Dateiname ist LOGO_MZP-150x150.png\" \/><\/figure><\/div>\n","protected":false},"excerpt":{"rendered":"<p>cryo-Electron Microscopy: Jun.-Prof. Dr. Panagiotis L. KastritisPanagiotis L. Kastritis studierte Biologie an der Universit\u00e4t von Athen (Griechenland) und spezialisierte sich auf Strukturbiologie.Im Jahr 2012 promovierte er in Chemie in der Gruppe f\u00fcr NMR-Spektroskopie an der Universit\u00e4t Utrecht (Niederlande).Von 2013 bis <a class=\"more-link\" href=\"https:\/\/blogs.urz.uni-halle.de\/mzproteine\/people\/\">weiterlesen  <span class=\"screen-reader-text\">  Personen<\/span><span class=\"meta-nav\">&rarr;<\/span><\/a><\/p>\n","protected":false},"author":4167,"featured_media":0,"parent":0,"menu_order":0,"comment_status":"closed","ping_status":"closed","template":"","meta":[],"_links":{"self":[{"href":"https:\/\/blogs.urz.uni-halle.de\/mzproteine\/wp-json\/wp\/v2\/pages\/10"}],"collection":[{"href":"https:\/\/blogs.urz.uni-halle.de\/mzproteine\/wp-json\/wp\/v2\/pages"}],"about":[{"href":"https:\/\/blogs.urz.uni-halle.de\/mzproteine\/wp-json\/wp\/v2\/types\/page"}],"author":[{"embeddable":true,"href":"https:\/\/blogs.urz.uni-halle.de\/mzproteine\/wp-json\/wp\/v2\/users\/4167"}],"replies":[{"embeddable":true,"href":"https:\/\/blogs.urz.uni-halle.de\/mzproteine\/wp-json\/wp\/v2\/comments?post=10"}],"version-history":[{"count":6,"href":"https:\/\/blogs.urz.uni-halle.de\/mzproteine\/wp-json\/wp\/v2\/pages\/10\/revisions"}],"predecessor-version":[{"id":135,"href":"https:\/\/blogs.urz.uni-halle.de\/mzproteine\/wp-json\/wp\/v2\/pages\/10\/revisions\/135"}],"wp:attachment":[{"href":"https:\/\/blogs.urz.uni-halle.de\/mzproteine\/wp-json\/wp\/v2\/media?parent=10"}],"curies":[{"name":"wp","href":"https:\/\/api.w.org\/{rel}","templated":true}]}}