{"id":12,"date":"2023-12-10T16:55:40","date_gmt":"2023-12-10T15:55:40","guid":{"rendered":"https:\/\/blogs.urz.uni-halle.de\/mzproteine\/?page_id=12"},"modified":"2023-12-10T23:07:23","modified_gmt":"2023-12-10T22:07:23","slug":"research","status":"publish","type":"page","link":"https:\/\/blogs.urz.uni-halle.de\/mzproteine\/research\/","title":{"rendered":"Finanzierung"},"content":{"rendered":"\n<div class=\"wp-block-group\"><div class=\"wp-block-group__inner-container\">\n<p><em><code>Nach der Festlegung innerhalb des Universit\u00e4tsverbundes <a href=\"https:\/\/mitteldeutscher-unibund.de\/\">Halle - Jena - Leipzig<\/a> den Schwerpunkt des Ausbaus der Strukturbiologie ab 2004 nach Halle zu legen, erfolgte der Aufbau der hochaufl\u00f6senden NMR-Spektroskopie durch Mittel des Landes Sachsen-Anhalt, die Deutsche Forschungsgemeinschaft (DFG) und den Europ\u00e4ischen Fonds f\u00fcr regionale Entwicklung (EFRE). Ab 2017 erfolgte die Etablierung der Kryoelektronenmikroskopie und die Erweiterung der Mittelgeber um das Bundesministerium f\u00fcr Bildung und Forschung (BMBF).<\/code><\/em><\/p>\n<\/div><\/div>\n\n\n\n<p class=\"has-text-align-center\"><img loading=\"lazy\" width=\"447\" height=\"99\" class=\"wp-image-91\" style=\"width: 150px\" src=\"https:\/\/blogs.urz.uni-halle.de\/mzproteine\/files\/2023\/12\/banner.jpeg\" alt=\"\" srcset=\"https:\/\/blogs.urz.uni-halle.de\/mzproteine\/files\/2023\/12\/banner.jpeg 447w, https:\/\/blogs.urz.uni-halle.de\/mzproteine\/files\/2023\/12\/banner-300x66.jpeg 300w\" sizes=\"(max-width: 447px) 100vw, 447px\" \/><\/p>\n\n\n\n<p class=\"has-text-align-center\"><img loading=\"lazy\" width=\"600\" height=\"112\" class=\"wp-image-93\" style=\"width: 600px\" src=\"https:\/\/blogs.urz.uni-halle.de\/mzproteine\/files\/2023\/12\/EFRE.jpg\" alt=\"\" srcset=\"https:\/\/blogs.urz.uni-halle.de\/mzproteine\/files\/2023\/12\/EFRE.jpg 600w, https:\/\/blogs.urz.uni-halle.de\/mzproteine\/files\/2023\/12\/EFRE-300x56.jpg 300w\" sizes=\"(max-width: 600px) 100vw, 600px\" \/><\/p>\n\n\n\n<p class=\"has-text-align-center\"><img loading=\"lazy\" width=\"491\" height=\"103\" class=\"wp-image-97\" style=\"width: 260px\" src=\"https:\/\/blogs.urz.uni-halle.de\/mzproteine\/files\/2023\/12\/EU-logo.jpeg\" alt=\"\" srcset=\"https:\/\/blogs.urz.uni-halle.de\/mzproteine\/files\/2023\/12\/EU-logo.jpeg 491w, https:\/\/blogs.urz.uni-halle.de\/mzproteine\/files\/2023\/12\/EU-logo-300x63.jpeg 300w\" sizes=\"(max-width: 491px) 100vw, 491px\" \/><img loading=\"lazy\" width=\"415\" height=\"80\" class=\"wp-image-96\" style=\"width: 281px\" src=\"https:\/\/blogs.urz.uni-halle.de\/mzproteine\/files\/2023\/12\/DFG.png\" alt=\"\" srcset=\"https:\/\/blogs.urz.uni-halle.de\/mzproteine\/files\/2023\/12\/DFG.png 415w, https:\/\/blogs.urz.uni-halle.de\/mzproteine\/files\/2023\/12\/DFG-300x58.png 300w\" sizes=\"(max-width: 415px) 100vw, 415px\" \/><img loading=\"lazy\" width=\"320\" height=\"145\" class=\"wp-image-94\" style=\"width: 278px\" src=\"https:\/\/blogs.urz.uni-halle.de\/mzproteine\/files\/2023\/12\/REGION.jpg\" alt=\"\" srcset=\"https:\/\/blogs.urz.uni-halle.de\/mzproteine\/files\/2023\/12\/REGION.jpg 320w, https:\/\/blogs.urz.uni-halle.de\/mzproteine\/files\/2023\/12\/REGION-300x136.jpg 300w\" sizes=\"(max-width: 320px) 100vw, 320px\" \/><img loading=\"lazy\" width=\"420\" height=\"270\" class=\"wp-image-95\" style=\"width: 200px\" src=\"https:\/\/blogs.urz.uni-halle.de\/mzproteine\/files\/2023\/12\/BMBF.jpg\" alt=\"\" srcset=\"https:\/\/blogs.urz.uni-halle.de\/mzproteine\/files\/2023\/12\/BMBF.jpg 420w, https:\/\/blogs.urz.uni-halle.de\/mzproteine\/files\/2023\/12\/BMBF-300x193.jpg 300w\" sizes=\"(max-width: 420px) 100vw, 420px\" \/><br><\/p>\n\n\n\n<p class=\"has-text-align-center\">The MZP has received <strong>competitive funding <\/strong>from MLU, regional, national, and european sources. The list below shows the support and a summary of the underlying funding:<\/p>\n\n\n\n<p><\/p>\n\n\n\n<figure class=\"wp-block-table\"><table><tbody><tr><td>MZP member<\/td><td>Project<\/td><td>Funding Agency<\/td><td>Duration<\/td><td>Project Number<\/td><\/tr><tr><td>Milton T. Stubbs<\/td><td>Umbau Biozentrum<\/td><td>MLU<\/td><td>2015-2019<\/td><td>MLU-Projekt<\/td><\/tr><tr><td>Panagiotis Kastritis<\/td><td>ERA Chair Holder to establish the electron cryo-microscopy analysis of cellular and artificial nanomachines<\/td><td>Horizon Europe<\/td><td>since 2023<\/td><td>101086665<\/td><\/tr><tr><td>Milton T. Stubbs<\/td><td>K2 Detektor<\/td><td>LAND\/EFRE<\/td><td>2013-2014<\/td><td>K2 Detektor<\/td><\/tr><tr><td>Milton T. Stubbs<\/td><td>HALOmem II: Strukturbiologie und Transfer<\/td><td>LAND\/EFRE<\/td><td>2016-2022<\/td><td>ZS\/2016\/04\/78115<\/td><\/tr><tr><td>Jochen Balbach<\/td><td>NMR Center<\/td><td>LAND\/EFRE<\/td><td>since 2010<\/td><td>LAND NMR<\/td><\/tr><tr><td>Milton T. Stubbs<\/td><td>Charles-Tanford-Proteinzentrum<\/td><td>LAND\/EFRE<\/td><td>since 2017<\/td><td>LAND CTP<\/td><\/tr><tr><td>Milton T. Stubbs<\/td><td>ZIK HALOMEM<\/td><td>BMBF<\/td><td>2008-2013<\/td><td>LAND ZIK HALOMEM<\/td><\/tr><tr><td>Jochen Balbach<\/td><td>Aufbau einer NMR-Plattform f\u00fcr Proteinmessungen<\/td><td>BMBF<\/td><td>2010-2014<\/td><td>ProNet-T3<\/td><\/tr><tr><td>Milton T. Stubbs<\/td><td>Zentrum f\u00fcr Innovationskompetenz: Strategische Investationen zur nachhaltigen Etablierung des ZIK HALOmem<\/td><td>BMBF<\/td><td>2013-2014<\/td><td>03Z2HS2<\/td><\/tr><tr><td>Panagiotis Kastritis<\/td><td>Kryo-elektronenmikroskopie von membrangebundenen Protein-Nanomaschinen<\/td><td>BMBF<\/td><td>2017-2022<\/td><td>03Z22HN23<\/td><\/tr><tr><td>Milton T. Stubbs<\/td><td>ZIK HALOMEM-v02<\/td><td>BMBF<\/td><td>2019-2022<\/td><td>03Z22HI2<\/td><\/tr><tr><td>Milton T. Stubbs<\/td><td>Strategische Investitionen f\u00fcr die Weiterentwicklung des Zentrums f\u00fcr Innovationskompetenz HALOmem \u201eStruktur und Dynamik von Membranproteinen\u201c<\/td><td>BMBF<\/td><td>2019-2022<\/td><td>03Z22HI2<\/td><\/tr><tr><td>Panagiotis Kastritis<\/td><td>Kryo-elektronenmikroskopie von membrangebundenen Protein-Nanomaschinen<\/td><td>BMBF<\/td><td>2021-2022<\/td><td>03Z22HN23<\/td><\/tr><tr><td>Milton T. Stubbs<\/td><td>CORONAmem: Molekulare Determinaten der differentiellen Wirtsanf\u00e4lligkeit gegn\u00fcber SARS-CoV-2 am Eintrittspunkt<\/td><td>BMBF<\/td><td>2021-2023<\/td><td>03COV04<\/td><\/tr><tr><td>Milton T. Stubbs<\/td><td>GRK 541:&nbsp; Protein Function at the Atomic Level<\/td><td>DFG<\/td><td>1999-2005<\/td><td>272835<\/td><\/tr><tr><td>Jochen Balbach<\/td><td>NMR-spektroskopische Charakterisierung der elementaren Proteinfaltung und der Nukleins\u00e4urebindung des K\u00e4lteschockproteins CspB<\/td><td>DFG<\/td><td>2002-2008<\/td><td>5391472<\/td><\/tr><tr><td>Milton T. Stubbs<\/td><td>Von Hydrolasen zu Acyltransferasen: Struktur-Funktionsbeziehungen Serin-Carboxypeptidase-\u00e4hnlicher Acyltransferasen des pflanzlichen Phenylpropanstoffwechsels<\/td><td>DFG<\/td><td>2003-2009<\/td><td>5405120<\/td><\/tr><tr><td>Milton T. Stubbs<\/td><td>Evolution of non-ribosomal synthetases through structure-function relationships<\/td><td>DFG<\/td><td>2003-2010<\/td><td>5405390<\/td><\/tr><tr><td>Milton T. Stubbs<\/td><td>Struktur, Funktion und Evolution von 4-Cumarat: Coenzym A-Ligase<\/td><td>DFG<\/td><td>2003-2010<\/td><td>5405465<\/td><\/tr><tr><td>Milton T. Stubbs<\/td><td>Struktur und Funktion Kation-abh\u00e4ngiger O-Methyltransferasen<\/td><td>DFG<\/td><td>2004-2007<\/td><td>5439532<\/td><\/tr><tr><td>Jochen Balbach<\/td><td>How phage fd uses prolyl isomerization and partial unfolding to activate its gene-3-protein for infection<\/td><td>DFG<\/td><td>2004-2015<\/td><td>5423444<\/td><\/tr><tr><td>Milton T. Stubbs<\/td><td>Structural studies on calcium dependent signalling complexes (B08)<\/td><td>DFG<\/td><td>2005-2008<\/td><td>5485044<\/td><\/tr><tr><td>Milton T. Stubbs<\/td><td>Sp\u00e4tzle splice variants in Drosophila signalling pathways (A12)<\/td><td>DFG<\/td><td>2005-2008<\/td><td>5485142<\/td><\/tr><tr><td>Annette Meister<\/td><td>GRK 1026:&nbsp; Conformational Transitions in Macromolecular Interactions<\/td><td>DFG<\/td><td>2005-2013<\/td><td>373608<\/td><\/tr><tr><td>Jochen Balbach<\/td><td>GRK 1026:&nbsp; Conformational Transitions in Macromolecular Interactions<\/td><td>DFG<\/td><td>2005-2013<\/td><td>373608<\/td><\/tr><tr><td>Kirsten Bacia<\/td><td>GRK 1026:&nbsp; Conformational Transitions in Macromolecular Interactions<\/td><td>DFG<\/td><td>2005-2013<\/td><td>373608<\/td><\/tr><tr><td>Milton T. Stubbs<\/td><td>GRK 1026:&nbsp; Conformational Transitions in Macromolecular Interactions<\/td><td>DFG<\/td><td>2005-2013<\/td><td>373608<\/td><\/tr><tr><td>Jochen Balbach<\/td><td>The mechanism of the prolyl isomerase SlyD<\/td><td>DFG<\/td><td>2008-2012<\/td><td>62174927<\/td><\/tr><tr><td>Jochen Balbach<\/td><td>The mechanism of the prolyl isomerase SlyD (A13*)<\/td><td>DFG<\/td><td>2009-2012<\/td><td>5485142<\/td><\/tr><tr><td>Milton T. Stubbs<\/td><td>Integrated Research Training Group (MGK)<\/td><td>DFG<\/td><td>2009-2012<\/td><td>5485142<\/td><\/tr><tr><td>Jochen Balbach<\/td><td>NMR Investigations of the Self Organization and Dynamics of Amyloid Protein Fibrils (A06)<\/td><td>DFG<\/td><td>2011-2023<\/td><td>189853844<\/td><\/tr><tr><td>Jochen Balbach<\/td><td>Organization and interactions of eye-lens crystallins: native states and cataract formation (A08)<\/td><td>DFG<\/td><td>2011-2023<\/td><td>189853844<\/td><\/tr><tr><td>Kirsten Bacia<\/td><td>Mikroskopische Untersuchung und Funktionalisierung von Hybridmembranen aus Phospholipiden und synthetischen Polyphilen<\/td><td>DFG<\/td><td>2013-2018<\/td><td>80053741<\/td><\/tr><tr><td>Annette Meister<\/td><td>FLUOR &#8211; Fluorinated Surfactants for Membrane-Protein Research<\/td><td>DFG<\/td><td>2016-2021<\/td><td>316675121<\/td><\/tr><tr><td>Jochen Balbach<\/td><td>Topology and Grb2 interactions of the intrinsically disordered platform protein Gab1<\/td><td>DFG<\/td><td>2017-2021<\/td><td>374605181<\/td><\/tr><tr><td>Jochen Balbach<\/td><td>Assembly of PTH\/polymer hybrid molecules (A12*)<\/td><td>DFG<\/td><td>2019-2023<\/td><td>189853844<\/td><\/tr><tr><td>Jochen Balbach<\/td><td>GRK 2467:&nbsp; Intrinsically Disordered Proteins \u2013 Molecular Principles, Cellular Functions, and Diseases<\/td><td>DFG<\/td><td>since 2019<\/td><td>391498659<\/td><\/tr><tr><td>Milton T. Stubbs<\/td><td>GRK 2467:&nbsp; Intrinsically Disordered Proteins \u2013 Molecular Principles, Cellular Functions, and Diseases<\/td><td>DFG<\/td><td>since 2019<\/td><td>391498659<\/td><\/tr><tr><td>Panagiotis Kastritis<\/td><td>GRK 2467:&nbsp; Intrinsically Disordered Proteins \u2013 Molecular Principles, Cellular Functions, and Diseases<\/td><td>DFG<\/td><td>since 2019<\/td><td>391498659<\/td><\/tr><tr><td>Kirsten Bacia<\/td><td>Korrelatives Kryo-Konfokalfluoreszenzmikroskop<\/td><td>DFG<\/td><td>since 2019<\/td><td>415004746<\/td><\/tr><tr><td>Kirsten Bacia<\/td><td>GRK 2670:&nbsp; Beyond Amphiphilicity: Self-Organization of Soft Matter Via Multiple Noncovalent Interactions<\/td><td>DFG<\/td><td>since 2021<\/td><td>436494874<\/td><\/tr><tr><td>Jochen Balbach<\/td><td>Targeting oncofetal IGF2BP proteins by small molecule drugs in cancer<\/td><td>DFG<\/td><td>since 2023<\/td><td>468534282<\/td><\/tr><\/tbody><\/table><\/figure>\n\n\n\n<div class=\"wp-block-image\"><figure class=\"aligncenter\"><img src=\"https:\/\/blogs.urz.uni-halle.de\/mzproteine\/files\/2023\/12\/LOGO_MZP-150x150.png\" alt=\"Dieses Bild hat ein leeres Alt-Attribut. Der Dateiname ist LOGO_MZP-150x150.png\" \/><\/figure><\/div>\n","protected":false},"excerpt":{"rendered":"<p>The MZP has received competitive funding from MLU, regional, national, and european sources. The list below shows the support and a summary of the underlying funding: MZP member Project Funding Agency Duration Project Number Milton T. Stubbs Umbau Biozentrum MLU <a class=\"more-link\" href=\"https:\/\/blogs.urz.uni-halle.de\/mzproteine\/research\/\">weiterlesen  <span class=\"screen-reader-text\">  Finanzierung<\/span><span class=\"meta-nav\">&rarr;<\/span><\/a><\/p>\n","protected":false},"author":4167,"featured_media":0,"parent":0,"menu_order":0,"comment_status":"closed","ping_status":"closed","template":"","meta":[],"_links":{"self":[{"href":"https:\/\/blogs.urz.uni-halle.de\/mzproteine\/wp-json\/wp\/v2\/pages\/12"}],"collection":[{"href":"https:\/\/blogs.urz.uni-halle.de\/mzproteine\/wp-json\/wp\/v2\/pages"}],"about":[{"href":"https:\/\/blogs.urz.uni-halle.de\/mzproteine\/wp-json\/wp\/v2\/types\/page"}],"author":[{"embeddable":true,"href":"https:\/\/blogs.urz.uni-halle.de\/mzproteine\/wp-json\/wp\/v2\/users\/4167"}],"replies":[{"embeddable":true,"href":"https:\/\/blogs.urz.uni-halle.de\/mzproteine\/wp-json\/wp\/v2\/comments?post=12"}],"version-history":[{"count":10,"href":"https:\/\/blogs.urz.uni-halle.de\/mzproteine\/wp-json\/wp\/v2\/pages\/12\/revisions"}],"predecessor-version":[{"id":133,"href":"https:\/\/blogs.urz.uni-halle.de\/mzproteine\/wp-json\/wp\/v2\/pages\/12\/revisions\/133"}],"wp:attachment":[{"href":"https:\/\/blogs.urz.uni-halle.de\/mzproteine\/wp-json\/wp\/v2\/media?parent=12"}],"curies":[{"name":"wp","href":"https:\/\/api.w.org\/{rel}","templated":true}]}}