{"id":13,"date":"2023-12-10T16:55:40","date_gmt":"2023-12-10T15:55:40","guid":{"rendered":"https:\/\/blogs.urz.uni-halle.de\/mzproteine\/?page_id=13"},"modified":"2023-12-10T23:07:15","modified_gmt":"2023-12-10T22:07:15","slug":"the-protein-center","status":"publish","type":"page","link":"https:\/\/blogs.urz.uni-halle.de\/mzproteine\/the-protein-center\/","title":{"rendered":"CTP"},"content":{"rendered":"\n<p><code><em>Das Charles Tanford Protein Centre (CTP) f\u00fcgt sich nahtlos in die Vision des Mitteldeutschen Zentrums f\u00fcr Struktur und Dynamik der Proteine (MZP) ein. Das vom Bund und dem Land Sachsen-Anhalt gef\u00f6rderte CTP vereint 13 Projektteams aus verschiedenen Disziplinen unter einem Dach und etabliert sich als zentraler Knotenpunkt f\u00fcr die proteinbiochemische Forschung an der Martin-Luther-Universit\u00e4t Halle-Wittenberg.<\/em><\/code><\/p>\n\n\n\n<figure class=\"wp-block-image size-large\"><img src=\"https:\/\/www.henn.com\/sites\/default\/files\/styles\/xl_16_9\/public\/oamedia\/node\/56\/1179_n189_website.jpg?itok=Iu1aYfkX\" alt=\"\" \/><\/figure>\n\n\n\n<p>The <strong>Charles Tanford Protein Centre<\/strong> (CTP) <strong>aligns<\/strong> seamlessly with the vision of the <strong>Mitteldeutsches Zentrum f\u00fcr Struktur und Dynamik der Proteine<\/strong> (MZP) \u2013 the Central German Center for Structure and Dynamics of Proteins. Funded by the federal government and the Land Saxony-Anhalt, the CTP unites 13 project teams from diverse disciplines under one roof, establishing itself as a pivotal hub for protein biochemistry research at Martin Luther University Halle-Wittenberg.<\/p>\n\n\n\n<p>The cubic design harmonizes with surrounding structures, featuring two staggered blocks, creating accessible forecourts at different levels. The layout optimizes functionality, with tripartite organization around single access cores, adapting flexibly to evolving research needs.<\/p>\n\n\n\n<p>The building&#8217;s shell complements adjacent structures, signifying the cutting-edge research program. The outward-facing laboratory fa\u00e7ade, made of perforated aluminum panels, prevents direct sunlight, while a glass fa\u00e7ade with an adjustable screen system balances transparency and privacy.<\/p>\n\n\n\n<p>Tanford&#8217;s Garten, an on-site sculpture by artist Timm Kregel, pays homage to Charles Tanford, a pioneer in protein research. This cultural touch adds significance to the CTP, a physical embodiment of the MZP&#8217;s vision, uniting diverse teams in a purpose-built facility to advance protein study.<\/p>\n\n\n\n<p><\/p>\n\n\n\n<div class=\"wp-block-image\"><figure class=\"aligncenter\"><img src=\"https:\/\/blogs.urz.uni-halle.de\/mzproteine\/files\/2023\/12\/LOGO_MZP-150x150.png\" alt=\"Dieses Bild hat ein leeres Alt-Attribut. Der Dateiname ist LOGO_MZP-150x150.png\" \/><\/figure><\/div>\n\n\n\n<p><\/p>\n","protected":false},"excerpt":{"rendered":"<p>Das Charles Tanford Protein Centre (CTP) f\u00fcgt sich nahtlos in die Vision des Mitteldeutschen Zentrums f\u00fcr Struktur und Dynamik der Proteine (MZP) ein. Das vom Bund und dem Land Sachsen-Anhalt gef\u00f6rderte CTP vereint 13 Projektteams aus verschiedenen Disziplinen unter einem <a class=\"more-link\" href=\"https:\/\/blogs.urz.uni-halle.de\/mzproteine\/the-protein-center\/\">weiterlesen  <span class=\"screen-reader-text\">  CTP<\/span><span class=\"meta-nav\">&rarr;<\/span><\/a><\/p>\n","protected":false},"author":4167,"featured_media":0,"parent":0,"menu_order":0,"comment_status":"closed","ping_status":"closed","template":"","meta":[],"_links":{"self":[{"href":"https:\/\/blogs.urz.uni-halle.de\/mzproteine\/wp-json\/wp\/v2\/pages\/13"}],"collection":[{"href":"https:\/\/blogs.urz.uni-halle.de\/mzproteine\/wp-json\/wp\/v2\/pages"}],"about":[{"href":"https:\/\/blogs.urz.uni-halle.de\/mzproteine\/wp-json\/wp\/v2\/types\/page"}],"author":[{"embeddable":true,"href":"https:\/\/blogs.urz.uni-halle.de\/mzproteine\/wp-json\/wp\/v2\/users\/4167"}],"replies":[{"embeddable":true,"href":"https:\/\/blogs.urz.uni-halle.de\/mzproteine\/wp-json\/wp\/v2\/comments?post=13"}],"version-history":[{"count":7,"href":"https:\/\/blogs.urz.uni-halle.de\/mzproteine\/wp-json\/wp\/v2\/pages\/13\/revisions"}],"predecessor-version":[{"id":132,"href":"https:\/\/blogs.urz.uni-halle.de\/mzproteine\/wp-json\/wp\/v2\/pages\/13\/revisions\/132"}],"wp:attachment":[{"href":"https:\/\/blogs.urz.uni-halle.de\/mzproteine\/wp-json\/wp\/v2\/media?parent=13"}],"curies":[{"name":"wp","href":"https:\/\/api.w.org\/{rel}","templated":true}]}}