{"id":114,"date":"2019-07-08T00:00:04","date_gmt":"2019-07-07T22:00:04","guid":{"rendered":"https:\/\/blogs.urz.uni-halle.de\/nachhall\/?page_id=114"},"modified":"2019-07-08T20:45:06","modified_gmt":"2019-07-08T18:45:06","slug":"mittwoch","status":"publish","type":"page","link":"https:\/\/blogs.urz.uni-halle.de\/nachhall\/vegan\/tagebuch\/mittwoch\/","title":{"rendered":"Mittwoch"},"content":{"rendered":"<div class=\"twoclick_social_bookmarks_post_114 social_share_privacy clearfix 1.6.4 locale-de_DE sprite-de_DE\"><\/div><div class=\"twoclick-js\"><script type=\"text\/javascript\">\/* <![CDATA[ *\/\njQuery(document).ready(function($){if($('.twoclick_social_bookmarks_post_114')){$('.twoclick_social_bookmarks_post_114').socialSharePrivacy({\"txt_help\":\"Wenn Sie diese Felder durch einen Klick aktivieren, werden Informationen an Facebook, Twitter, Flattr, Xing, t3n, LinkedIn, Pinterest oder Google eventuell ins Ausland \\u00fcbertragen und unter Umst\\u00e4nden auch dort gespeichert. N\\u00e4heres erfahren Sie durch einen Klick auf das <em>i<\\\/em>.\",\"settings_perma\":\"Dauerhaft aktivieren und Daten\\u00fcber-tragung zustimmen:\",\"info_link\":\"http:\\\/\\\/www.heise.de\\\/ct\\\/artikel\\\/2-Klicks-fuer-mehr-Datenschutz-1333879.html\",\"uri\":\"https:\\\/\\\/blogs.urz.uni-halle.de\\\/nachhall\\\/vegan\\\/tagebuch\\\/mittwoch\\\/\",\"post_id\":114,\"post_title_referrer_track\":\"Mittwoch\",\"display_infobox\":\"on\"});}});\n\/* ]]> *\/<\/script><\/div><p class=\"p1\"><span class=\"s1\">Zum Fr\u00fch\u00adst\u00fcck habe ich mir Vol\u00adlko\u00adrn\u00adtoast mit veg\u00adan\u00ader Schoko-Creme von Veg\u00adanz gemacht. Auch wenn sie vom Geschmack her nicht hun\u00addert\u00adprozentig wie Nutel\u00adla ist, so ist sie mein\u00ader Mei\u00adn\u00adung nach doch eine sehr gute Alter\u00adna\u00adtive. F\u00fcr einen stolzen Preis von 3,99\u20ac bekommt man einen sehr cremi\u00adgen und kakaoigen Aufstrich.<\/span><\/p>\n<p><img loading=\"lazy\" class=\"aligncenter size-large wp-image-132\" src=\"https:\/\/blogs.urz.uni-halle.de\/nachhall\/files\/2019\/07\/IMG_3426-e1562611479529-768x1024.jpg\" alt width=\"640\" height=\"853\" srcset=\"https:\/\/blogs.urz.uni-halle.de\/nachhall\/files\/2019\/07\/IMG_3426-e1562611479529-768x1024.jpg 768w, https:\/\/blogs.urz.uni-halle.de\/nachhall\/files\/2019\/07\/IMG_3426-e1562611479529-225x300.jpg 225w\" sizes=\"(max-width: 640px) 100vw, 640px\"><\/p>\n<p class=\"p1\"><span class=\"s1\">Da ich durch das warme Wet\u00adter keinen gro\u00dfar\u00adti\u00adgen Hunger hat\u00adte, habe ich vor der Fahrt zum See noch eine Reiswaf\u00adfel und ein paar Fr\u00fcchte gegessen.<\/span><\/p>\n<p class=\"p2\"><span class=\"s1\">Abends gab es dann gef\u00fcllte Zuc\u00adchi\u00adni mit Cous\u00adcous und Erd\u00adnuss\u00adso\u00dfe. Das geht super schnell und ist sehr leck\u00ader. Ein\u00adfach eine Zuc\u00adchi\u00adni teilen und aush\u00f6hlen. Anschlie\u00dfend mit Gem\u00fcse dein\u00ader Wahl bef\u00fcllen, bei mir waren es Mais und Papri\u00adka, und bei 180 Grad Ober-\/Un\u00adter\u00adhitze f\u00fcr 30 Minuten in den Ofen. Par\u00adal\u00adlel den Cous\u00adcous zubere\u00adit\u00aden. Die Erd\u00adnuss\u00adso\u00dfe habe ich ganz ein\u00adfach aus Erd\u00adnuss\u00adbut\u00adter und Kokos\u00admilch kurz im Topf erhitzt.<\/span><\/p>\n<p><img loading=\"lazy\" class=\"aligncenter size-large wp-image-130\" src=\"https:\/\/blogs.urz.uni-halle.de\/nachhall\/files\/2019\/07\/IMG_3529-e1562611500249-768x1024.jpg\" alt width=\"640\" height=\"853\" srcset=\"https:\/\/blogs.urz.uni-halle.de\/nachhall\/files\/2019\/07\/IMG_3529-e1562611500249-768x1024.jpg 768w, https:\/\/blogs.urz.uni-halle.de\/nachhall\/files\/2019\/07\/IMG_3529-e1562611500249-225x300.jpg 225w\" sizes=\"(max-width: 640px) 100vw, 640px\"><\/p>\n","protected":false},"excerpt":{"rendered":"<p>Zum Fr\u00fch\u00adst\u00fcck habe ich mir Vol\u00adlko\u00adrn\u00adtoast mit veg\u00adan\u00ader Schoko-Creme von Veg\u00adanz gemacht. Auch wenn sie vom Geschmack her nicht hun\u00addert\u00adprozentig wie Nutel\u00adla ist, so ist sie mein\u00ader Mei\u00adn\u00adung nach doch eine sehr gute Alter\u00adna\u00adtive. F\u00fcr einen stolzen Preis von 3,99\u20ac bekommt man einen sehr cremi\u00adgen und kakaoigen Auf\u00adstrich. Da ich durch das warme Wet\u00adter keinen&nbsp;[\u2026]<\/p>\n","protected":false},"author":4146,"featured_media":0,"parent":120,"menu_order":3,"comment_status":"closed","ping_status":"closed","template":"","meta":{"wp_typography_post_enhancements_disabled":false},"_links":{"self":[{"href":"https:\/\/blogs.urz.uni-halle.de\/nachhall\/wp-json\/wp\/v2\/pages\/114"}],"collection":[{"href":"https:\/\/blogs.urz.uni-halle.de\/nachhall\/wp-json\/wp\/v2\/pages"}],"about":[{"href":"https:\/\/blogs.urz.uni-halle.de\/nachhall\/wp-json\/wp\/v2\/types\/page"}],"author":[{"embeddable":true,"href":"https:\/\/blogs.urz.uni-halle.de\/nachhall\/wp-json\/wp\/v2\/users\/4146"}],"replies":[{"embeddable":true,"href":"https:\/\/blogs.urz.uni-halle.de\/nachhall\/wp-json\/wp\/v2\/comments?post=114"}],"version-history":[{"count":2,"href":"https:\/\/blogs.urz.uni-halle.de\/nachhall\/wp-json\/wp\/v2\/pages\/114\/revisions"}],"predecessor-version":[{"id":149,"href":"https:\/\/blogs.urz.uni-halle.de\/nachhall\/wp-json\/wp\/v2\/pages\/114\/revisions\/149"}],"up":[{"embeddable":true,"href":"https:\/\/blogs.urz.uni-halle.de\/nachhall\/wp-json\/wp\/v2\/pages\/120"}],"wp:attachment":[{"href":"https:\/\/blogs.urz.uni-halle.de\/nachhall\/wp-json\/wp\/v2\/media?parent=114"}],"curies":[{"name":"wp","href":"https:\/\/api.w.org\/{rel}","templated":true}]}}