{"id":56,"date":"2019-07-08T00:00:21","date_gmt":"2019-07-07T22:00:21","guid":{"rendered":"https:\/\/blogs.urz.uni-halle.de\/nachhall\/?page_id=56"},"modified":"2019-07-08T11:01:36","modified_gmt":"2019-07-08T09:01:36","slug":"pflegeprodukte-diy","status":"publish","type":"page","link":"https:\/\/blogs.urz.uni-halle.de\/nachhall\/pflegeprodukte-diy\/","title":{"rendered":"Pflegeprodukte DIY"},"content":{"rendered":"<div class=\"twoclick_social_bookmarks_post_56 social_share_privacy clearfix 1.6.4 locale-de_DE sprite-de_DE\"><\/div><div class=\"twoclick-js\"><script type=\"text\/javascript\">\/* <![CDATA[ *\/\njQuery(document).ready(function($){if($('.twoclick_social_bookmarks_post_56')){$('.twoclick_social_bookmarks_post_56').socialSharePrivacy({\"txt_help\":\"Wenn Sie diese Felder durch einen Klick aktivieren, werden Informationen an Facebook, Twitter, Flattr, Xing, t3n, LinkedIn, Pinterest oder Google eventuell ins Ausland \\u00fcbertragen und unter Umst\\u00e4nden auch dort gespeichert. N\\u00e4heres erfahren Sie durch einen Klick auf das <em>i<\\\/em>.\",\"settings_perma\":\"Dauerhaft aktivieren und Daten\\u00fcber-tragung zustimmen:\",\"info_link\":\"http:\\\/\\\/www.heise.de\\\/ct\\\/artikel\\\/2-Klicks-fuer-mehr-Datenschutz-1333879.html\",\"uri\":\"https:\\\/\\\/blogs.urz.uni-halle.de\\\/nachhall\\\/pflegeprodukte-diy\\\/\",\"post_id\":56,\"post_title_referrer_track\":\"Pflegeprodukte+DIY\",\"display_infobox\":\"on\"});}});\n\/* ]]> *\/<\/script><\/div><p>Wir nutzen sie t\u00e4glich und tra\u00adgen zu unser\u00ader Gesund\u00adheit sowie unser Wohlbefind\u00aden bei. Dabei kom\u00admen zahlre\u00adiche Pro\u00adduk\u00adte, wie Zah\u00adn\u00adpas\u00adta, Mund\u00adsp\u00fclung, Seife, Sham\u00adpoo, Sp\u00fclung, Duschgel, K\u00f6r\u00adper\u00adlotion, Gesichtscreme, Rasier\u00adcreme, Lip\u00adpen\u00adbal\u00adsam, Deo, etc., t\u00e4glich in Kon\u00adtakt mit unser\u00ader Haut. Haben wir uns eigentlich mal die Frage gestellt, was in den Pro\u00adduk\u00adten drin&nbsp;ist?<\/p>\n<p><img loading=\"lazy\" class=\"aligncenter wp-image-57 size-large\" src=\"https:\/\/blogs.urz.uni-halle.de\/nachhall\/files\/2019\/07\/Kosmetik-1024x684.jpg\" alt width=\"640\" height=\"428\" srcset=\"https:\/\/blogs.urz.uni-halle.de\/nachhall\/files\/2019\/07\/Kosmetik-1024x684.jpg 1024w, https:\/\/blogs.urz.uni-halle.de\/nachhall\/files\/2019\/07\/Kosmetik-300x200.jpg 300w, https:\/\/blogs.urz.uni-halle.de\/nachhall\/files\/2019\/07\/Kosmetik-768x513.jpg 768w\" sizes=\"(max-width: 640px) 100vw, 640px\"><\/p>\n<p>Schauen wir uns die Inhaltsstoffe an, k\u00f6n\u00adnen wir zun\u00e4chst nicht viel damit anfan\u00adgen, aber wir k\u00f6n\u00adnen mit Sicher\u00adheit sagen, dass diese ganzen Chemikalien nicht gut f\u00fcr uns sein k\u00f6n\u00adnen. Wenn es f\u00fcr uns nicht gut sein kann dann auch nicht f\u00fcr die Umwelt. Die meis\u00adten Pro\u00adduk\u00adte wer\u00adden in Kun\u00adst\u00adstof\u00adfver\u00adpack\u00adun\u00adgen pro\u00adduziert. Doch das viel Schock\u00adieren\u00addere ist, dass sich selb\u00adst in den Pro\u00adduk\u00adten Kun\u00adst\u00adstoff\u00adpar\u00adtikel \u201cMikro\u00adplas\u00adtik\u201c befind\u00adet, dass sich nicht wieder aus der Umwelt ent\u00adfer\u00adnen&nbsp;l\u00e4sst.<\/p>\n<p>Weit\u00ader\u00ader Gesicht\u00adspunkt ist das ganze Mar\u00adket\u00ading, um bes\u00adtimmte Pro\u00adduk\u00adt\u00admarken und mit ihrer ange\u00adblichen \u201cWun\u00adder\u00adl\u00f6\u00adsung\u201c gegen Cel\u00adlulite, Fal\u00adten, ver\u00adf\u00e4rbte Z\u00e4hne, etc.. Daf\u00fcr geben wir Unmen\u00adgen an Geld aus und sind im Nach\u00adhinein ent\u00adt\u00e4uscht, da diese Pro\u00adduk\u00adte doch nur leere Ver\u00adsprechun\u00adgen sind. Dabei gibt uns die Natur eigentlich alles was wir brauchen, um uns run\u00addum wohl zu f\u00fchlen.<\/p>\n<p>3sat hat hierzu eine span\u00adnende Doku\u00admen\u00adta\u00adtion pro\u00adduziert, in die es sich lohnt, mal reinzuschauen.<\/p>\n<p><iframe width=\"640\" height=\"360\" src=\"https:\/\/www.youtube.com\/embed\/V2zns4pXD_Q?feature=oembed\" frameborder=\"0\" allow=\"accelerometer; autoplay; encrypted-media; gyroscope; picture-in-picture\" allowfullscreen><\/iframe><\/p>\n<p>Daraus ent\u00adstand auch diese Pro\u00adjek\u00adtidee. Ich m\u00f6chte g\u00fcn\u00adstige und leichte Pflege\u00adpro\u00adduk\u00adte selb\u00adst her\u00adstellen, um:<\/p>\n<ol>\n<li>zu wis\u00adsen, was sich wirk\u00adlich in den Pro\u00adduk\u00adten befind\u00adet und ob diese vielle\u00adicht auch eine bessere Wirkung hervorbringen.<\/li>\n<li>die Umwelt zu scho\u00adnen, indem ich nicht weit\u00ader sch\u00e4dliche Stoffe in die Umwelt bringe und let\u00adztlich wahres Geld und Ressourcen sparen kann.<\/li>\n<li>zu reflek\u00adtieren, ob mich mein bish\u00aderiges Kon\u00adsumver\u00adhal\u00adten wirk\u00adlich gl\u00fcck\u00adlich macht, wie stark ich mich von Gesellschaft bee\u00adin\u00adflussen lasse und wie man die Pro\u00adduk\u00adte effizien\u00adter nutzen kann.<\/li>\n<\/ol>\n","protected":false},"excerpt":{"rendered":"<p>Wir nutzen sie t\u00e4glich und tra\u00adgen zu unser\u00ader Gesund\u00adheit sowie unser Wohlbefind\u00aden bei. Dabei kom\u00admen zahlre\u00adiche Pro\u00adduk\u00adte, wie Zah\u00adn\u00adpas\u00adta, Mund\u00adsp\u00fclung, Seife, Sham\u00adpoo, Sp\u00fclung, Duschgel, K\u00f6r\u00adper\u00adlotion, Gesichtscreme, Rasier\u00adcreme, Lip\u00adpen\u00adbal\u00adsam, Deo, etc., t\u00e4glich in Kon\u00adtakt mit unser\u00ader Haut. Haben wir uns eigentlich mal die Frage gestellt, was in den Pro\u00adduk\u00adten drin&nbsp;ist? Schauen wir uns die Inhaltsstoffe an,&nbsp;[\u2026]<\/p>\n","protected":false},"author":4146,"featured_media":0,"parent":0,"menu_order":0,"comment_status":"closed","ping_status":"closed","template":"","meta":{"wp_typography_post_enhancements_disabled":false},"_links":{"self":[{"href":"https:\/\/blogs.urz.uni-halle.de\/nachhall\/wp-json\/wp\/v2\/pages\/56"}],"collection":[{"href":"https:\/\/blogs.urz.uni-halle.de\/nachhall\/wp-json\/wp\/v2\/pages"}],"about":[{"href":"https:\/\/blogs.urz.uni-halle.de\/nachhall\/wp-json\/wp\/v2\/types\/page"}],"author":[{"embeddable":true,"href":"https:\/\/blogs.urz.uni-halle.de\/nachhall\/wp-json\/wp\/v2\/users\/4146"}],"replies":[{"embeddable":true,"href":"https:\/\/blogs.urz.uni-halle.de\/nachhall\/wp-json\/wp\/v2\/comments?post=56"}],"version-history":[{"count":1,"href":"https:\/\/blogs.urz.uni-halle.de\/nachhall\/wp-json\/wp\/v2\/pages\/56\/revisions"}],"predecessor-version":[{"id":58,"href":"https:\/\/blogs.urz.uni-halle.de\/nachhall\/wp-json\/wp\/v2\/pages\/56\/revisions\/58"}],"wp:attachment":[{"href":"https:\/\/blogs.urz.uni-halle.de\/nachhall\/wp-json\/wp\/v2\/media?parent=56"}],"curies":[{"name":"wp","href":"https:\/\/api.w.org\/{rel}","templated":true}]}}