{"id":90,"date":"2019-07-08T00:00:25","date_gmt":"2019-07-07T22:00:25","guid":{"rendered":"https:\/\/blogs.urz.uni-halle.de\/nachhall\/?page_id=90"},"modified":"2019-07-08T17:36:20","modified_gmt":"2019-07-08T15:36:20","slug":"urban-gardening","status":"publish","type":"page","link":"https:\/\/blogs.urz.uni-halle.de\/nachhall\/urban-gardening\/","title":{"rendered":"Urban Gardening"},"content":{"rendered":"<div class=\"twoclick_social_bookmarks_post_90 social_share_privacy clearfix 1.6.4 locale-de_DE sprite-de_DE\"><\/div><div class=\"twoclick-js\"><script type=\"text\/javascript\">\/* <![CDATA[ *\/\njQuery(document).ready(function($){if($('.twoclick_social_bookmarks_post_90')){$('.twoclick_social_bookmarks_post_90').socialSharePrivacy({\"txt_help\":\"Wenn Sie diese Felder durch einen Klick aktivieren, werden Informationen an Facebook, Twitter, Flattr, Xing, t3n, LinkedIn, Pinterest oder Google eventuell ins Ausland \\u00fcbertragen und unter Umst\\u00e4nden auch dort gespeichert. N\\u00e4heres erfahren Sie durch einen Klick auf das <em>i<\\\/em>.\",\"settings_perma\":\"Dauerhaft aktivieren und Daten\\u00fcber-tragung zustimmen:\",\"info_link\":\"http:\\\/\\\/www.heise.de\\\/ct\\\/artikel\\\/2-Klicks-fuer-mehr-Datenschutz-1333879.html\",\"uri\":\"https:\\\/\\\/blogs.urz.uni-halle.de\\\/nachhall\\\/urban-gardening\\\/\",\"post_id\":90,\"post_title_referrer_track\":\"Urban+Gardening\",\"display_infobox\":\"on\"});}});\n\/* ]]> *\/<\/script><\/div><p class=\"p1\"><span class=\"s1\">Auch in der Stadt ohne eige\u00adnen Garten gibt es die M\u00f6glichkeit bl\u00fchende Pflanzen, Obst oder Gem\u00fcse anzubauen. Das Konzept hei\u00dft \u201eUrban Gar\u00adden\u00ading\u201c und ben\u00f6tigt neben ein\u00ader kleinen Anbau\u00adfl\u00e4che nicht mehr als biss\u00adchen Kreativ\u00adit\u00e4t und vor allem gro\u00dfe Lust auf selb\u00adst\u00adge\u00adzo\u00adgene Pflanzen. Egal ob auf dem Balkon, Dachter\u00adrasse oder im Innen\u00adhof, die meis\u00adten Pflanzen oder Kr\u00e4uter gedei\u00adhen prob\u00adlem\u00adlos in T\u00f6pfen, Kisten oder selb\u00adst gebaut\u00aden Hochbeeten.<\/span><\/p>\n<p><img loading=\"lazy\" class=\"aligncenter size-large wp-image-91\" src=\"https:\/\/blogs.urz.uni-halle.de\/nachhall\/files\/2019\/07\/garden-growth-plants-1105019-1024x683.jpg\" alt width=\"640\" height=\"427\" srcset=\"https:\/\/blogs.urz.uni-halle.de\/nachhall\/files\/2019\/07\/garden-growth-plants-1105019-1024x683.jpg 1024w, https:\/\/blogs.urz.uni-halle.de\/nachhall\/files\/2019\/07\/garden-growth-plants-1105019-300x200.jpg 300w, https:\/\/blogs.urz.uni-halle.de\/nachhall\/files\/2019\/07\/garden-growth-plants-1105019-768x512.jpg 768w\" sizes=\"(max-width: 640px) 100vw, 640px\"><\/p>\n<p class=\"p1\"><span class=\"s1\">Die ben\u00f6tigten Vorken\u00adnt\u00adnisse sind eher ger\u00ading und die Freude \u00fcber Gem\u00fcse oder Obst aus dem eige\u00adnen Anbau, bei dem man die Herkun\u00adft und den Umgang ken\u00adnt, umso gr\u00f6\u00dfer. Somit sind die G\u00e4rten Orte, an dem gesunde Lebens\u00admit\u00adtel ange\u00adbaut wer\u00adden, um die Natur wieder erfahrbar zu machen. Im Vorder\u00adgrund ste\u00adhen haupt\u00ads\u00e4ch\u00adlich ein umweltscho\u00adnen\u00adder Anbau und ein bewusster Kon\u00adsum land\u00adwirtschaftlich\u00ader Erzeugnisse.&nbsp;<\/span><\/p>\n<p class=\"p1\"><span class=\"s1\">Der st\u00e4dtis\u00adche Garten\u00adbau erf\u00e4hrt in den let\u00adzten Jahren ein steigen\u00addes Inter\u00adesse vor allem durch fol\u00adgende Punkte:&nbsp;<\/span><\/p>\n<ol>\n<li class=\"p1\"><span class=\"s1\">Der Bedarf und das Inter\u00adesse an umweltvertr\u00e4glichen und sozial gerecht pro\u00adduzierten Pro\u00adduk\u00adten steigt.&nbsp;<\/span><\/li>\n<li class=\"p1\"><span class=\"s1\">Au\u00dfer\u00addem f\u00f6rdert die lokale Nahrungsmit\u00adtel\u00adher\u00adstel\u00adlung die Ver\u00admei\u00addung von Trans\u00adportwe\u00adgen, sowie die Ver\u00admin\u00adderung des Aussto\u00dfes von Kohlen\u00addiox\u00adid, die bei den Trans\u00adportwe\u00adgen entste\u00adhen. In armen St\u00e4dten kann es auch f\u00fcr Men\u00adschen eine M\u00f6glichkeit der Sub\u00adsis\u00adten\u00adzwirtschaft sein.&nbsp;<\/span><\/li>\n<li class=\"p1\"><span class=\"s1\">Des Weit\u00aderen tr\u00e4gt es zur Verbesserung des Mikrokli\u00admas, ein Beitrag f\u00fcr die Arten\u00advielfalt sowie ein\u00ader nach\u00adhalti\u00adgen Stad\u00adten\u00adtwick\u00adlung&nbsp;bei.&nbsp;<\/span><\/li>\n<\/ol>\n","protected":false},"excerpt":{"rendered":"<p>Auch in der Stadt ohne eige\u00adnen Garten gibt es die M\u00f6glichkeit bl\u00fchende Pflanzen, Obst oder Gem\u00fcse anzubauen. Das Konzept hei\u00dft \u201eUrban Gar\u00adden\u00ading\u201c und ben\u00f6tigt neben ein\u00ader kleinen Anbau\u00adfl\u00e4che nicht mehr als biss\u00adchen Kreativ\u00adit\u00e4t und vor allem gro\u00dfe Lust auf selb\u00adst\u00adge\u00adzo\u00adgene Pflanzen. Egal ob auf dem Balkon, Dachter\u00adrasse oder im Innen\u00adhof, die meis\u00adten Pflanzen oder Kr\u00e4uter&nbsp;[\u2026]<\/p>\n","protected":false},"author":4146,"featured_media":0,"parent":0,"menu_order":0,"comment_status":"closed","ping_status":"closed","template":"","meta":{"wp_typography_post_enhancements_disabled":false},"_links":{"self":[{"href":"https:\/\/blogs.urz.uni-halle.de\/nachhall\/wp-json\/wp\/v2\/pages\/90"}],"collection":[{"href":"https:\/\/blogs.urz.uni-halle.de\/nachhall\/wp-json\/wp\/v2\/pages"}],"about":[{"href":"https:\/\/blogs.urz.uni-halle.de\/nachhall\/wp-json\/wp\/v2\/types\/page"}],"author":[{"embeddable":true,"href":"https:\/\/blogs.urz.uni-halle.de\/nachhall\/wp-json\/wp\/v2\/users\/4146"}],"replies":[{"embeddable":true,"href":"https:\/\/blogs.urz.uni-halle.de\/nachhall\/wp-json\/wp\/v2\/comments?post=90"}],"version-history":[{"count":1,"href":"https:\/\/blogs.urz.uni-halle.de\/nachhall\/wp-json\/wp\/v2\/pages\/90\/revisions"}],"predecessor-version":[{"id":92,"href":"https:\/\/blogs.urz.uni-halle.de\/nachhall\/wp-json\/wp\/v2\/pages\/90\/revisions\/92"}],"wp:attachment":[{"href":"https:\/\/blogs.urz.uni-halle.de\/nachhall\/wp-json\/wp\/v2\/media?parent=90"}],"curies":[{"name":"wp","href":"https:\/\/api.w.org\/{rel}","templated":true}]}}