{"id":102,"date":"2021-07-22T13:33:17","date_gmt":"2021-07-22T11:33:17","guid":{"rendered":"https:\/\/blogs.urz.uni-halle.de\/nachschlagewerk\/?page_id=102"},"modified":"2021-09-06T20:26:51","modified_gmt":"2021-09-06T18:26:51","slug":"exkurs-datenschutz","status":"publish","type":"page","link":"https:\/\/blogs.urz.uni-halle.de\/nachschlagewerk\/die-informationsrecherche\/exkurs-datenschutz\/","title":{"rendered":"Exkurs Datenschutz"},"content":{"rendered":"\n<div class=\"wp-block-columns\">\n<div class=\"wp-block-column\">\n<p>Du wei\u00dft, dass es beim Datenschutz darum geht, dass deine pers\u00f6nlichen Daten (wie dein Name, dein Altern, dein Wohnort und vieles mehr) nicht einfach so von jedem benutzt werden d\u00fcrfen. Du musst es erst erlauben. Beim Benutzen von \u201eGoogle\u201c werden jedoch viele Daten von dir ver\u00f6ffentlicht und an unbekannte Webseiten oder Unternehmen weitergegeben. Dadurch k\u00f6nnen Unternehmen dir dann Werbung von den gesuchten Begriffen bei Google schicken und hoffen, dass du oder deine Eltern das dann kaufen.<\/p>\n<\/div>\n\n\n\n<div class=\"wp-block-column\">\n<p class=\"has-white-color has-text-color has-background\" style=\"font-size:22px;background-color:#00247a\">Schau dir doch einfach das folgende Video an, um nochmal eine Zusammenfassung zum Datenschutz zu erhalten<sup>4<\/sup>.<\/p>\n\n\n\n<figure class=\"wp-block-embed-youtube wp-block-embed is-type-video is-provider-youtube wp-embed-aspect-16-9 wp-has-aspect-ratio\"><div class=\"wp-block-embed__wrapper\">\n<iframe title=\"Datenschutz f\u00fcr Kinder erkl\u00e4rt\" width=\"530\" height=\"298\" src=\"https:\/\/www.youtube.com\/embed\/L0eFzz-R_nw?feature=oembed\" frameborder=\"0\" allow=\"accelerometer; autoplay; clipboard-write; encrypted-media; gyroscope; picture-in-picture\" allowfullscreen><\/iframe>\n<\/div><\/figure>\n<\/div>\n<\/div>\n\n\n\n<p><\/p>\n\n\n\n<p><\/p>\n","protected":false},"excerpt":{"rendered":"<p>Du wei\u00dft, dass es beim Datenschutz darum geht, dass deine pers\u00f6nlichen Daten (wie dein Name, dein Altern, dein Wohnort und vieles mehr) nicht einfach so von jedem benutzt werden d\u00fcrfen. Du musst es erst erlauben. Beim Benutzen von \u201eGoogle\u201c werden <a class=\"more-link\" href=\"https:\/\/blogs.urz.uni-halle.de\/nachschlagewerk\/die-informationsrecherche\/exkurs-datenschutz\/\">weiterlesen  <span class=\"screen-reader-text\">  Exkurs Datenschutz<\/span><span class=\"meta-nav\">&rarr;<\/span><\/a><\/p>\n","protected":false},"author":5154,"featured_media":0,"parent":52,"menu_order":0,"comment_status":"closed","ping_status":"closed","template":"page-fullwidth.php","meta":[],"_links":{"self":[{"href":"https:\/\/blogs.urz.uni-halle.de\/nachschlagewerk\/wp-json\/wp\/v2\/pages\/102"}],"collection":[{"href":"https:\/\/blogs.urz.uni-halle.de\/nachschlagewerk\/wp-json\/wp\/v2\/pages"}],"about":[{"href":"https:\/\/blogs.urz.uni-halle.de\/nachschlagewerk\/wp-json\/wp\/v2\/types\/page"}],"author":[{"embeddable":true,"href":"https:\/\/blogs.urz.uni-halle.de\/nachschlagewerk\/wp-json\/wp\/v2\/users\/5154"}],"replies":[{"embeddable":true,"href":"https:\/\/blogs.urz.uni-halle.de\/nachschlagewerk\/wp-json\/wp\/v2\/comments?post=102"}],"version-history":[{"count":7,"href":"https:\/\/blogs.urz.uni-halle.de\/nachschlagewerk\/wp-json\/wp\/v2\/pages\/102\/revisions"}],"predecessor-version":[{"id":492,"href":"https:\/\/blogs.urz.uni-halle.de\/nachschlagewerk\/wp-json\/wp\/v2\/pages\/102\/revisions\/492"}],"up":[{"embeddable":true,"href":"https:\/\/blogs.urz.uni-halle.de\/nachschlagewerk\/wp-json\/wp\/v2\/pages\/52"}],"wp:attachment":[{"href":"https:\/\/blogs.urz.uni-halle.de\/nachschlagewerk\/wp-json\/wp\/v2\/media?parent=102"}],"curies":[{"name":"wp","href":"https:\/\/api.w.org\/{rel}","templated":true}]}}