{"id":117,"date":"2021-07-23T16:16:26","date_gmt":"2021-07-23T14:16:26","guid":{"rendered":"https:\/\/blogs.urz.uni-halle.de\/nachschlagewerk\/?page_id=117"},"modified":"2021-08-27T15:10:36","modified_gmt":"2021-08-27T13:10:36","slug":"exkurs-urheberrecht","status":"publish","type":"page","link":"https:\/\/blogs.urz.uni-halle.de\/nachschlagewerk\/die-bildrecherche\/exkurs-urheberrecht\/","title":{"rendered":"Exkurs Urheberrecht"},"content":{"rendered":"\n<p><\/p>\n\n\n\n<div class=\"wp-block-media-text alignwide has-media-on-the-right is-stacked-on-mobile\" style=\"grid-template-columns:auto 37%\"><figure class=\"wp-block-media-text__media\"><img loading=\"lazy\" width=\"1024\" height=\"1024\" src=\"https:\/\/blogs.urz.uni-halle.de\/nachschlagewerk\/files\/2021\/08\/copyright-1345865_1920-1024x1024.png\" alt=\"\" class=\"wp-image-493\" srcset=\"https:\/\/blogs.urz.uni-halle.de\/nachschlagewerk\/files\/2021\/08\/copyright-1345865_1920-1024x1024.png 1024w, https:\/\/blogs.urz.uni-halle.de\/nachschlagewerk\/files\/2021\/08\/copyright-1345865_1920-300x300.png 300w, https:\/\/blogs.urz.uni-halle.de\/nachschlagewerk\/files\/2021\/08\/copyright-1345865_1920-150x150.png 150w, https:\/\/blogs.urz.uni-halle.de\/nachschlagewerk\/files\/2021\/08\/copyright-1345865_1920-768x768.png 768w, https:\/\/blogs.urz.uni-halle.de\/nachschlagewerk\/files\/2021\/08\/copyright-1345865_1920-1536x1536.png 1536w, https:\/\/blogs.urz.uni-halle.de\/nachschlagewerk\/files\/2021\/08\/copyright-1345865_1920.png 1920w\" sizes=\"(max-width: 1024px) 100vw, 1024px\" \/><\/figure><div class=\"wp-block-media-text__content\">\n<p class=\"has-normal-font-size\">Ein Urheber ist derjenige, der ein Werk wie beispielsweise ein Bild, ein Text oder auch ein Lied erschaffen hat und somit dar\u00fcber entscheiden kann, wie diese genutzt werden. Schlie\u00dflich handelt es sich um dein Eigentum und du hast das Recht, auf dieses Eigentum. So ergibt sich auch das Urheberrecht. Denn w\u00e4re es nicht bl\u00f6d, wenn du ein tolles Lied schreibst und jemand anderes es als seins verkaufen w\u00fcrde? Passiert das, so kann derjenige, der das Urheberrecht verletzt hat, bestraft werden, selbst wenn der eigentliche Sch\u00f6pfer bereits verstorben ist. Im Allgemeinen findet man das Urheberrecht vor allem in der Kunst, Literatur oder Wissenschaft aber nicht, wenn es um Rezepte, Ideen oder Spr\u00fcche geht<sup>10<\/sup>.<\/p>\n<\/div><\/div>\n\n\n\n<p><\/p>\n\n\n\n<p><\/p>\n","protected":false},"excerpt":{"rendered":"<p>Ein Urheber ist derjenige, der ein Werk wie beispielsweise ein Bild, ein Text oder auch ein Lied erschaffen hat und somit dar\u00fcber entscheiden kann, wie diese genutzt werden. Schlie\u00dflich handelt es sich um dein Eigentum und du hast das Recht, <a class=\"more-link\" href=\"https:\/\/blogs.urz.uni-halle.de\/nachschlagewerk\/die-bildrecherche\/exkurs-urheberrecht\/\">weiterlesen  <span class=\"screen-reader-text\">  Exkurs Urheberrecht<\/span><span class=\"meta-nav\">&rarr;<\/span><\/a><\/p>\n","protected":false},"author":5154,"featured_media":0,"parent":54,"menu_order":0,"comment_status":"closed","ping_status":"closed","template":"page-fullwidth.php","meta":[],"_links":{"self":[{"href":"https:\/\/blogs.urz.uni-halle.de\/nachschlagewerk\/wp-json\/wp\/v2\/pages\/117"}],"collection":[{"href":"https:\/\/blogs.urz.uni-halle.de\/nachschlagewerk\/wp-json\/wp\/v2\/pages"}],"about":[{"href":"https:\/\/blogs.urz.uni-halle.de\/nachschlagewerk\/wp-json\/wp\/v2\/types\/page"}],"author":[{"embeddable":true,"href":"https:\/\/blogs.urz.uni-halle.de\/nachschlagewerk\/wp-json\/wp\/v2\/users\/5154"}],"replies":[{"embeddable":true,"href":"https:\/\/blogs.urz.uni-halle.de\/nachschlagewerk\/wp-json\/wp\/v2\/comments?post=117"}],"version-history":[{"count":8,"href":"https:\/\/blogs.urz.uni-halle.de\/nachschlagewerk\/wp-json\/wp\/v2\/pages\/117\/revisions"}],"predecessor-version":[{"id":495,"href":"https:\/\/blogs.urz.uni-halle.de\/nachschlagewerk\/wp-json\/wp\/v2\/pages\/117\/revisions\/495"}],"up":[{"embeddable":true,"href":"https:\/\/blogs.urz.uni-halle.de\/nachschlagewerk\/wp-json\/wp\/v2\/pages\/54"}],"wp:attachment":[{"href":"https:\/\/blogs.urz.uni-halle.de\/nachschlagewerk\/wp-json\/wp\/v2\/media?parent=117"}],"curies":[{"name":"wp","href":"https:\/\/api.w.org\/{rel}","templated":true}]}}