{"id":174,"date":"2021-07-25T16:09:30","date_gmt":"2021-07-25T14:09:30","guid":{"rendered":"https:\/\/blogs.urz.uni-halle.de\/nachschlagewerk\/?page_id=174"},"modified":"2021-09-07T21:32:24","modified_gmt":"2021-09-07T19:32:24","slug":"koerpersprache","status":"publish","type":"page","link":"https:\/\/blogs.urz.uni-halle.de\/nachschlagewerk\/der-vortrag\/muendlich\/koerpersprache\/","title":{"rendered":"K\u00f6rpersprache"},"content":{"rendered":"\n<figure class=\"wp-block-pullquote\"><blockquote class=\"has-text-color\" style=\"color:#00247a\"><p>Auch dein K\u00f6rper spricht<\/p><\/blockquote><\/figure>\n\n\n\n<p>Bei deinem Vortrag ist neben dem eigentlichen Inhalt der Pr\u00e4sentation auch wichtig, was dein K\u00f6rper sagt. Durch K\u00f6rperhaltung, Mimik und Gestik also den Einsatz von Bewegungen und Gesichtsausdruck wird dein Vortrag lebendiger. Wenn man sehr aufgeregt ist, vergisst man all diese Punkte oft und unsere K\u00f6rpersprache sagt dann andere Dinge, als wir eigentlichen wollten.<\/p>\n\n\n<div class=\"h5p-iframe-wrapper\"><iframe id=\"h5p-iframe-40\" class=\"h5p-iframe\" data-content-id=\"40\" style=\"height:1px\" src=\"about:blank\" frameBorder=\"0\" scrolling=\"no\" title=\"K\u00f6rpersprache\"><\/iframe><\/div>\n\n\n\n<p><\/p>\n\n\n\n<p class=\"has-white-color has-text-color has-background\" style=\"font-size:22px;background-color:#00247a\">Im folgenden kannst du einmal schauen, ob du Mimiken richtig einsch\u00e4tzen kannst. <\/p>\n\n\n<div class=\"h5p-content\" data-content-id=\"34\"><\/div>\n\n\n\n<div style=\"height:100px\" aria-hidden=\"true\" class=\"wp-block-spacer\"><\/div>\n\n\n<div class=\"h5p-content\" data-content-id=\"36\"><\/div>\n","protected":false},"excerpt":{"rendered":"<p>Auch dein K\u00f6rper spricht Bei deinem Vortrag ist neben dem eigentlichen Inhalt der Pr\u00e4sentation auch wichtig, was dein K\u00f6rper sagt. Durch K\u00f6rperhaltung, Mimik und Gestik also den Einsatz von Bewegungen und Gesichtsausdruck wird dein Vortrag lebendiger. Wenn man sehr aufgeregt <a class=\"more-link\" href=\"https:\/\/blogs.urz.uni-halle.de\/nachschlagewerk\/der-vortrag\/muendlich\/koerpersprache\/\">weiterlesen  <span class=\"screen-reader-text\">  K\u00f6rpersprache<\/span><span class=\"meta-nav\">&rarr;<\/span><\/a><\/p>\n","protected":false},"author":5154,"featured_media":0,"parent":88,"menu_order":0,"comment_status":"closed","ping_status":"closed","template":"page-fullwidth.php","meta":[],"_links":{"self":[{"href":"https:\/\/blogs.urz.uni-halle.de\/nachschlagewerk\/wp-json\/wp\/v2\/pages\/174"}],"collection":[{"href":"https:\/\/blogs.urz.uni-halle.de\/nachschlagewerk\/wp-json\/wp\/v2\/pages"}],"about":[{"href":"https:\/\/blogs.urz.uni-halle.de\/nachschlagewerk\/wp-json\/wp\/v2\/types\/page"}],"author":[{"embeddable":true,"href":"https:\/\/blogs.urz.uni-halle.de\/nachschlagewerk\/wp-json\/wp\/v2\/users\/5154"}],"replies":[{"embeddable":true,"href":"https:\/\/blogs.urz.uni-halle.de\/nachschlagewerk\/wp-json\/wp\/v2\/comments?post=174"}],"version-history":[{"count":10,"href":"https:\/\/blogs.urz.uni-halle.de\/nachschlagewerk\/wp-json\/wp\/v2\/pages\/174\/revisions"}],"predecessor-version":[{"id":578,"href":"https:\/\/blogs.urz.uni-halle.de\/nachschlagewerk\/wp-json\/wp\/v2\/pages\/174\/revisions\/578"}],"up":[{"embeddable":true,"href":"https:\/\/blogs.urz.uni-halle.de\/nachschlagewerk\/wp-json\/wp\/v2\/pages\/88"}],"wp:attachment":[{"href":"https:\/\/blogs.urz.uni-halle.de\/nachschlagewerk\/wp-json\/wp\/v2\/media?parent=174"}],"curies":[{"name":"wp","href":"https:\/\/api.w.org\/{rel}","templated":true}]}}