{"id":54,"date":"2021-07-13T19:45:09","date_gmt":"2021-07-13T17:45:09","guid":{"rendered":"https:\/\/blogs.urz.uni-halle.de\/nachschlagewerk\/?page_id=54"},"modified":"2021-08-27T14:40:00","modified_gmt":"2021-08-27T12:40:00","slug":"die-bildrecherche","status":"publish","type":"page","link":"https:\/\/blogs.urz.uni-halle.de\/nachschlagewerk\/die-bildrecherche\/","title":{"rendered":"Die Bildrecherche"},"content":{"rendered":"\n<div class=\"wp-block-group\"><div class=\"wp-block-group__inner-container\">\n<div class=\"wp-block-image is-style-default\"><figure class=\"aligncenter size-thumbnail\"><img loading=\"lazy\" width=\"150\" height=\"150\" src=\"https:\/\/blogs.urz.uni-halle.de\/nachschlagewerk\/files\/2021\/08\/pexels-ivan-samkov-6816483-150x150.jpg\" alt=\"\" class=\"wp-image-482\" \/><\/figure><\/div>\n\n\n\n<blockquote class=\"wp-block-quote has-text-align-center is-style-large\"><p>\u201eEin Bild sagt mehr als tausend Worte&#8220;<\/p><cite>\u2014 Japanischer philosoph <\/cite><\/blockquote>\n\n\n\n<hr class=\"wp-block-separator is-style-dots\" \/>\n<\/div><\/div>\n\n\n\n<p>Vielleicht kennt ihr ja diesen Spruch. So ist das auch bei einer Pr\u00e4sentation. Durch Bilder kannst du deine Informationen und das Gesagte verst\u00e4rken und vor allem veranschaulichen. Au\u00dferdem weckst du die Aufmerksamkeit der Mitsch\u00fcler und machst sie durch Bilder neugierig. Bilder f\u00fcr deinen Vortrag findest du entweder \u00fcber Suchmaschinen oder \u00fcber die Bildersuche in PowerPoint oder Word. Wichtig ist jedoch, dass du das Urheberrecht des Bildes beachtest. Das hei\u00dft, dass du ein Bild (aber auch einen Text, ein Video, usw.) nur verwenden darfst, wenn du die Zustimmung von demjenigen hast, der das Bild gemacht hat.  Wenn du dich genauer dar\u00fcber informieren m\u00f6chtest, dann schau dir doch einfach das Unterkapitel <a href=\"https:\/\/blogs.urz.uni-halle.de\/nachschlagewerk\/die-bildrecherche\/exkurs-urheberrecht\/\">Exkurs Urheberrecht<\/a> an. Da das oft kompliziert sein kann bietet es sich an, urheberrechtsfreie, also sogenannte \u201elizenzfreie\u201c Bilder zu verwenden. Bei diesen Bildern ist kein Nachweis n\u00f6tig, du darfst sie bearbeiten und auch f\u00fcr gesch\u00e4ftliche Dinge nutzen. Solche Bilder findest du \u00fcber die Seiten \u201ePexels.de\u201c, \u201ePixabay\u201c oder auch \u201eUnsplash\u201c. <\/p>\n\n\n\n<p class=\"has-white-color has-text-color has-background\" style=\"font-size:22px;background-color:#00247a\">Begibst du dich nun also auf die Suche nach (lizenzfreien) Bilder beachte folgendes:<\/p>\n\n\n\n<div class=\"wp-block-media-text alignwide is-stacked-on-mobile\"><figure class=\"wp-block-media-text__media\"><img loading=\"lazy\" width=\"440\" height=\"290\" src=\"https:\/\/blogs.urz.uni-halle.de\/nachschlagewerk\/files\/2021\/08\/Bildschirmfoto-2021-07-23-um-17.12.33.png\" alt=\"\" class=\"wp-image-354\" srcset=\"https:\/\/blogs.urz.uni-halle.de\/nachschlagewerk\/files\/2021\/08\/Bildschirmfoto-2021-07-23-um-17.12.33.png 440w, https:\/\/blogs.urz.uni-halle.de\/nachschlagewerk\/files\/2021\/08\/Bildschirmfoto-2021-07-23-um-17.12.33-300x198.png 300w\" sizes=\"(max-width: 440px) 100vw, 440px\" \/><\/figure><div class=\"wp-block-media-text__content\">\n<p class=\"has-large-font-size\">Vermeide unscharfe Bilder. <\/p>\n<\/div><\/div>\n\n\n\n<div style=\"height:100px\" aria-hidden=\"true\" class=\"wp-block-spacer\"><\/div>\n\n\n\n<div class=\"wp-block-media-text alignwide is-stacked-on-mobile\"><figure class=\"wp-block-media-text__media\"><img loading=\"lazy\" width=\"444\" height=\"299\" src=\"https:\/\/blogs.urz.uni-halle.de\/nachschlagewerk\/files\/2021\/08\/Bildschirmfoto-2021-07-23-um-17.16.51.png\" alt=\"\" class=\"wp-image-355\" srcset=\"https:\/\/blogs.urz.uni-halle.de\/nachschlagewerk\/files\/2021\/08\/Bildschirmfoto-2021-07-23-um-17.16.51.png 444w, https:\/\/blogs.urz.uni-halle.de\/nachschlagewerk\/files\/2021\/08\/Bildschirmfoto-2021-07-23-um-17.16.51-300x202.png 300w\" sizes=\"(max-width: 444px) 100vw, 444px\" \/><\/figure><div class=\"wp-block-media-text__content\">\n<p class=\"has-large-font-size\">Vermeide  zu blasse Bilder.<\/p>\n<\/div><\/div>\n\n\n\n<div style=\"height:100px\" aria-hidden=\"true\" class=\"wp-block-spacer\"><\/div>\n\n\n\n<div class=\"wp-block-media-text alignwide is-stacked-on-mobile\"><figure class=\"wp-block-media-text__media\"><img loading=\"lazy\" width=\"448\" height=\"296\" src=\"https:\/\/blogs.urz.uni-halle.de\/nachschlagewerk\/files\/2021\/08\/Bildschirmfoto-2021-07-23-um-17.20.39.png\" alt=\"\" class=\"wp-image-356\" srcset=\"https:\/\/blogs.urz.uni-halle.de\/nachschlagewerk\/files\/2021\/08\/Bildschirmfoto-2021-07-23-um-17.20.39.png 448w, https:\/\/blogs.urz.uni-halle.de\/nachschlagewerk\/files\/2021\/08\/Bildschirmfoto-2021-07-23-um-17.20.39-300x198.png 300w\" sizes=\"(max-width: 448px) 100vw, 448px\" \/><\/figure><div class=\"wp-block-media-text__content\">\n<p class=\"has-large-font-size\">Achte darauf, dass deine Bilder Zum Thema passen<\/p>\n<\/div><\/div>\n\n\n\n<div style=\"height:100px\" aria-hidden=\"true\" class=\"wp-block-spacer\"><\/div>\n\n\n\n<div class=\"wp-block-media-text alignwide is-stacked-on-mobile\"><figure class=\"wp-block-media-text__media\"><img loading=\"lazy\" width=\"278\" height=\"170\" src=\"https:\/\/blogs.urz.uni-halle.de\/nachschlagewerk\/files\/2021\/08\/Bildschirmfoto-2021-07-24-um-15.04.26.png\" alt=\"\" class=\"wp-image-357\" \/><\/figure><div class=\"wp-block-media-text__content\">\n<p class=\"has-large-font-size\">Vermeide zu kleine Bilder. <\/p>\n<\/div><\/div>\n\n\n\n<div style=\"height:100px\" aria-hidden=\"true\" class=\"wp-block-spacer\"><\/div>\n\n\n\n<div class=\"wp-block-media-text alignwide is-stacked-on-mobile\"><figure class=\"wp-block-media-text__media\"><img loading=\"lazy\" width=\"320\" height=\"213\" src=\"https:\/\/blogs.urz.uni-halle.de\/nachschlagewerk\/files\/2021\/08\/Bildschirmfoto-2021-07-24-um-15.10.33.png\" alt=\"\" class=\"wp-image-358\" srcset=\"https:\/\/blogs.urz.uni-halle.de\/nachschlagewerk\/files\/2021\/08\/Bildschirmfoto-2021-07-24-um-15.10.33.png 320w, https:\/\/blogs.urz.uni-halle.de\/nachschlagewerk\/files\/2021\/08\/Bildschirmfoto-2021-07-24-um-15.10.33-300x200.png 300w\" sizes=\"(max-width: 320px) 100vw, 320px\" \/><\/figure><div class=\"wp-block-media-text__content\">\n<p class=\"has-large-font-size\">Vermeide Fake-Bilder.<\/p>\n<\/div><\/div>\n\n\n\n<div class=\"wp-block-columns\">\n<div class=\"wp-block-column\"><\/div>\n<\/div>\n\n\n\n<div class=\"wp-block-columns\">\n<div class=\"wp-block-column\"><\/div>\n\n\n\n<div class=\"wp-block-column\"><\/div>\n<\/div>\n\n\n\n<div class=\"wp-block-columns\">\n<div class=\"wp-block-column\"><\/div>\n\n\n\n<div class=\"wp-block-column\"><\/div>\n<\/div>\n\n\n\n<div class=\"wp-block-columns\">\n<div class=\"wp-block-column\"><\/div>\n\n\n\n<div class=\"wp-block-column\"><\/div>\n<\/div>\n\n\n\n<div class=\"wp-block-columns\">\n<div class=\"wp-block-column\"><\/div>\n\n\n\n<div class=\"wp-block-column\"><\/div>\n<\/div>\n\n\n\n<div class=\"wp-block-columns\">\n<div class=\"wp-block-column\"><\/div>\n\n\n\n<div class=\"wp-block-column\"><\/div>\n<\/div>\n","protected":false},"excerpt":{"rendered":"<p>Vielleicht kennt ihr ja diesen Spruch. So ist das auch bei einer Pr\u00e4sentation. Durch Bilder kannst du deine Informationen und das Gesagte verst\u00e4rken und vor allem veranschaulichen. Au\u00dferdem weckst du die Aufmerksamkeit der Mitsch\u00fcler und machst sie durch Bilder neugierig. <a class=\"more-link\" href=\"https:\/\/blogs.urz.uni-halle.de\/nachschlagewerk\/die-bildrecherche\/\">weiterlesen  <span class=\"screen-reader-text\">  Die Bildrecherche<\/span><span class=\"meta-nav\">&rarr;<\/span><\/a><\/p>\n","protected":false},"author":5154,"featured_media":0,"parent":0,"menu_order":0,"comment_status":"closed","ping_status":"closed","template":"page-fullwidth.php","meta":[],"_links":{"self":[{"href":"https:\/\/blogs.urz.uni-halle.de\/nachschlagewerk\/wp-json\/wp\/v2\/pages\/54"}],"collection":[{"href":"https:\/\/blogs.urz.uni-halle.de\/nachschlagewerk\/wp-json\/wp\/v2\/pages"}],"about":[{"href":"https:\/\/blogs.urz.uni-halle.de\/nachschlagewerk\/wp-json\/wp\/v2\/types\/page"}],"author":[{"embeddable":true,"href":"https:\/\/blogs.urz.uni-halle.de\/nachschlagewerk\/wp-json\/wp\/v2\/users\/5154"}],"replies":[{"embeddable":true,"href":"https:\/\/blogs.urz.uni-halle.de\/nachschlagewerk\/wp-json\/wp\/v2\/comments?post=54"}],"version-history":[{"count":10,"href":"https:\/\/blogs.urz.uni-halle.de\/nachschlagewerk\/wp-json\/wp\/v2\/pages\/54\/revisions"}],"predecessor-version":[{"id":484,"href":"https:\/\/blogs.urz.uni-halle.de\/nachschlagewerk\/wp-json\/wp\/v2\/pages\/54\/revisions\/484"}],"wp:attachment":[{"href":"https:\/\/blogs.urz.uni-halle.de\/nachschlagewerk\/wp-json\/wp\/v2\/media?parent=54"}],"curies":[{"name":"wp","href":"https:\/\/api.w.org\/{rel}","templated":true}]}}