{"id":56,"date":"2021-07-13T19:45:48","date_gmt":"2021-07-13T17:45:48","guid":{"rendered":"https:\/\/blogs.urz.uni-halle.de\/nachschlagewerk\/?page_id=56"},"modified":"2021-09-09T15:48:14","modified_gmt":"2021-09-09T13:48:14","slug":"das-zusammentragen","status":"publish","type":"page","link":"https:\/\/blogs.urz.uni-halle.de\/nachschlagewerk\/das-zusammentragen\/","title":{"rendered":"Das Zusammenfassen"},"content":{"rendered":"\n<p>Wenn deine Informations- und Bildersuche erfolgreich war steht nun das Zusammentragen und Zusammenfassen an. Wenn man viele Beitr\u00e4ge und Artikel liest kann es schnell passieren, dass man mehr aufschreibt als eigentlich n\u00f6tig. Genauso ist es mit den Bildern: man findet passende Bilder und speichert erst einmal alles ab, was irgendwie zum Vortrag passen k\u00f6nnte. Oft braucht man aber gar nicht alle Infos und auch gar nicht alle Bilder, weswegen nun das Zusammenfassen ansteht.<\/p>\n\n\n\n<p>Beim Zusammenfassen notierst du nur die Wichtigsten Informationen, kurz und knapp. Es geht darum, einen \u00dcberblick \u00fcber dein Thema zu erhalten und nicht den gelesenen Beitrag eins zu eins wiederzugeben.\u00a0Bei den Bildern schaust du, welche am geeignetsten f\u00fcr deine Pr\u00e4sentation sind. Achte dabei besonders auf die Aspekte Farbe, Sch\u00e4rfe, Themenpassung und Gr\u00f6\u00dfe (Wie es im Kapitel <a href=\"https:\/\/blogs.urz.uni-halle.de\/nachschlagewerk\/die-bildrecherche\/\" data-type=\"page\" data-id=\"54\">Die Bildrecherche<\/a> beschrieben wurde). Oft hilft es, alle Bilder nebeneinanderzulegen und diese dann miteinander zu vergleichen. Dabei fallen einem besondere Bilder direkt ins Auge.<\/p>\n\n\n\n<p class=\"has-white-color has-text-color has-background\" style=\"font-size:22px;background-color:#00247a\">Im folgenden sollst du das Zusammenfassen und Aussortieren von Bildern \u00fcben.<\/p>\n\n\n<div class=\"h5p-iframe-wrapper\"><iframe id=\"h5p-iframe-38\" class=\"h5p-iframe\" data-content-id=\"38\" style=\"height:1px\" src=\"about:blank\" frameBorder=\"0\" scrolling=\"no\" title=\"Bilder aussortieren f\u00fcr Pr\u00e4sentation\"><\/iframe><\/div>\n\n\n\n<p><\/p>\n","protected":false},"excerpt":{"rendered":"<p>Wenn deine Informations- und Bildersuche erfolgreich war steht nun das Zusammentragen und Zusammenfassen an. Wenn man viele Beitr\u00e4ge und Artikel liest kann es schnell passieren, dass man mehr aufschreibt als eigentlich n\u00f6tig. Genauso ist es mit den Bildern: man findet <a class=\"more-link\" href=\"https:\/\/blogs.urz.uni-halle.de\/nachschlagewerk\/das-zusammentragen\/\">weiterlesen  <span class=\"screen-reader-text\">  Das Zusammenfassen<\/span><span class=\"meta-nav\">&rarr;<\/span><\/a><\/p>\n","protected":false},"author":5154,"featured_media":0,"parent":0,"menu_order":0,"comment_status":"closed","ping_status":"closed","template":"page-fullwidth.php","meta":[],"_links":{"self":[{"href":"https:\/\/blogs.urz.uni-halle.de\/nachschlagewerk\/wp-json\/wp\/v2\/pages\/56"}],"collection":[{"href":"https:\/\/blogs.urz.uni-halle.de\/nachschlagewerk\/wp-json\/wp\/v2\/pages"}],"about":[{"href":"https:\/\/blogs.urz.uni-halle.de\/nachschlagewerk\/wp-json\/wp\/v2\/types\/page"}],"author":[{"embeddable":true,"href":"https:\/\/blogs.urz.uni-halle.de\/nachschlagewerk\/wp-json\/wp\/v2\/users\/5154"}],"replies":[{"embeddable":true,"href":"https:\/\/blogs.urz.uni-halle.de\/nachschlagewerk\/wp-json\/wp\/v2\/comments?post=56"}],"version-history":[{"count":9,"href":"https:\/\/blogs.urz.uni-halle.de\/nachschlagewerk\/wp-json\/wp\/v2\/pages\/56\/revisions"}],"predecessor-version":[{"id":592,"href":"https:\/\/blogs.urz.uni-halle.de\/nachschlagewerk\/wp-json\/wp\/v2\/pages\/56\/revisions\/592"}],"wp:attachment":[{"href":"https:\/\/blogs.urz.uni-halle.de\/nachschlagewerk\/wp-json\/wp\/v2\/media?parent=56"}],"curies":[{"name":"wp","href":"https:\/\/api.w.org\/{rel}","templated":true}]}}