{"id":60,"date":"2021-07-13T19:50:10","date_gmt":"2021-07-13T17:50:10","guid":{"rendered":"https:\/\/blogs.urz.uni-halle.de\/nachschlagewerk\/?page_id=60"},"modified":"2021-09-09T16:10:35","modified_gmt":"2021-09-09T14:10:35","slug":"vorbereitung","status":"publish","type":"page","link":"https:\/\/blogs.urz.uni-halle.de\/nachschlagewerk\/umsetzung\/vorbereitung\/","title":{"rendered":"Umsetzung"},"content":{"rendered":"\n<p>Du wei\u00dft nun, wie eine PowerPoint Pr\u00e4sentation im groben aufgebaut ist. H\u00e4ltst du dich an diese Ordnung, so hast du schon einmal ein gutes Grundger\u00fcst. <\/p>\n\n\n\n<p class=\"has-white-color has-text-color has-background\" style=\"font-size:22px;background-color:#00247a\">Ob du dir gemerkt hast, wie die der ideale Aufbau einer PowerPoint Pr\u00e4sentation ist, kannst du hier \u00fcberpr\u00fcfen. <\/p>\n\n\n<div class=\"h5p-iframe-wrapper\"><iframe id=\"h5p-iframe-15\" class=\"h5p-iframe\" data-content-id=\"15\" style=\"height:1px\" src=\"about:blank\" frameBorder=\"0\" scrolling=\"no\" title=\"Reihenfolge einer Powerpoint Pr\u00e4sentation\"><\/iframe><\/div>\n\n\n\n<p><\/p>\n\n\n\n<div style=\"height:100px\" aria-hidden=\"true\" class=\"wp-block-spacer\"><\/div>\n\n\n\n<p>F\u00fcllst du deine Folien jetzt mit Text, musst du, genau wie einem Plakat, auf ein gutes <strong>Verh\u00e4ltnis<\/strong> von <strong>Bild<\/strong> und <strong>Text<\/strong> achten. Zudem ist es wichtig, dass deine Seiten nicht von Texten oder Bildern \u00fcberladen werden. Aus diesem Grund solltest du dir zuvor Gedanken machen, was auf welche Seite kommt. Auf jede Seite, mit passender \u00dcberschrift, kommt <strong>nur das Wichtigste<\/strong> <strong>kurz<\/strong> und <strong>knapp<\/strong>. Ein passendes Bild unterst\u00fctzt das Ganze. Hier musst du auf die <strong>selben Regeln wie beim Plakat <\/strong>achten: Sch\u00e4rfe, Bildgr\u00f6\u00dfe, Bildfarbe und die Echtheit des Bilder.<\/p>\n\n\n\n<figure class=\"wp-block-embed-youtube wp-block-embed is-type-video is-provider-youtube wp-embed-aspect-16-9 wp-has-aspect-ratio\"><div class=\"wp-block-embed__wrapper\">\n<iframe title=\"Umsetzung\" width=\"530\" height=\"298\" src=\"https:\/\/www.youtube.com\/embed\/esgMMNS4fvg?feature=oembed\" frameborder=\"0\" allow=\"accelerometer; autoplay; clipboard-write; encrypted-media; gyroscope; picture-in-picture\" allowfullscreen><\/iframe>\n<\/div><\/figure>\n\n\n\n<p><\/p>\n\n\n\n<p><\/p>\n","protected":false},"excerpt":{"rendered":"<p>Du wei\u00dft nun, wie eine PowerPoint Pr\u00e4sentation im groben aufgebaut ist. H\u00e4ltst du dich an diese Ordnung, so hast du schon einmal ein gutes Grundger\u00fcst. Ob du dir gemerkt hast, wie die der ideale Aufbau einer PowerPoint Pr\u00e4sentation ist, kannst <a class=\"more-link\" href=\"https:\/\/blogs.urz.uni-halle.de\/nachschlagewerk\/umsetzung\/vorbereitung\/\">weiterlesen  <span class=\"screen-reader-text\">  Umsetzung<\/span><span class=\"meta-nav\">&rarr;<\/span><\/a><\/p>\n","protected":false},"author":5154,"featured_media":0,"parent":76,"menu_order":0,"comment_status":"closed","ping_status":"closed","template":"page-fullwidth.php","meta":[],"_links":{"self":[{"href":"https:\/\/blogs.urz.uni-halle.de\/nachschlagewerk\/wp-json\/wp\/v2\/pages\/60"}],"collection":[{"href":"https:\/\/blogs.urz.uni-halle.de\/nachschlagewerk\/wp-json\/wp\/v2\/pages"}],"about":[{"href":"https:\/\/blogs.urz.uni-halle.de\/nachschlagewerk\/wp-json\/wp\/v2\/types\/page"}],"author":[{"embeddable":true,"href":"https:\/\/blogs.urz.uni-halle.de\/nachschlagewerk\/wp-json\/wp\/v2\/users\/5154"}],"replies":[{"embeddable":true,"href":"https:\/\/blogs.urz.uni-halle.de\/nachschlagewerk\/wp-json\/wp\/v2\/comments?post=60"}],"version-history":[{"count":10,"href":"https:\/\/blogs.urz.uni-halle.de\/nachschlagewerk\/wp-json\/wp\/v2\/pages\/60\/revisions"}],"predecessor-version":[{"id":598,"href":"https:\/\/blogs.urz.uni-halle.de\/nachschlagewerk\/wp-json\/wp\/v2\/pages\/60\/revisions\/598"}],"up":[{"embeddable":true,"href":"https:\/\/blogs.urz.uni-halle.de\/nachschlagewerk\/wp-json\/wp\/v2\/pages\/76"}],"wp:attachment":[{"href":"https:\/\/blogs.urz.uni-halle.de\/nachschlagewerk\/wp-json\/wp\/v2\/media?parent=60"}],"curies":[{"name":"wp","href":"https:\/\/api.w.org\/{rel}","templated":true}]}}