{"id":70,"date":"2021-07-13T19:56:10","date_gmt":"2021-07-13T17:56:10","guid":{"rendered":"https:\/\/blogs.urz.uni-halle.de\/nachschlagewerk\/?page_id=70"},"modified":"2021-09-05T13:43:24","modified_gmt":"2021-09-05T11:43:24","slug":"das-programm-powerpoint","status":"publish","type":"page","link":"https:\/\/blogs.urz.uni-halle.de\/nachschlagewerk\/umsetzung\/das-programm-powerpoint\/","title":{"rendered":"Vorbereitung"},"content":{"rendered":"\n<p>Den ersten Teil deiner Vorbereitung hast du bereits durch das Lesen der Aufgabenstellung und die Informations- und Bildersuche erledigt. Durch das Zusammentragen und Zusammenfassen hast du die wichtigsten Daten und Bilder schon im \u00dcberblick und kannst diese weiter verwenden.<\/p>\n\n\n\n<p>Bevor du jedoch richtig startest, deine Pr\u00e4sentation mit Inhalt zu f\u00fcllen ist es wichtig zu \u00fcberlegen, was auf welche Seite deiner Pr\u00e4sentation eigentlich geh\u00f6rt. Denn bei einer Pr\u00e4sentation gibt es, genau wie bei einem Vortrag, eine feste Reihenfolge.<\/p>\n\n\n\n<p>Die <strong>erste Seite,<\/strong> die man in PowerPoint auch Folie nennt, ist immer das <strong>\u201eTitelblatt\u201c<\/strong>. Hier stehen dein <strong>Thema<\/strong> (&#8222;Titel hinzuf\u00fcgen&#8220;) sowie dein <strong>Name<\/strong> und deine <strong>Klasse<\/strong> (&#8222;Untertitel hinzuf\u00fcgen&#8220;). Das Titelblatt kannst du gestalten wie du m\u00f6chtest: mit Bildern, verschiedenen Farben, Vorlagen von PowerPoint oder was du m\u00f6chtest. <\/p>\n\n\n\n<p class=\"has-white-color has-text-color has-background\" style=\"font-size:22px;background-color:#00247a\">Die folgenden Bilder sollen dir einen m\u00f6glichen Aufbau sowie Gestaltung zeigen.<\/p>\n\n\n<div class=\"h5p-iframe-wrapper\"><iframe id=\"h5p-iframe-11\" class=\"h5p-iframe\" data-content-id=\"11\" style=\"height:1px\" src=\"about:blank\" frameBorder=\"0\" scrolling=\"no\" title=\"Gestaltung des Titelblattes\"><\/iframe><\/div>\n\n\n\n<p><\/p>\n\n\n\n<p>Nach dem \u201eTitelblatt\u201c kommt dein <strong>\u201eInhaltsverzeichnis\u201c<\/strong>, also eine Gliederung aus der die Reihenfolge der einzelnen Themen aus deiner Pr\u00e4sentation hervorgehen. Notiere dazu im Feld &#8222;Titel hinzuf\u00fcgen&#8220; den Titel der Seite (&#8222;Inhaltsverzeichnis&#8220;) und im Feld &#8222;Text hinzuf\u00fcgen&#8220; den Inhalt der Seite (deine Gliederung).<\/p>\n\n\n<div class=\"h5p-iframe-wrapper\"><iframe id=\"h5p-iframe-12\" class=\"h5p-iframe\" data-content-id=\"12\" style=\"height:1px\" src=\"about:blank\" frameBorder=\"0\" scrolling=\"no\" title=\"Gestaltung des Inhaltsverzeichnis\"><\/iframe><\/div>\n\n\n\n<p><\/p>\n\n\n\n<p>Nach dem \u201eInhaltsverzeichnis\u201c folgenden dann die <strong>einzelnen Folien<\/strong> zu deinen <strong>Unterthemen<\/strong>.\u00a0<\/p>\n\n\n<div class=\"h5p-iframe-wrapper\"><iframe id=\"h5p-iframe-13\" class=\"h5p-iframe\" data-content-id=\"13\" style=\"height:1px\" src=\"about:blank\" frameBorder=\"0\" scrolling=\"no\" title=\"Gestaltung der Inhaltsseiten\"><\/iframe><\/div>\n\n\n\n<p><\/p>\n\n\n\n<p>Zum <strong>Schluss<\/strong> folgt eine Folie mit all deinen <strong>Quellen<\/strong>, die du genutzt hast.<\/p>\n\n\n<div class=\"h5p-iframe-wrapper\"><iframe id=\"h5p-iframe-14\" class=\"h5p-iframe\" data-content-id=\"14\" style=\"height:1px\" src=\"about:blank\" frameBorder=\"0\" scrolling=\"no\" title=\"Gestaltung der Quellenseite\"><\/iframe><\/div>\n\n\n\n<p><\/p>\n\n\n\n<p>Kennst du nun die Reihenfolge deiner Folien und wei\u00dft, was wo zu stehen hat, f\u00fcllst du deine Folien mit Inhalt. <\/p>\n","protected":false},"excerpt":{"rendered":"<p>Den ersten Teil deiner Vorbereitung hast du bereits durch das Lesen der Aufgabenstellung und die Informations- und Bildersuche erledigt. Durch das Zusammentragen und Zusammenfassen hast du die wichtigsten Daten und Bilder schon im \u00dcberblick und kannst diese weiter verwenden. Bevor <a class=\"more-link\" href=\"https:\/\/blogs.urz.uni-halle.de\/nachschlagewerk\/umsetzung\/das-programm-powerpoint\/\">weiterlesen  <span class=\"screen-reader-text\">  Vorbereitung<\/span><span class=\"meta-nav\">&rarr;<\/span><\/a><\/p>\n","protected":false},"author":5154,"featured_media":0,"parent":76,"menu_order":0,"comment_status":"closed","ping_status":"closed","template":"page-fullwidth.php","meta":[],"_links":{"self":[{"href":"https:\/\/blogs.urz.uni-halle.de\/nachschlagewerk\/wp-json\/wp\/v2\/pages\/70"}],"collection":[{"href":"https:\/\/blogs.urz.uni-halle.de\/nachschlagewerk\/wp-json\/wp\/v2\/pages"}],"about":[{"href":"https:\/\/blogs.urz.uni-halle.de\/nachschlagewerk\/wp-json\/wp\/v2\/types\/page"}],"author":[{"embeddable":true,"href":"https:\/\/blogs.urz.uni-halle.de\/nachschlagewerk\/wp-json\/wp\/v2\/users\/5154"}],"replies":[{"embeddable":true,"href":"https:\/\/blogs.urz.uni-halle.de\/nachschlagewerk\/wp-json\/wp\/v2\/comments?post=70"}],"version-history":[{"count":10,"href":"https:\/\/blogs.urz.uni-halle.de\/nachschlagewerk\/wp-json\/wp\/v2\/pages\/70\/revisions"}],"predecessor-version":[{"id":527,"href":"https:\/\/blogs.urz.uni-halle.de\/nachschlagewerk\/wp-json\/wp\/v2\/pages\/70\/revisions\/527"}],"up":[{"embeddable":true,"href":"https:\/\/blogs.urz.uni-halle.de\/nachschlagewerk\/wp-json\/wp\/v2\/pages\/76"}],"wp:attachment":[{"href":"https:\/\/blogs.urz.uni-halle.de\/nachschlagewerk\/wp-json\/wp\/v2\/media?parent=70"}],"curies":[{"name":"wp","href":"https:\/\/api.w.org\/{rel}","templated":true}]}}