{"id":82,"date":"2021-07-13T20:02:41","date_gmt":"2021-07-13T18:02:41","guid":{"rendered":"https:\/\/blogs.urz.uni-halle.de\/nachschlagewerk\/?page_id=82"},"modified":"2021-09-07T21:11:43","modified_gmt":"2021-09-07T19:11:43","slug":"die-quellen","status":"publish","type":"page","link":"https:\/\/blogs.urz.uni-halle.de\/nachschlagewerk\/die-quellen\/","title":{"rendered":"Die Quellen"},"content":{"rendered":"\n<p>Du kannst nicht alle Information, die du f\u00fcr deine Pr\u00e4sentation brauchst, durch eigene Erfahrungen oder eigenes Wissen, erhalten. Zu Beginn wurde dir geraten, dich im Internet auf Informationssuche zu begeben. Es ist dabei immer wichtig sich zu notieren, wer den Text geschrieben oder ein Bild aufgenommen hat, denn sonst wird das Urheberrecht verletzt. In den Quellen eines Textes, einer Seite oder wo auch immer du nachschaust steht geschrieben, von wem die Information stammt.\u00a0<\/p>\n\n\n\n<p>Auf deinem Plakat oder in deiner Pr\u00e4sentation machst du im Text deutlich, woher die Information stammt. Das geschieht, indem der Name des Autors mit dem Jahr, in dem die Information ver\u00f6ffentlicht wurde sowie die passende Seite notiert wird. <\/p>\n\n\n\n<p class=\"has-white-color has-text-color has-background\" style=\"font-size:22px;background-color:#00247a\">Hier sind zwei \u00dcbungen, welche dir dabei helfen sollen, Quellen richtig zu markieren.<\/p>\n\n\n<div class=\"h5p-content\" data-content-id=\"16\"><\/div>\n\n\n\n<p><\/p>\n\n\n\n<p>Auf der <strong>R\u00fcckseite<\/strong> deines Plaktes oder eben auch auf die <strong>letzte Folie<\/strong> deiner digitalen Pr\u00e4sentation <strong>\u201eQuellenangaben\u201c<\/strong> kommen dann die <strong>gesamte Quellen<\/strong>. Also nicht nur der Autor, das Datum und die Seite, sondern auch die Internetadresse der Webseite, von welcher du die Information hast oder eben das Buch, im welchem du die Informationen gelesen hast.<\/p>\n\n\n<div class=\"h5p-content\" data-content-id=\"17\"><\/div>\n\n\n\n<p><\/p>\n\n\n\n<p>Machst du das nicht, dann schm\u00fcckst du dich sozusagen mit fremden Federn. Man k\u00f6nnte dann annehmen, dass du etwas von jemanden \u00dcbernommen hast und jetzt so tust, als ob es dein Eigen w\u00e4re. <strong>Du verletzt dadurch das Urheberrecht<\/strong>. Das k\u00f6nnte in der Schule dazu f\u00fchren, dass deine Pr\u00e4sentation mit einer weniger guten Note benotet wird.<\/p>\n","protected":false},"excerpt":{"rendered":"<p>Du kannst nicht alle Information, die du f\u00fcr deine Pr\u00e4sentation brauchst, durch eigene Erfahrungen oder eigenes Wissen, erhalten. Zu Beginn wurde dir geraten, dich im Internet auf Informationssuche zu begeben. Es ist dabei immer wichtig sich zu notieren, wer den <a class=\"more-link\" href=\"https:\/\/blogs.urz.uni-halle.de\/nachschlagewerk\/die-quellen\/\">weiterlesen  <span class=\"screen-reader-text\">  Die Quellen<\/span><span class=\"meta-nav\">&rarr;<\/span><\/a><\/p>\n","protected":false},"author":5154,"featured_media":0,"parent":0,"menu_order":0,"comment_status":"closed","ping_status":"closed","template":"page-fullwidth.php","meta":[],"_links":{"self":[{"href":"https:\/\/blogs.urz.uni-halle.de\/nachschlagewerk\/wp-json\/wp\/v2\/pages\/82"}],"collection":[{"href":"https:\/\/blogs.urz.uni-halle.de\/nachschlagewerk\/wp-json\/wp\/v2\/pages"}],"about":[{"href":"https:\/\/blogs.urz.uni-halle.de\/nachschlagewerk\/wp-json\/wp\/v2\/types\/page"}],"author":[{"embeddable":true,"href":"https:\/\/blogs.urz.uni-halle.de\/nachschlagewerk\/wp-json\/wp\/v2\/users\/5154"}],"replies":[{"embeddable":true,"href":"https:\/\/blogs.urz.uni-halle.de\/nachschlagewerk\/wp-json\/wp\/v2\/comments?post=82"}],"version-history":[{"count":10,"href":"https:\/\/blogs.urz.uni-halle.de\/nachschlagewerk\/wp-json\/wp\/v2\/pages\/82\/revisions"}],"predecessor-version":[{"id":574,"href":"https:\/\/blogs.urz.uni-halle.de\/nachschlagewerk\/wp-json\/wp\/v2\/pages\/82\/revisions\/574"}],"wp:attachment":[{"href":"https:\/\/blogs.urz.uni-halle.de\/nachschlagewerk\/wp-json\/wp\/v2\/media?parent=82"}],"curies":[{"name":"wp","href":"https:\/\/api.w.org\/{rel}","templated":true}]}}