{"id":86,"date":"2021-07-13T20:04:15","date_gmt":"2021-07-13T18:04:15","guid":{"rendered":"https:\/\/blogs.urz.uni-halle.de\/nachschlagewerk\/?page_id=86"},"modified":"2021-09-07T21:21:15","modified_gmt":"2021-09-07T19:21:15","slug":"stichpunktzettel","status":"publish","type":"page","link":"https:\/\/blogs.urz.uni-halle.de\/nachschlagewerk\/der-vortrag\/stichpunktzettel\/","title":{"rendered":"Schriftlich"},"content":{"rendered":"\n<p>Nicht nur in der Schule sondern auch bei anderen Veranstaltungen wie einem gro\u00dfen Vereinsfest oder auch bei der Arbeit m\u00fcssen ab und zu Vortr\u00e4ge gehalten werden. Um dich beim Sprechen zu Unterst\u00fctzen eignet sich ein <strong>Stichpunktzettel<\/strong>, auf dem <strong>wichtige Begriffe<\/strong>, die <strong>Reihenfolge<\/strong> deiner Pr\u00e4sentation sowie andere Daten oder <strong>Regeln<\/strong> stehen. Wichtig ist, dass alles eine Ordnung hat und du nicht durcheinanderkommst. Nummeriere deshalb am besten alles<sup>7<\/sup>.\u00a0Auf deinem Stichpunktzettel findet man <strong>keine ganzen, komplizierten, langen S\u00e4tze<\/strong>. Deine Punkte sind <strong>stichwortartig<\/strong> aufgebaut und jedes Stichwort kommt in eine neue Zeile<sup>8<\/sup>.\u00a0Deine Herausforderung besteht dann, m\u00fcndlich die Stichworte in logische S\u00e4tze umzuwandeln.\u00a0<\/p>\n\n\n<div class=\"h5p-iframe-wrapper\"><iframe id=\"h5p-iframe-19\" class=\"h5p-iframe\" data-content-id=\"19\" style=\"height:1px\" src=\"about:blank\" frameBorder=\"0\" scrolling=\"no\" title=\"Der schriftliche Vortrag\"><\/iframe><\/div>\n","protected":false},"excerpt":{"rendered":"<p>Nicht nur in der Schule sondern auch bei anderen Veranstaltungen wie einem gro\u00dfen Vereinsfest oder auch bei der Arbeit m\u00fcssen ab und zu Vortr\u00e4ge gehalten werden. Um dich beim Sprechen zu Unterst\u00fctzen eignet sich ein Stichpunktzettel, auf dem wichtige Begriffe, <a class=\"more-link\" href=\"https:\/\/blogs.urz.uni-halle.de\/nachschlagewerk\/der-vortrag\/stichpunktzettel\/\">weiterlesen  <span class=\"screen-reader-text\">  Schriftlich<\/span><span class=\"meta-nav\">&rarr;<\/span><\/a><\/p>\n","protected":false},"author":5154,"featured_media":0,"parent":84,"menu_order":0,"comment_status":"closed","ping_status":"closed","template":"page-fullwidth.php","meta":[],"_links":{"self":[{"href":"https:\/\/blogs.urz.uni-halle.de\/nachschlagewerk\/wp-json\/wp\/v2\/pages\/86"}],"collection":[{"href":"https:\/\/blogs.urz.uni-halle.de\/nachschlagewerk\/wp-json\/wp\/v2\/pages"}],"about":[{"href":"https:\/\/blogs.urz.uni-halle.de\/nachschlagewerk\/wp-json\/wp\/v2\/types\/page"}],"author":[{"embeddable":true,"href":"https:\/\/blogs.urz.uni-halle.de\/nachschlagewerk\/wp-json\/wp\/v2\/users\/5154"}],"replies":[{"embeddable":true,"href":"https:\/\/blogs.urz.uni-halle.de\/nachschlagewerk\/wp-json\/wp\/v2\/comments?post=86"}],"version-history":[{"count":9,"href":"https:\/\/blogs.urz.uni-halle.de\/nachschlagewerk\/wp-json\/wp\/v2\/pages\/86\/revisions"}],"predecessor-version":[{"id":576,"href":"https:\/\/blogs.urz.uni-halle.de\/nachschlagewerk\/wp-json\/wp\/v2\/pages\/86\/revisions\/576"}],"up":[{"embeddable":true,"href":"https:\/\/blogs.urz.uni-halle.de\/nachschlagewerk\/wp-json\/wp\/v2\/pages\/84"}],"wp:attachment":[{"href":"https:\/\/blogs.urz.uni-halle.de\/nachschlagewerk\/wp-json\/wp\/v2\/media?parent=86"}],"curies":[{"name":"wp","href":"https:\/\/api.w.org\/{rel}","templated":true}]}}