{"id":9,"date":"2021-07-12T21:48:54","date_gmt":"2021-07-12T19:48:54","guid":{"rendered":"https:\/\/blogs.urz.uni-halle.de\/nachschlagewerk\/?page_id=9"},"modified":"2021-09-09T15:08:42","modified_gmt":"2021-09-09T13:08:42","slug":"das-thema","status":"publish","type":"page","link":"https:\/\/blogs.urz.uni-halle.de\/nachschlagewerk\/das-thema\/","title":{"rendered":"Das Thema"},"content":{"rendered":"\n<p class=\"has-black-color has-text-color\"><\/p>\n\n\n\n<p>Bevor es an die Informations- und Bildersuche geht, vergibt die Lehrperson in der Regel ein Thema. Manchmal kann es auch passieren, dass du dir selber ein Thema aussuchen darfst. Dann ist es wichtig, nach deinem Interesse zu gehen. Denn wenn dir das Thema nicht gef\u00e4llt oder du es nicht verstehst, wird es dir schwerfallen, eine gute Pr\u00e4sentation mit Vortrag zu erstellen. Selbst wenn die Lehrperson ein Thema vergibt, welches nicht ganz deinen Geschmack trifft, versuche die positive Seite zu sehen und m\u00f6gliche Verbindungen zu anderen Themen zu finden. Lass dich vom Thema und der Aufgabenstellung auf keinen Fall verschrecken. Sei offen f\u00fcr neue und verschiedene Eindr\u00fccke. Durch die Erarbeitung der Pr\u00e4sentation und des Vortrags wirst du zur Expertin oder zum Experte in diesem Themengebiet. Du entdeckst m\u00f6glicherweise sogar neue Vorlieben. <\/p>\n\n\n\n<p>Hat die Lehrperson das Thema und eine genaue Aufgabenstellung vergeben, musst du nun genau lesen. Am besten zwei bis dreimal. \u00dcberfliege zuerst den Text und lese dann tiefgr\u00fcndiger. Anschlie\u00dfend nimmst du dir einen Markierungsstift, mit welchem du dir wichtige Worte oder einzelne Unteraufgaben markierst, und dadurch farbig hervorhebst. Notiere dir nun erste Ideen und Gedanken zu der Aufgabe, dass hilft, um Ordnung in deinem Kopf zu\u00a0schaffen.\u00a0<\/p>\n\n\n\n<p>Setze dich dann mit dem Thema auseinander, indem du folgendes \u00fcberlegst:&nbsp;<\/p>\n\n\n\n<ul><li>Verstehe ich die Aufgabenstellung?<\/li><li>Was verbinde ich mit diesem Thema?&nbsp;<\/li><li>Habe ich schon Erfahrungen und kann diese in den Vortrag mit einbauen?<\/li><li>Wei\u00df ich, was ich tun muss?<\/li><\/ul>\n\n\n\n<p class=\"has-white-color has-text-color has-background\" style=\"font-size:22px;background-color:#00247a\">Hier hast du eine kleine Aufgabe um noch einmal zu \u00fcberpr\u00fcfen, ob du alles verstanden hast.<\/p>\n\n\n\n<p><\/p>\n\n\n<div class=\"h5p-iframe-wrapper\"><iframe id=\"h5p-iframe-2\" class=\"h5p-iframe\" data-content-id=\"2\" style=\"height:1px\" src=\"about:blank\" frameBorder=\"0\" scrolling=\"no\" title=\"Pr\u00e4sentation: Umweltverschmutzung\"><\/iframe><\/div>\n","protected":false},"excerpt":{"rendered":"<p>Bevor es an die Informations- und Bildersuche geht, vergibt die Lehrperson in der Regel ein Thema. Manchmal kann es auch passieren, dass du dir selber ein Thema aussuchen darfst. Dann ist es wichtig, nach deinem Interesse zu gehen. Denn wenn <a class=\"more-link\" href=\"https:\/\/blogs.urz.uni-halle.de\/nachschlagewerk\/das-thema\/\">weiterlesen  <span class=\"screen-reader-text\">  Das Thema<\/span><span class=\"meta-nav\">&rarr;<\/span><\/a><\/p>\n","protected":false},"author":5154,"featured_media":0,"parent":0,"menu_order":0,"comment_status":"closed","ping_status":"closed","template":"page-fullwidth.php","meta":[],"_links":{"self":[{"href":"https:\/\/blogs.urz.uni-halle.de\/nachschlagewerk\/wp-json\/wp\/v2\/pages\/9"}],"collection":[{"href":"https:\/\/blogs.urz.uni-halle.de\/nachschlagewerk\/wp-json\/wp\/v2\/pages"}],"about":[{"href":"https:\/\/blogs.urz.uni-halle.de\/nachschlagewerk\/wp-json\/wp\/v2\/types\/page"}],"author":[{"embeddable":true,"href":"https:\/\/blogs.urz.uni-halle.de\/nachschlagewerk\/wp-json\/wp\/v2\/users\/5154"}],"replies":[{"embeddable":true,"href":"https:\/\/blogs.urz.uni-halle.de\/nachschlagewerk\/wp-json\/wp\/v2\/comments?post=9"}],"version-history":[{"count":6,"href":"https:\/\/blogs.urz.uni-halle.de\/nachschlagewerk\/wp-json\/wp\/v2\/pages\/9\/revisions"}],"predecessor-version":[{"id":584,"href":"https:\/\/blogs.urz.uni-halle.de\/nachschlagewerk\/wp-json\/wp\/v2\/pages\/9\/revisions\/584"}],"wp:attachment":[{"href":"https:\/\/blogs.urz.uni-halle.de\/nachschlagewerk\/wp-json\/wp\/v2\/media?parent=9"}],"curies":[{"name":"wp","href":"https:\/\/api.w.org\/{rel}","templated":true}]}}