{"id":27,"date":"2023-01-03T13:22:30","date_gmt":"2023-01-03T12:22:30","guid":{"rendered":"https:\/\/blogs.urz.uni-halle.de\/narrative\/?page_id=27"},"modified":"2023-01-30T12:17:43","modified_gmt":"2023-01-30T11:17:43","slug":"start","status":"publish","type":"page","link":"https:\/\/blogs.urz.uni-halle.de\/narrative\/","title":{"rendered":"Allgemeine Informationen"},"content":{"rendered":"\n<p><strong>Tagung im Rahmen der Themenwoche &#8222;Krieg in der Ukraine&#8220; der Volkswagenstiftung, 22.-24. Februar 2023, Schloss Herrenhausen, Hannover<\/strong><\/p>\n\n\n\n<p>In Deutschland werden das politische Handeln, die \u00f6ffentliche Meinung und die Haltung der Gesellschaft in Bezug auf den Krieg in der Ukraine stark von Beschreibungen und Darstellungen von diesem Krieg gepr\u00e4gt und beeinflusst. Von dieser Beobachtung ausgehend ist es das Ziel der Konferenz, die Narrative zum Krieg und die sprachlich-mediale Darstellung der Ereignisse aus sprach-, literatur-, kultur- und medienwissenschaftlicher Perspektive hin zu untersuchen. So werden die in der deutschsprachigen Literatur und den \u00f6ffentlichen Medien entstehenden Narrative \u00fcber die Ukraine und den Krieg in ihrem Verh\u00e4ltnis zu den Narrativen in der ukrainischen Literatur und den Medien und kontrastiv zur polnischen Darstellung beleuchtet. Projektvorstellungen und Impulse von Autoren, K\u00fcnstlerinnen, Verlagslektorinnen, \u00dcbersetzerinnen verbinden die wissenschaftliche Analyse mit der literarischen und kulturellen Praxis. Die Ans\u00e4tze geben Handlungsempfehlungen f\u00fcr die sprachliche und literaturwissenschaftliche Auseinandersetzung mit dem Krieg in der Ukraine aus der Perspektive der Germanistik in einem europ\u00e4ischen interdisziplin\u00e4ren Rahmen.<\/p>\n\n\n\n<p>Organisation:<\/p>\n\n\n\n<p>Dr. Cornelia Ilbrig, Akademie der Wissenschaften, G\u00f6ttingen, Arbeitsstelle Hamburg<\/p>\n\n\n\n<p>Dr. Jana-Katharina Mende, Martin-Luther-Universit\u00e4t Halle Wittenberg<\/p>\n\n\n\n<p>Prof. Dr. Monika Wolting, Uniwersytet Wroclawski<\/p>\n\n\n\n<p>Kontakt: jana-katharina.mende@germanistik.uni-halle.de<\/p>\n\n\n\n<p><\/p>\n\n\n\n<p>Die Tagung wird finanziert durch das Programm  Themenwoche Krieg in der Ukraine &#8211; Perspektiven der Wissenschaft&#8220; der VolkswagenStiftung.<\/p>\n\n\n\n<figure class=\"wp-block-image size-large\"><img loading=\"lazy\" width=\"282\" height=\"55\" src=\"https:\/\/blogs.urz.uni-halle.de\/narrative\/files\/2023\/01\/VWST_RGB_150.gif\" alt=\"\" class=\"wp-image-34\" \/><\/figure>\n\n\n\n<div class=\"wp-block-pb-accordion-item c-accordion__item js-accordion-item no-js\" data-initially-open=\"false\" data-click-to-close=\"true\" data-auto-close=\"true\" data-scroll=\"false\" data-scroll-offset=\"0\"><h2 id=\"at-270\" class=\"c-accordion__title js-accordion-controller\" role=\"button\">\u0417\u0430\u0433\u0430\u043b\u044c\u043d\u0430 \u0456\u043d\u0444\u043e\u0440\u043c\u0430\u0446\u0456\u044f<\/h2><div id=\"ac-270\" class=\"c-accordion__content\">\n<p>\u041a\u043e\u043d\u0444\u0435\u0440\u0435\u043d\u0446\u0456\u044f \u0443 \u0440\u0430\u043c\u043a\u0430\u0445 \u0442\u0435\u043c\u0430\u0442\u0438\u0447\u043d\u043e\u0433\u043e \u0442\u0438\u0436\u043d\u044f \u0444\u043e\u043d\u0434\u0443 Volkswagen \u201e\u0412\u0456\u0439\u043d\u0430 \u0432 \u0423\u043a\u0440\u0430\u0457\u043d\u0456\u201c, \u0437 22.02 \u043f\u043e 24.02.2023, \u043f\u0430\u043b\u0430\u0446 \u0413\u0435\u0440\u0440\u0435\u043d\u0445\u0430\u0443\u0441, \u0413\u0430\u043d\u043d\u043e\u0432\u0435\u0440.<br>\u041d\u0430 \u043f\u043e\u043b\u0456\u0442\u0438\u0447\u043d\u0456 \u0434\u0456\u0457, \u0433\u0440\u043e\u043c\u0430\u0434\u0441\u044c\u043a\u0443 \u0434\u0443\u043c\u043a\u0443 \u0442\u0430 \u0441\u0442\u0430\u0432\u043b\u0435\u043d\u043d\u044f \u0441\u0443\u0441\u043f\u0456\u043b\u044c\u0441\u0442\u0432\u0430 \u041d\u0456\u043c\u0435\u0447\u0447\u0438\u043d\u0438 \u0434\u043e \u0432\u0456\u0439\u043d\u0438 \u0432 \u0423\u043a\u0440\u0430\u0457\u043d\u0456 \u0437\u043d\u0430\u0447\u043d\u043e \u0432\u043f\u043b\u0438\u0432\u0430\u044e\u0442\u044c \u043e\u043f\u0438\u0441\u0438 \u0442\u0430 \u0437\u043e\u0431\u0440\u0430\u0436\u0435\u043d\u043d\u044f \u0446\u0456\u0454\u0457 \u0432\u0456\u0439\u043d\u0438. \u0412\u0456\u0434\u0448\u0442\u043e\u0432\u0445\u0443\u044e\u0447\u0438\u0441\u044c \u0432\u0456\u0434 \u0446\u044c\u043e\u0433\u043e \u0441\u043f\u043e\u0441\u0442\u0435\u0440\u0435\u0436\u0435\u043d\u043d\u044f, \u043c\u0435\u0442\u043e\u044e \u043a\u043e\u043d\u0444\u0435\u0440\u0435\u043d\u0446\u0456\u0457 \u0454 \u0434\u043e\u0441\u043b\u0456\u0434\u0438\u0442\u0438 \u043d\u0430\u0440\u0430\u0442\u0438\u0432\u0438 \u043f\u0440\u043e \u0432\u0456\u0439\u043d\u0443, \u0430 \u0442\u0430\u043a\u043e\u0436 \u043c\u043e\u0432\u043d\u043e-\u043c\u0435\u0434\u0456\u0439\u043d\u0435 \u0437\u043e\u0431\u0440\u0430\u0436\u0435\u043d\u043d\u044f \u043f\u043e\u0434\u0456\u0439 \u0437 \u043c\u043e\u0432\u043e\u0437\u043d\u0430\u0432\u0447\u043e\u0457, \u043b\u0456\u0442\u0435\u0440\u0430\u0442\u0443\u0440\u043e\u0437\u043d\u0430\u0432\u0447\u043e\u0457, \u043a\u0443\u043b\u044c\u0442\u0443\u0440\u043e\u043b\u043e\u0433\u0456\u0447\u043d\u043e\u0457 \u0442\u0430 \u043c\u0435\u0434\u0456\u0430\u0437\u043d\u0430\u0432\u0447\u043e\u0457 \u043f\u0435\u0440\u0441\u043f\u0435\u043a\u0442\u0438\u0432. \u0422\u0430\u043a, \u043d\u0430 \u043f\u0440\u0438\u043a\u043b\u0430\u0434, \u0431\u0443\u0434\u0443\u0442\u044c \u0432\u0438\u0441\u0432\u0456\u0442\u043b\u0435\u043d\u0456 \u0441\u0444\u043e\u0440\u043c\u043e\u0432\u0430\u043d\u0456 \u0443 \u043d\u0456\u043c\u0435\u0446\u044c\u043a\u043e\u043c\u043e\u0432\u043d\u0456\u0439 \u043b\u0456\u0442\u0435\u0440\u0430\u0442\u0443\u0440\u0456 \u0442\u0430 \u0437\u0430\u0441\u043e\u0431\u0430\u0445 \u043c\u0430\u0441\u043e\u0432\u043e\u0457 \u0456\u043d\u0444\u043e\u0440\u043c\u0430\u0446\u0456\u0457 \u043d\u0430\u0440\u0430\u0442\u0438\u0432\u0438 \u043f\u0440\u043e \u0423\u043a\u0440\u0430\u0457\u043d\u0443 \u0442\u0430 \u0432\u0456\u0439\u043d\u0443 \u0443 \u0441\u043f\u0456\u0432\u0432\u0456\u0434\u043d\u043e\u0448\u0435\u043d\u043d\u0456 \u0434\u043e \u043d\u0430\u0440\u0430\u0442\u0438\u0432\u0456\u0432 \u0432 \u0443\u043a\u0440\u0430\u0457\u043d\u0441\u044c\u043a\u0456\u0439 \u043b\u0456\u0442\u0435\u0440\u0430\u0442\u0443\u0440\u0456 \u0442\u0430 \u0417\u041c\u0406, \u0456 \u0443 \u043f\u043e\u0440\u0456\u0432\u043d\u044f\u043d\u043d\u0456 \u0437 \u0437\u043e\u0431\u0440\u0430\u0436\u0435\u043d\u043d\u044f\u043c \u0432\u0456\u0439\u043d\u0438 \u0443 \u041f\u043e\u043b\u044c\u0449\u0456. \u041f\u0440\u0435\u0437\u0435\u043d\u0442\u0430\u0446\u0456\u044f \u043f\u0440\u043e\u0435\u043a\u0442\u0456\u0432 \u0442\u0430 \u0432\u0438\u0441\u0442\u0443\u043f\u0438 \u0430\u0432\u0442\u043e\u0440\u043e\u043a \u0442\u0430 \u0430\u0432\u0442\u043e\u0440\u0456\u0432, \u0445\u0443\u0434\u043e\u0436\u043d\u0438\u0446\u044c \u0442\u0430 \u0445\u0443\u0434\u043e\u0436\u043d\u0438\u043a\u0456\u0432, \u0432\u0438\u0434\u0430\u0432\u0447\u0438\u043d\u044c \u0442\u0430 \u0432\u0438\u0434\u0430\u0432\u0446\u0456\u0432, \u043f\u0435\u0440\u0435\u043a\u043b\u0430\u0434\u0430\u0447\u043e\u043a \u0442\u0430 \u043f\u0435\u0440\u0435\u043a\u043b\u0430\u0434\u0430\u0447\u0456\u0432 \u043f\u043e\u0454\u0434\u043d\u0443\u044e\u0442\u044c \u043d\u0430\u0443\u043a\u043e\u0432\u0438\u0439 \u0430\u043d\u0430\u043b\u0456\u0437 \u0437 \u043b\u0456\u0442\u0435\u0440\u0430\u0442\u0443\u0440\u043d\u043e\u044e \u0442\u0430 \u043a\u0443\u043b\u044c\u0442\u0443\u0440\u043d\u043e\u044e \u043f\u0440\u0430\u043a\u0442\u0438\u043a\u043e\u044e. \u0426\u0456 \u043f\u0456\u0434\u0445\u043e\u0434\u0438 \u0454 \u043e\u0440\u0456\u0454\u043d\u0442\u0438\u0440\u0430\u043c\u0438 \u0434\u043b\u044f \u043c\u043e\u0432\u043e\u0437\u043d\u0430\u0432\u0447\u043e\u0457 \u0442\u0430 \u043b\u0456\u0442\u0435\u0440\u0430\u0442\u0443\u0440\u043e\u0437\u043d\u0430\u0432\u0447\u043e\u0457 \u043f\u043e\u043b\u0435\u043c\u0456\u043a\u0438 \u043d\u0430 \u0442\u0435\u043c\u0443 \u0432\u0456\u0439\u043d\u0438 \u0432 \u0423\u043a\u0440\u0430\u0457\u043d\u0456 \u0437 \u043f\u0435\u0440\u0441\u043f\u0435\u043a\u0442\u0438\u0432\u0438 \u0433\u0435\u0440\u043c\u0430\u043d\u0456\u0441\u0442\u0438\u043a\u0438 \u0443 \u0454\u0432\u0440\u043e\u043f\u0435\u0439\u0441\u044c\u043a\u0438\u0445 \u043c\u0456\u0436\u0434\u0438\u0441\u0446\u0438\u043f\u043b\u0456\u043d\u0430\u0440\u043d\u0438\u0445 \u0440\u0430\u043c\u043a\u0430\u0445.<br>\u041e\u0440\u0433\u0430\u043d\u0456\u0437\u0430\u0446\u0456\u044f:<br>\u0414-\u0440. \u041a\u043e\u0440\u043d\u0435\u043b\u0456\u044f \u0406\u043b\u044c\u0431\u0440\u0456\u0491, \u0410\u043a\u0430\u0434\u0435\u043c\u0456\u044f \u041d\u0430\u0443\u043a, \u0413\u0435\u0442\u0442\u0456\u043d\u0433\u0435\u043d, \u043c\u0456\u0441\u0446\u0435 \u0440\u043e\u0431\u043e\u0442\u0438 \u2013 \u0413\u0430\u043c\u0431\u0443\u0440\u0433<br>\u0414-\u0440. \u042f\u043d\u0430-\u041a\u0430\u0442\u0430\u0440\u0456\u043d\u0430 \u041c\u0435\u043d\u0434\u0435, \u0423\u043d\u0456\u0432\u0435\u0440\u0441\u0438\u0442\u0435\u0442 \u0456\u043c. \u041c\u0430\u0440\u0442\u0456\u043d\u0430 \u041b\u044e\u0442\u0435\u0440\u0430 \u0413\u0430\u043b\u043b\u0435 \u0412\u0456\u0442\u0442\u0435\u043d\u0431\u0435\u0440\u0433<br>\u041f\u0440\u0444. \u0434-\u0440. \u041c\u043e\u043d\u0456\u043a\u0430 \u0412\u043e\u043b\u0442\u0456\u043d\u0433, \u0412\u0440\u043e\u0446\u043b\u0430\u0432\u0441\u044c\u043a\u0438\u0439 \u0443\u043d\u0456\u0432\u0435\u0440\u0441\u0438\u0442\u0435\u0442<br>\u041a\u043e\u043d\u0442\u0430\u043a\u0442: jana-katharina.mende@germanistik.uni-halle.de<br>\u043f\u0435\u0440\u0435\u043a\u043b\u0430\u0434\/\u00dcbersetzung: Alina Onopriienko<\/p>\n<\/div><\/div>\n","protected":false},"excerpt":{"rendered":"<p>Tagung im Rahmen der Themenwoche &#8222;Krieg in der Ukraine&#8220; der Volkswagenstiftung, 22.-24. Februar 2023, Schloss Herrenhausen, Hannover In Deutschland werden das politische Handeln, die \u00f6ffentliche Meinung und die Haltung der Gesellschaft in Bezug auf den Krieg in der Ukraine stark von Beschreibungen und Darstellungen von diesem Krieg gepr\u00e4gt und beeinflusst. Von dieser Beobachtung ausgehend ist &hellip; <\/p>\n<p><a class=\"more-link btn\" href=\"https:\/\/blogs.urz.uni-halle.de\/narrative\/\">Weiterlesen<\/a><\/p>\n","protected":false},"author":5258,"featured_media":0,"parent":0,"menu_order":0,"comment_status":"closed","ping_status":"closed","template":"","meta":[],"_links":{"self":[{"href":"https:\/\/blogs.urz.uni-halle.de\/narrative\/wp-json\/wp\/v2\/pages\/27"}],"collection":[{"href":"https:\/\/blogs.urz.uni-halle.de\/narrative\/wp-json\/wp\/v2\/pages"}],"about":[{"href":"https:\/\/blogs.urz.uni-halle.de\/narrative\/wp-json\/wp\/v2\/types\/page"}],"author":[{"embeddable":true,"href":"https:\/\/blogs.urz.uni-halle.de\/narrative\/wp-json\/wp\/v2\/users\/5258"}],"replies":[{"embeddable":true,"href":"https:\/\/blogs.urz.uni-halle.de\/narrative\/wp-json\/wp\/v2\/comments?post=27"}],"version-history":[{"count":6,"href":"https:\/\/blogs.urz.uni-halle.de\/narrative\/wp-json\/wp\/v2\/pages\/27\/revisions"}],"predecessor-version":[{"id":77,"href":"https:\/\/blogs.urz.uni-halle.de\/narrative\/wp-json\/wp\/v2\/pages\/27\/revisions\/77"}],"wp:attachment":[{"href":"https:\/\/blogs.urz.uni-halle.de\/narrative\/wp-json\/wp\/v2\/media?parent=27"}],"curies":[{"name":"wp","href":"https:\/\/api.w.org\/{rel}","templated":true}]}}