{"id":31,"date":"2023-01-04T11:20:15","date_gmt":"2023-01-04T10:20:15","guid":{"rendered":"https:\/\/blogs.urz.uni-halle.de\/narrative\/?page_id=31"},"modified":"2023-02-20T14:38:11","modified_gmt":"2023-02-20T13:38:11","slug":"lesungen","status":"publish","type":"page","link":"https:\/\/blogs.urz.uni-halle.de\/narrative\/lesungen\/","title":{"rendered":"Lesungen"},"content":{"rendered":"\n<div class=\"wp-block-pb-accordion-item c-accordion__item js-accordion-item no-js\" data-initially-open=\"false\" data-click-to-close=\"true\" data-auto-close=\"true\" data-scroll=\"false\" data-scroll-offset=\"0\"><h2 id=\"at-310\" class=\"c-accordion__title js-accordion-controller\" role=\"button\">22.02.2023: Lesung mit Tanja Maljartschuk<\/h2><div id=\"ac-310\" class=\"c-accordion__content\">\n<p>19.30, Schloss Herrenhausen, moderiert von Prof. Dr. Monika Wolting<\/p>\n<\/div><\/div>\n\n\n\n<div class=\"wp-block-pb-accordion-item c-accordion__item js-accordion-item no-js\" data-initially-open=\"false\" data-click-to-close=\"true\" data-auto-close=\"true\" data-scroll=\"false\" data-scroll-offset=\"0\"><h2 id=\"at-311\" class=\"c-accordion__title js-accordion-controller\" role=\"button\">23.02.2023: Gespr\u00e4ch und Lesung mit Robert Prosser<\/h2><div id=\"ac-311\" class=\"c-accordion__content\">\n<p>13.30-15.00, Schloss Herrenhausen, moderiert von Prof. Dr. Monika Wolting<\/p>\n\n\n\n<p>Aus dem Text: <\/p>\n\n\n\n<p>&#8222;Hinter der Grenze ist der Krieg sehr greifbar. An der Stra\u00dfe Checkpoints, vermummte Soldaten neben aufgeschichteten Sands\u00e4cken. Roman stellt Radio Bayraktar ein. Der nach den t\u00fcrkischen Drohnen benannte Sender spielt Widerstandslieder, in den letzten Wochen entstanden. Aus Bob Marleys No Woman, No Cry wurde No Putin, no Cry (Ukranian Warriors unite). Allgegenw\u00e4rtig, und auch in den Lokalen von Lwiw oft zu h\u00f6ren, ist ein Song, der den gleichen Namen wie der Radiosender tr\u00e4gt: Bayraktar von Taras Borovok besingt die verheerende Wirkung der Kampfdrohne auf die feindlichen Einheiten. W\u00e4hrend er das Blaulicht einschaltet, um zwischen Checkpoints rasch hindurchzukommen, sagt Roman, dass sie unbedingt schwere Waffen von der NATO ben\u00f6tigen. Bereits die Bayraktars h\u00e4tten ausgereicht, Russlands Propaganda einer unbesiegbaren Armee als L\u00fcge zu entlarven. H\u00e4tte man mehr Kampfjets und Panzer, dann w\u00e4re der Krieg bald entschieden. Die Stra\u00dfe s\u00e4umen gro\u00dfe Schilder, auf der roten Fl\u00e4che steht in wei\u00dfer Schrift sinngem\u00e4\u00df: Wir leben auf dieser Erde, ihr Russen liegt bald darunter. Weitere Checkpoints und Panzersperren, Sandsackw\u00e4lle, dann die Ausl\u00e4ufer Lwiws. Mit Blaulicht und Sirenen steuern die Ambulanzw\u00e4gen auf das Krankenhaus zu, ihrer vor\u00fcbergehenden Basis. Wir parken vor dem Eingang, und noch ist die \u00dcbergabe nicht abgeschlossen, da nimmt Katharina ihren Trolley und verabschiedet sich. Sie wird versuchen, weiter nach Osten zu gelangen, in Richtung der Front, um von dort zu berichten.&#8220;<\/p>\n\n\n\n<p>Aus: SIRENEN. Aufzeichnungen vom Kriegsrand. In: Der Standard, 07. Mai 2022<\/p>\n<\/div><\/div>\n","protected":false},"excerpt":{"rendered":"","protected":false},"author":5258,"featured_media":0,"parent":0,"menu_order":4,"comment_status":"closed","ping_status":"closed","template":"","meta":[],"_links":{"self":[{"href":"https:\/\/blogs.urz.uni-halle.de\/narrative\/wp-json\/wp\/v2\/pages\/31"}],"collection":[{"href":"https:\/\/blogs.urz.uni-halle.de\/narrative\/wp-json\/wp\/v2\/pages"}],"about":[{"href":"https:\/\/blogs.urz.uni-halle.de\/narrative\/wp-json\/wp\/v2\/types\/page"}],"author":[{"embeddable":true,"href":"https:\/\/blogs.urz.uni-halle.de\/narrative\/wp-json\/wp\/v2\/users\/5258"}],"replies":[{"embeddable":true,"href":"https:\/\/blogs.urz.uni-halle.de\/narrative\/wp-json\/wp\/v2\/comments?post=31"}],"version-history":[{"count":4,"href":"https:\/\/blogs.urz.uni-halle.de\/narrative\/wp-json\/wp\/v2\/pages\/31\/revisions"}],"predecessor-version":[{"id":118,"href":"https:\/\/blogs.urz.uni-halle.de\/narrative\/wp-json\/wp\/v2\/pages\/31\/revisions\/118"}],"wp:attachment":[{"href":"https:\/\/blogs.urz.uni-halle.de\/narrative\/wp-json\/wp\/v2\/media?parent=31"}],"curies":[{"name":"wp","href":"https:\/\/api.w.org\/{rel}","templated":true}]}}