{"id":1761,"date":"2022-06-14T22:52:05","date_gmt":"2022-06-14T20:52:05","guid":{"rendered":"https:\/\/blogs.urz.uni-halle.de\/nataschaueckmann\/?page_id=1761"},"modified":"2026-03-14T11:10:05","modified_gmt":"2026-03-14T10:10:05","slug":"doktorandinnen","status":"publish","type":"page","link":"https:\/\/blogs.urz.uni-halle.de\/nataschaueckmann\/doktorandinnen\/","title":{"rendered":"Doktorand:innen"},"content":{"rendered":"\n<p>Lisa Brunke, Doktorandin im DFG-Projekt <em>Transatlantische Ideenzirkulation und -transformation: Die Wirkung der Aufkl\u00e4rung in den neueren frankokaribischen Literaturen<\/em> zum Thema &#8222;<em><a href=\"https:\/\/www.narr.de\/banm-yon-ti-limy%C3%A8-vergemeinschaftung-und-zusammenleben-in-haitianisch-1088-2\/\">Banm yon ti limy\u00e8&#8220; &#8211; Entw\u00fcrfe von Vergemeinschaftung und Zusammenleben in franz\u00f6sischsprachigen Romanen aus Haiti nach 1986<\/a><\/em> (Disputation im Dez. 2022)<\/p>\n\n\n\n<p>Andrea Dassing, Doktorandin in der Nachwuchsforschergruppe <a href=\"https:\/\/theatertexte.uni-saarland.de\/flucht-migration\/\">Migration und Flucht: Theater als Verhandlungs- und Partizipationsraum im deutsch-franz\u00f6sischen Vergleich<\/a> zum Thema <em>Grenz\u00fcberschreitungen zwischen Kunst und Gesellschaft: Formen und Wirkungen der Auseinandersetzung mit Migration und Flucht im Gegenwartstheater Deutschlands und Frankreichs<\/em> (seit 2019)<\/p>\n\n\n\n<p>Ethel Petit, Doktorandin an der Universit\u00e9 des Limoges zum Thema <em>Musique de salon dans la Cara\u00efbe insulaire hispanophone et franco-cr\u00e9olophone au XIX\u00e8me si\u00e8cle (1802-1902): expression d&#8217;une identit\u00e9 culturelle cr\u00e9olis\u00e9e?<\/em> Mitwirkung in der Jury der Soutenance de la th\u00e8se, 9. Juni 2022<\/p>\n\n\n\n<p>Karoline Bartmann, Doktorandin an der MLU zum Thema <em>Feminismus von rechts? Gender und Sexualit\u00e4t in der politischen Kommunikation des <\/em>Rassemblement National <em>und der <\/em>Alternative f\u00fcr Deutschland (2023-2025 als Vertretung f\u00fcr Jun.-Prof. Dr. Dimitri Alemida \u2020)<\/p>\n","protected":false},"excerpt":{"rendered":"<p>Lisa Brunke, Doktorandin im DFG-Projekt Transatlantische Ideenzirkulation und -transformation: Die Wirkung der Aufkl\u00e4rung in den neueren frankokaribischen Literaturen zum Thema &#8222;Banm yon ti limy\u00e8&#8220; &#8211; Entw\u00fcrfe von Vergemeinschaftung und Zusammenleben in franz\u00f6sischsprachigen Romanen aus Haiti nach 1986 (Disputation im Dez. &hellip; <a href=\"https:\/\/blogs.urz.uni-halle.de\/nataschaueckmann\/doktorandinnen\/\">Weiterlesen <span class=\"meta-nav\">&rarr;<\/span><\/a><\/p>\n","protected":false},"author":4025,"featured_media":0,"parent":0,"menu_order":0,"comment_status":"closed","ping_status":"closed","template":"","meta":[],"yoast_head":"<!-- This site is optimized with the Yoast SEO plugin v15.6.2 - https:\/\/yoast.com\/wordpress\/plugins\/seo\/ -->\n<meta name=\"robots\" content=\"index, follow, max-snippet:-1, max-image-preview:large, max-video-preview:-1\" \/>\n<link rel=\"canonical\" href=\"https:\/\/blogs.urz.uni-halle.de\/nataschaueckmann\/doktorandinnen\/\" \/>\n<meta property=\"og:locale\" content=\"de_DE\" \/>\n<meta property=\"og:type\" content=\"article\" \/>\n<meta property=\"og:title\" content=\"Doktorand:innen - Prof. Dr. Natascha Ueckmann\" \/>\n<meta property=\"og:description\" content=\"Lisa Brunke, Doktorandin im DFG-Projekt Transatlantische Ideenzirkulation und -transformation: Die Wirkung der Aufkl\u00e4rung in den neueren frankokaribischen Literaturen zum Thema &#8222;Banm yon ti limy\u00e8&#8220; &#8211; Entw\u00fcrfe von Vergemeinschaftung und Zusammenleben in franz\u00f6sischsprachigen Romanen aus Haiti nach 1986 (Disputation im Dez. &hellip; Weiterlesen &rarr;\" \/>\n<meta property=\"og:url\" content=\"https:\/\/blogs.urz.uni-halle.de\/nataschaueckmann\/doktorandinnen\/\" \/>\n<meta property=\"og:site_name\" content=\"Prof. Dr. Natascha Ueckmann\" \/>\n<meta property=\"article:modified_time\" content=\"2026-03-14T10:10:05+00:00\" \/>\n<meta name=\"twitter:card\" content=\"summary_large_image\" \/>\n<meta name=\"twitter:label1\" content=\"Gesch\u00e4tzte Lesezeit\">\n\t<meta name=\"twitter:data1\" content=\"1\u00a0Minute\">\n<script type=\"application\/ld+json\" class=\"yoast-schema-graph\">{\"@context\":\"https:\/\/schema.org\",\"@graph\":[{\"@type\":\"WebSite\",\"@id\":\"https:\/\/blogs.urz.uni-halle.de\/nataschaueckmann\/#website\",\"url\":\"https:\/\/blogs.urz.uni-halle.de\/nataschaueckmann\/\",\"name\":\"Prof. Dr. Natascha Ueckmann\",\"description\":\"\",\"potentialAction\":[{\"@type\":\"SearchAction\",\"target\":\"https:\/\/blogs.urz.uni-halle.de\/nataschaueckmann\/?s={search_term_string}\",\"query-input\":\"required name=search_term_string\"}],\"inLanguage\":\"de\"},{\"@type\":\"WebPage\",\"@id\":\"https:\/\/blogs.urz.uni-halle.de\/nataschaueckmann\/doktorandinnen\/#webpage\",\"url\":\"https:\/\/blogs.urz.uni-halle.de\/nataschaueckmann\/doktorandinnen\/\",\"name\":\"Doktorand:innen - Prof. Dr. Natascha Ueckmann\",\"isPartOf\":{\"@id\":\"https:\/\/blogs.urz.uni-halle.de\/nataschaueckmann\/#website\"},\"datePublished\":\"2022-06-14T20:52:05+00:00\",\"dateModified\":\"2026-03-14T10:10:05+00:00\",\"inLanguage\":\"de\",\"potentialAction\":[{\"@type\":\"ReadAction\",\"target\":[\"https:\/\/blogs.urz.uni-halle.de\/nataschaueckmann\/doktorandinnen\/\"]}]}]}<\/script>\n<!-- \/ Yoast SEO plugin. -->","_links":{"self":[{"href":"https:\/\/blogs.urz.uni-halle.de\/nataschaueckmann\/wp-json\/wp\/v2\/pages\/1761"}],"collection":[{"href":"https:\/\/blogs.urz.uni-halle.de\/nataschaueckmann\/wp-json\/wp\/v2\/pages"}],"about":[{"href":"https:\/\/blogs.urz.uni-halle.de\/nataschaueckmann\/wp-json\/wp\/v2\/types\/page"}],"author":[{"embeddable":true,"href":"https:\/\/blogs.urz.uni-halle.de\/nataschaueckmann\/wp-json\/wp\/v2\/users\/4025"}],"replies":[{"embeddable":true,"href":"https:\/\/blogs.urz.uni-halle.de\/nataschaueckmann\/wp-json\/wp\/v2\/comments?post=1761"}],"version-history":[{"count":9,"href":"https:\/\/blogs.urz.uni-halle.de\/nataschaueckmann\/wp-json\/wp\/v2\/pages\/1761\/revisions"}],"predecessor-version":[{"id":2158,"href":"https:\/\/blogs.urz.uni-halle.de\/nataschaueckmann\/wp-json\/wp\/v2\/pages\/1761\/revisions\/2158"}],"wp:attachment":[{"href":"https:\/\/blogs.urz.uni-halle.de\/nataschaueckmann\/wp-json\/wp\/v2\/media?parent=1761"}],"curies":[{"name":"wp","href":"https:\/\/api.w.org\/{rel}","templated":true}]}}