{"id":25,"date":"2013-03-12T15:58:05","date_gmt":"2013-03-12T13:58:05","guid":{"rendered":"http:\/\/blogs.uni-bremen.de\/nueckmann\/?page_id=25"},"modified":"2013-03-12T15:58:05","modified_gmt":"2013-03-12T13:58:05","slug":"kolloquium-forum-inputs","status":"publish","type":"page","link":"https:\/\/blogs.urz.uni-halle.de\/nataschaueckmann\/forschung\/kolloquium-forum-inputs\/","title":{"rendered":"Kolloquium \u201eForum\u00a0INPUTS\u201c"},"content":{"rendered":"<p>Im Forschungskolloquium \u201eForum INPUTS\u201c versuchen wir fr\u00fchzeitig Studierende der Literatur- und Kulturwissenschaften oder auch der Transkulturellen Studien f\u00fcr die Forschung zu begeistern. In der Regel wird das Forum von einem Seminar begleitet, welches den Fokus auf postkoloniale und transkulturelle Fragestellungen richtet. BA- und MA-Studierende treffen im \u201eForum INPUTS\u201c auf gestandene WissenschaftlerInnen, die Einblick in ihre Arbeit geben, aber auch auf DoktorandInnen, die die eigene Forschungsarbeit in einem Stadium des &#8218;work in progress&#8216; in einem interdisziplin\u00e4ren Kontext diskutieren wollen. Bereits seit 2007 bew\u00e4hrt sich diese Art von Forschungslehre.<\/p>\n<h2>Aktuelles Programm<\/h2>\n<p><strong>Sommersemester 2016<\/strong><br \/>\nDo. 14-16 Uhr<br \/>\nStudierhaus D1020<\/p>\n<p><a href=\"https:\/\/blogs.urz.uni-halle.de\/nataschaueckmann\/files\/2013\/03\/Plakat-Forum-INPUTS.pdf\" rel=\"\">Plakat Forum INPUTS<\/a><\/p>\n<p><strong><br \/>\n28. April 2016<\/strong><br \/>\nMarc Dauen (Transnationale Literaturwissenschaften \u00ad &#8211; Bremen)<br \/>\n<strong>Afrikanische Migration nach Europa im Comic<br \/>\n<\/strong><\/p>\n<p><strong>19. Mai 2016<\/strong><br \/>\nIna Schenker (Transnationale Literaturwissenschaften \u00ad &#8211; Bremen)<br \/>\n<strong>Migration und Machtstrukturen im Kinderh\u00f6rspiel<\/strong><\/p>\n<p><strong>2. Juni 2016<\/strong><br \/>\nDr. Marianne Beauviche (Germanistik &#8211; \u00ad Avignon &amp;<br \/>\nLaboratoire \u00ab\u00a0Identit\u00e9 culturelle, textes et th\u00e9\u00e2tralit\u00e9\u00a0\u00bb)<br \/>\n<strong>Das Festival d&#8217;Avignon: Theater und Migration<\/strong><\/p>\n<p><strong>16. Juni 2016<\/strong><br \/>\nMirko Borscht (Theaterregisseur \u2013 Berlin) &amp; J\u00f6rg Holkenbrink (K\u00fcnstlerischer Leiter des Zentrums f\u00fcr Performance Studies der Universit\u00e4t Bremen)<br \/>\n<strong>Theaterpraktiker\/n im Dialog: Werkstattgespr\u00e4ch<\/strong><\/p>\n<p><strong>7. Juli 2016<\/strong><br \/>\nProf. Dr. Wendy Sutherland (Germanistik \u2013 Florida)<br \/>\n<strong>Die Inszenierung des Schwarzseins und die Konstruktion des Wei\u00dfseins im deutschen Drama des 18. Jahrhunderts<\/strong><\/p>\n<p><a title=\"zum Archiv aller Kolloquien auf der Seite von INPUTS\" href=\"http:\/\/www.fb10.uni-bremen.de\/inputs\/kolloquium.aspx?archiv=true\" rel=\"nofollow\">zum Archiv der Kolloquien<\/a><\/p>\n<p><!-- [if gte mso 9]&gt;--><\/p>\n","protected":false},"excerpt":{"rendered":"<p>Im Forschungskolloquium \u201eForum INPUTS\u201c versuchen wir fr\u00fchzeitig Studierende der Literatur- und Kulturwissenschaften oder auch der Transkulturellen Studien f\u00fcr die Forschung zu begeistern. In der Regel wird das Forum von einem Seminar begleitet, welches den Fokus auf postkoloniale und transkulturelle Fragestellungen &hellip; <a href=\"https:\/\/blogs.urz.uni-halle.de\/nataschaueckmann\/forschung\/kolloquium-forum-inputs\/\">Weiterlesen <span class=\"meta-nav\">&rarr;<\/span><\/a><\/p>\n","protected":false},"author":3981,"featured_media":0,"parent":13,"menu_order":1,"comment_status":"closed","ping_status":"closed","template":"sidebar-page.php","meta":[],"yoast_head":"<!-- This site is optimized with the Yoast SEO plugin v15.6.2 - https:\/\/yoast.com\/wordpress\/plugins\/seo\/ -->\n<meta name=\"robots\" content=\"index, follow, max-snippet:-1, max-image-preview:large, max-video-preview:-1\" \/>\n<link rel=\"canonical\" href=\"https:\/\/blogs.urz.uni-halle.de\/nataschaueckmann\/forschung\/kolloquium-forum-inputs\/\" \/>\n<meta property=\"og:locale\" content=\"de_DE\" \/>\n<meta property=\"og:type\" content=\"article\" \/>\n<meta property=\"og:title\" content=\"Kolloquium \u201eForum\u00a0INPUTS\u201c - Prof. Dr. Natascha Ueckmann\" \/>\n<meta property=\"og:description\" content=\"Im Forschungskolloquium \u201eForum INPUTS\u201c versuchen wir fr\u00fchzeitig Studierende der Literatur- und Kulturwissenschaften oder auch der Transkulturellen Studien f\u00fcr die Forschung zu begeistern. In der Regel wird das Forum von einem Seminar begleitet, welches den Fokus auf postkoloniale und transkulturelle Fragestellungen &hellip; Weiterlesen &rarr;\" \/>\n<meta property=\"og:url\" content=\"https:\/\/blogs.urz.uni-halle.de\/nataschaueckmann\/forschung\/kolloquium-forum-inputs\/\" \/>\n<meta property=\"og:site_name\" content=\"Prof. Dr. Natascha Ueckmann\" \/>\n<meta name=\"twitter:card\" content=\"summary_large_image\" \/>\n<meta name=\"twitter:label1\" content=\"Gesch\u00e4tzte Lesezeit\">\n\t<meta name=\"twitter:data1\" content=\"1\u00a0Minute\">\n<script type=\"application\/ld+json\" class=\"yoast-schema-graph\">{\"@context\":\"https:\/\/schema.org\",\"@graph\":[{\"@type\":\"WebSite\",\"@id\":\"https:\/\/blogs.urz.uni-halle.de\/nataschaueckmann\/#website\",\"url\":\"https:\/\/blogs.urz.uni-halle.de\/nataschaueckmann\/\",\"name\":\"Prof. Dr. Natascha Ueckmann\",\"description\":\"\",\"potentialAction\":[{\"@type\":\"SearchAction\",\"target\":\"https:\/\/blogs.urz.uni-halle.de\/nataschaueckmann\/?s={search_term_string}\",\"query-input\":\"required name=search_term_string\"}],\"inLanguage\":\"de\"},{\"@type\":\"WebPage\",\"@id\":\"https:\/\/blogs.urz.uni-halle.de\/nataschaueckmann\/forschung\/kolloquium-forum-inputs\/#webpage\",\"url\":\"https:\/\/blogs.urz.uni-halle.de\/nataschaueckmann\/forschung\/kolloquium-forum-inputs\/\",\"name\":\"Kolloquium \\u201eForum\\u00a0INPUTS\\u201c - Prof. Dr. Natascha Ueckmann\",\"isPartOf\":{\"@id\":\"https:\/\/blogs.urz.uni-halle.de\/nataschaueckmann\/#website\"},\"datePublished\":\"2013-03-12T13:58:05+00:00\",\"dateModified\":\"2013-03-12T13:58:05+00:00\",\"inLanguage\":\"de\",\"potentialAction\":[{\"@type\":\"ReadAction\",\"target\":[\"https:\/\/blogs.urz.uni-halle.de\/nataschaueckmann\/forschung\/kolloquium-forum-inputs\/\"]}]}]}<\/script>\n<!-- \/ Yoast SEO plugin. -->","_links":{"self":[{"href":"https:\/\/blogs.urz.uni-halle.de\/nataschaueckmann\/wp-json\/wp\/v2\/pages\/25"}],"collection":[{"href":"https:\/\/blogs.urz.uni-halle.de\/nataschaueckmann\/wp-json\/wp\/v2\/pages"}],"about":[{"href":"https:\/\/blogs.urz.uni-halle.de\/nataschaueckmann\/wp-json\/wp\/v2\/types\/page"}],"author":[{"embeddable":true,"href":"https:\/\/blogs.urz.uni-halle.de\/nataschaueckmann\/wp-json\/wp\/v2\/users\/3981"}],"replies":[{"embeddable":true,"href":"https:\/\/blogs.urz.uni-halle.de\/nataschaueckmann\/wp-json\/wp\/v2\/comments?post=25"}],"version-history":[{"count":0,"href":"https:\/\/blogs.urz.uni-halle.de\/nataschaueckmann\/wp-json\/wp\/v2\/pages\/25\/revisions"}],"up":[{"embeddable":true,"href":"https:\/\/blogs.urz.uni-halle.de\/nataschaueckmann\/wp-json\/wp\/v2\/pages\/13"}],"wp:attachment":[{"href":"https:\/\/blogs.urz.uni-halle.de\/nataschaueckmann\/wp-json\/wp\/v2\/media?parent=25"}],"curies":[{"name":"wp","href":"https:\/\/api.w.org\/{rel}","templated":true}]}}