{"id":29,"date":"2013-03-12T16:01:53","date_gmt":"2013-03-12T14:01:53","guid":{"rendered":"http:\/\/blogs.uni-bremen.de\/nueckmann\/?page_id=29"},"modified":"2023-10-04T11:53:53","modified_gmt":"2023-10-04T09:53:53","slug":"sektionenworkshops","status":"publish","type":"page","link":"https:\/\/blogs.urz.uni-halle.de\/nataschaueckmann\/forschung\/sektionenworkshops\/","title":{"rendered":"Tagungen, Sektionen, Workshops, Studientage"},"content":{"rendered":"\n<p><a href=\"https:\/\/blogs.urz.uni-halle.de\/nataschaueckmann\/forschung\/sektionenworkshops\/\">Seite ansehen<\/a><\/p>\n\n\n<ul style=\"list-style-type: square\">\n<li><a href=\"https:\/\/blogs.urz.uni-halle.de\/nataschaueckmann\/files\/2023\/10\/Westafrika-Studientag.pdf\">Westafrika-Studientag<\/a>,15. Juni 2023 an der MLU, Gastvortr\u00e4ge mit den Kollegen Dr. Aqtime Gnoul\u00e9l\u00e9ng Edjabou und Dr. Elias Harakawa (Universit\u00e9 de Kara\/Togo), Dr. Kokou Azamede (Universit\u00e9 de Lom\u00e9\/Togo)<\/li>\n<li><a href=\"https:\/\/www.ikeas.uni-halle.de\/2022\/05\/karibik-studientag-am-17-juni-2022\/\">Karibik-Studientag,<\/a> 17. Juni 2022 an der MLU; in Kooperation mit PD Dr. Julia Nitz (Institut f\u00fcr Anglistik und Amerikanistik)<\/li>\n<li>Internationale Tagung <a href=\"http:\/\/www.lumieres-caribeennes.uni-bremen.de\/tagungen\/\" rel=\"nofollow\"><em>L\u2019actualit\u00e9 des Lumi\u00e8res dans les Cara\u00efbes fran\u00e7aises : religion, savoir et raison<\/em><\/a> am Interdisziplin\u00e4ren Zentrum f\u00fcr die Erforschung der Europ\u00e4ischen Aufkl\u00e4rung (IZEA) an der Martin-Luther-Universit\u00e4t Halle (Leitung: Gisela Febel, Ralph Ludwig, Natascha Ueckmann), 10.-12. Oktober 2018<\/li>\n<li><a href=\"https:\/\/blogs.urz.uni-halle.de\/nataschaueckmann\/files\/2018\/01\/Studientag-Franz\u00f6sisch-Guyana.pdf\">Studientag Franz\u00f6sisch-Guyana<\/a> an der Universit\u00e4t Bremen, 31. Mai 2017, Organis<b>ation und Leitung: Natascha Ueckmann<\/b><\/li>\n<li><a href=\"http:\/\/francoromanistes.de\/wp-content\/uploads\/sites\/6\/Bulletin_1_2016.pdf\" rel=\"nofollow\"><em>D<\/em><em>ie Revolution der Anderen \u2013 Grenzen des Eigenen: \u201aSklavenaufst\u00e4nde\u2018 in der Literatur,<\/em><\/a> Sektion auf dem 10. Frankoromanistenkongress \u201eGrenzbeziehungen \u2013 Beziehungsgrenzen (Liaisons frontali\u00e8res)\u201c\u00a02016 in Saarbr\u00fccken, zusammen mit Romana Weiershausen, Universit\u00e4t des Saarlandes (<a href=\"https:\/\/blogs.urz.uni-halle.de\/nataschaueckmann\/files\/2015\/10\/Sektionsbeschreibung-franz\u00f6sisch.pdf\">Sektionsbeschreibung franz\u00f6sisch<\/a>)<\/li>\n<li><em>Studientag Haiti<\/em> an der Universit\u00e4t Bremen, 20. Januar 2016,<br \/>Organis<b>ation und Leitung<\/b><b> zusammen mit Julia Borst<br \/><a href=\"https:\/\/blogs.uni-bremen.de\/resonanz\/2016\/10\/17\/haiti-neu-entdecken\/\" rel=\"nofollow\">Forschendes Lernen in der Frankoromanistik<\/a><br \/><\/b><\/li>\n<li>Internationale und Interdisziplin\u00e4re Konferenz <em>Reshaping (g)local dynamics of the Caribbean: Relaciones y Deconexiones \u2013 Relations et D\u00e9connexions \u2013 Relations and Disconnections<\/em>, 14.-17.10. 2015 im Schloss Herrenhausen in Hannover (F\u00f6rderung durch die Volkswagen Stiftung), Organisation und Leitung zusammen mit Anja Bandau, Universit\u00e4t Hannover und Anne Br\u00fcske, Universit\u00e4t Heidelberg<br \/><a href=\"https:\/\/blogs.urz.uni-halle.de\/nataschaueckmann\/files\/2015\/10\/Programmheft.pdf\">Programmheft<\/a><\/li>\n<li><i>N\u00e9gritude und Negrismo: afro-karibische Literatur und neue Humanismen von den Anf\u00e4ngen bis heute, <\/i>Sektion auf dem 33. Romanistentag in W\u00fcrzburg<br \/>(22.-25.09.2013, zusammen mit G. Febel)<\/li>\n<li>Tagung zur Vorbereitung des Lehrbuchs<br \/><a href=\"http:\/\/bremen.cervantes.es\/FichasCultura\/Ficha89357_46_4.htm\"><i>Garc\u00eda Lorcas \u201eBodas de sangre\u201c und die Literaturtheorie.<br \/>17 Modellanalysen<\/i><\/a> im Instituto Cervantes Bremen<br \/>(14.-15.06.2013, zusammen mit G. Febel und Ch. Gr\u00fcnnagel)<\/li>\n<li><a href=\"http:\/\/www.phil.uni-passau.de\/romanische-literaturen\/veranstaltungen\/dia-de-colombia-2013\/\"><i>D\u00eda de Colombia<\/i><\/a>, Lehr- und Wissenschaftstag an der Universit\u00e4t Passau (24.01.2013, zusammen mit B. Aka und N. B\u00f6dicker)<\/li>\n<li><i>Transmediales Ged\u00e4chtnis:<\/i><b><i> <\/i><\/b><i>Literatur, Theater und Film in der Frankokaribik und ihrer Diaspora<\/i>, <a href=\"http:\/\/archiv.romanistik.de\/aktuelles\/archiv\/newsartikel\/article\/fristverlaengerung-bis-31012012-cfp-sektion-transmediales-gedaechtnis-literatur-theater-und-f\/\">Sektion auf dem 8. Frankoromanistentag in Leipzig<\/a><br \/>(19.-22.09.2012, zusammen mit G. Febel)<\/li>\n<li>Tagung zur Vorbereitung des Lehrbuchs <a title=\"Modellanalysen I\" href=\"http:\/\/www.reclam.de\/detail\/978-3-15-017681-8\/Balzacs___Sarrasine___und_die_Literaturtheorie\"><i>Balzacs \u201eSarrasine\u201c und die<br \/>Literaturtheorie. 12 Modellanalysen<\/i><\/a> an der Universit\u00e4t Bremen<br \/>(24.-25.04.2010, zusammen mit E. Richter und K. Struve)<\/li>\n<li><i>Geschlechterdifferenz und kulturelle Differenz im franz\u00f6sischsprachigen Gegenwartsroman\/Diff\u00e9rences sexuelles et culturelles dans le roman contemporain de langue fran\u00e7aise<\/i>, Sektion auf dem 5. Frankoromanistentag in Halle\/Wittenberg<br \/>(26.-29.09.2006, zusammen mit G. Febel und K. Struve in Kooperation mit dem <i>Centre d\u2019Etudes des diff\u00e9rences sexuelles et culturelles,<\/i> Paris VIII)<\/li>\n<li><i>Europ\u00e4ischer Film (seit 1945) im Kontext der Romania<b>: <\/b>Geschichte und Innovation<br \/><\/i>Sektion auf dem 29. Romanistentag in Saarbr\u00fccken<br \/>(25.-29.09.2005, zusammen mit G. Febel)<\/li>\n<li><i>Reiseliteratur und Globalisierung, <\/i>Sektion auf dem 28. Romanistentag in Kiel<br \/>(28.09.-03.10.2003, zusammen mit T. Pinheiro)<\/li>\n<\/ul>","protected":false},"excerpt":{"rendered":"<p>Seite ansehen Westafrika-Studientag,15. Juni 2023 an der MLU, Gastvortr\u00e4ge mit den Kollegen Dr. Aqtime Gnoul\u00e9l\u00e9ng Edjabou und Dr. Elias Harakawa (Universit\u00e9 de Kara\/Togo), Dr. Kokou Azamede (Universit\u00e9 de Lom\u00e9\/Togo) Karibik-Studientag, 17. Juni 2022 an der MLU; in Kooperation mit PD &hellip; <a href=\"https:\/\/blogs.urz.uni-halle.de\/nataschaueckmann\/forschung\/sektionenworkshops\/\">Weiterlesen <span class=\"meta-nav\">&rarr;<\/span><\/a><\/p>\n","protected":false},"author":3981,"featured_media":0,"parent":13,"menu_order":2,"comment_status":"closed","ping_status":"closed","template":"sidebar-page.php","meta":[],"yoast_head":"<!-- This site is optimized with the Yoast SEO plugin v15.6.2 - https:\/\/yoast.com\/wordpress\/plugins\/seo\/ -->\n<meta name=\"robots\" content=\"index, follow, max-snippet:-1, max-image-preview:large, max-video-preview:-1\" \/>\n<link rel=\"canonical\" href=\"https:\/\/blogs.urz.uni-halle.de\/nataschaueckmann\/forschung\/sektionenworkshops\/\" \/>\n<meta property=\"og:locale\" content=\"de_DE\" \/>\n<meta property=\"og:type\" content=\"article\" \/>\n<meta property=\"og:title\" content=\"Tagungen, Sektionen, Workshops, Studientage - Prof. Dr. Natascha Ueckmann\" \/>\n<meta property=\"og:description\" content=\"Seite ansehen Westafrika-Studientag,15. Juni 2023 an der MLU, Gastvortr\u00e4ge mit den Kollegen Dr. Aqtime Gnoul\u00e9l\u00e9ng Edjabou und Dr. Elias Harakawa (Universit\u00e9 de Kara\/Togo), Dr. Kokou Azamede (Universit\u00e9 de Lom\u00e9\/Togo) Karibik-Studientag, 17. Juni 2022 an der MLU; in Kooperation mit PD &hellip; Weiterlesen &rarr;\" \/>\n<meta property=\"og:url\" content=\"https:\/\/blogs.urz.uni-halle.de\/nataschaueckmann\/forschung\/sektionenworkshops\/\" \/>\n<meta property=\"og:site_name\" content=\"Prof. Dr. Natascha Ueckmann\" \/>\n<meta property=\"article:modified_time\" content=\"2023-10-04T09:53:53+00:00\" \/>\n<meta name=\"twitter:card\" content=\"summary_large_image\" \/>\n<meta name=\"twitter:label1\" content=\"Gesch\u00e4tzte Lesezeit\">\n\t<meta name=\"twitter:data1\" content=\"2\u00a0Minuten\">\n<script type=\"application\/ld+json\" class=\"yoast-schema-graph\">{\"@context\":\"https:\/\/schema.org\",\"@graph\":[{\"@type\":\"WebSite\",\"@id\":\"https:\/\/blogs.urz.uni-halle.de\/nataschaueckmann\/#website\",\"url\":\"https:\/\/blogs.urz.uni-halle.de\/nataschaueckmann\/\",\"name\":\"Prof. Dr. Natascha Ueckmann\",\"description\":\"\",\"potentialAction\":[{\"@type\":\"SearchAction\",\"target\":\"https:\/\/blogs.urz.uni-halle.de\/nataschaueckmann\/?s={search_term_string}\",\"query-input\":\"required name=search_term_string\"}],\"inLanguage\":\"de\"},{\"@type\":\"WebPage\",\"@id\":\"https:\/\/blogs.urz.uni-halle.de\/nataschaueckmann\/forschung\/sektionenworkshops\/#webpage\",\"url\":\"https:\/\/blogs.urz.uni-halle.de\/nataschaueckmann\/forschung\/sektionenworkshops\/\",\"name\":\"Tagungen, Sektionen, Workshops, Studientage - Prof. Dr. Natascha Ueckmann\",\"isPartOf\":{\"@id\":\"https:\/\/blogs.urz.uni-halle.de\/nataschaueckmann\/#website\"},\"datePublished\":\"2013-03-12T14:01:53+00:00\",\"dateModified\":\"2023-10-04T09:53:53+00:00\",\"inLanguage\":\"de\",\"potentialAction\":[{\"@type\":\"ReadAction\",\"target\":[\"https:\/\/blogs.urz.uni-halle.de\/nataschaueckmann\/forschung\/sektionenworkshops\/\"]}]}]}<\/script>\n<!-- \/ Yoast SEO plugin. -->","_links":{"self":[{"href":"https:\/\/blogs.urz.uni-halle.de\/nataschaueckmann\/wp-json\/wp\/v2\/pages\/29"}],"collection":[{"href":"https:\/\/blogs.urz.uni-halle.de\/nataschaueckmann\/wp-json\/wp\/v2\/pages"}],"about":[{"href":"https:\/\/blogs.urz.uni-halle.de\/nataschaueckmann\/wp-json\/wp\/v2\/types\/page"}],"author":[{"embeddable":true,"href":"https:\/\/blogs.urz.uni-halle.de\/nataschaueckmann\/wp-json\/wp\/v2\/users\/3981"}],"replies":[{"embeddable":true,"href":"https:\/\/blogs.urz.uni-halle.de\/nataschaueckmann\/wp-json\/wp\/v2\/comments?post=29"}],"version-history":[{"count":9,"href":"https:\/\/blogs.urz.uni-halle.de\/nataschaueckmann\/wp-json\/wp\/v2\/pages\/29\/revisions"}],"predecessor-version":[{"id":1934,"href":"https:\/\/blogs.urz.uni-halle.de\/nataschaueckmann\/wp-json\/wp\/v2\/pages\/29\/revisions\/1934"}],"up":[{"embeddable":true,"href":"https:\/\/blogs.urz.uni-halle.de\/nataschaueckmann\/wp-json\/wp\/v2\/pages\/13"}],"wp:attachment":[{"href":"https:\/\/blogs.urz.uni-halle.de\/nataschaueckmann\/wp-json\/wp\/v2\/media?parent=29"}],"curies":[{"name":"wp","href":"https:\/\/api.w.org\/{rel}","templated":true}]}}