{"id":7,"date":"2013-03-12T15:21:24","date_gmt":"2013-03-12T13:21:24","guid":{"rendered":"http:\/\/blogs.uni-bremen.de\/nueckmann\/?page_id=5"},"modified":"2026-05-05T22:08:40","modified_gmt":"2026-05-05T20:08:40","slug":"aktuelles","status":"publish","type":"page","link":"https:\/\/blogs.urz.uni-halle.de\/nataschaueckmann\/aktuelles\/","title":{"rendered":"Aktuelles"},"content":{"rendered":"<h3><strong>colloque &#8222;Repenser l\u2019h\u00e9ritage de Senghor. D\u00e9fis et perspectives&#8220;<\/strong><\/h3>\n<p>Vortrag zu &#8222;Repenser l\u2019h\u00e9ritage senghorien \u00e0 partir des femmes de la N\u00e9gritude\u00a0:<br \/>\nh\u00e9ritages, effacements et r\u00e9\u00e9critures&#8220;, Universit\u00e9 Cheikh Anta Diop de Dakar\/Senegal, 17.-20.12.2026<\/p>\n<h3><strong>&#8222;Decolonizing the Gaze: African Photography, Cinema, and Audiovisual Creations as Vectors of Restitution and Transformation&#8220;<\/strong><\/h3>\n<p>Workshop zs. mit Aqtime Gnoul\u00e9l\u00e9ng Edjabou &amp; Jo\u00ebl Tch\u00e9dr\u00e9 im Rahmen der Konferenz \u201cAfrican Perspectives on Global Transformations\u201d, organisiert von <em>Swiss Society for African Studies<\/em> und <em>Association for African Studies in Germany e.V.<\/em> in Basel\/Schweiz, 26.-28.08.2026<\/p>\n<h3><strong>International Conference &#8222;Ecocriticism and Eco-Thriller: Negotiations in Latin America and the Global North&#8220;<\/strong><\/h3>\n<p>Vortrag zu &#8222;Repr\u00e9senter la <em>slow violence<\/em> aux Antilles: \u00c9cocritique, m\u00e9moire toxique et dispositifs narratifs dans <em>Tropiques toxiques. Le scandale du chlord\u00e9cone&#8220;, <\/em><a href=\"https:\/\/blogs.urz.uni-halle.de\/nataschaueckmann\/files\/2026\/04\/Universitaet-Siegen.pdf\">Universit\u00e4t Siegen<\/a>, 18.\u201320.06.2026<\/p>\n<h3><strong>Panel auf der <em>Caribbean Studies Association<\/em>\u00a0<\/strong><\/h3>\n<p>Panel zur <a href=\"https:\/\/blogs.urz.uni-halle.de\/nataschaueckmann\/files\/2026\/05\/Marronnage-transoceanique-Figures-historiques-et-pratiques-actuelles.pdf\">Marronnage transoc\u00e9anique &#8211; Figures historiques et pratiques actuelles<\/a>\u00a0im Rahmen der CSA in Kingston, Jamaica, June 1-5, 2026, Thema der Konferenz: &#8222;Caribbean Vibes and Vibrations: Culture, Identity and Development in Transformative Times&#8220;<\/p>\n<h3><strong>Summer School \u201eWissenszirkulationen und Erinnerungspraxen zwischen Afrika und Europa\u201c<\/strong><\/h3>\n<p>Die <a href=\"https:\/\/blogs.urz.uni-halle.de\/nataschaueckmann\/files\/2025\/08\/Summer-School.pdf\">Summer School<\/a> bringt internationale Expertinnen, Nachwuchswissenschaftler und Studierende zusammen und bietet ein vielseitiges Programm mit Workshops, Vortr\u00e4gen, Filmvorf\u00fchrungen mit Diskussion, B\u00fccher-Speed-Dating, Poster-Session und Book Lounge, 22.\u201326.09.2025<\/p>\n<h3 class=\"EventName BigHeader\"><strong>Muslimas in Europa in der digitalen Welt<\/strong><\/h3>\n<p><span class=\"EventText\">Lehrkr\u00e4ftefortbildung<\/span> &amp; Diskussionsrunde im <span class=\"EventText\">Volksbad Buckau c\/o Frauenzentrum Courage Magdeburg und dem Festival FRANKO.FOLIE! 20.06.2025<\/span><\/p>\n<h3><strong>Fachtage Franz\u00f6sisch 2024 <\/strong><\/h3>\n<p>Lehrkr\u00e4ftefortbildung zum Thema &#8222;Femmes musulmanes dans le monde francophone&#8220;, LISA Magdeburg, 15.11.2024<\/p>\n<h3><strong>Dialogues d\u00e9coloniaux 2024<br \/>\n<\/strong><\/h3>\n<p>Vortrag zu &#8222;F\u00e9minisme de marronnage: Repr\u00e9sentations de la <em>marronne<\/em> dans la litt\u00e9rature franco-carib\u00e9enne&#8220; im Rahmen der Konferenz <a href=\"https:\/\/www.decolonial2024.org\/\"><em>Dialogues d\u00e9coloniaux: colloque international en litt\u00e9rature, linguistique et \u00e9ducation<\/em><\/a>, 27-29 juin, 2024 &#8211; Ile Maurice<\/p>\n<h3><strong>Eine Uni &#8211; ein Buch 2023<br \/>\n<\/strong><\/h3>\n<p>Mit unserer Projektidee <a href=\"https:\/\/blogs.urz.uni-halle.de\/erinnerunginkomplexitaet\/\">&#8222;Erinnerung in Komplexit\u00e4t&#8220;<\/a> haben wir die Ausschreibung <a href=\"https:\/\/www.stifterverband.org\/eine-uni-ein-buch\/2023\">\u201eEine Uni &#8211; ein Buch\u201c<\/a> des Stifterverbands und der Klaus Tschira Stiftung in Kooperation mit dem ZEIT Verlag gewonnen. Im Zentrum steht das Buch <em>Den Schmerz der Anderen begreifen. Holocaust und Weltged\u00e4chtnis<\/em> (2022) der renommierten Journalistin Charlotte Wiedemann.<\/p>\n<h3><strong>Erasmus-Projekt<\/strong><\/h3>\n<p><a href=\"https:\/\/www.revisualize.eu\/\"><i>RE-VISUALIZE: <\/i>Genre et islam dans le monde digital francophone<\/a>, mit Katharina Wieland &amp; Dimitri Almeida \u2020 (MLU Halle), Maryam Kolly &amp; Malika Hamidi (UCLouvain Saint-Louis \u2013 Bruxelles), Sarah Bracke &amp; Ladan Rahbari (Universiteit van Amsterdam), Mohamed Sakho Jimbira &amp; Pierot Galloro (Universit\u00e9 de Lorraine \u2013 Metz) und <a href=\"https:\/\/www.pluriverselles.com\/\" rel=\"nofollow\">Plurivers&#8217;elles<\/a>; Laufzeit 2022-2025.<\/p>\n<h3><strong>Westafrika-Studientag<\/strong><\/h3>\n<p>Mit Kino, \u00dcbersetzungs-Atelier und Gastvortr\u00e4gen der Kolleg*innen Dr. Aqtime Gnoul\u00e9l\u00e9ng Edjabou, Dr. Elias Harakawa (Universit\u00e9 de Kara\/Togo), Dr. Kokou Azamede (Universit\u00e9 de Lom\u00e9\/Togo) und Dr. Annette M\u00fcller-Spreitz (Koordinierungsstelle Provenienzforschung, Museumsverband Sachsen-Anhalt e.V.) laden wir am 15. Juni 2023 ein zum <a href=\"https:\/\/blogs.urz.uni-halle.de\/nataschaueckmann\/files\/2023\/10\/Westafrika-Studientag.pdf\">Westafrika-Studientag.<\/a><\/p>\n<h3><strong>Gastvortrag<\/strong><\/h3>\n<p><img loading=\"lazy\" class=\"size-medium wp-image-1884 alignleft\" src=\"https:\/\/blogs.urz.uni-halle.de\/nataschaueckmann\/files\/2023\/05\/Postkolonialitaet-Dekolonialisierung-212x300.jpg\" alt=\"\" width=\"212\" height=\"300\" srcset=\"https:\/\/blogs.urz.uni-halle.de\/nataschaueckmann\/files\/2023\/05\/Postkolonialitaet-Dekolonialisierung-212x300.jpg 212w, https:\/\/blogs.urz.uni-halle.de\/nataschaueckmann\/files\/2023\/05\/Postkolonialitaet-Dekolonialisierung-723x1024.jpg 723w, https:\/\/blogs.urz.uni-halle.de\/nataschaueckmann\/files\/2023\/05\/Postkolonialitaet-Dekolonialisierung-768x1087.jpg 768w, https:\/\/blogs.urz.uni-halle.de\/nataschaueckmann\/files\/2023\/05\/Postkolonialitaet-Dekolonialisierung-1085x1536.jpg 1085w, https:\/\/blogs.urz.uni-halle.de\/nataschaueckmann\/files\/2023\/05\/Postkolonialitaet-Dekolonialisierung.jpg 1200w\" sizes=\"(max-width: 212px) 100vw, 212px\" \/>Von Vordenkern der Dekolonialisierung bis zum dekolonialen Feminismus. Gastvortrag im Rahmen der DFG\/FNR-Forschungsgruppe \u201ePopul\u00e4rkultur transnational \u2013 Europa in den langen 1960er Jahren\u201c an der Universit\u00e4t Jena, 20.06.2023<b><br \/>\n<\/b><\/p>\n<h3><\/h3>\n<h3><strong>Zukunftstag f\u00fcr Sch\u00fcler*innen<\/strong><\/h3>\n<p><a href=\"https:\/\/www.ich-will-wissen.de\/service-und-beratung\/studien-und-berufsorientierung\/zukunftstag-2023\/details\/?date_id=113&amp;cHash=dd81990df7665eb6f44cbfef13827524\">Was machen eigentlich Kulturwissenschaftler*innen?<\/a><br \/>\nEinblicke aus Studium und Praxis, zs. mit Jun.-Prof. Dr. Dimitri Almeida am 27. April 2023<\/p>\n<p><a href=\"https:\/\/www.ich-will-wissen.de\/service-und-beratung\/studien-und-berufsorientierung\/zukunftstag-2025\/details\/?date_id=234&amp;cHash=f33b0fee0b616f6872839571979d3346\">Sprachen, Geschichten, Kulturen: Romanistik entdecken<\/a> am 23. April 2026<\/p>\n<h3><strong>Exkursion nach Bremen und Berlin im Juli 2022<\/strong><\/h3>\n<p>Zusammen mit Bremer Studierenden besuchen wir das \u00dcberseemuseum (Bremen) und das Humboldt-Forum (Berlin), um uns mit kolonialer &#8222;Sammlungs&#8220;- und Repr\u00e4sentationsgeschichte, Provenienz, Restitution (Fokus Afrika) und post-musealen Alternativen zu besch\u00e4ftigen. Eine Diskussionsrunde mit <a href=\"https:\/\/barazani.berlin\/\">Barazani.Berlin &#8211; Forum Kolonialismus und Widerstand<\/a> rundet die Exkursion ab.<\/p>\n<h3><strong>Karibik-Studientag<\/strong><\/h3>\n<p>Wir freuen uns Sie zum <a href=\"https:\/\/www.ikeas.uni-halle.de\/2022\/05\/karibik-studientag-am-17-juni-2022\/\">Karibik-Studientag <\/a>am Freitag, den 17. Juni 2022 an der MLU einzuladen; in Kooperation mit PD Dr. Julia Nitz (Institut f\u00fcr Anglistik und Amerikanistik). Der Studientag ist hochschul\u00f6ffentlich.<\/p>\n<h3><strong>Vortr\u00e4ge anl\u00e4sslich der franz\u00f6sischen \u00dcbersetzung der Dissertation<\/strong><\/h3>\n<p>Vortrag zu &#8222;Genre et orientalisme. R\u00e9cits de voyage au f\u00e9minin&#8220; im <a href=\"https:\/\/www.goethe.de\/ins\/tg\/fr\/ver.cfm?event_id=22750567\">Goethe Institut in Lom\u00e9\/Togo<\/a> am 3. M\u00e4rz 2022<\/p>\n<p>Vortrag zu &#8222;Genre et orientalisme. R\u00e9cits de voyage au f\u00e9minin&#8220; im Rahmen des Programms <em>Genre: Litt\u00e9ratures, Arts, M\u00e9dias <\/em>an der <a href=\"https:\/\/www.thalim.cnrs.fr\/seminaires-et-formations\/article\/genre-litteratures-arts-medias-2021-2022?id_evenement=3876&amp;lang=fr#evenement_3876\">Universit\u00e9 Paris 3 (Centre Censier)<\/a> am\u00a0 1. April 2022<\/p>\n<p>Vortrag zu &#8222;Femmes du d\u00e9sert&#8220; im Rahmen der <a href=\"https:\/\/www.fabula.org\/actualites\/femmes-du-desert_105793.php\"><em>Journ\u00e9e d&#8217;\u00c9tude <\/em><\/a>in der Maison de la Recherche de la Sorbonne Nouvelle in Paris am 13. Oktober 2022<\/p>\n<p>Studientag &#8222;Genre et orientalisme. R\u00e9cits de voyage au f\u00e9minin&#8220; im Rahmen des Zertifikatsstudiums <em>L&#8217;Islam dans le monde contemporain<\/em> an der UCLouvain Saint-Louis Bruxelles am 8. Februar 2024<\/p>\n<h3><strong>RadioBeitrag bei Radio Corax<\/strong><\/h3>\n<!--[if lt IE 9]><script>document.createElement('audio');<\/script><![endif]-->\n<audio class=\"wp-audio-shortcode\" id=\"audio-7-1\" preload=\"none\" style=\"width: 100%;\" controls=\"controls\"><source type=\"audio\/mpeg\" src=\"https:\/\/blogs.urz.uni-halle.de\/nataschaueckmann\/files\/2020\/12\/271120_Podcast_Ueckmann-Studierendenmagazin-Radio-Corax.mp3?_=1\" \/><a href=\"https:\/\/blogs.urz.uni-halle.de\/nataschaueckmann\/files\/2020\/12\/271120_Podcast_Ueckmann-Studierendenmagazin-Radio-Corax.mp3\">https:\/\/blogs.urz.uni-halle.de\/nataschaueckmann\/files\/2020\/12\/271120_Podcast_Ueckmann-Studierendenmagazin-Radio-Corax.mp3<\/a><\/audio>\n<h3><\/h3>\n<h3><strong>Science Slam-Workshop<\/strong><\/h3>\n<p>Im WS 2020\/21 veranstaltet das Institut f\u00fcr Romanistik einen praxisorientierten Workshop mit Dr. Julien Bobineau zu <a href=\"https:\/\/www.ikeas.uni-halle.de\/2020\/11\/wissenschaft-mal-anders-science-slam-workshop-zum-jahresbeginn-2021\/\">Science Slam<\/a> mit Vortragsveranstaltung im April 2022.<\/p>\n<h3 id=\"page-title\" class=\"title\"><strong>Filmreihe <em>Cine Espa\u00f1ol<\/em> in der Schaub\u00fchne Lindenfels im Ws 2019\/20<\/strong><\/h3>\n<p>Im WS 2019\/20 veranstalten die Universit\u00e4ten Leipzig und Halle ein filmwissenschaftliches Seminar \u00fcber die Geschichte des spanischen Kinos. Einmal im Monat geht es aus dem Seminarraum in den Kinosaal, zu \u00f6ffentlichen Vorf\u00fchrungen mit thematischen Einf\u00fchrungen der Dozentinnen oder Studierenden.<\/p>\n<h3><strong>Studienexkursion nach frankreich<\/strong><\/h3>\n<p>Auf den Spuren der transatlantischen Sklaverei in Frankreich:<br \/>\nExkursion nach Nantes (21.-25. M\u00e4rz 2019)<br \/>\n<a href=\"https:\/\/blogs.urz.uni-halle.de\/nataschaueckmann\/files\/2019\/03\/Impressionen.pdf\">Impressionen<\/a><br \/>\n<a href=\"https:\/\/nantes2019.wixsite.com\/koloniales-erbe\">Blog von Susan Bargmann<\/a><\/p>\n<h3 class=\"entry-title\"><strong>Bilaterale Doppelexkursion<br \/>\n(berlin und Avignon)<br \/>\n<\/strong><\/h3>\n<p><strong><em>Studienexkursion zum Festival d&#8217;Avignon im Juli 2017 mit vorgeschalteter Exkursion an die Berliner B\u00fchnen im M\u00e4rz 2017 zum Thema <a href=\"https:\/\/berlinavignon.wixsite.com\/theater\">&#8222;Theater und Migration: Aktuelle Theaterentwicklungen in Deutschland und Frankreich&#8220;<\/a> <\/em><\/strong>(zusammen mit Studierenden von der Universit\u00e9 d\u2019Avignon, gef\u00f6rdert durch die Universit\u00e4t Bremen und das DFJW)<\/p>\n<p><a href=\"https:\/\/blogs.uni-bremen.de\/resonanz\/2018\/04\/20\/berlin_avignon\/#more-2566\" rel=\"nofollow\">Artikel in &#8222;Resonanz&#8220;<\/a><\/p>\n<h3 class=\"entry-title\"><strong>GastDozentur in Guyana<br \/>\n<\/strong><\/h3>\n<p>Vortrag zu <a href=\"https:\/\/www.univ-guyane.fr\/2017\/04\/conference-genre-orientalisme-03-mai-a-luniversite-de-guyane\/\" rel=\"nofollow\"><em>Genre et Orientalisme<\/em><\/a>, 3. Mai 2017 an der Universit\u00e9 de Guyane<\/p>\n<h3 class=\"entry-title\">Franz\u00f6sisch-Guyana-Studientag<\/h3>\n<p>31. Mai 2017 (13:00-18:00 Uhr im <b>GW2 B 2860<\/b><b>)<\/b><br \/>\nOrganis<b>ation und Leitung<\/b><b> Natascha Ueckmann<br \/>\n<a href=\"https:\/\/blogs.urz.uni-halle.de\/nataschaueckmann\/files\/2013\/03\/Plakat.pdf\">Plakat<\/a><br \/>\n<\/b><\/p>\n<h3 class=\"entry-title\"><strong>Haiti-Studientag\u00a0<\/strong><\/h3>\n<p>20. Januar 2016 (10:00-17.30 Uhr im <b>GW2 B 2860<\/b><b>)<\/b><br \/>\nOrganis<b>ation und Leitung<\/b><b> zusammen mit Julia Borst<br \/>\n<a href=\"https:\/\/blogs.urz.uni-halle.de\/nataschaueckmann\/files\/2015\/12\/Plakat.pdf\">Plakat,<\/a> <\/b><a href=\"https:\/\/blogs.urz.uni-halle.de\/nataschaueckmann\/files\/2016\/01\/Bericht.pdf\">Bericht\u00a0<\/a>und <a href=\"http:\/\/www.uni-bremen.de\/bus-aktuell\/einzelanzeige\/news\/detail\/News\/was-in-haiti-passiert-ist-war-der-zeit-vollkommen-voraus.html?cHash=2daae1e0a5d14a3b22bad46e6e7ecf5c\" rel=\"nofollow\">Presse<\/a><\/p>\n<h3 class=\"entry-title\"><strong>Internationale Tagung<\/strong><\/h3>\n<p><strong><em>Reshaping (g)local dynamics of the Caribbean. <\/em><em>Relaciones y Deconexiones \u2013 R\u00e9lations et D\u00e9connections \u2013 Relations and Disconnections<\/em><br \/>\n<\/strong>Organisation und Leitung zusammen mit Anja Bandau und Anne Br\u00fcske, 14.-17.10.2015 im Schloss Herrenhausen in Hannover (gef\u00f6rdert durch die Volkswagen-Stiftung)<br \/>\n<a href=\"https:\/\/blogs.urz.uni-halle.de\/nataschaueckmann\/files\/2015\/10\/Programmheft.pdf\">Programmheft<\/a>, <a href=\"http:\/\/www.hsozkult.de\/conferencereport\/id\/tagungsberichte-6426\">Tagungsbericht<\/a> und <a href=\"https:\/\/blogs.uni-bremen.de\/nataschaueckmann\/eindruecke-tagung\/\">Impressionen<\/a><\/p>\n<h3 class=\"entry-title\"><strong>INTERNATIONALisierung der Lehre<br \/>\n<\/strong><\/h3>\n<p><a href=\"http:\/\/www.fb10.uni-bremen.de\/inputs\/pdf\/INPUTS_Denkplatz_Broschuere.pdf\" rel=\"nofollow\">Dossier &#8222;INPUTS: Denkplatz Bremen &#8211; Internationale Kooperationen&#8220;<\/a><\/p>\n<div><\/div>\n","protected":false},"excerpt":{"rendered":"<p>colloque &#8222;Repenser l\u2019h\u00e9ritage de Senghor. D\u00e9fis et perspectives&#8220; Vortrag zu &#8222;Repenser l\u2019h\u00e9ritage senghorien \u00e0 partir des femmes de la N\u00e9gritude\u00a0: h\u00e9ritages, effacements et r\u00e9\u00e9critures&#8220;, Universit\u00e9 Cheikh Anta Diop de Dakar\/Senegal, 17.-20.12.2026 &#8222;Decolonizing the Gaze: African Photography, Cinema, and Audiovisual Creations &hellip; <a href=\"https:\/\/blogs.urz.uni-halle.de\/nataschaueckmann\/aktuelles\/\">Weiterlesen <span class=\"meta-nav\">&rarr;<\/span><\/a><\/p>\n","protected":false},"author":3981,"featured_media":0,"parent":0,"menu_order":0,"comment_status":"closed","ping_status":"closed","template":"sidebar-page.php","meta":[],"yoast_head":"<!-- This site is optimized with the Yoast SEO plugin v15.6.2 - https:\/\/yoast.com\/wordpress\/plugins\/seo\/ -->\n<meta name=\"robots\" content=\"index, follow, max-snippet:-1, max-image-preview:large, max-video-preview:-1\" \/>\n<link rel=\"canonical\" href=\"https:\/\/blogs.urz.uni-halle.de\/nataschaueckmann\/aktuelles\/\" \/>\n<meta property=\"og:locale\" content=\"de_DE\" \/>\n<meta property=\"og:type\" content=\"article\" \/>\n<meta property=\"og:title\" content=\"Aktuelles - Prof. Dr. Natascha Ueckmann\" \/>\n<meta property=\"og:description\" content=\"colloque &#8222;Repenser l\u2019h\u00e9ritage de Senghor. D\u00e9fis et perspectives&#8220; Vortrag zu &#8222;Repenser l\u2019h\u00e9ritage senghorien \u00e0 partir des femmes de la N\u00e9gritude\u00a0: h\u00e9ritages, effacements et r\u00e9\u00e9critures&#8220;, Universit\u00e9 Cheikh Anta Diop de Dakar\/Senegal, 17.-20.12.2026 &#8222;Decolonizing the Gaze: African Photography, Cinema, and Audiovisual Creations &hellip; Weiterlesen &rarr;\" \/>\n<meta property=\"og:url\" content=\"https:\/\/blogs.urz.uni-halle.de\/nataschaueckmann\/aktuelles\/\" \/>\n<meta property=\"og:site_name\" content=\"Prof. Dr. Natascha Ueckmann\" \/>\n<meta property=\"article:modified_time\" content=\"2026-05-05T20:08:40+00:00\" \/>\n<meta property=\"og:image\" content=\"https:\/\/blogs.urz.uni-halle.de\/nataschaueckmann\/files\/2023\/05\/Postkolonialitaet-Dekolonialisierung-212x300.jpg\" \/>\n<meta name=\"twitter:card\" content=\"summary_large_image\" \/>\n<meta name=\"twitter:label1\" content=\"Gesch\u00e4tzte Lesezeit\">\n\t<meta name=\"twitter:data1\" content=\"5\u00a0Minuten\">\n<script type=\"application\/ld+json\" class=\"yoast-schema-graph\">{\"@context\":\"https:\/\/schema.org\",\"@graph\":[{\"@type\":\"WebSite\",\"@id\":\"https:\/\/blogs.urz.uni-halle.de\/nataschaueckmann\/#website\",\"url\":\"https:\/\/blogs.urz.uni-halle.de\/nataschaueckmann\/\",\"name\":\"Prof. Dr. Natascha Ueckmann\",\"description\":\"\",\"potentialAction\":[{\"@type\":\"SearchAction\",\"target\":\"https:\/\/blogs.urz.uni-halle.de\/nataschaueckmann\/?s={search_term_string}\",\"query-input\":\"required name=search_term_string\"}],\"inLanguage\":\"de\"},{\"@type\":\"ImageObject\",\"@id\":\"https:\/\/blogs.urz.uni-halle.de\/nataschaueckmann\/aktuelles\/#primaryimage\",\"inLanguage\":\"de\",\"url\":\"https:\/\/blogs.urz.uni-halle.de\/nataschaueckmann\/files\/2023\/05\/Postkolonialitaet-Dekolonialisierung.jpg\",\"width\":1200,\"height\":1699},{\"@type\":\"WebPage\",\"@id\":\"https:\/\/blogs.urz.uni-halle.de\/nataschaueckmann\/aktuelles\/#webpage\",\"url\":\"https:\/\/blogs.urz.uni-halle.de\/nataschaueckmann\/aktuelles\/\",\"name\":\"Aktuelles - Prof. Dr. Natascha Ueckmann\",\"isPartOf\":{\"@id\":\"https:\/\/blogs.urz.uni-halle.de\/nataschaueckmann\/#website\"},\"primaryImageOfPage\":{\"@id\":\"https:\/\/blogs.urz.uni-halle.de\/nataschaueckmann\/aktuelles\/#primaryimage\"},\"datePublished\":\"2013-03-12T13:21:24+00:00\",\"dateModified\":\"2026-05-05T20:08:40+00:00\",\"inLanguage\":\"de\",\"potentialAction\":[{\"@type\":\"ReadAction\",\"target\":[\"https:\/\/blogs.urz.uni-halle.de\/nataschaueckmann\/aktuelles\/\"]}]}]}<\/script>\n<!-- \/ Yoast SEO plugin. -->","_links":{"self":[{"href":"https:\/\/blogs.urz.uni-halle.de\/nataschaueckmann\/wp-json\/wp\/v2\/pages\/7"}],"collection":[{"href":"https:\/\/blogs.urz.uni-halle.de\/nataschaueckmann\/wp-json\/wp\/v2\/pages"}],"about":[{"href":"https:\/\/blogs.urz.uni-halle.de\/nataschaueckmann\/wp-json\/wp\/v2\/types\/page"}],"author":[{"embeddable":true,"href":"https:\/\/blogs.urz.uni-halle.de\/nataschaueckmann\/wp-json\/wp\/v2\/users\/3981"}],"replies":[{"embeddable":true,"href":"https:\/\/blogs.urz.uni-halle.de\/nataschaueckmann\/wp-json\/wp\/v2\/comments?post=7"}],"version-history":[{"count":10,"href":"https:\/\/blogs.urz.uni-halle.de\/nataschaueckmann\/wp-json\/wp\/v2\/pages\/7\/revisions"}],"predecessor-version":[{"id":2189,"href":"https:\/\/blogs.urz.uni-halle.de\/nataschaueckmann\/wp-json\/wp\/v2\/pages\/7\/revisions\/2189"}],"wp:attachment":[{"href":"https:\/\/blogs.urz.uni-halle.de\/nataschaueckmann\/wp-json\/wp\/v2\/media?parent=7"}],"curies":[{"name":"wp","href":"https:\/\/api.w.org\/{rel}","templated":true}]}}