{"id":19,"date":"2020-05-23T18:38:14","date_gmt":"2020-05-23T16:38:14","guid":{"rendered":"https:\/\/blogs.urz.uni-halle.de\/nativetouris\/?page_id=19"},"modified":"2020-06-24T21:26:19","modified_gmt":"2020-06-24T19:26:19","slug":"ueber-uns","status":"publish","type":"page","link":"https:\/\/blogs.urz.uni-halle.de\/nativetouris\/ueber-uns\/","title":{"rendered":"\u00dcber uns"},"content":{"rendered":"\n<p>Wir sind Teilnehmer des ASQ Nachhaltigkeit der Uni Halle. In diesem ASQ befassen wir uns in Ringvorlesungen und Seminaren mit vielen verschiedenen Themen, welche die nachhaltige Lebensweise betreffen. Zum Abschluss des Moduls besch\u00e4ftigen wir uns in Gruppen mit Projekten, die uns am Herzen liegen. Dieser Blog ist unser Projekt, aber dazu sp\u00e4ter mehr. Zun\u00e4chst wollen wir uns erst einmal vorstellen. Wir, das sind Marcus, Schirin, Charlotte, Muriel und Vicky.<\/p>\n\n\n\n<p>Marcus studiert Philosophie und Soziologie im 6. Semester. Dies ist sein Wunschstudienfach, obwohl er auch gerne Psychologie studiert h\u00e4tte. Er ist vor 30 Jahren in Querfurt geboren und aufgewachsen, hat zwei Schwestern und ist Onkel von 3 Nichten. Vor dem Studium hat Marcus eine Metallbaulehre abgeschlossen und auch ein paar Jahre in diesem Beruf gearbeitet. Sein Hobby ist die Musik, er hat sich sogar das Gitarrespielen selbst beigebracht. Au\u00dferdem ist er von der Natur und Naturv\u00f6lkern (Indianerst\u00e4mme und alte Waldv\u00f6lker) fasziniert, hat sich aber bisher noch nicht so sehr \u00f6kologisch bzw. nachhaltig engagiert.&nbsp; Marcus ist davon \u00fcberzeugt, dass man Nachhaltigkeit und die Wirtschaft unter einen Hut bringen muss, weil wir einerseits ein Wirtschaftswachstum brauchen, andererseits aber auch Ressourcen sparen sollten, damit zuk\u00fcnftige Generationen nicht unter unserer verschwenderischen Lebensweise leiden m\u00fcssen. Aus diesem Interesse hat er sich dazu entschieden am ASQ Nachhaltigkeit teilzunehmen.<\/p>\n\n\n\n<p>Schirin ist 21 Jahre alt und in einer kleinen Stadt in der N\u00e4he von Naumburg aufgewachsen und zur Schule gegangen. Sie studiert Agrarwissenschaften im 4. Semester. Schirin ist zwar auf dem Land, zwischen Wiesen und W\u00e4ldern und mit eigenem gro\u00dfem Garten aufgewachsen, jedoch nicht auf einem landwirtschaftlichen Betrieb, weshalb sie in den Semesterferien Praktika absolviert und vor kurzem ihren Traktor F\u00fchrerschein gemacht hat. Ihre Hobbies sind zeichnen, n\u00e4hen, Gitarre spielen, lesen und ihre Haustiere (Hund und Kaninchen). Vor dem Studium hat sie deshalb sogar im Bundesfreiwilligendienst in einem Tierheim gearbeitet. Auch Schirin interessiert sich sehr f\u00fcr die Natur, hat sich bis jetzt aber noch nicht viel mit Nachhaltigkeit auseinandergesetzt, dies sollte sich aber nun mit der Teilnahme an diesem ASQ \u00e4ndern. Sie m\u00f6chte mehr \u00fcber das Thema Nachhaltigkeit lernen, um dieses Wissen auch im sp\u00e4teren Beruf als Landwirtin einsetzen zu k\u00f6nnen.<\/p>\n\n\n\n<p>Charlotte ist 22 und wuchs den Gro\u00dfteil ihrer Kindheit in einem Dorf bei Magdeburg auf, bis sie nach der Grundschule nach Magdeburg zog, wo sie auch ihr Abitur absolvierte. Sie wollte eigentlich schon immer Tier\u00e4rztin werden, doch leider reichte ihr Abi Durchschnitt nicht f\u00fcr dieses Studium aus, weshalb sie nun Management nat\u00fcrlicher Ressourcen studiert, womit sie sehr gl\u00fccklich ist. Mittlerweile ist sie im 8. Semester und schreibt gerade ihre Bachelorarbeit \u00fcber das Thema Permafrost. Im Oktober m\u00f6chte sie dann mit dem Master anfangen. Charlotte verbringt ihre Freizeit gerne in ihrem kleinen Garten in einem KGV. Dort baut sie Obst und Gem\u00fcse an. Au\u00dferdem liest sie gerne und verbringt gerne Zeit mit Freunden. Sie ist sehr tier- und naturbegeistert, weshalb sie im Oktober wieder mit dem Reiten anfangen will, was sie fr\u00fcher 10 Jahre lang regelm\u00e4\u00dfig gemacht hat. Charlotte hat sich durch ihr Studium schon sehr viel mit dem Thema Nachhaltigkeit auseinandergesetzt, dabei interessiert sie besonders der Bodenschutz, nachhaltiger Ackerbau und Naturg\u00e4rten.<\/p>\n\n\n\n<p>Muriel ist 21 Jahre alt und gr\u00f6\u00dftenteils in Gera aufgewachsen. Sie studiert Wirtschaftswissenschaften und Psychologie im 4. Semester und beginnt im Oktober Ern\u00e4hrungswissenschaften. Nach dem Abitur hat Muriel ein Jahr Work &amp; Travel in Australien, Neuseeland und Asien gemacht. Ihre Hobbies sind Kochen, True Crime Podcasts h\u00f6ren und Ausmisten, da Minimalismus ihr Traum ist. Muriel wurde schon immer Nachhaltig von ihrer \u00d6ko-Mama erzogen, doch nach ihrer Wiederkehr aus dem Ausland hat sie auch selbst viel in ihrem Leben ver\u00e4ndert. Sie achtet auf Zero-Waste, kauft Secondhand und macht vieles selbst.<\/p>\n\n\n\n<p>Vicky ist 20 Jahre alt und wurde in Jena geboren und wuchs auch dort auf. Nach dem Abitur hat sie eine Ausbildung als Rettungssanit\u00e4terin gemacht und hat daher in diesem Bereich 2 Jahre Berufserfahrung. Nun studiert sie Ern\u00e4hrungswissenschaften im 2. Semester. Vicky ist ein Mensch, der gerne viel zu tun hat und nicht gerne auf der faulen Haut liegt. Dies ist sowohl eine ihrer St\u00e4rken als auch eine Schw\u00e4che, da sie sich gerne mal selbst \u00fcberfordert. Auch Vicky hat sich in ihrem Leben schon mit Nachhaltigkeit besch\u00e4ftigt, als Kind war sie viel in der Natur unterwegs, hat zum Beispiel Pilze gesammelt, ist mit dem Kanu gefahren und hat oft Urlaub in Deutschland gemacht. Ihre Hobbies sind ihr Pferd, Spazierg\u00e4nge mit ihrem Hund unternehmen, im eigenen Garten Obst und Gem\u00fcse anbauen und sich sportlich in der Natur bet\u00e4tigen. Au\u00dferdem backt und kocht sie gerne, und das immer vegetarisch, aber am liebsten vegan. Vicky achtet auch sehr auf Less-Waste, kauft daher viel unverpackt und Secondhand, stellt selbst Wasch- und Putzmittel her und verwendet nur Naturkosmetik.<\/p>\n","protected":false},"excerpt":{"rendered":"<p>Wir sind Teilnehmer des ASQ Nachhaltigkeit der Uni Halle. In diesem ASQ befassen wir uns in Ringvorlesungen und Seminaren mit vielen verschiedenen Themen, welche die nachhaltige Lebensweise betreffen. Zum Abschluss des Moduls besch\u00e4ftigen wir uns in Gruppen mit Projekten, die uns am Herzen liegen. Dieser Blog ist unser Projekt, aber dazu sp\u00e4ter mehr. Zun\u00e4chst wollen [&hellip;]<\/p>\n","protected":false},"author":4741,"featured_media":67,"parent":0,"menu_order":0,"comment_status":"closed","ping_status":"closed","template":"","meta":[],"_links":{"self":[{"href":"https:\/\/blogs.urz.uni-halle.de\/nativetouris\/wp-json\/wp\/v2\/pages\/19"}],"collection":[{"href":"https:\/\/blogs.urz.uni-halle.de\/nativetouris\/wp-json\/wp\/v2\/pages"}],"about":[{"href":"https:\/\/blogs.urz.uni-halle.de\/nativetouris\/wp-json\/wp\/v2\/types\/page"}],"author":[{"embeddable":true,"href":"https:\/\/blogs.urz.uni-halle.de\/nativetouris\/wp-json\/wp\/v2\/users\/4741"}],"replies":[{"embeddable":true,"href":"https:\/\/blogs.urz.uni-halle.de\/nativetouris\/wp-json\/wp\/v2\/comments?post=19"}],"version-history":[{"count":4,"href":"https:\/\/blogs.urz.uni-halle.de\/nativetouris\/wp-json\/wp\/v2\/pages\/19\/revisions"}],"predecessor-version":[{"id":76,"href":"https:\/\/blogs.urz.uni-halle.de\/nativetouris\/wp-json\/wp\/v2\/pages\/19\/revisions\/76"}],"wp:featuredmedia":[{"embeddable":true,"href":"https:\/\/blogs.urz.uni-halle.de\/nativetouris\/wp-json\/wp\/v2\/media\/67"}],"wp:attachment":[{"href":"https:\/\/blogs.urz.uni-halle.de\/nativetouris\/wp-json\/wp\/v2\/media?parent=19"}],"curies":[{"name":"wp","href":"https:\/\/api.w.org\/{rel}","templated":true}]}}